{"id":1831,"date":"2021-03-02T14:30:45","date_gmt":"2021-03-02T14:30:45","guid":{"rendered":"https:\/\/ieltspolska.pl\/?page_id=1831"},"modified":"2025-04-03T21:49:45","modified_gmt":"2025-04-03T21:49:45","slug":"free-materials-en","status":"publish","type":"page","link":"https:\/\/ieltspolska.pl\/en\/free-materials-en\/","title":{"rendered":"FREE MATERIALS EN"},"content":{"rendered":"<p>[caldera_form id=&#8221;CF603e0852bbfd2&#8243;]<\/p>\n","protected":false},"excerpt":{"rendered":"<p>[caldera_form id=&#8221;CF603e0852bbfd2&#8243;]<\/p>\n","protected":false},"author":12,"featured_media":0,"parent":0,"menu_order":0,"comment_status":"closed","ping_status":"closed","template":"","meta":{"_kad_post_transparent":"","_kad_post_title":"","_kad_post_layout":"","_kad_post_sidebar_id":"","_kad_post_content_style":"","_kad_post_vertical_padding":"","_kad_post_feature":"","_kad_post_feature_position":"","_kad_post_header":false,"_kad_post_footer":false,"_kad_post_classname":"","footnotes":""},"folder":[62],"class_list":["post-1831","page","type-page","status-publish","hentry"],"yoast_head":"<!-- This site is optimized with the Yoast SEO plugin v27.3 - https:\/\/yoast.com\/product\/yoast-seo-wordpress\/ -->\n<title>IELTS - egzamin. Cz\u0119\u015bci i budowa | IELTS Polska<\/title>\n<meta name=\"description\" content=\"Egzamin IELTS - speaking, writing, reading i listening. Dowiedz si\u0119, do jakich cz\u0119\u015bci testu b\u0119dziesz musia\u0142 przyst\u0105pi\u0107, aby otrzyma\u0107 certyfikat. Zapraszamy!\" \/>\n<meta name=\"robots\" content=\"index, follow, max-snippet:-1, max-image-preview:large, max-video-preview:-1\" \/>\n<link rel=\"canonical\" href=\"https:\/\/ieltspolska.pl\/en\/free-materials-en\/\" \/>\n<meta property=\"og:locale\" content=\"en_US\" \/>\n<meta property=\"og:type\" content=\"article\" \/>\n<meta property=\"og:title\" content=\"IELTS - egzamin. Cz\u0119\u015bci i budowa | IELTS Polska\" \/>\n<meta property=\"og:description\" content=\"Egzamin IELTS - speaking, writing, reading i listening. Dowiedz si\u0119, do jakich cz\u0119\u015bci testu b\u0119dziesz musia\u0142 przyst\u0105pi\u0107, aby otrzyma\u0107 certyfikat. Zapraszamy!\" \/>\n<meta property=\"og:url\" content=\"https:\/\/ieltspolska.pl\/en\/free-materials-en\/\" \/>\n<meta property=\"og:site_name\" content=\"IELTS Polska\" \/>\n<meta property=\"article:modified_time\" content=\"2025-04-03T21:49:45+00:00\" \/>\n<meta name=\"twitter:card\" content=\"summary_large_image\" \/>\n<script type=\"application\/ld+json\" class=\"yoast-schema-graph\">{\"@context\":\"https:\\\/\\\/schema.org\",\"@graph\":[{\"@type\":\"WebPage\",\"@id\":\"https:\\\/\\\/ieltspolska.pl\\\/en\\\/free-materials-en\\\/\",\"url\":\"https:\\\/\\\/ieltspolska.pl\\\/en\\\/free-materials-en\\\/\",\"name\":\"IELTS - egzamin. Cz\u0119\u015bci i budowa | IELTS Polska\",\"isPartOf\":{\"@id\":\"https:\\\/\\\/ieltspolska.pl\\\/en\\\/#website\"},\"datePublished\":\"2021-03-02T14:30:45+00:00\",\"dateModified\":\"2025-04-03T21:49:45+00:00\",\"description\":\"Egzamin IELTS - speaking, writing, reading i listening. Dowiedz si\u0119, do jakich cz\u0119\u015bci testu b\u0119dziesz musia\u0142 przyst\u0105pi\u0107, aby otrzyma\u0107 certyfikat. Zapraszamy!\",\"breadcrumb\":{\"@id\":\"https:\\\/\\\/ieltspolska.pl\\\/en\\\/free-materials-en\\\/#breadcrumb\"},\"inLanguage\":\"en-US\",\"potentialAction\":[{\"@type\":\"ReadAction\",\"target\":[\"https:\\\/\\\/ieltspolska.pl\\\/en\\\/free-materials-en\\\/\"]}]},{\"@type\":\"BreadcrumbList\",\"@id\":\"https:\\\/\\\/ieltspolska.pl\\\/en\\\/free-materials-en\\\/#breadcrumb\",\"itemListElement\":[{\"@type\":\"ListItem\",\"position\":1,\"name\":\"Strona g\u0142\u00f3wna\",\"item\":\"https:\\\/\\\/ieltspolska.pl\\\/en\\\/\"},{\"@type\":\"ListItem\",\"position\":2,\"name\":\"FREE MATERIALS EN\"}]},{\"@type\":\"WebSite\",\"@id\":\"https:\\\/\\\/ieltspolska.pl\\\/en\\\/#website\",\"url\":\"https:\\\/\\\/ieltspolska.pl\\\/en\\\/\",\"name\":\"IELTS - test akceptowany na ca\u0142ym \u015bwiecie | IELTS Polska\",\"description\":\"IELTS\",\"publisher\":{\"@id\":\"https:\\\/\\\/ieltspolska.pl\\\/en\\\/#organization\"},\"potentialAction\":[{\"@type\":\"SearchAction\",\"target\":{\"@type\":\"EntryPoint\",\"urlTemplate\":\"https:\\\/\\\/ieltspolska.pl\\\/en\\\/?s={search_term_string}\"},\"query-input\":{\"@type\":\"PropertyValueSpecification\",\"valueRequired\":true,\"valueName\":\"search_term_string\"}}],\"inLanguage\":\"en-US\"},{\"@type\":\"Organization\",\"@id\":\"https:\\\/\\\/ieltspolska.pl\\\/en\\\/#organization\",\"name\":\"IELTS - test akceptowany na ca\u0142ym \u015bwiecie | IELTS Polska\",\"url\":\"https:\\\/\\\/ieltspolska.pl\\\/en\\\/\",\"logo\":{\"@type\":\"ImageObject\",\"inLanguage\":\"en-US\",\"@id\":\"https:\\\/\\\/ieltspolska.pl\\\/en\\\/#\\\/schema\\\/logo\\\/image\\\/\",\"url\":\"https:\\\/\\\/ieltspolska.pl\\\/wp-content\\\/uploads\\\/2019\\\/03\\\/ielst.png\",\"contentUrl\":\"https:\\\/\\\/ieltspolska.pl\\\/wp-content\\\/uploads\\\/2019\\\/03\\\/ielst.png\",\"width\":210,\"height\":76,\"caption\":\"IELTS - test akceptowany na ca\u0142ym \u015bwiecie | IELTS Polska\"},\"image\":{\"@id\":\"https:\\\/\\\/ieltspolska.pl\\\/en\\\/#\\\/schema\\\/logo\\\/image\\\/\"}}]}<\/script>\n<!-- \/ Yoast SEO plugin. -->","yoast_head_json":{"title":"IELTS - egzamin. Cz\u0119\u015bci i budowa | IELTS Polska","description":"Egzamin IELTS - speaking, writing, reading i listening. Dowiedz si\u0119, do jakich cz\u0119\u015bci testu b\u0119dziesz musia\u0142 przyst\u0105pi\u0107, aby otrzyma\u0107 certyfikat. Zapraszamy!","robots":{"index":"index","follow":"follow","max-snippet":"max-snippet:-1","max-image-preview":"max-image-preview:large","max-video-preview":"max-video-preview:-1"},"canonical":"https:\/\/ieltspolska.pl\/en\/free-materials-en\/","og_locale":"en_US","og_type":"article","og_title":"IELTS - egzamin. Cz\u0119\u015bci i budowa | IELTS Polska","og_description":"Egzamin IELTS - speaking, writing, reading i listening. Dowiedz si\u0119, do jakich cz\u0119\u015bci testu b\u0119dziesz musia\u0142 przyst\u0105pi\u0107, aby otrzyma\u0107 certyfikat. Zapraszamy!","og_url":"https:\/\/ieltspolska.pl\/en\/free-materials-en\/","og_site_name":"IELTS Polska","article_modified_time":"2025-04-03T21:49:45+00:00","twitter_card":"summary_large_image","schema":{"@context":"https:\/\/schema.org","@graph":[{"@type":"WebPage","@id":"https:\/\/ieltspolska.pl\/en\/free-materials-en\/","url":"https:\/\/ieltspolska.pl\/en\/free-materials-en\/","name":"IELTS - egzamin. Cz\u0119\u015bci i budowa | IELTS Polska","isPartOf":{"@id":"https:\/\/ieltspolska.pl\/en\/#website"},"datePublished":"2021-03-02T14:30:45+00:00","dateModified":"2025-04-03T21:49:45+00:00","description":"Egzamin IELTS - speaking, writing, reading i listening. Dowiedz si\u0119, do jakich cz\u0119\u015bci testu b\u0119dziesz musia\u0142 przyst\u0105pi\u0107, aby otrzyma\u0107 certyfikat. Zapraszamy!","breadcrumb":{"@id":"https:\/\/ieltspolska.pl\/en\/free-materials-en\/#breadcrumb"},"inLanguage":"en-US","potentialAction":[{"@type":"ReadAction","target":["https:\/\/ieltspolska.pl\/en\/free-materials-en\/"]}]},{"@type":"BreadcrumbList","@id":"https:\/\/ieltspolska.pl\/en\/free-materials-en\/#breadcrumb","itemListElement":[{"@type":"ListItem","position":1,"name":"Strona g\u0142\u00f3wna","item":"https:\/\/ieltspolska.pl\/en\/"},{"@type":"ListItem","position":2,"name":"FREE MATERIALS EN"}]},{"@type":"WebSite","@id":"https:\/\/ieltspolska.pl\/en\/#website","url":"https:\/\/ieltspolska.pl\/en\/","name":"IELTS - test akceptowany na ca\u0142ym \u015bwiecie | IELTS Polska","description":"IELTS","publisher":{"@id":"https:\/\/ieltspolska.pl\/en\/#organization"},"potentialAction":[{"@type":"SearchAction","target":{"@type":"EntryPoint","urlTemplate":"https:\/\/ieltspolska.pl\/en\/?s={search_term_string}"},"query-input":{"@type":"PropertyValueSpecification","valueRequired":true,"valueName":"search_term_string"}}],"inLanguage":"en-US"},{"@type":"Organization","@id":"https:\/\/ieltspolska.pl\/en\/#organization","name":"IELTS - test akceptowany na ca\u0142ym \u015bwiecie | IELTS Polska","url":"https:\/\/ieltspolska.pl\/en\/","logo":{"@type":"ImageObject","inLanguage":"en-US","@id":"https:\/\/ieltspolska.pl\/en\/#\/schema\/logo\/image\/","url":"https:\/\/ieltspolska.pl\/wp-content\/uploads\/2019\/03\/ielst.png","contentUrl":"https:\/\/ieltspolska.pl\/wp-content\/uploads\/2019\/03\/ielst.png","width":210,"height":76,"caption":"IELTS - test akceptowany na ca\u0142ym \u015bwiecie | IELTS Polska"},"image":{"@id":"https:\/\/ieltspolska.pl\/en\/#\/schema\/logo\/image\/"}}]}},"_links":{"self":[{"href":"https:\/\/ieltspolska.pl\/en\/wp-json\/wp\/v2\/pages\/1831","targetHints":{"allow":["GET"]}}],"collection":[{"href":"https:\/\/ieltspolska.pl\/en\/wp-json\/wp\/v2\/pages"}],"about":[{"href":"https:\/\/ieltspolska.pl\/en\/wp-json\/wp\/v2\/types\/page"}],"author":[{"embeddable":true,"href":"https:\/\/ieltspolska.pl\/en\/wp-json\/wp\/v2\/users\/12"}],"replies":[{"embeddable":true,"href":"https:\/\/ieltspolska.pl\/en\/wp-json\/wp\/v2\/comments?post=1831"}],"version-history":[{"count":1,"href":"https:\/\/ieltspolska.pl\/en\/wp-json\/wp\/v2\/pages\/1831\/revisions"}],"predecessor-version":[{"id":1832,"href":"https:\/\/ieltspolska.pl\/en\/wp-json\/wp\/v2\/pages\/1831\/revisions\/1832"}],"wp:attachment":[{"href":"https:\/\/ieltspolska.pl\/en\/wp-json\/wp\/v2\/media?parent=1831"}],"wp:term":[{"taxonomy":"folder","embeddable":true,"href":"https:\/\/ieltspolska.pl\/en\/wp-json\/wp\/v2\/folder?post=1831"}],"curies":[{"name":"wp","href":"https:\/\/api.w.org\/{rel}","templated":true}]}}