{"id":3681,"date":"2019-03-04T13:20:53","date_gmt":"2019-03-04T13:20:53","guid":{"rendered":"https:\/\/ieltspolska.pl\/ielts-academic-czy-general-training\/"},"modified":"2025-04-03T11:20:01","modified_gmt":"2025-04-03T11:20:01","slug":"ielts-academic-or-general-training","status":"publish","type":"page","link":"https:\/\/ieltspolska.pl\/en\/ielts-academic-or-general-training\/","title":{"rendered":"IELTS Academic or General Training"},"content":{"rendered":"\n<div style=\"height:20px\" aria-hidden=\"true\" class=\"wp-block-spacer\"><\/div>\n\n\n<style>.wp-block-kadence-advancedheading.kt-adv-heading3681_23036f-d7, .wp-block-kadence-advancedheading.kt-adv-heading3681_23036f-d7[data-kb-block=\"kb-adv-heading3681_23036f-d7\"]{text-align:center;font-size:30px;font-weight:600;font-style:normal;font-family:Poppins;}.wp-block-kadence-advancedheading.kt-adv-heading3681_23036f-d7 mark.kt-highlight, .wp-block-kadence-advancedheading.kt-adv-heading3681_23036f-d7[data-kb-block=\"kb-adv-heading3681_23036f-d7\"] mark.kt-highlight{font-style:normal;color:#f76a0c;-webkit-box-decoration-break:clone;box-decoration-break:clone;padding-top:0px;padding-right:0px;padding-bottom:0px;padding-left:0px;}.wp-block-kadence-advancedheading.kt-adv-heading3681_23036f-d7 img.kb-inline-image, .wp-block-kadence-advancedheading.kt-adv-heading3681_23036f-d7[data-kb-block=\"kb-adv-heading3681_23036f-d7\"] img.kb-inline-image{width:150px;vertical-align:baseline;}<\/style>\n<h1 class=\"kt-adv-heading3681_23036f-d7 wp-block-kadence-advancedheading has-theme-palette-2-color has-text-color\" data-kb-block=\"kb-adv-heading3681_23036f-d7\"><span style=\"font-family: inherit; font-size: 28px; font-weight: bold;\">IELTS Academic or General Training<\/span>?<\/h1>\n\n\n\n<figure class=\"wp-block-image alignfull size-large\"><a href=\"https:\/\/ieltspolska.pl\/wp-content\/uploads\/2025\/03\/Centrum-Szkolen-i-Egzaminow-Jezykowych-1.png\"><img loading=\"lazy\" decoding=\"async\" width=\"1024\" height=\"192\" src=\"https:\/\/ieltspolska.pl\/wp-content\/uploads\/2025\/03\/Centrum-Szkolen-i-Egzaminow-Jezykowych-1-1024x192.png\" alt=\"\" class=\"wp-image-3259\" srcset=\"https:\/\/ieltspolska.pl\/wp-content\/uploads\/2025\/03\/Centrum-Szkolen-i-Egzaminow-Jezykowych-1-1024x192.png 1024w, https:\/\/ieltspolska.pl\/wp-content\/uploads\/2025\/03\/Centrum-Szkolen-i-Egzaminow-Jezykowych-1-300x56.png 300w, https:\/\/ieltspolska.pl\/wp-content\/uploads\/2025\/03\/Centrum-Szkolen-i-Egzaminow-Jezykowych-1-768x144.png 768w, https:\/\/ieltspolska.pl\/wp-content\/uploads\/2025\/03\/Centrum-Szkolen-i-Egzaminow-Jezykowych-1-1536x288.png 1536w, https:\/\/ieltspolska.pl\/wp-content\/uploads\/2025\/03\/Centrum-Szkolen-i-Egzaminow-Jezykowych-1-2048x384.png 2048w\" sizes=\"auto, (max-width: 1024px) 100vw, 1024px\" \/><\/a><\/figure>\n\n\n\n<div class=\"wp-block-columns is-layout-flex wp-container-core-columns-is-layout-9d6595d7 wp-block-columns-is-layout-flex\">\n<div class=\"wp-block-column is-layout-flow wp-block-column-is-layout-flow\" style=\"flex-basis:15%\"><\/div>\n\n\n\n<div class=\"wp-block-column is-layout-flow wp-block-column-is-layout-flow\" style=\"flex-basis:70%\"><style>.kadence-column3681_c7fcf3-5b{max-width:80%;margin-left:auto;margin-right:auto;}.wp-block-kadence-column.kb-section-dir-horizontal:not(.kb-section-md-dir-vertical)>.kt-inside-inner-col>.kadence-column3681_c7fcf3-5b{-webkit-flex:0 1 80%;flex:0 1 80%;max-width:unset;margin-left:unset;margin-right:unset;}.kadence-column3681_c7fcf3-5b > .kt-inside-inner-col{padding-top:var(--global-kb-spacing-lg, 3rem);padding-right:var(--global-kb-spacing-xxl, 5rem);padding-bottom:var(--global-kb-spacing-lg, 3rem);padding-left:var(--global-kb-spacing-xxl, 5rem);}.kadence-column3681_c7fcf3-5b > .kt-inside-inner-col{box-shadow:0px 0px 14px 0px rgba(0, 0, 0, 0.2);}.kadence-column3681_c7fcf3-5b > .kt-inside-inner-col,.kadence-column3681_c7fcf3-5b > .kt-inside-inner-col:before{border-top-left-radius:15px;border-top-right-radius:15px;border-bottom-right-radius:15px;border-bottom-left-radius:15px;}.kadence-column3681_c7fcf3-5b > .kt-inside-inner-col{column-gap:var(--global-kb-gap-sm, 1rem);}.kadence-column3681_c7fcf3-5b > .kt-inside-inner-col{flex-direction:column;}.kadence-column3681_c7fcf3-5b > .kt-inside-inner-col > .aligncenter{width:100%;}.kadence-column3681_c7fcf3-5b > .kt-inside-inner-col{background-color:var(--global-palette9, #ffffff);}.kadence-column3681_c7fcf3-5b > .kt-inside-inner-col:before{opacity:0.3;}.kadence-column3681_c7fcf3-5b{position:relative;}@media all and (min-width: 1025px){.wp-block-kadence-column.kb-section-dir-horizontal>.kt-inside-inner-col>.kadence-column3681_c7fcf3-5b{-webkit-flex:0 1 80%;flex:0 1 80%;max-width:unset;margin-left:unset;margin-right:unset;}}@media all and (max-width: 1024px){.kadence-column3681_c7fcf3-5b > .kt-inside-inner-col{flex-direction:column;justify-content:center;}}@media all and (max-width: 767px){.kadence-column3681_c7fcf3-5b > .kt-inside-inner-col{display:flex;padding-right:var(--global-kb-spacing-xxs, 0.5rem);padding-left:var(--global-kb-spacing-xxs, 0.5rem);row-gap:var(--global-kb-gap-none, 0rem );flex-direction:column;justify-content:center;align-items:center;}.kadence-column3681_c7fcf3-5b{max-width:90%;margin-left:auto;margin-right:auto;text-align:left;}.wp-block-kadence-column.kb-section-sm-dir-vertical:not(.kb-section-sm-dir-horizontal):not(.kb-section-sm-dir-specificity)>.kt-inside-inner-col>.kadence-column3681_c7fcf3-5b{-webkit-flex:0 1 90%;flex:0 1 90%;}.wp-block-kadence-column>.kt-inside-inner-col>.kadence-column3681_c7fcf3-5b{-webkit-flex:1 90%;flex:1 90%;}.wp-block-kadence-column.kb-section-sm-dir-horizontal>.kt-inside-inner-col>.kadence-column3681_c7fcf3-5b, .wp-block-kadence-column.kb-section-dir-horizontal:not(.kb-section-sm-dir-vertical):not(.kb-section-md-dir-vertical) >.kt-inside-inner-col>.kadence-column3681_c7fcf3-5b{-webkit-flex:0 1 90%;flex:0 1 90%;max-width:unset;margin-left:unset;margin-right:unset;}.kadence-column3681_c7fcf3-5b, .kt-inside-inner-col > .kadence-column3681_c7fcf3-5b:not(.specificity){margin-right:var(--global-kb-spacing-xxs, 0.5rem);margin-left:var(--global-kb-spacing-xxs, 0.5rem);}}<\/style>\n<div class=\"wp-block-kadence-column kadence-column3681_c7fcf3-5b\"><div class=\"kt-inside-inner-col\"><style>.wp-block-kadence-advancedheading.kt-adv-heading3681_b1a683-b9, .wp-block-kadence-advancedheading.kt-adv-heading3681_b1a683-b9[data-kb-block=\"kb-adv-heading3681_b1a683-b9\"]{text-align:center;font-size:var(--global-kb-font-size-md, 1.25rem);font-weight:400;font-style:normal;font-family:Poppins;}.wp-block-kadence-advancedheading.kt-adv-heading3681_b1a683-b9 mark.kt-highlight, .wp-block-kadence-advancedheading.kt-adv-heading3681_b1a683-b9[data-kb-block=\"kb-adv-heading3681_b1a683-b9\"] mark.kt-highlight{font-style:normal;color:#f76a0c;-webkit-box-decoration-break:clone;box-decoration-break:clone;padding-top:0px;padding-right:0px;padding-bottom:0px;padding-left:0px;}.wp-block-kadence-advancedheading.kt-adv-heading3681_b1a683-b9 img.kb-inline-image, .wp-block-kadence-advancedheading.kt-adv-heading3681_b1a683-b9[data-kb-block=\"kb-adv-heading3681_b1a683-b9\"] img.kb-inline-image{width:150px;vertical-align:baseline;}<\/style>\n<h2 class=\"kt-adv-heading3681_b1a683-b9 wp-block-kadence-advancedheading\" data-kb-block=\"kb-adv-heading3681_b1a683-b9\"><strong>Only IELTS offers you tests suited to your study, work or migration needs.<\/strong><\/h2>\n\n\n\n<p class=\"has-text-align-center wp-block-heading font_4\" style=\"font-size:18px\">There are two different types of IELTS tests you can take. The test you should choose depends on what you want to do with it.<\/p>\n<\/div><\/div>\n\n\n\n<div style=\"height:29px\" aria-hidden=\"true\" class=\"wp-block-spacer\"><\/div>\n\n\n\n<!DOCTYPE html>\n<html lang=\"en\">\n<head>\n  <meta charset=\"UTF-8\" \/>\n  <meta name=\"viewport\" content=\"width=device-width, initial-scale=1.0\" \/>\n  <title>IELTS \u2013 FAQ<\/title>\n  <style>\n    body {\n      font-family: 'Open Sans', sans-serif;\n      background-color: #fff;\n      margin: 0;\n      padding: 0 1rem;\n      color: #333;\n      line-height: 1.5;\n    }\n\n    h2 {\n      display: none;\n    }\n\n    details {\n      margin-bottom: 1rem;\n      border-bottom: 1px solid #ccc;\n      padding-bottom: 1rem;\n    }\n\n    summary {\n      font-family: 'Poppins', sans-serif;\n      font-weight: 600;\n      font-size: 1.1rem;\n      color: #E31837;\n      cursor: pointer;\n      margin-bottom: 0.5rem;\n    }\n\n    p {\n      font-family: 'Open Sans', sans-serif;\n      font-size: 1rem;\n      line-height: 1.5;\n      margin-top: 0.5rem;\n    }\n\n    section.faq {\n      max-width: 900px;\n      margin: 0 auto;\n      padding: 2rem 0;\n    }\n  <\/style>\n  <link href=\"https:\/\/fonts.googleapis.com\/css2?family=Open+Sans&#038;family=Poppins:wght@600&#038;display=swap\" rel=\"stylesheet\">\n<\/head>\n<body>\n  <section class=\"faq\">\n    <details>\n      <summary>Study or train at a university or college at undergraduate or postgraduate level?<\/summary>\n      <p>Take the IELTS Academic test designed for people planning to study in higher education or those seeking professional registration. It assesses whether you are ready to begin studying or training in an environment where English is the language used. It reflects some of the features of academic language and measures whether you are ready to begin studying or training.<\/p>\n    <\/details>\n\n    <details>\n      <summary>To work in a professional organisation or join an association?<\/summary>\n      <p>If you\u2019re planning to move to an English speaking country and are seeking professional registration, you will probably be asked to provide evidence of your English language ability. IELTS results are accepted by many professional associations that have set minimum language requirements. Most of these associations request an IELTS Academic result, but it is a good idea to check with the organisation to confirm.<\/p>\n    <\/details>\n\n    <details>\n      <summary>Study in secondary education or train in training program?<\/summary>\n      <p>IELTS General Training measures English language proficiency in a practical, everyday context that is why it is appropriate for people planning to study in high school or a vocational training program.<\/p>\n    <\/details>\n\n    <details>\n      <summary>Work, study or emigrate to an English speaking country?<\/summary>\n      <p>People migrating to Australia, Canada, New Zealand and the UK must take the IELTS General Training to prove their practical, everyday English language skills.<\/p>\n    <\/details>\n\n  <\/section>\n<\/body>\n<\/html>\n\n\n\n\n<div style=\"height:27px\" aria-hidden=\"true\" class=\"wp-block-spacer\"><\/div>\n\n\n\n<p><strong>Important:<\/strong>&nbsp;Before booking your test, remember to check with the organisations you are applying to which test you need.<\/p>\n\n\n<style>.wp-block-kadence-advancedbtn.kt-btns3653_e4372e-c8, .site .entry-content .wp-block-kadence-advancedbtn.kt-btns3653_e4372e-c8, .wp-block-kadence-advancedbtn.kb-btns3653_e4372e-c8, .site .entry-content .wp-block-kadence-advancedbtn.kb-btns3653_e4372e-c8{margin-top:0px;}.wp-block-kadence-advancedbtn.kb-btns3653_e4372e-c8{padding-top:var(--global-kb-spacing-md, 2rem);padding-bottom:var(--global-kb-spacing-md, 2rem);gap:var(--global-kb-gap-xs, 0.5rem );justify-content:center;align-items:center;}.kt-btns3653_e4372e-c8 .kt-button{font-weight:normal;font-style:normal;}.kt-btns3653_e4372e-c8 .kt-btn-wrap-0{margin-right:5px;}.wp-block-kadence-advancedbtn.kt-btns3653_e4372e-c8 .kt-btn-wrap-0 .kt-button{color:#555555;border-color:#555555;}.wp-block-kadence-advancedbtn.kt-btns3653_e4372e-c8 .kt-btn-wrap-0 .kt-button:hover, .wp-block-kadence-advancedbtn.kt-btns3653_e4372e-c8 .kt-btn-wrap-0 .kt-button:focus{color:#ffffff;border-color:#444444;}.wp-block-kadence-advancedbtn.kt-btns3653_e4372e-c8 .kt-btn-wrap-0 .kt-button::before{display:none;}.wp-block-kadence-advancedbtn.kt-btns3653_e4372e-c8 .kt-btn-wrap-0 .kt-button:hover, .wp-block-kadence-advancedbtn.kt-btns3653_e4372e-c8 .kt-btn-wrap-0 .kt-button:focus{background:#444444;}<\/style>\n<div class=\"wp-block-kadence-advancedbtn kb-buttons-wrap kb-btns3653_e4372e-c8\"><style>ul.menu .wp-block-kadence-advancedbtn .kb-btn3653_3188bd-0b.kb-button{width:initial;}.wp-block-kadence-advancedbtn .kb-btn3653_3188bd-0b.kb-button{color:var(--global-palette9, #ffffff);background:var(--global-palette2, #2B6CB0);font-size:var(--global-kb-font-size-md, 1.25rem);font-family:Poppins;font-weight:600;border-top-left-radius:15px;border-top-right-radius:15px;border-bottom-right-radius:15px;border-bottom-left-radius:15px;}.wp-block-kadence-advancedbtn .kb-btn3653_3188bd-0b.kb-button:hover, .wp-block-kadence-advancedbtn .kb-btn3653_3188bd-0b.kb-button:focus{color:var(--global-palette9, #ffffff);background:var(--global-palette1, #3182CE);}<\/style><a class=\"kb-button kt-button button kb-btn3653_3188bd-0b kt-btn-size-standard kt-btn-width-type-auto kb-btn-global-fill  kt-btn-has-text-true kt-btn-has-svg-false  wp-block-kadence-singlebtn\" href=\"https:\/\/ielts.idp.com\/poland\/test-centre\/lang-ltc\" target=\"_blank\" rel=\"noreferrer noopener\"><span class=\"kt-btn-inner-text\">Register for IELTS<\/span><\/a><\/div>\n<\/div>\n\n\n\n<div class=\"wp-block-column is-layout-flow wp-block-column-is-layout-flow\" style=\"flex-basis:15%\"><\/div>\n<\/div>\n\n\n\n<p><\/p>\n","protected":false},"excerpt":{"rendered":"<p>IELTS Academic or General Training? Only IELTS offers you tests suited to your study, work or migration needs. There are two different types of IELTS tests you can take. The test you should choose depends on what you want to do with it. IELTS \u2013 FAQ Study or train at a university or college at&#8230;<\/p>\n","protected":false},"author":1,"featured_media":0,"parent":0,"menu_order":0,"comment_status":"closed","ping_status":"closed","template":"","meta":{"_kad_post_transparent":"","_kad_post_title":"","_kad_post_layout":"","_kad_post_sidebar_id":"","_kad_post_content_style":"","_kad_post_vertical_padding":"","_kad_post_feature":"","_kad_post_feature_position":"","_kad_post_header":false,"_kad_post_footer":false,"_kad_post_classname":"","footnotes":""},"folder":[48],"class_list":["post-3681","page","type-page","status-publish","hentry"],"yoast_head":"<!-- This site is optimized with the Yoast SEO plugin v27.3 - https:\/\/yoast.com\/product\/yoast-seo-wordpress\/ -->\n<title>IELTS Academic czy General Training? | IELTS Polska<\/title>\n<meta name=\"description\" content=\"IELTS Academic czy General Training? Zastanawiasz si\u0119, do kt\u00f3rego typu egzaminu przyst\u0105pi\u0107? Dowiedz si\u0119, czym r\u00f3\u017cni\u0105 si\u0119 te dwa egzaminy i wybierz jeden z nich!\" \/>\n<meta name=\"robots\" content=\"index, follow, max-snippet:-1, max-image-preview:large, max-video-preview:-1\" \/>\n<link rel=\"canonical\" href=\"https:\/\/ieltspolska.pl\/en\/ielts-academic-or-general-training\/\" \/>\n<meta property=\"og:locale\" content=\"en_US\" \/>\n<meta property=\"og:type\" content=\"article\" \/>\n<meta property=\"og:title\" content=\"IELTS Academic czy General Training? | IELTS Polska\" \/>\n<meta property=\"og:description\" content=\"IELTS Academic czy General Training? Zastanawiasz si\u0119, do kt\u00f3rego typu egzaminu przyst\u0105pi\u0107? Dowiedz si\u0119, czym r\u00f3\u017cni\u0105 si\u0119 te dwa egzaminy i wybierz jeden z nich!\" \/>\n<meta property=\"og:url\" content=\"https:\/\/ieltspolska.pl\/en\/ielts-academic-or-general-training\/\" \/>\n<meta property=\"og:site_name\" content=\"IELTS Polska\" \/>\n<meta property=\"article:modified_time\" content=\"2025-04-03T11:20:01+00:00\" \/>\n<meta property=\"og:image\" content=\"https:\/\/ieltspolska.pl\/wp-content\/uploads\/2025\/03\/Centrum-Szkolen-i-Egzaminow-Jezykowych-1-1024x192.png\" \/>\n<meta name=\"twitter:card\" content=\"summary_large_image\" \/>\n<meta name=\"twitter:label1\" content=\"Est. reading time\" \/>\n\t<meta name=\"twitter:data1\" content=\"3 minutes\" \/>\n<script type=\"application\/ld+json\" class=\"yoast-schema-graph\">{\"@context\":\"https:\\\/\\\/schema.org\",\"@graph\":[{\"@type\":\"WebPage\",\"@id\":\"https:\\\/\\\/ieltspolska.pl\\\/en\\\/ielts-academic-or-general-training\\\/\",\"url\":\"https:\\\/\\\/ieltspolska.pl\\\/en\\\/ielts-academic-or-general-training\\\/\",\"name\":\"IELTS Academic czy General Training? | IELTS Polska\",\"isPartOf\":{\"@id\":\"https:\\\/\\\/ieltspolska.pl\\\/en\\\/#website\"},\"primaryImageOfPage\":{\"@id\":\"https:\\\/\\\/ieltspolska.pl\\\/en\\\/ielts-academic-or-general-training\\\/#primaryimage\"},\"image\":{\"@id\":\"https:\\\/\\\/ieltspolska.pl\\\/en\\\/ielts-academic-or-general-training\\\/#primaryimage\"},\"thumbnailUrl\":\"https:\\\/\\\/ieltspolska.pl\\\/wp-content\\\/uploads\\\/2025\\\/03\\\/Centrum-Szkolen-i-Egzaminow-Jezykowych-1-1024x192.png\",\"datePublished\":\"2019-03-04T13:20:53+00:00\",\"dateModified\":\"2025-04-03T11:20:01+00:00\",\"description\":\"IELTS Academic czy General Training? Zastanawiasz si\u0119, do kt\u00f3rego typu egzaminu przyst\u0105pi\u0107? Dowiedz si\u0119, czym r\u00f3\u017cni\u0105 si\u0119 te dwa egzaminy i wybierz jeden z nich!\",\"breadcrumb\":{\"@id\":\"https:\\\/\\\/ieltspolska.pl\\\/en\\\/ielts-academic-or-general-training\\\/#breadcrumb\"},\"inLanguage\":\"en-US\",\"potentialAction\":[{\"@type\":\"ReadAction\",\"target\":[\"https:\\\/\\\/ieltspolska.pl\\\/en\\\/ielts-academic-or-general-training\\\/\"]}]},{\"@type\":\"ImageObject\",\"inLanguage\":\"en-US\",\"@id\":\"https:\\\/\\\/ieltspolska.pl\\\/en\\\/ielts-academic-or-general-training\\\/#primaryimage\",\"url\":\"https:\\\/\\\/ieltspolska.pl\\\/wp-content\\\/uploads\\\/2025\\\/03\\\/Centrum-Szkolen-i-Egzaminow-Jezykowych-1-1024x192.png\",\"contentUrl\":\"https:\\\/\\\/ieltspolska.pl\\\/wp-content\\\/uploads\\\/2025\\\/03\\\/Centrum-Szkolen-i-Egzaminow-Jezykowych-1-1024x192.png\"},{\"@type\":\"BreadcrumbList\",\"@id\":\"https:\\\/\\\/ieltspolska.pl\\\/en\\\/ielts-academic-or-general-training\\\/#breadcrumb\",\"itemListElement\":[{\"@type\":\"ListItem\",\"position\":1,\"name\":\"Strona g\u0142\u00f3wna\",\"item\":\"https:\\\/\\\/ieltspolska.pl\\\/en\\\/\"},{\"@type\":\"ListItem\",\"position\":2,\"name\":\"IELTS Academic or General Training\"}]},{\"@type\":\"WebSite\",\"@id\":\"https:\\\/\\\/ieltspolska.pl\\\/en\\\/#website\",\"url\":\"https:\\\/\\\/ieltspolska.pl\\\/en\\\/\",\"name\":\"IELTS - test akceptowany na ca\u0142ym \u015bwiecie | IELTS Polska\",\"description\":\"IELTS\",\"publisher\":{\"@id\":\"https:\\\/\\\/ieltspolska.pl\\\/en\\\/#organization\"},\"potentialAction\":[{\"@type\":\"SearchAction\",\"target\":{\"@type\":\"EntryPoint\",\"urlTemplate\":\"https:\\\/\\\/ieltspolska.pl\\\/en\\\/?s={search_term_string}\"},\"query-input\":{\"@type\":\"PropertyValueSpecification\",\"valueRequired\":true,\"valueName\":\"search_term_string\"}}],\"inLanguage\":\"en-US\"},{\"@type\":\"Organization\",\"@id\":\"https:\\\/\\\/ieltspolska.pl\\\/en\\\/#organization\",\"name\":\"IELTS - test akceptowany na ca\u0142ym \u015bwiecie | IELTS Polska\",\"url\":\"https:\\\/\\\/ieltspolska.pl\\\/en\\\/\",\"logo\":{\"@type\":\"ImageObject\",\"inLanguage\":\"en-US\",\"@id\":\"https:\\\/\\\/ieltspolska.pl\\\/en\\\/#\\\/schema\\\/logo\\\/image\\\/\",\"url\":\"https:\\\/\\\/ieltspolska.pl\\\/wp-content\\\/uploads\\\/2019\\\/03\\\/ielst.png\",\"contentUrl\":\"https:\\\/\\\/ieltspolska.pl\\\/wp-content\\\/uploads\\\/2019\\\/03\\\/ielst.png\",\"width\":210,\"height\":76,\"caption\":\"IELTS - test akceptowany na ca\u0142ym \u015bwiecie | IELTS Polska\"},\"image\":{\"@id\":\"https:\\\/\\\/ieltspolska.pl\\\/en\\\/#\\\/schema\\\/logo\\\/image\\\/\"}}]}<\/script>\n<!-- \/ Yoast SEO plugin. -->","yoast_head_json":{"title":"IELTS Academic czy General Training? | IELTS Polska","description":"IELTS Academic czy General Training? Zastanawiasz si\u0119, do kt\u00f3rego typu egzaminu przyst\u0105pi\u0107? Dowiedz si\u0119, czym r\u00f3\u017cni\u0105 si\u0119 te dwa egzaminy i wybierz jeden z nich!","robots":{"index":"index","follow":"follow","max-snippet":"max-snippet:-1","max-image-preview":"max-image-preview:large","max-video-preview":"max-video-preview:-1"},"canonical":"https:\/\/ieltspolska.pl\/en\/ielts-academic-or-general-training\/","og_locale":"en_US","og_type":"article","og_title":"IELTS Academic czy General Training? | IELTS Polska","og_description":"IELTS Academic czy General Training? Zastanawiasz si\u0119, do kt\u00f3rego typu egzaminu przyst\u0105pi\u0107? Dowiedz si\u0119, czym r\u00f3\u017cni\u0105 si\u0119 te dwa egzaminy i wybierz jeden z nich!","og_url":"https:\/\/ieltspolska.pl\/en\/ielts-academic-or-general-training\/","og_site_name":"IELTS Polska","article_modified_time":"2025-04-03T11:20:01+00:00","og_image":[{"url":"https:\/\/ieltspolska.pl\/wp-content\/uploads\/2025\/03\/Centrum-Szkolen-i-Egzaminow-Jezykowych-1-1024x192.png","type":"","width":"","height":""}],"twitter_card":"summary_large_image","twitter_misc":{"Est. reading time":"3 minutes"},"schema":{"@context":"https:\/\/schema.org","@graph":[{"@type":"WebPage","@id":"https:\/\/ieltspolska.pl\/en\/ielts-academic-or-general-training\/","url":"https:\/\/ieltspolska.pl\/en\/ielts-academic-or-general-training\/","name":"IELTS Academic czy General Training? | IELTS Polska","isPartOf":{"@id":"https:\/\/ieltspolska.pl\/en\/#website"},"primaryImageOfPage":{"@id":"https:\/\/ieltspolska.pl\/en\/ielts-academic-or-general-training\/#primaryimage"},"image":{"@id":"https:\/\/ieltspolska.pl\/en\/ielts-academic-or-general-training\/#primaryimage"},"thumbnailUrl":"https:\/\/ieltspolska.pl\/wp-content\/uploads\/2025\/03\/Centrum-Szkolen-i-Egzaminow-Jezykowych-1-1024x192.png","datePublished":"2019-03-04T13:20:53+00:00","dateModified":"2025-04-03T11:20:01+00:00","description":"IELTS Academic czy General Training? Zastanawiasz si\u0119, do kt\u00f3rego typu egzaminu przyst\u0105pi\u0107? Dowiedz si\u0119, czym r\u00f3\u017cni\u0105 si\u0119 te dwa egzaminy i wybierz jeden z nich!","breadcrumb":{"@id":"https:\/\/ieltspolska.pl\/en\/ielts-academic-or-general-training\/#breadcrumb"},"inLanguage":"en-US","potentialAction":[{"@type":"ReadAction","target":["https:\/\/ieltspolska.pl\/en\/ielts-academic-or-general-training\/"]}]},{"@type":"ImageObject","inLanguage":"en-US","@id":"https:\/\/ieltspolska.pl\/en\/ielts-academic-or-general-training\/#primaryimage","url":"https:\/\/ieltspolska.pl\/wp-content\/uploads\/2025\/03\/Centrum-Szkolen-i-Egzaminow-Jezykowych-1-1024x192.png","contentUrl":"https:\/\/ieltspolska.pl\/wp-content\/uploads\/2025\/03\/Centrum-Szkolen-i-Egzaminow-Jezykowych-1-1024x192.png"},{"@type":"BreadcrumbList","@id":"https:\/\/ieltspolska.pl\/en\/ielts-academic-or-general-training\/#breadcrumb","itemListElement":[{"@type":"ListItem","position":1,"name":"Strona g\u0142\u00f3wna","item":"https:\/\/ieltspolska.pl\/en\/"},{"@type":"ListItem","position":2,"name":"IELTS Academic or General Training"}]},{"@type":"WebSite","@id":"https:\/\/ieltspolska.pl\/en\/#website","url":"https:\/\/ieltspolska.pl\/en\/","name":"IELTS - test akceptowany na ca\u0142ym \u015bwiecie | IELTS Polska","description":"IELTS","publisher":{"@id":"https:\/\/ieltspolska.pl\/en\/#organization"},"potentialAction":[{"@type":"SearchAction","target":{"@type":"EntryPoint","urlTemplate":"https:\/\/ieltspolska.pl\/en\/?s={search_term_string}"},"query-input":{"@type":"PropertyValueSpecification","valueRequired":true,"valueName":"search_term_string"}}],"inLanguage":"en-US"},{"@type":"Organization","@id":"https:\/\/ieltspolska.pl\/en\/#organization","name":"IELTS - test akceptowany na ca\u0142ym \u015bwiecie | IELTS Polska","url":"https:\/\/ieltspolska.pl\/en\/","logo":{"@type":"ImageObject","inLanguage":"en-US","@id":"https:\/\/ieltspolska.pl\/en\/#\/schema\/logo\/image\/","url":"https:\/\/ieltspolska.pl\/wp-content\/uploads\/2019\/03\/ielst.png","contentUrl":"https:\/\/ieltspolska.pl\/wp-content\/uploads\/2019\/03\/ielst.png","width":210,"height":76,"caption":"IELTS - test akceptowany na ca\u0142ym \u015bwiecie | IELTS Polska"},"image":{"@id":"https:\/\/ieltspolska.pl\/en\/#\/schema\/logo\/image\/"}}]}},"_links":{"self":[{"href":"https:\/\/ieltspolska.pl\/en\/wp-json\/wp\/v2\/pages\/3681","targetHints":{"allow":["GET"]}}],"collection":[{"href":"https:\/\/ieltspolska.pl\/en\/wp-json\/wp\/v2\/pages"}],"about":[{"href":"https:\/\/ieltspolska.pl\/en\/wp-json\/wp\/v2\/types\/page"}],"author":[{"embeddable":true,"href":"https:\/\/ieltspolska.pl\/en\/wp-json\/wp\/v2\/users\/1"}],"replies":[{"embeddable":true,"href":"https:\/\/ieltspolska.pl\/en\/wp-json\/wp\/v2\/comments?post=3681"}],"version-history":[{"count":3,"href":"https:\/\/ieltspolska.pl\/en\/wp-json\/wp\/v2\/pages\/3681\/revisions"}],"predecessor-version":[{"id":3687,"href":"https:\/\/ieltspolska.pl\/en\/wp-json\/wp\/v2\/pages\/3681\/revisions\/3687"}],"wp:attachment":[{"href":"https:\/\/ieltspolska.pl\/en\/wp-json\/wp\/v2\/media?parent=3681"}],"wp:term":[{"taxonomy":"folder","embeddable":true,"href":"https:\/\/ieltspolska.pl\/en\/wp-json\/wp\/v2\/folder?post=3681"}],"curies":[{"name":"wp","href":"https:\/\/api.w.org\/{rel}","templated":true}]}}