{"id":3696,"date":"2019-03-04T13:47:14","date_gmt":"2019-03-04T13:47:14","guid":{"rendered":"https:\/\/ieltspolska.pl\/kto-uznaje-ielts\/"},"modified":"2025-04-03T13:10:15","modified_gmt":"2025-04-03T13:10:15","slug":"who-accepts-ielts","status":"publish","type":"page","link":"https:\/\/ieltspolska.pl\/en\/who-accepts-ielts\/","title":{"rendered":"Who accepts IELTS?"},"content":{"rendered":"\n<div style=\"height:20px\" aria-hidden=\"true\" class=\"wp-block-spacer\"><\/div>\n\n\n<style>.wp-block-kadence-advancedheading.kt-adv-heading3696_2d55a4-00, .wp-block-kadence-advancedheading.kt-adv-heading3696_2d55a4-00[data-kb-block=\"kb-adv-heading3696_2d55a4-00\"]{text-align:center;font-size:var(--global-kb-font-size-lg, 2rem);font-weight:400;font-style:normal;font-family:Poppins;}.wp-block-kadence-advancedheading.kt-adv-heading3696_2d55a4-00 mark.kt-highlight, .wp-block-kadence-advancedheading.kt-adv-heading3696_2d55a4-00[data-kb-block=\"kb-adv-heading3696_2d55a4-00\"] mark.kt-highlight{font-style:normal;color:#f76a0c;-webkit-box-decoration-break:clone;box-decoration-break:clone;padding-top:0px;padding-right:0px;padding-bottom:0px;padding-left:0px;}.wp-block-kadence-advancedheading.kt-adv-heading3696_2d55a4-00 img.kb-inline-image, .wp-block-kadence-advancedheading.kt-adv-heading3696_2d55a4-00[data-kb-block=\"kb-adv-heading3696_2d55a4-00\"] img.kb-inline-image{width:150px;vertical-align:baseline;}<\/style>\n<h2 class=\"kt-adv-heading3696_2d55a4-00 wp-block-kadence-advancedheading has-theme-palette-2-color has-text-color\" data-kb-block=\"kb-adv-heading3696_2d55a4-00\"><strong>Who accepts IELTS?<\/strong><\/h2>\n\n\n<style>.kadence-column3696_d0a13d-0d{max-width:70%;margin-left:auto;margin-right:auto;}.wp-block-kadence-column.kb-section-dir-horizontal:not(.kb-section-md-dir-vertical)>.kt-inside-inner-col>.kadence-column3696_d0a13d-0d{-webkit-flex:0 1 70%;flex:0 1 70%;max-width:unset;margin-left:unset;margin-right:unset;}.kadence-column3696_d0a13d-0d > .kt-inside-inner-col{padding-top:var(--global-kb-spacing-lg, 3rem);padding-right:var(--global-kb-spacing-xxl, 5rem);padding-bottom:var(--global-kb-spacing-lg, 3rem);padding-left:var(--global-kb-spacing-xxl, 5rem);}.kadence-column3696_d0a13d-0d > .kt-inside-inner-col{box-shadow:0px 0px 14px 0px rgba(0, 0, 0, 0.2);}.kadence-column3696_d0a13d-0d > .kt-inside-inner-col,.kadence-column3696_d0a13d-0d > .kt-inside-inner-col:before{border-top-left-radius:15px;border-top-right-radius:15px;border-bottom-right-radius:15px;border-bottom-left-radius:15px;}.kadence-column3696_d0a13d-0d > .kt-inside-inner-col{column-gap:var(--global-kb-gap-sm, 1rem);}.kadence-column3696_d0a13d-0d > .kt-inside-inner-col{flex-direction:column;}.kadence-column3696_d0a13d-0d > .kt-inside-inner-col > .aligncenter{width:100%;}.kadence-column3696_d0a13d-0d > .kt-inside-inner-col{background-color:var(--global-palette9, #ffffff);}.kadence-column3696_d0a13d-0d > .kt-inside-inner-col:before{opacity:0.3;}.kadence-column3696_d0a13d-0d{position:relative;}@media all and (min-width: 1025px){.wp-block-kadence-column.kb-section-dir-horizontal>.kt-inside-inner-col>.kadence-column3696_d0a13d-0d{-webkit-flex:0 1 70%;flex:0 1 70%;max-width:unset;margin-left:unset;margin-right:unset;}}@media all and (max-width: 1024px){.kadence-column3696_d0a13d-0d > .kt-inside-inner-col{flex-direction:column;justify-content:center;}}@media all and (max-width: 767px){.kadence-column3696_d0a13d-0d > .kt-inside-inner-col{display:flex;padding-right:var(--global-kb-spacing-xxs, 0.5rem);padding-left:var(--global-kb-spacing-xxs, 0.5rem);row-gap:var(--global-kb-gap-none, 0rem );flex-direction:column;justify-content:center;align-items:center;}.kadence-column3696_d0a13d-0d{max-width:90%;margin-left:auto;margin-right:auto;text-align:left;}.wp-block-kadence-column.kb-section-sm-dir-vertical:not(.kb-section-sm-dir-horizontal):not(.kb-section-sm-dir-specificity)>.kt-inside-inner-col>.kadence-column3696_d0a13d-0d{-webkit-flex:0 1 90%;flex:0 1 90%;}.wp-block-kadence-column>.kt-inside-inner-col>.kadence-column3696_d0a13d-0d{-webkit-flex:1 90%;flex:1 90%;}.wp-block-kadence-column.kb-section-sm-dir-horizontal>.kt-inside-inner-col>.kadence-column3696_d0a13d-0d, .wp-block-kadence-column.kb-section-dir-horizontal:not(.kb-section-sm-dir-vertical):not(.kb-section-md-dir-vertical) >.kt-inside-inner-col>.kadence-column3696_d0a13d-0d{-webkit-flex:0 1 90%;flex:0 1 90%;max-width:unset;margin-left:unset;margin-right:unset;}.kadence-column3696_d0a13d-0d, .kt-inside-inner-col > .kadence-column3696_d0a13d-0d:not(.specificity){margin-right:var(--global-kb-spacing-xxs, 0.5rem);margin-left:var(--global-kb-spacing-xxs, 0.5rem);}}<\/style>\n<div class=\"wp-block-kadence-column kadence-column3696_d0a13d-0d\"><div class=\"kt-inside-inner-col\">\n<p>IELTS is the most widely accepted test worldwide \u2013&nbsp; by more than 10,000 organisations (including top universities and institutions in over 140 countries with 3,000 in the USA alone) including:<\/p>\n\n\n\n<ul class=\"wp-block-list\">\n<li>Educational institutions<\/li>\n\n\n\n<li>Employers<\/li>\n\n\n\n<li>Governments<\/li>\n\n\n\n<li>Immigration authorities<\/li>\n\n\n\n<li>Professional bodies<\/li>\n<\/ul>\n\n\n\n<p>It is also the world\u2019s most popular English language test with over 3 million tests taken each year.<\/p>\n\n\n\n<h6 class=\"wp-block-heading\">The IELTS test opens door to:<\/h6>\n\n\n\n<p>1. Professional development in your home country \u2013 Proving your English language skills with an IELTS test can help you get a better job or a promotion.<\/p>\n\n\n\n<p>2. Emigration -Your IELTS test results will help you meet your immigration requirements. All immigration authorities that require an English language test will accept IELTS.<\/p>\n\n\n\n<ul class=\"wp-block-list\">\n<li>Migrate to Canada \u2013 If you would like to move to Canada, one of the best places to leave in according to a United Nations survey, you should take IELTS. It is\u00a0 recognised by Canada\u2019s \u00a0immigration authorities. To find more information about immigration procedures visit\u00a0<a href=\"http:\/\/www.cic.gc.ca\/english\/\">Citizenship and Immigration Canada website<\/a>.<\/li>\n\n\n\n<li>Migrate to Australia \u2013 IELTS is required for the principal applicant as well as spouse and adult dependents above 18 years of age in the immigration process under the Australia Migration Visa. You can find out more about immigration and student visa application procedures by visiting the\u00a0<a href=\"http:\/\/www.immi.gov.au\/\">Australian Government Department of Immigration and Citizenship website<\/a>.<\/li>\n<\/ul>\n\n\n\n<p>3. Career and study abroad \u2013 In most countries where English is the main language, you\u2019ll need evidence of English language skills to apply for jobs and university courses.<\/p>\n\n\n\n<ul class=\"wp-block-list\">\n<li>Study in the UK \u2013 over 600 universities and higher education institutions in the UK accept IELTS.\u00a0<a href=\"https:\/\/www.ielts.org\/about-the-test\/who-accepts-ielts-scores\">Find out\u00a0who accepts IELTS in the UK<\/a>\u00a0\u2013 search the database to find out if the organisation of your choice accepts IELTS.To apply for undergraduate or postgraduate courses in Britain visit the\u00a0<a href=\"http:\/\/www.ucas.com\/\">UCAS\u00a0<\/a>website.<\/li>\n\n\n\n<li>Study in the US \u2013 Over 3,300 higher education institutions and programs in the USA accept IELTS. IELTS is recognised by the USA\u2019s top 25 universities, accepted by all Ivy League colleges and used by international programs at the top 50 US universities.<a href=\"https:\/\/www.ielts.org\/about-the-test\/who-accepts-ielts-scores\">Find out\u00a0who accepts IELTS in the US<\/a>\u00a0\u2013 search the database to find out if the organisation of your choice accepts IELTS.<\/li>\n<\/ul>\n\n\n\n<h6 class=\"wp-block-heading\">The Fulbright Program<\/h6>\n\n\n\n<p>IELTS is also needed to take part to the Fulbright Program of highly competitive, merit-based grants for international educational exchange for students, scholars, teachers, professionals, scientists and artists. For more information please visit the webpage of the&nbsp;<a href=\"http:\/\/www.fulbright.edu.pl\/\">Polish \u2013 U.S. Fulbright Commission<\/a><\/p>\n\n\n\n<ul class=\"wp-block-list\">\n<li>Study in the UE \u2013 thousands of universities across Europe recognise IELTS for university courses and degree programmes offered in English.<a href=\"https:\/\/www.ielts.org\/about-the-test\/who-accepts-ielts-scores\">Find out\u00a0who accepts IELTS in the EU<\/a>\u00a0\u2013 search the database to find out if the organisation of your choice accepts IELTS.<\/li>\n\n\n\n<li>Study in Australia \u2013 \u00a0to find out more about studying in Australia visit \u00a0<a href=\"http:\/\/www.studyinaustralia.gov.au\/\">Study in Australia<\/a>\u00a0webpage.<\/li>\n\n\n\n<li>Study with IELTS all over the world \u2013\u00a0<a href=\"https:\/\/www.ielts.org\/about-the-test\/who-accepts-ielts-scores\">Find out\u00a0who else accepts IELTS<\/a>.<\/li>\n<\/ul>\n<\/div><\/div>\n","protected":false},"excerpt":{"rendered":"<p>IELTS is the most widely accepted test worldwide \u2013&nbsp; by more than 10,000 organisations (including top universities and institutions in over 140 countries with 3,000 in the USA alone) including: It is also the world\u2019s most popular English language test with over 3 million tests taken each year. The IELTS test opens door to: 1&#8230;.<\/p>\n","protected":false},"author":1,"featured_media":0,"parent":0,"menu_order":0,"comment_status":"closed","ping_status":"closed","template":"","meta":{"_kad_post_transparent":"","_kad_post_title":"","_kad_post_layout":"","_kad_post_sidebar_id":"","_kad_post_content_style":"","_kad_post_vertical_padding":"","_kad_post_feature":"","_kad_post_feature_position":"","_kad_post_header":false,"_kad_post_footer":false,"_kad_post_classname":"","footnotes":""},"folder":[48],"class_list":["post-3696","page","type-page","status-publish","hentry"],"yoast_head":"<!-- This site is optimized with the Yoast SEO plugin v27.5 - https:\/\/yoast.com\/product\/yoast-seo-wordpress\/ -->\n<title>Kto Uznaje IELTS? - Gdzie Respektowany jest Egzamin?<\/title>\n<meta name=\"description\" content=\"Sprawd\u017a kto uznaje IELTS. Gdzie respektowany jest ten test potwierdzaj\u0105cy znajomo\u015b\u0107 j\u0119zyka angielskiego, oraz jakie drzwi otwiera.\" \/>\n<meta name=\"robots\" content=\"index, follow, max-snippet:-1, max-image-preview:large, max-video-preview:-1\" \/>\n<link rel=\"canonical\" href=\"https:\/\/ieltspolska.pl\/en\/who-accepts-ielts\/\" \/>\n<meta property=\"og:locale\" content=\"en_US\" \/>\n<meta property=\"og:type\" content=\"article\" \/>\n<meta property=\"og:title\" content=\"Kto Uznaje IELTS? - Gdzie Respektowany jest Egzamin?\" \/>\n<meta property=\"og:description\" content=\"Sprawd\u017a kto uznaje IELTS. Gdzie respektowany jest ten test potwierdzaj\u0105cy znajomo\u015b\u0107 j\u0119zyka angielskiego, oraz jakie drzwi otwiera.\" \/>\n<meta property=\"og:url\" content=\"https:\/\/ieltspolska.pl\/en\/who-accepts-ielts\/\" \/>\n<meta property=\"og:site_name\" content=\"IELTS Polska\" \/>\n<meta property=\"article:modified_time\" content=\"2025-04-03T13:10:15+00:00\" \/>\n<meta name=\"twitter:card\" content=\"summary_large_image\" \/>\n<meta name=\"twitter:label1\" content=\"Est. reading time\" \/>\n\t<meta name=\"twitter:data1\" content=\"3 minutes\" \/>\n<script type=\"application\/ld+json\" class=\"yoast-schema-graph\">{\"@context\":\"https:\\\/\\\/schema.org\",\"@graph\":[{\"@type\":\"WebPage\",\"@id\":\"https:\\\/\\\/ieltspolska.pl\\\/en\\\/who-accepts-ielts\\\/\",\"url\":\"https:\\\/\\\/ieltspolska.pl\\\/en\\\/who-accepts-ielts\\\/\",\"name\":\"Kto Uznaje IELTS? - Gdzie Respektowany jest Egzamin?\",\"isPartOf\":{\"@id\":\"https:\\\/\\\/ieltspolska.pl\\\/en\\\/#website\"},\"datePublished\":\"2019-03-04T13:47:14+00:00\",\"dateModified\":\"2025-04-03T13:10:15+00:00\",\"description\":\"Sprawd\u017a kto uznaje IELTS. Gdzie respektowany jest ten test potwierdzaj\u0105cy znajomo\u015b\u0107 j\u0119zyka angielskiego, oraz jakie drzwi otwiera.\",\"breadcrumb\":{\"@id\":\"https:\\\/\\\/ieltspolska.pl\\\/en\\\/who-accepts-ielts\\\/#breadcrumb\"},\"inLanguage\":\"en-US\",\"potentialAction\":[{\"@type\":\"ReadAction\",\"target\":[\"https:\\\/\\\/ieltspolska.pl\\\/en\\\/who-accepts-ielts\\\/\"]}]},{\"@type\":\"BreadcrumbList\",\"@id\":\"https:\\\/\\\/ieltspolska.pl\\\/en\\\/who-accepts-ielts\\\/#breadcrumb\",\"itemListElement\":[{\"@type\":\"ListItem\",\"position\":1,\"name\":\"Strona g\u0142\u00f3wna\",\"item\":\"https:\\\/\\\/ieltspolska.pl\\\/en\\\/\"},{\"@type\":\"ListItem\",\"position\":2,\"name\":\"Who accepts IELTS?\"}]},{\"@type\":\"WebSite\",\"@id\":\"https:\\\/\\\/ieltspolska.pl\\\/en\\\/#website\",\"url\":\"https:\\\/\\\/ieltspolska.pl\\\/en\\\/\",\"name\":\"IELTS - test akceptowany na ca\u0142ym \u015bwiecie | IELTS Polska\",\"description\":\"IELTS\",\"publisher\":{\"@id\":\"https:\\\/\\\/ieltspolska.pl\\\/en\\\/#organization\"},\"potentialAction\":[{\"@type\":\"SearchAction\",\"target\":{\"@type\":\"EntryPoint\",\"urlTemplate\":\"https:\\\/\\\/ieltspolska.pl\\\/en\\\/?s={search_term_string}\"},\"query-input\":{\"@type\":\"PropertyValueSpecification\",\"valueRequired\":true,\"valueName\":\"search_term_string\"}}],\"inLanguage\":\"en-US\"},{\"@type\":\"Organization\",\"@id\":\"https:\\\/\\\/ieltspolska.pl\\\/en\\\/#organization\",\"name\":\"IELTS - test akceptowany na ca\u0142ym \u015bwiecie | IELTS Polska\",\"url\":\"https:\\\/\\\/ieltspolska.pl\\\/en\\\/\",\"logo\":{\"@type\":\"ImageObject\",\"inLanguage\":\"en-US\",\"@id\":\"https:\\\/\\\/ieltspolska.pl\\\/en\\\/#\\\/schema\\\/logo\\\/image\\\/\",\"url\":\"https:\\\/\\\/ieltspolska.pl\\\/wp-content\\\/uploads\\\/2019\\\/03\\\/ielst.png\",\"contentUrl\":\"https:\\\/\\\/ieltspolska.pl\\\/wp-content\\\/uploads\\\/2019\\\/03\\\/ielst.png\",\"width\":210,\"height\":76,\"caption\":\"IELTS - test akceptowany na ca\u0142ym \u015bwiecie | IELTS Polska\"},\"image\":{\"@id\":\"https:\\\/\\\/ieltspolska.pl\\\/en\\\/#\\\/schema\\\/logo\\\/image\\\/\"}}]}<\/script>\n<!-- \/ Yoast SEO plugin. -->","yoast_head_json":{"title":"Kto Uznaje IELTS? - Gdzie Respektowany jest Egzamin?","description":"Sprawd\u017a kto uznaje IELTS. Gdzie respektowany jest ten test potwierdzaj\u0105cy znajomo\u015b\u0107 j\u0119zyka angielskiego, oraz jakie drzwi otwiera.","robots":{"index":"index","follow":"follow","max-snippet":"max-snippet:-1","max-image-preview":"max-image-preview:large","max-video-preview":"max-video-preview:-1"},"canonical":"https:\/\/ieltspolska.pl\/en\/who-accepts-ielts\/","og_locale":"en_US","og_type":"article","og_title":"Kto Uznaje IELTS? - Gdzie Respektowany jest Egzamin?","og_description":"Sprawd\u017a kto uznaje IELTS. Gdzie respektowany jest ten test potwierdzaj\u0105cy znajomo\u015b\u0107 j\u0119zyka angielskiego, oraz jakie drzwi otwiera.","og_url":"https:\/\/ieltspolska.pl\/en\/who-accepts-ielts\/","og_site_name":"IELTS Polska","article_modified_time":"2025-04-03T13:10:15+00:00","twitter_card":"summary_large_image","twitter_misc":{"Est. reading time":"3 minutes"},"schema":{"@context":"https:\/\/schema.org","@graph":[{"@type":"WebPage","@id":"https:\/\/ieltspolska.pl\/en\/who-accepts-ielts\/","url":"https:\/\/ieltspolska.pl\/en\/who-accepts-ielts\/","name":"Kto Uznaje IELTS? - Gdzie Respektowany jest Egzamin?","isPartOf":{"@id":"https:\/\/ieltspolska.pl\/en\/#website"},"datePublished":"2019-03-04T13:47:14+00:00","dateModified":"2025-04-03T13:10:15+00:00","description":"Sprawd\u017a kto uznaje IELTS. Gdzie respektowany jest ten test potwierdzaj\u0105cy znajomo\u015b\u0107 j\u0119zyka angielskiego, oraz jakie drzwi otwiera.","breadcrumb":{"@id":"https:\/\/ieltspolska.pl\/en\/who-accepts-ielts\/#breadcrumb"},"inLanguage":"en-US","potentialAction":[{"@type":"ReadAction","target":["https:\/\/ieltspolska.pl\/en\/who-accepts-ielts\/"]}]},{"@type":"BreadcrumbList","@id":"https:\/\/ieltspolska.pl\/en\/who-accepts-ielts\/#breadcrumb","itemListElement":[{"@type":"ListItem","position":1,"name":"Strona g\u0142\u00f3wna","item":"https:\/\/ieltspolska.pl\/en\/"},{"@type":"ListItem","position":2,"name":"Who accepts IELTS?"}]},{"@type":"WebSite","@id":"https:\/\/ieltspolska.pl\/en\/#website","url":"https:\/\/ieltspolska.pl\/en\/","name":"IELTS - test akceptowany na ca\u0142ym \u015bwiecie | IELTS Polska","description":"IELTS","publisher":{"@id":"https:\/\/ieltspolska.pl\/en\/#organization"},"potentialAction":[{"@type":"SearchAction","target":{"@type":"EntryPoint","urlTemplate":"https:\/\/ieltspolska.pl\/en\/?s={search_term_string}"},"query-input":{"@type":"PropertyValueSpecification","valueRequired":true,"valueName":"search_term_string"}}],"inLanguage":"en-US"},{"@type":"Organization","@id":"https:\/\/ieltspolska.pl\/en\/#organization","name":"IELTS - test akceptowany na ca\u0142ym \u015bwiecie | IELTS Polska","url":"https:\/\/ieltspolska.pl\/en\/","logo":{"@type":"ImageObject","inLanguage":"en-US","@id":"https:\/\/ieltspolska.pl\/en\/#\/schema\/logo\/image\/","url":"https:\/\/ieltspolska.pl\/wp-content\/uploads\/2019\/03\/ielst.png","contentUrl":"https:\/\/ieltspolska.pl\/wp-content\/uploads\/2019\/03\/ielst.png","width":210,"height":76,"caption":"IELTS - test akceptowany na ca\u0142ym \u015bwiecie | IELTS Polska"},"image":{"@id":"https:\/\/ieltspolska.pl\/en\/#\/schema\/logo\/image\/"}}]}},"_links":{"self":[{"href":"https:\/\/ieltspolska.pl\/en\/wp-json\/wp\/v2\/pages\/3696","targetHints":{"allow":["GET"]}}],"collection":[{"href":"https:\/\/ieltspolska.pl\/en\/wp-json\/wp\/v2\/pages"}],"about":[{"href":"https:\/\/ieltspolska.pl\/en\/wp-json\/wp\/v2\/types\/page"}],"author":[{"embeddable":true,"href":"https:\/\/ieltspolska.pl\/en\/wp-json\/wp\/v2\/users\/1"}],"replies":[{"embeddable":true,"href":"https:\/\/ieltspolska.pl\/en\/wp-json\/wp\/v2\/comments?post=3696"}],"version-history":[{"count":4,"href":"https:\/\/ieltspolska.pl\/en\/wp-json\/wp\/v2\/pages\/3696\/revisions"}],"predecessor-version":[{"id":3702,"href":"https:\/\/ieltspolska.pl\/en\/wp-json\/wp\/v2\/pages\/3696\/revisions\/3702"}],"wp:attachment":[{"href":"https:\/\/ieltspolska.pl\/en\/wp-json\/wp\/v2\/media?parent=3696"}],"wp:term":[{"taxonomy":"folder","embeddable":true,"href":"https:\/\/ieltspolska.pl\/en\/wp-json\/wp\/v2\/folder?post=3696"}],"curies":[{"name":"wp","href":"https:\/\/api.w.org\/{rel}","templated":true}]}}