{"id":3703,"date":"2019-03-04T13:51:48","date_gmt":"2019-03-04T13:51:48","guid":{"rendered":"https:\/\/ieltspolska.pl\/zdaj-ielts-w-lang-ltc\/"},"modified":"2025-06-02T12:45:22","modified_gmt":"2025-06-02T12:45:22","slug":"take-ielts-with-lang-ltc","status":"publish","type":"page","link":"https:\/\/ieltspolska.pl\/en\/take-ielts-with-lang-ltc\/","title":{"rendered":"Take IELTS with LANG LTC"},"content":{"rendered":"\n<div style=\"height:20px\" aria-hidden=\"true\" class=\"wp-block-spacer\"><\/div>\n\n\n<style>.wp-block-kadence-advancedheading.kt-adv-heading3703_ca1a7c-98, .wp-block-kadence-advancedheading.kt-adv-heading3703_ca1a7c-98[data-kb-block=\"kb-adv-heading3703_ca1a7c-98\"]{text-align:center;font-size:var(--global-kb-font-size-xl, 3rem);font-weight:400;font-style:normal;font-family:Poppins;}.wp-block-kadence-advancedheading.kt-adv-heading3703_ca1a7c-98 mark.kt-highlight, .wp-block-kadence-advancedheading.kt-adv-heading3703_ca1a7c-98[data-kb-block=\"kb-adv-heading3703_ca1a7c-98\"] mark.kt-highlight{font-style:normal;color:#f76a0c;-webkit-box-decoration-break:clone;box-decoration-break:clone;padding-top:0px;padding-right:0px;padding-bottom:0px;padding-left:0px;}.wp-block-kadence-advancedheading.kt-adv-heading3703_ca1a7c-98 img.kb-inline-image, .wp-block-kadence-advancedheading.kt-adv-heading3703_ca1a7c-98[data-kb-block=\"kb-adv-heading3703_ca1a7c-98\"] img.kb-inline-image{width:150px;vertical-align:baseline;}<\/style>\n<h2 class=\"kt-adv-heading3703_ca1a7c-98 wp-block-kadence-advancedheading has-theme-palette-2-color has-text-color\" data-kb-block=\"kb-adv-heading3703_ca1a7c-98\"><span style=\"font-family: inherit; font-size: 28px; font-weight: bold;\">Take IELTS with LANG LTC<\/span><\/h2>\n\n\n<style>.kadence-column3703_49f5f1-18{max-width:70%;margin-left:auto;margin-right:auto;}.wp-block-kadence-column.kb-section-dir-horizontal:not(.kb-section-md-dir-vertical)>.kt-inside-inner-col>.kadence-column3703_49f5f1-18{-webkit-flex:0 1 70%;flex:0 1 70%;max-width:unset;margin-left:unset;margin-right:unset;}.kadence-column3703_49f5f1-18 > .kt-inside-inner-col{padding-top:var(--global-kb-spacing-lg, 3rem);padding-right:var(--global-kb-spacing-xxl, 5rem);padding-bottom:var(--global-kb-spacing-lg, 3rem);padding-left:var(--global-kb-spacing-xxl, 5rem);}.kadence-column3703_49f5f1-18 > .kt-inside-inner-col{box-shadow:0px 0px 14px 0px rgba(0, 0, 0, 0.2);}.kadence-column3703_49f5f1-18 > .kt-inside-inner-col,.kadence-column3703_49f5f1-18 > .kt-inside-inner-col:before{border-top-left-radius:15px;border-top-right-radius:15px;border-bottom-right-radius:15px;border-bottom-left-radius:15px;}.kadence-column3703_49f5f1-18 > .kt-inside-inner-col{column-gap:var(--global-kb-gap-sm, 1rem);}.kadence-column3703_49f5f1-18 > .kt-inside-inner-col{flex-direction:column;}.kadence-column3703_49f5f1-18 > .kt-inside-inner-col > .aligncenter{width:100%;}.kadence-column3703_49f5f1-18 > .kt-inside-inner-col{background-color:var(--global-palette9, #ffffff);}.kadence-column3703_49f5f1-18 > .kt-inside-inner-col:before{opacity:0.3;}.kadence-column3703_49f5f1-18{position:relative;}@media all and (min-width: 1025px){.wp-block-kadence-column.kb-section-dir-horizontal>.kt-inside-inner-col>.kadence-column3703_49f5f1-18{-webkit-flex:0 1 70%;flex:0 1 70%;max-width:unset;margin-left:unset;margin-right:unset;}}@media all and (max-width: 1024px){.kadence-column3703_49f5f1-18 > .kt-inside-inner-col{flex-direction:column;justify-content:center;}}@media all and (max-width: 767px){.kadence-column3703_49f5f1-18 > .kt-inside-inner-col{display:flex;padding-right:var(--global-kb-spacing-xxs, 0.5rem);padding-left:var(--global-kb-spacing-xxs, 0.5rem);row-gap:var(--global-kb-gap-none, 0rem );flex-direction:column;justify-content:center;align-items:center;}.kadence-column3703_49f5f1-18{max-width:90%;margin-left:auto;margin-right:auto;text-align:left;}.wp-block-kadence-column.kb-section-sm-dir-vertical:not(.kb-section-sm-dir-horizontal):not(.kb-section-sm-dir-specificity)>.kt-inside-inner-col>.kadence-column3703_49f5f1-18{-webkit-flex:0 1 90%;flex:0 1 90%;}.wp-block-kadence-column>.kt-inside-inner-col>.kadence-column3703_49f5f1-18{-webkit-flex:1 90%;flex:1 90%;}.wp-block-kadence-column.kb-section-sm-dir-horizontal>.kt-inside-inner-col>.kadence-column3703_49f5f1-18, .wp-block-kadence-column.kb-section-dir-horizontal:not(.kb-section-sm-dir-vertical):not(.kb-section-md-dir-vertical) >.kt-inside-inner-col>.kadence-column3703_49f5f1-18{-webkit-flex:0 1 90%;flex:0 1 90%;max-width:unset;margin-left:unset;margin-right:unset;}.kadence-column3703_49f5f1-18, .kt-inside-inner-col > .kadence-column3703_49f5f1-18:not(.specificity){margin-right:var(--global-kb-spacing-xxs, 0.5rem);margin-left:var(--global-kb-spacing-xxs, 0.5rem);}}<\/style>\n<div class=\"wp-block-kadence-column kadence-column3703_49f5f1-18\"><div class=\"kt-inside-inner-col\">\n<p>Lang LTC is an educational institution with 35 years of experience. We also run our own Language School and ministry approved Teacher Training Centre.<\/p>\n\n\n\n<p>Since 2009, we have been an authorised Cambridge Assessment English Examination Centre. In 2015, as the first and until today as the only institution in Poland, we have obtained the prestigious status of the Cambridge Assessment English Authorized Platinum Exam Centre. This status confirms our high standards of service and customer orientation.<\/p>\n\n\n\n<p>We are the fastest growing exam centre in Poland and our offer of examinations is the most comprehensive.<\/p>\n\n\n<style>.wp-block-kadence-advancedbtn.kt-btns3653_e4372e-c8, .site .entry-content .wp-block-kadence-advancedbtn.kt-btns3653_e4372e-c8, .wp-block-kadence-advancedbtn.kb-btns3653_e4372e-c8, .site .entry-content .wp-block-kadence-advancedbtn.kb-btns3653_e4372e-c8{margin-top:0px;}.wp-block-kadence-advancedbtn.kb-btns3653_e4372e-c8{padding-top:var(--global-kb-spacing-md, 2rem);padding-bottom:var(--global-kb-spacing-md, 2rem);gap:var(--global-kb-gap-xs, 0.5rem );justify-content:center;align-items:center;}.kt-btns3653_e4372e-c8 .kt-button{font-weight:normal;font-style:normal;}.kt-btns3653_e4372e-c8 .kt-btn-wrap-0{margin-right:5px;}.wp-block-kadence-advancedbtn.kt-btns3653_e4372e-c8 .kt-btn-wrap-0 .kt-button{color:#555555;border-color:#555555;}.wp-block-kadence-advancedbtn.kt-btns3653_e4372e-c8 .kt-btn-wrap-0 .kt-button:hover, .wp-block-kadence-advancedbtn.kt-btns3653_e4372e-c8 .kt-btn-wrap-0 .kt-button:focus{color:#ffffff;border-color:#444444;}.wp-block-kadence-advancedbtn.kt-btns3653_e4372e-c8 .kt-btn-wrap-0 .kt-button::before{display:none;}.wp-block-kadence-advancedbtn.kt-btns3653_e4372e-c8 .kt-btn-wrap-0 .kt-button:hover, .wp-block-kadence-advancedbtn.kt-btns3653_e4372e-c8 .kt-btn-wrap-0 .kt-button:focus{background:#444444;}<\/style>\n<div class=\"wp-block-kadence-advancedbtn kb-buttons-wrap kb-btns3653_e4372e-c8\"><style>ul.menu .wp-block-kadence-advancedbtn .kb-btn3653_3188bd-0b.kb-button{width:initial;}.wp-block-kadence-advancedbtn .kb-btn3653_3188bd-0b.kb-button{color:var(--global-palette9, #ffffff);background:var(--global-palette2, #2B6CB0);font-size:var(--global-kb-font-size-md, 1.25rem);font-family:Poppins;font-weight:600;border-top-left-radius:15px;border-top-right-radius:15px;border-bottom-right-radius:15px;border-bottom-left-radius:15px;}.wp-block-kadence-advancedbtn .kb-btn3653_3188bd-0b.kb-button:hover, .wp-block-kadence-advancedbtn .kb-btn3653_3188bd-0b.kb-button:focus{color:var(--global-palette9, #ffffff);background:var(--global-palette1, #3182CE);}<\/style><a class=\"kb-button kt-button button kb-btn3653_3188bd-0b kt-btn-size-standard kt-btn-width-type-auto kb-btn-global-fill  kt-btn-has-text-true kt-btn-has-svg-false  wp-block-kadence-singlebtn\" href=\"https:\/\/ielts.idp.com\/poland\/test-centre\/lang-ltc\" target=\"_blank\" rel=\"noreferrer noopener\"><span class=\"kt-btn-inner-text\">Register for IELTS<\/span><\/a><\/div>\n\n\n<style>.wp-block-kadence-advancedheading.kt-adv-heading3703_8224ff-23, .wp-block-kadence-advancedheading.kt-adv-heading3703_8224ff-23[data-kb-block=\"kb-adv-heading3703_8224ff-23\"]{font-style:normal;}.wp-block-kadence-advancedheading.kt-adv-heading3703_8224ff-23 mark.kt-highlight, .wp-block-kadence-advancedheading.kt-adv-heading3703_8224ff-23[data-kb-block=\"kb-adv-heading3703_8224ff-23\"] mark.kt-highlight{font-style:normal;color:#f76a0c;-webkit-box-decoration-break:clone;box-decoration-break:clone;padding-top:0px;padding-right:0px;padding-bottom:0px;padding-left:0px;}.wp-block-kadence-advancedheading.kt-adv-heading3703_8224ff-23 img.kb-inline-image, .wp-block-kadence-advancedheading.kt-adv-heading3703_8224ff-23[data-kb-block=\"kb-adv-heading3703_8224ff-23\"] img.kb-inline-image{width:150px;vertical-align:baseline;}<\/style>\n<h2 class=\"kt-adv-heading3703_8224ff-23 wp-block-kadence-advancedheading has-theme-palette-2-color has-text-color\" data-kb-block=\"kb-adv-heading3703_8224ff-23\"><strong>What distinguishes us is the highest quality of service<\/strong><\/h2>\n\n\n\n<p><strong>We offer our clients:<\/strong><\/p>\n\n\n\n<ul class=\"wp-block-list\">\n<li>the longest registration dates on the market<\/li>\n\n\n\n<li>widest choice of dates available<\/li>\n\n\n\n<li>friendly atmosphere and professional service<\/li>\n\n\n\n<li>flexibility and individual approach<\/li>\n<\/ul>\n<\/div><\/div>\n\n\n\n<p>&nbsp;<\/p>\n\n\n\n<p><\/p>\n","protected":false},"excerpt":{"rendered":"<p>Take IELTS with LANG LTC Lang LTC is an educational institution with 35 years of experience. We also run our own Language School and ministry approved Teacher Training Centre. Since 2009, we have been an authorised Cambridge Assessment English Examination Centre. In 2015, as the first and until today as the only institution in Poland,&#8230;<\/p>\n","protected":false},"author":1,"featured_media":0,"parent":0,"menu_order":0,"comment_status":"closed","ping_status":"closed","template":"","meta":{"_kad_post_transparent":"","_kad_post_title":"","_kad_post_layout":"","_kad_post_sidebar_id":"","_kad_post_content_style":"","_kad_post_vertical_padding":"","_kad_post_feature":"","_kad_post_feature_position":"","_kad_post_header":false,"_kad_post_footer":false,"_kad_post_classname":"","footnotes":""},"folder":[48],"class_list":["post-3703","page","type-page","status-publish","hentry"],"yoast_head":"<!-- This site is optimized with the Yoast SEO plugin v27.3 - https:\/\/yoast.com\/product\/yoast-seo-wordpress\/ -->\n<title>IELTS - Warszawa. Zdaj test w Lang LTC | IELTS Polska<\/title>\n<meta name=\"description\" content=\"Egzamin IELTS zdasz w centrum egzaminacyjnym Lang LTC. Wyr\u00f3\u017cnia nas wieloletnie do\u015bwiadczenie i status Cambridge Assessment English Authorized Platinum Centre!\" \/>\n<meta name=\"robots\" content=\"index, follow, max-snippet:-1, max-image-preview:large, max-video-preview:-1\" \/>\n<link rel=\"canonical\" href=\"https:\/\/ieltspolska.pl\/en\/take-ielts-with-lang-ltc\/\" \/>\n<meta property=\"og:locale\" content=\"en_US\" \/>\n<meta property=\"og:type\" content=\"article\" \/>\n<meta property=\"og:title\" content=\"IELTS - Warszawa. Zdaj test w Lang LTC | IELTS Polska\" \/>\n<meta property=\"og:description\" content=\"Egzamin IELTS zdasz w centrum egzaminacyjnym Lang LTC. Wyr\u00f3\u017cnia nas wieloletnie do\u015bwiadczenie i status Cambridge Assessment English Authorized Platinum Centre!\" \/>\n<meta property=\"og:url\" content=\"https:\/\/ieltspolska.pl\/en\/take-ielts-with-lang-ltc\/\" \/>\n<meta property=\"og:site_name\" content=\"IELTS Polska\" \/>\n<meta property=\"article:modified_time\" content=\"2025-06-02T12:45:22+00:00\" \/>\n<meta name=\"twitter:card\" content=\"summary_large_image\" \/>\n<meta name=\"twitter:label1\" content=\"Est. reading time\" \/>\n\t<meta name=\"twitter:data1\" content=\"2 minutes\" \/>\n<script type=\"application\/ld+json\" class=\"yoast-schema-graph\">{\"@context\":\"https:\\\/\\\/schema.org\",\"@graph\":[{\"@type\":\"WebPage\",\"@id\":\"https:\\\/\\\/ieltspolska.pl\\\/en\\\/take-ielts-with-lang-ltc\\\/\",\"url\":\"https:\\\/\\\/ieltspolska.pl\\\/en\\\/take-ielts-with-lang-ltc\\\/\",\"name\":\"IELTS - Warszawa. Zdaj test w Lang LTC | IELTS Polska\",\"isPartOf\":{\"@id\":\"https:\\\/\\\/ieltspolska.pl\\\/en\\\/#website\"},\"datePublished\":\"2019-03-04T13:51:48+00:00\",\"dateModified\":\"2025-06-02T12:45:22+00:00\",\"description\":\"Egzamin IELTS zdasz w centrum egzaminacyjnym Lang LTC. Wyr\u00f3\u017cnia nas wieloletnie do\u015bwiadczenie i status Cambridge Assessment English Authorized Platinum Centre!\",\"breadcrumb\":{\"@id\":\"https:\\\/\\\/ieltspolska.pl\\\/en\\\/take-ielts-with-lang-ltc\\\/#breadcrumb\"},\"inLanguage\":\"en-US\",\"potentialAction\":[{\"@type\":\"ReadAction\",\"target\":[\"https:\\\/\\\/ieltspolska.pl\\\/en\\\/take-ielts-with-lang-ltc\\\/\"]}]},{\"@type\":\"BreadcrumbList\",\"@id\":\"https:\\\/\\\/ieltspolska.pl\\\/en\\\/take-ielts-with-lang-ltc\\\/#breadcrumb\",\"itemListElement\":[{\"@type\":\"ListItem\",\"position\":1,\"name\":\"Strona g\u0142\u00f3wna\",\"item\":\"https:\\\/\\\/ieltspolska.pl\\\/en\\\/\"},{\"@type\":\"ListItem\",\"position\":2,\"name\":\"Take IELTS with LANG LTC\"}]},{\"@type\":\"WebSite\",\"@id\":\"https:\\\/\\\/ieltspolska.pl\\\/en\\\/#website\",\"url\":\"https:\\\/\\\/ieltspolska.pl\\\/en\\\/\",\"name\":\"IELTS - test akceptowany na ca\u0142ym \u015bwiecie | IELTS Polska\",\"description\":\"IELTS\",\"publisher\":{\"@id\":\"https:\\\/\\\/ieltspolska.pl\\\/en\\\/#organization\"},\"potentialAction\":[{\"@type\":\"SearchAction\",\"target\":{\"@type\":\"EntryPoint\",\"urlTemplate\":\"https:\\\/\\\/ieltspolska.pl\\\/en\\\/?s={search_term_string}\"},\"query-input\":{\"@type\":\"PropertyValueSpecification\",\"valueRequired\":true,\"valueName\":\"search_term_string\"}}],\"inLanguage\":\"en-US\"},{\"@type\":\"Organization\",\"@id\":\"https:\\\/\\\/ieltspolska.pl\\\/en\\\/#organization\",\"name\":\"IELTS - test akceptowany na ca\u0142ym \u015bwiecie | IELTS Polska\",\"url\":\"https:\\\/\\\/ieltspolska.pl\\\/en\\\/\",\"logo\":{\"@type\":\"ImageObject\",\"inLanguage\":\"en-US\",\"@id\":\"https:\\\/\\\/ieltspolska.pl\\\/en\\\/#\\\/schema\\\/logo\\\/image\\\/\",\"url\":\"https:\\\/\\\/ieltspolska.pl\\\/wp-content\\\/uploads\\\/2019\\\/03\\\/ielst.png\",\"contentUrl\":\"https:\\\/\\\/ieltspolska.pl\\\/wp-content\\\/uploads\\\/2019\\\/03\\\/ielst.png\",\"width\":210,\"height\":76,\"caption\":\"IELTS - test akceptowany na ca\u0142ym \u015bwiecie | IELTS Polska\"},\"image\":{\"@id\":\"https:\\\/\\\/ieltspolska.pl\\\/en\\\/#\\\/schema\\\/logo\\\/image\\\/\"}}]}<\/script>\n<!-- \/ Yoast SEO plugin. -->","yoast_head_json":{"title":"IELTS - Warszawa. Zdaj test w Lang LTC | IELTS Polska","description":"Egzamin IELTS zdasz w centrum egzaminacyjnym Lang LTC. Wyr\u00f3\u017cnia nas wieloletnie do\u015bwiadczenie i status Cambridge Assessment English Authorized Platinum Centre!","robots":{"index":"index","follow":"follow","max-snippet":"max-snippet:-1","max-image-preview":"max-image-preview:large","max-video-preview":"max-video-preview:-1"},"canonical":"https:\/\/ieltspolska.pl\/en\/take-ielts-with-lang-ltc\/","og_locale":"en_US","og_type":"article","og_title":"IELTS - Warszawa. Zdaj test w Lang LTC | IELTS Polska","og_description":"Egzamin IELTS zdasz w centrum egzaminacyjnym Lang LTC. Wyr\u00f3\u017cnia nas wieloletnie do\u015bwiadczenie i status Cambridge Assessment English Authorized Platinum Centre!","og_url":"https:\/\/ieltspolska.pl\/en\/take-ielts-with-lang-ltc\/","og_site_name":"IELTS Polska","article_modified_time":"2025-06-02T12:45:22+00:00","twitter_card":"summary_large_image","twitter_misc":{"Est. reading time":"2 minutes"},"schema":{"@context":"https:\/\/schema.org","@graph":[{"@type":"WebPage","@id":"https:\/\/ieltspolska.pl\/en\/take-ielts-with-lang-ltc\/","url":"https:\/\/ieltspolska.pl\/en\/take-ielts-with-lang-ltc\/","name":"IELTS - Warszawa. Zdaj test w Lang LTC | IELTS Polska","isPartOf":{"@id":"https:\/\/ieltspolska.pl\/en\/#website"},"datePublished":"2019-03-04T13:51:48+00:00","dateModified":"2025-06-02T12:45:22+00:00","description":"Egzamin IELTS zdasz w centrum egzaminacyjnym Lang LTC. Wyr\u00f3\u017cnia nas wieloletnie do\u015bwiadczenie i status Cambridge Assessment English Authorized Platinum Centre!","breadcrumb":{"@id":"https:\/\/ieltspolska.pl\/en\/take-ielts-with-lang-ltc\/#breadcrumb"},"inLanguage":"en-US","potentialAction":[{"@type":"ReadAction","target":["https:\/\/ieltspolska.pl\/en\/take-ielts-with-lang-ltc\/"]}]},{"@type":"BreadcrumbList","@id":"https:\/\/ieltspolska.pl\/en\/take-ielts-with-lang-ltc\/#breadcrumb","itemListElement":[{"@type":"ListItem","position":1,"name":"Strona g\u0142\u00f3wna","item":"https:\/\/ieltspolska.pl\/en\/"},{"@type":"ListItem","position":2,"name":"Take IELTS with LANG LTC"}]},{"@type":"WebSite","@id":"https:\/\/ieltspolska.pl\/en\/#website","url":"https:\/\/ieltspolska.pl\/en\/","name":"IELTS - test akceptowany na ca\u0142ym \u015bwiecie | IELTS Polska","description":"IELTS","publisher":{"@id":"https:\/\/ieltspolska.pl\/en\/#organization"},"potentialAction":[{"@type":"SearchAction","target":{"@type":"EntryPoint","urlTemplate":"https:\/\/ieltspolska.pl\/en\/?s={search_term_string}"},"query-input":{"@type":"PropertyValueSpecification","valueRequired":true,"valueName":"search_term_string"}}],"inLanguage":"en-US"},{"@type":"Organization","@id":"https:\/\/ieltspolska.pl\/en\/#organization","name":"IELTS - test akceptowany na ca\u0142ym \u015bwiecie | IELTS Polska","url":"https:\/\/ieltspolska.pl\/en\/","logo":{"@type":"ImageObject","inLanguage":"en-US","@id":"https:\/\/ieltspolska.pl\/en\/#\/schema\/logo\/image\/","url":"https:\/\/ieltspolska.pl\/wp-content\/uploads\/2019\/03\/ielst.png","contentUrl":"https:\/\/ieltspolska.pl\/wp-content\/uploads\/2019\/03\/ielst.png","width":210,"height":76,"caption":"IELTS - test akceptowany na ca\u0142ym \u015bwiecie | IELTS Polska"},"image":{"@id":"https:\/\/ieltspolska.pl\/en\/#\/schema\/logo\/image\/"}}]}},"_links":{"self":[{"href":"https:\/\/ieltspolska.pl\/en\/wp-json\/wp\/v2\/pages\/3703","targetHints":{"allow":["GET"]}}],"collection":[{"href":"https:\/\/ieltspolska.pl\/en\/wp-json\/wp\/v2\/pages"}],"about":[{"href":"https:\/\/ieltspolska.pl\/en\/wp-json\/wp\/v2\/types\/page"}],"author":[{"embeddable":true,"href":"https:\/\/ieltspolska.pl\/en\/wp-json\/wp\/v2\/users\/1"}],"replies":[{"embeddable":true,"href":"https:\/\/ieltspolska.pl\/en\/wp-json\/wp\/v2\/comments?post=3703"}],"version-history":[{"count":4,"href":"https:\/\/ieltspolska.pl\/en\/wp-json\/wp\/v2\/pages\/3703\/revisions"}],"predecessor-version":[{"id":3935,"href":"https:\/\/ieltspolska.pl\/en\/wp-json\/wp\/v2\/pages\/3703\/revisions\/3935"}],"wp:attachment":[{"href":"https:\/\/ieltspolska.pl\/en\/wp-json\/wp\/v2\/media?parent=3703"}],"wp:term":[{"taxonomy":"folder","embeddable":true,"href":"https:\/\/ieltspolska.pl\/en\/wp-json\/wp\/v2\/folder?post=3703"}],"curies":[{"name":"wp","href":"https:\/\/api.w.org\/{rel}","templated":true}]}}