{"id":3722,"date":"2019-03-08T09:20:58","date_gmt":"2019-03-08T09:20:58","guid":{"rendered":"https:\/\/ieltspolska.pl\/w-dniu-testu-ielts\/"},"modified":"2025-08-01T10:05:34","modified_gmt":"2025-08-01T10:05:34","slug":"ielts-test-day-tips","status":"publish","type":"page","link":"https:\/\/ieltspolska.pl\/en\/ielts-test-day-tips\/","title":{"rendered":"IELTS test day tips"},"content":{"rendered":"<style>.wp-block-kadence-advancedheading.kt-adv-heading3722_39b201-79, .wp-block-kadence-advancedheading.kt-adv-heading3722_39b201-79[data-kb-block=\"kb-adv-heading3722_39b201-79\"]{padding-top:var(--global-kb-spacing-xl, 4rem);padding-bottom:var(--global-kb-spacing-xxs, 0.5rem);text-align:center;font-size:var(--global-kb-font-size-lg, 2rem);font-weight:400;font-style:normal;font-family:Poppins;}.wp-block-kadence-advancedheading.kt-adv-heading3722_39b201-79 mark.kt-highlight, .wp-block-kadence-advancedheading.kt-adv-heading3722_39b201-79[data-kb-block=\"kb-adv-heading3722_39b201-79\"] mark.kt-highlight{font-style:normal;color:#f76a0c;-webkit-box-decoration-break:clone;box-decoration-break:clone;padding-top:0px;padding-right:0px;padding-bottom:0px;padding-left:0px;}.wp-block-kadence-advancedheading.kt-adv-heading3722_39b201-79 img.kb-inline-image, .wp-block-kadence-advancedheading.kt-adv-heading3722_39b201-79[data-kb-block=\"kb-adv-heading3722_39b201-79\"] img.kb-inline-image{width:150px;vertical-align:baseline;}<\/style>\n<h2 class=\"kt-adv-heading3722_39b201-79 wp-block-kadence-advancedheading has-theme-palette-2-color has-text-color\" data-kb-block=\"kb-adv-heading3722_39b201-79\"><strong>IELTS test day tips<\/strong><\/h2>\n\n\n<style>.kadence-column3722_afd706-0d{max-width:70%;margin-left:auto;margin-right:auto;}.wp-block-kadence-column.kb-section-dir-horizontal:not(.kb-section-md-dir-vertical)>.kt-inside-inner-col>.kadence-column3722_afd706-0d{-webkit-flex:0 1 70%;flex:0 1 70%;max-width:unset;margin-left:unset;margin-right:unset;}.kadence-column3722_afd706-0d > .kt-inside-inner-col{padding-top:var(--global-kb-spacing-lg, 3rem);padding-right:var(--global-kb-spacing-xxl, 5rem);padding-bottom:var(--global-kb-spacing-lg, 3rem);padding-left:var(--global-kb-spacing-xxl, 5rem);}.kadence-column3722_afd706-0d > .kt-inside-inner-col{box-shadow:0px 0px 14px 0px rgba(0, 0, 0, 0.2);}.kadence-column3722_afd706-0d > .kt-inside-inner-col,.kadence-column3722_afd706-0d > .kt-inside-inner-col:before{border-top-left-radius:15px;border-top-right-radius:15px;border-bottom-right-radius:15px;border-bottom-left-radius:15px;}.kadence-column3722_afd706-0d > .kt-inside-inner-col{column-gap:var(--global-kb-gap-sm, 1rem);}.kadence-column3722_afd706-0d > .kt-inside-inner-col{flex-direction:column;}.kadence-column3722_afd706-0d > .kt-inside-inner-col > .aligncenter{width:100%;}.kadence-column3722_afd706-0d > .kt-inside-inner-col{background-color:var(--global-palette9, #ffffff);}.kadence-column3722_afd706-0d > .kt-inside-inner-col:before{opacity:0.3;}.kadence-column3722_afd706-0d{position:relative;}@media all and (min-width: 1025px){.wp-block-kadence-column.kb-section-dir-horizontal>.kt-inside-inner-col>.kadence-column3722_afd706-0d{-webkit-flex:0 1 70%;flex:0 1 70%;max-width:unset;margin-left:unset;margin-right:unset;}}@media all and (max-width: 1024px){.kadence-column3722_afd706-0d > .kt-inside-inner-col{flex-direction:column;justify-content:center;}}@media all and (max-width: 767px){.kadence-column3722_afd706-0d > .kt-inside-inner-col{display:flex;padding-right:var(--global-kb-spacing-xxs, 0.5rem);padding-left:var(--global-kb-spacing-xxs, 0.5rem);row-gap:var(--global-kb-gap-none, 0rem );flex-direction:column;justify-content:center;align-items:center;}.kadence-column3722_afd706-0d{max-width:90%;margin-left:auto;margin-right:auto;text-align:left;}.wp-block-kadence-column.kb-section-sm-dir-vertical:not(.kb-section-sm-dir-horizontal):not(.kb-section-sm-dir-specificity)>.kt-inside-inner-col>.kadence-column3722_afd706-0d{-webkit-flex:0 1 90%;flex:0 1 90%;}.wp-block-kadence-column>.kt-inside-inner-col>.kadence-column3722_afd706-0d{-webkit-flex:1 90%;flex:1 90%;}.wp-block-kadence-column.kb-section-sm-dir-horizontal>.kt-inside-inner-col>.kadence-column3722_afd706-0d, .wp-block-kadence-column.kb-section-dir-horizontal:not(.kb-section-sm-dir-vertical):not(.kb-section-md-dir-vertical) >.kt-inside-inner-col>.kadence-column3722_afd706-0d{-webkit-flex:0 1 90%;flex:0 1 90%;max-width:unset;margin-left:unset;margin-right:unset;}.kadence-column3722_afd706-0d, .kt-inside-inner-col > .kadence-column3722_afd706-0d:not(.specificity){margin-right:var(--global-kb-spacing-xxs, 0.5rem);margin-left:var(--global-kb-spacing-xxs, 0.5rem);}}<\/style>\n<div class=\"wp-block-kadence-column kadence-column3722_afd706-0d\"><div class=\"kt-inside-inner-col\">\n<h6 class=\"wp-block-heading\">Here are some quick tips for you to ensure that things will go smoothly for you on the test day.<\/h6>\n\n\n\n<ul class=\"wp-block-list\">\n<li>Arrive on time \u2013 Make sure you know the time and date of your test provided in your confirmation email.&nbsp; Allow enough time to travel to the test centre. Late candidates may not be allowed to take the test.<\/li>\n\n\n\n<li>Be prepared &nbsp;\u2013 Make sure you have the right ID with you. You will not be allowed to take the test if you do not have the right ID. Make sure you have something to eat and drink beforehand. You will not be allowed to take food into the test room and you will only be allowed to take water in a transparent bottle.<\/li>\n\n\n\n<li>Read the IELTS rules and regulations before the test so you understand them. You\u2019ll find these in the\u00a0<a href=\"https:\/\/ieltspolska.pl\/en\/terms-and-conditions\/\" target=\"_blank\" rel=\"noreferrer noopener\">IELTS regulations, terms and conditions<\/a>.<\/li>\n\n\n\n<li>Switch off your mobile phone and any other electronic devices \u2013 You will be asked to place these with other personal belongings outside the test room. Please also be informed that watches are not allowed in the test room. Every test room will have a clock on the wall.<\/li>\n\n\n\n<li>Follow the instructions \u2013 Listen to the supervisor carefully and follow the test day instructions. When you&nbsp; get your test papers, read the instructions on the cover page first before writing anything. Don\u2019t lose points for careless mistakes because you haven\u2019t read the question properly.<\/li>\n\n\n\n<li>Stay aware of the time \u2013 Stay aware of the time so you can attempt all questions. The Listening, Reading and Writing tests have a number of sections. Allow enough time for each section. Be aware that some questions have suggested time limits for you to follow.<\/li>\n\n\n\n<li>Be calm and ask for help if needed. Work calmly, focus on the questions, don\u2019t rush your answers and you will do your best. If you start to feel worried, take some deep breaths to help you calm down. If you have any questions the centre staff will help you.<\/li>\n<\/ul>\n\n\n\n<h6 class=\"wp-block-heading\">TEST DAY ORGANISATION<\/h6>\n\n\n\n<ul class=\"wp-block-list\">\n<li>The Listening, Reading and Writing tests last 2 hours 40 minutes and there are no breaks between the parts of the test.<\/li>\n\n\n\n<li>Speaking test may be offered on the same day as the other sections of the test, or up to a week before or one day after.<\/li>\n\n\n\n<li>Your photograph will be taken on the first test day of your test.<\/li>\n\n\n\n<li>At the end of the test stay in your seat until the invigilator gives you permission to leave the room.<\/li>\n\n\n\n<li>If you think that there have been any issues that may have affected your performance, tell the invigilator.<\/li>\n\n\n\n<li>If you want to raise an issue or make a complaint, please ask your invigilator for a Test Day Incident Form to complete. This form needs to be submitted within one week of the test date.<\/li>\n<\/ul>\n\n\n<style>.wp-block-kadence-advancedbtn.kt-btns3653_e4372e-c8, .site .entry-content .wp-block-kadence-advancedbtn.kt-btns3653_e4372e-c8, .wp-block-kadence-advancedbtn.kb-btns3653_e4372e-c8, .site .entry-content .wp-block-kadence-advancedbtn.kb-btns3653_e4372e-c8{margin-top:0px;}.wp-block-kadence-advancedbtn.kb-btns3653_e4372e-c8{padding-top:var(--global-kb-spacing-md, 2rem);padding-bottom:var(--global-kb-spacing-md, 2rem);gap:var(--global-kb-gap-xs, 0.5rem );justify-content:center;align-items:center;}.kt-btns3653_e4372e-c8 .kt-button{font-weight:normal;font-style:normal;}.kt-btns3653_e4372e-c8 .kt-btn-wrap-0{margin-right:5px;}.wp-block-kadence-advancedbtn.kt-btns3653_e4372e-c8 .kt-btn-wrap-0 .kt-button{color:#555555;border-color:#555555;}.wp-block-kadence-advancedbtn.kt-btns3653_e4372e-c8 .kt-btn-wrap-0 .kt-button:hover, .wp-block-kadence-advancedbtn.kt-btns3653_e4372e-c8 .kt-btn-wrap-0 .kt-button:focus{color:#ffffff;border-color:#444444;}.wp-block-kadence-advancedbtn.kt-btns3653_e4372e-c8 .kt-btn-wrap-0 .kt-button::before{display:none;}.wp-block-kadence-advancedbtn.kt-btns3653_e4372e-c8 .kt-btn-wrap-0 .kt-button:hover, .wp-block-kadence-advancedbtn.kt-btns3653_e4372e-c8 .kt-btn-wrap-0 .kt-button:focus{background:#444444;}<\/style>\n<div class=\"wp-block-kadence-advancedbtn kb-buttons-wrap kb-btns3653_e4372e-c8\"><style>ul.menu .wp-block-kadence-advancedbtn .kb-btn3653_3188bd-0b.kb-button{width:initial;}.wp-block-kadence-advancedbtn .kb-btn3653_3188bd-0b.kb-button{color:var(--global-palette9, #ffffff);background:var(--global-palette2, #2B6CB0);font-size:var(--global-kb-font-size-md, 1.25rem);font-family:Poppins;font-weight:600;border-top-left-radius:15px;border-top-right-radius:15px;border-bottom-right-radius:15px;border-bottom-left-radius:15px;}.wp-block-kadence-advancedbtn .kb-btn3653_3188bd-0b.kb-button:hover, .wp-block-kadence-advancedbtn .kb-btn3653_3188bd-0b.kb-button:focus{color:var(--global-palette9, #ffffff);background:var(--global-palette1, #3182CE);}<\/style><a class=\"kb-button kt-button button kb-btn3653_3188bd-0b kt-btn-size-standard kt-btn-width-type-auto kb-btn-global-fill  kt-btn-has-text-true kt-btn-has-svg-false  wp-block-kadence-singlebtn\" href=\"https:\/\/ielts.idp.com\/poland\/test-centre\/lang-ltc\" target=\"_blank\" rel=\"noreferrer noopener\"><span class=\"kt-btn-inner-text\">Register for IELTS<\/span><\/a><\/div>\n<\/div><\/div>\n","protected":false},"excerpt":{"rendered":"<p>IELTS test day tips Here are some quick tips for you to ensure that things will go smoothly for you on the test day. TEST DAY ORGANISATION<\/p>\n","protected":false},"author":1,"featured_media":0,"parent":0,"menu_order":0,"comment_status":"closed","ping_status":"closed","template":"","meta":{"_kad_post_transparent":"","_kad_post_title":"","_kad_post_layout":"","_kad_post_sidebar_id":"","_kad_post_content_style":"","_kad_post_vertical_padding":"","_kad_post_feature":"","_kad_post_feature_position":"","_kad_post_header":false,"_kad_post_footer":false,"_kad_post_classname":"","footnotes":""},"folder":[48],"class_list":["post-3722","page","type-page","status-publish","hentry"],"yoast_head":"<!-- This site is optimized with the Yoast SEO plugin v27.3 - https:\/\/yoast.com\/product\/yoast-seo-wordpress\/ -->\n<title>Czy IELTS jest trudny? Jak wygl\u0105da? | W dniu testu | IELTS Polska<\/title>\n<meta name=\"description\" content=\"Szybkie wskaz\u00f3wki, dzi\u0119ki kt\u00f3rym dzie\u0144 testu IELTS przebiegnie sprawnie. IELTS nie musi by\u0107 trudny, sprawd\u017a nasze praktyczne wskaz\u00f3wki.\" \/>\n<meta name=\"robots\" content=\"index, follow, max-snippet:-1, max-image-preview:large, max-video-preview:-1\" \/>\n<link rel=\"canonical\" href=\"https:\/\/ieltspolska.pl\/en\/ielts-test-day-tips\/\" \/>\n<meta property=\"og:locale\" content=\"en_US\" \/>\n<meta property=\"og:type\" content=\"article\" \/>\n<meta property=\"og:title\" content=\"Czy IELTS jest trudny? Jak wygl\u0105da? | W dniu testu | IELTS Polska\" \/>\n<meta property=\"og:description\" content=\"Szybkie wskaz\u00f3wki, dzi\u0119ki kt\u00f3rym dzie\u0144 testu IELTS przebiegnie sprawnie. IELTS nie musi by\u0107 trudny, sprawd\u017a nasze praktyczne wskaz\u00f3wki.\" \/>\n<meta property=\"og:url\" content=\"https:\/\/ieltspolska.pl\/en\/ielts-test-day-tips\/\" \/>\n<meta property=\"og:site_name\" content=\"IELTS Polska\" \/>\n<meta property=\"article:modified_time\" content=\"2025-08-01T10:05:34+00:00\" \/>\n<meta name=\"twitter:card\" content=\"summary_large_image\" \/>\n<meta name=\"twitter:label1\" content=\"Est. reading time\" \/>\n\t<meta name=\"twitter:data1\" content=\"6 minutes\" \/>\n<script type=\"application\/ld+json\" class=\"yoast-schema-graph\">{\"@context\":\"https:\\\/\\\/schema.org\",\"@graph\":[{\"@type\":\"WebPage\",\"@id\":\"https:\\\/\\\/ieltspolska.pl\\\/en\\\/ielts-test-day-tips\\\/\",\"url\":\"https:\\\/\\\/ieltspolska.pl\\\/en\\\/ielts-test-day-tips\\\/\",\"name\":\"Czy IELTS jest trudny? Jak wygl\u0105da? | W dniu testu | IELTS Polska\",\"isPartOf\":{\"@id\":\"https:\\\/\\\/ieltspolska.pl\\\/en\\\/#website\"},\"datePublished\":\"2019-03-08T09:20:58+00:00\",\"dateModified\":\"2025-08-01T10:05:34+00:00\",\"description\":\"Szybkie wskaz\u00f3wki, dzi\u0119ki kt\u00f3rym dzie\u0144 testu IELTS przebiegnie sprawnie. IELTS nie musi by\u0107 trudny, sprawd\u017a nasze praktyczne wskaz\u00f3wki.\",\"breadcrumb\":{\"@id\":\"https:\\\/\\\/ieltspolska.pl\\\/en\\\/ielts-test-day-tips\\\/#breadcrumb\"},\"inLanguage\":\"en-US\",\"potentialAction\":[{\"@type\":\"ReadAction\",\"target\":[\"https:\\\/\\\/ieltspolska.pl\\\/en\\\/ielts-test-day-tips\\\/\"]}]},{\"@type\":\"BreadcrumbList\",\"@id\":\"https:\\\/\\\/ieltspolska.pl\\\/en\\\/ielts-test-day-tips\\\/#breadcrumb\",\"itemListElement\":[{\"@type\":\"ListItem\",\"position\":1,\"name\":\"Strona g\u0142\u00f3wna\",\"item\":\"https:\\\/\\\/ieltspolska.pl\\\/en\\\/\"},{\"@type\":\"ListItem\",\"position\":2,\"name\":\"IELTS test day tips\"}]},{\"@type\":\"WebSite\",\"@id\":\"https:\\\/\\\/ieltspolska.pl\\\/en\\\/#website\",\"url\":\"https:\\\/\\\/ieltspolska.pl\\\/en\\\/\",\"name\":\"IELTS - test akceptowany na ca\u0142ym \u015bwiecie | IELTS Polska\",\"description\":\"IELTS\",\"publisher\":{\"@id\":\"https:\\\/\\\/ieltspolska.pl\\\/en\\\/#organization\"},\"potentialAction\":[{\"@type\":\"SearchAction\",\"target\":{\"@type\":\"EntryPoint\",\"urlTemplate\":\"https:\\\/\\\/ieltspolska.pl\\\/en\\\/?s={search_term_string}\"},\"query-input\":{\"@type\":\"PropertyValueSpecification\",\"valueRequired\":true,\"valueName\":\"search_term_string\"}}],\"inLanguage\":\"en-US\"},{\"@type\":\"Organization\",\"@id\":\"https:\\\/\\\/ieltspolska.pl\\\/en\\\/#organization\",\"name\":\"IELTS - test akceptowany na ca\u0142ym \u015bwiecie | IELTS Polska\",\"url\":\"https:\\\/\\\/ieltspolska.pl\\\/en\\\/\",\"logo\":{\"@type\":\"ImageObject\",\"inLanguage\":\"en-US\",\"@id\":\"https:\\\/\\\/ieltspolska.pl\\\/en\\\/#\\\/schema\\\/logo\\\/image\\\/\",\"url\":\"https:\\\/\\\/ieltspolska.pl\\\/wp-content\\\/uploads\\\/2019\\\/03\\\/ielst.png\",\"contentUrl\":\"https:\\\/\\\/ieltspolska.pl\\\/wp-content\\\/uploads\\\/2019\\\/03\\\/ielst.png\",\"width\":210,\"height\":76,\"caption\":\"IELTS - test akceptowany na ca\u0142ym \u015bwiecie | IELTS Polska\"},\"image\":{\"@id\":\"https:\\\/\\\/ieltspolska.pl\\\/en\\\/#\\\/schema\\\/logo\\\/image\\\/\"}}]}<\/script>\n<!-- \/ Yoast SEO plugin. -->","yoast_head_json":{"title":"Czy IELTS jest trudny? Jak wygl\u0105da? | W dniu testu | IELTS Polska","description":"Szybkie wskaz\u00f3wki, dzi\u0119ki kt\u00f3rym dzie\u0144 testu IELTS przebiegnie sprawnie. IELTS nie musi by\u0107 trudny, sprawd\u017a nasze praktyczne wskaz\u00f3wki.","robots":{"index":"index","follow":"follow","max-snippet":"max-snippet:-1","max-image-preview":"max-image-preview:large","max-video-preview":"max-video-preview:-1"},"canonical":"https:\/\/ieltspolska.pl\/en\/ielts-test-day-tips\/","og_locale":"en_US","og_type":"article","og_title":"Czy IELTS jest trudny? Jak wygl\u0105da? | W dniu testu | IELTS Polska","og_description":"Szybkie wskaz\u00f3wki, dzi\u0119ki kt\u00f3rym dzie\u0144 testu IELTS przebiegnie sprawnie. IELTS nie musi by\u0107 trudny, sprawd\u017a nasze praktyczne wskaz\u00f3wki.","og_url":"https:\/\/ieltspolska.pl\/en\/ielts-test-day-tips\/","og_site_name":"IELTS Polska","article_modified_time":"2025-08-01T10:05:34+00:00","twitter_card":"summary_large_image","twitter_misc":{"Est. reading time":"6 minutes"},"schema":{"@context":"https:\/\/schema.org","@graph":[{"@type":"WebPage","@id":"https:\/\/ieltspolska.pl\/en\/ielts-test-day-tips\/","url":"https:\/\/ieltspolska.pl\/en\/ielts-test-day-tips\/","name":"Czy IELTS jest trudny? Jak wygl\u0105da? | W dniu testu | IELTS Polska","isPartOf":{"@id":"https:\/\/ieltspolska.pl\/en\/#website"},"datePublished":"2019-03-08T09:20:58+00:00","dateModified":"2025-08-01T10:05:34+00:00","description":"Szybkie wskaz\u00f3wki, dzi\u0119ki kt\u00f3rym dzie\u0144 testu IELTS przebiegnie sprawnie. IELTS nie musi by\u0107 trudny, sprawd\u017a nasze praktyczne wskaz\u00f3wki.","breadcrumb":{"@id":"https:\/\/ieltspolska.pl\/en\/ielts-test-day-tips\/#breadcrumb"},"inLanguage":"en-US","potentialAction":[{"@type":"ReadAction","target":["https:\/\/ieltspolska.pl\/en\/ielts-test-day-tips\/"]}]},{"@type":"BreadcrumbList","@id":"https:\/\/ieltspolska.pl\/en\/ielts-test-day-tips\/#breadcrumb","itemListElement":[{"@type":"ListItem","position":1,"name":"Strona g\u0142\u00f3wna","item":"https:\/\/ieltspolska.pl\/en\/"},{"@type":"ListItem","position":2,"name":"IELTS test day tips"}]},{"@type":"WebSite","@id":"https:\/\/ieltspolska.pl\/en\/#website","url":"https:\/\/ieltspolska.pl\/en\/","name":"IELTS - test akceptowany na ca\u0142ym \u015bwiecie | IELTS Polska","description":"IELTS","publisher":{"@id":"https:\/\/ieltspolska.pl\/en\/#organization"},"potentialAction":[{"@type":"SearchAction","target":{"@type":"EntryPoint","urlTemplate":"https:\/\/ieltspolska.pl\/en\/?s={search_term_string}"},"query-input":{"@type":"PropertyValueSpecification","valueRequired":true,"valueName":"search_term_string"}}],"inLanguage":"en-US"},{"@type":"Organization","@id":"https:\/\/ieltspolska.pl\/en\/#organization","name":"IELTS - test akceptowany na ca\u0142ym \u015bwiecie | IELTS Polska","url":"https:\/\/ieltspolska.pl\/en\/","logo":{"@type":"ImageObject","inLanguage":"en-US","@id":"https:\/\/ieltspolska.pl\/en\/#\/schema\/logo\/image\/","url":"https:\/\/ieltspolska.pl\/wp-content\/uploads\/2019\/03\/ielst.png","contentUrl":"https:\/\/ieltspolska.pl\/wp-content\/uploads\/2019\/03\/ielst.png","width":210,"height":76,"caption":"IELTS - test akceptowany na ca\u0142ym \u015bwiecie | IELTS Polska"},"image":{"@id":"https:\/\/ieltspolska.pl\/en\/#\/schema\/logo\/image\/"}}]}},"_links":{"self":[{"href":"https:\/\/ieltspolska.pl\/en\/wp-json\/wp\/v2\/pages\/3722","targetHints":{"allow":["GET"]}}],"collection":[{"href":"https:\/\/ieltspolska.pl\/en\/wp-json\/wp\/v2\/pages"}],"about":[{"href":"https:\/\/ieltspolska.pl\/en\/wp-json\/wp\/v2\/types\/page"}],"author":[{"embeddable":true,"href":"https:\/\/ieltspolska.pl\/en\/wp-json\/wp\/v2\/users\/1"}],"replies":[{"embeddable":true,"href":"https:\/\/ieltspolska.pl\/en\/wp-json\/wp\/v2\/comments?post=3722"}],"version-history":[{"count":5,"href":"https:\/\/ieltspolska.pl\/en\/wp-json\/wp\/v2\/pages\/3722\/revisions"}],"predecessor-version":[{"id":4039,"href":"https:\/\/ieltspolska.pl\/en\/wp-json\/wp\/v2\/pages\/3722\/revisions\/4039"}],"wp:attachment":[{"href":"https:\/\/ieltspolska.pl\/en\/wp-json\/wp\/v2\/media?parent=3722"}],"wp:term":[{"taxonomy":"folder","embeddable":true,"href":"https:\/\/ieltspolska.pl\/en\/wp-json\/wp\/v2\/folder?post=3722"}],"curies":[{"name":"wp","href":"https:\/\/api.w.org\/{rel}","templated":true}]}}