{"id":3740,"date":"2019-03-05T10:08:39","date_gmt":"2019-03-05T10:08:39","guid":{"rendered":"https:\/\/ieltspolska.pl\/jak-sie-zarejestrowac-na-ielts\/"},"modified":"2026-01-26T14:51:19","modified_gmt":"2026-01-26T14:51:19","slug":"how-can-i-register-for-ielts","status":"publish","type":"page","link":"https:\/\/ieltspolska.pl\/en\/how-can-i-register-for-ielts\/","title":{"rendered":"How can I register for IELTS?"},"content":{"rendered":"\n<div style=\"height:20px\" aria-hidden=\"true\" class=\"wp-block-spacer\"><\/div>\n\n\n<style>.wp-block-kadence-advancedheading.kt-adv-heading3740_b80dbf-45, .wp-block-kadence-advancedheading.kt-adv-heading3740_b80dbf-45[data-kb-block=\"kb-adv-heading3740_b80dbf-45\"]{text-align:center;font-size:var(--global-kb-font-size-lg, 2rem);font-weight:400;font-style:normal;font-family:Poppins;}.wp-block-kadence-advancedheading.kt-adv-heading3740_b80dbf-45 mark.kt-highlight, .wp-block-kadence-advancedheading.kt-adv-heading3740_b80dbf-45[data-kb-block=\"kb-adv-heading3740_b80dbf-45\"] mark.kt-highlight{font-style:normal;color:#f76a0c;-webkit-box-decoration-break:clone;box-decoration-break:clone;padding-top:0px;padding-right:0px;padding-bottom:0px;padding-left:0px;}.wp-block-kadence-advancedheading.kt-adv-heading3740_b80dbf-45 img.kb-inline-image, .wp-block-kadence-advancedheading.kt-adv-heading3740_b80dbf-45[data-kb-block=\"kb-adv-heading3740_b80dbf-45\"] img.kb-inline-image{width:150px;vertical-align:baseline;}<\/style>\n<h2 class=\"kt-adv-heading3740_b80dbf-45 wp-block-kadence-advancedheading has-theme-palette-2-color has-text-color\" data-kb-block=\"kb-adv-heading3740_b80dbf-45\"><strong>How can I register for IELTS?<\/strong><\/h2>\n\n\n<style>.kadence-column3740_531978-97{max-width:70%;margin-left:auto;margin-right:auto;}.wp-block-kadence-column.kb-section-dir-horizontal:not(.kb-section-md-dir-vertical)>.kt-inside-inner-col>.kadence-column3740_531978-97{-webkit-flex:0 1 70%;flex:0 1 70%;max-width:unset;margin-left:unset;margin-right:unset;}.kadence-column3740_531978-97 > .kt-inside-inner-col{padding-top:var(--global-kb-spacing-lg, 3rem);padding-right:var(--global-kb-spacing-xxl, 5rem);padding-bottom:var(--global-kb-spacing-lg, 3rem);padding-left:var(--global-kb-spacing-xxl, 5rem);}.kadence-column3740_531978-97 > .kt-inside-inner-col{box-shadow:0px 0px 14px 0px rgba(0, 0, 0, 0.2);}.kadence-column3740_531978-97 > .kt-inside-inner-col,.kadence-column3740_531978-97 > .kt-inside-inner-col:before{border-top-left-radius:15px;border-top-right-radius:15px;border-bottom-right-radius:15px;border-bottom-left-radius:15px;}.kadence-column3740_531978-97 > .kt-inside-inner-col{column-gap:var(--global-kb-gap-sm, 1rem);}.kadence-column3740_531978-97 > .kt-inside-inner-col{flex-direction:column;}.kadence-column3740_531978-97 > .kt-inside-inner-col > .aligncenter{width:100%;}.kadence-column3740_531978-97 > .kt-inside-inner-col{background-color:var(--global-palette9, #ffffff);}.kadence-column3740_531978-97 > .kt-inside-inner-col:before{opacity:0.3;}.kadence-column3740_531978-97{position:relative;}@media all and (min-width: 1025px){.wp-block-kadence-column.kb-section-dir-horizontal>.kt-inside-inner-col>.kadence-column3740_531978-97{-webkit-flex:0 1 70%;flex:0 1 70%;max-width:unset;margin-left:unset;margin-right:unset;}}@media all and (max-width: 1024px){.kadence-column3740_531978-97 > .kt-inside-inner-col{flex-direction:column;justify-content:center;}}@media all and (max-width: 767px){.kadence-column3740_531978-97 > .kt-inside-inner-col{display:flex;padding-right:var(--global-kb-spacing-xxs, 0.5rem);padding-left:var(--global-kb-spacing-xxs, 0.5rem);row-gap:var(--global-kb-gap-none, 0rem );flex-direction:column;justify-content:center;align-items:center;}.kadence-column3740_531978-97{max-width:90%;margin-left:auto;margin-right:auto;text-align:left;}.wp-block-kadence-column.kb-section-sm-dir-vertical:not(.kb-section-sm-dir-horizontal):not(.kb-section-sm-dir-specificity)>.kt-inside-inner-col>.kadence-column3740_531978-97{-webkit-flex:0 1 90%;flex:0 1 90%;}.wp-block-kadence-column>.kt-inside-inner-col>.kadence-column3740_531978-97{-webkit-flex:1 90%;flex:1 90%;}.wp-block-kadence-column.kb-section-sm-dir-horizontal>.kt-inside-inner-col>.kadence-column3740_531978-97, .wp-block-kadence-column.kb-section-dir-horizontal:not(.kb-section-sm-dir-vertical):not(.kb-section-md-dir-vertical) >.kt-inside-inner-col>.kadence-column3740_531978-97{-webkit-flex:0 1 90%;flex:0 1 90%;max-width:unset;margin-left:unset;margin-right:unset;}.kadence-column3740_531978-97, .kt-inside-inner-col > .kadence-column3740_531978-97:not(.specificity){margin-right:var(--global-kb-spacing-xxs, 0.5rem);margin-left:var(--global-kb-spacing-xxs, 0.5rem);}}<\/style>\n<div class=\"wp-block-kadence-column kadence-column3740_531978-97\"><div class=\"kt-inside-inner-col\"><style>.wp-block-kadence-advancedheading.kt-adv-heading3740_3a2ea7-f0, .wp-block-kadence-advancedheading.kt-adv-heading3740_3a2ea7-f0[data-kb-block=\"kb-adv-heading3740_3a2ea7-f0\"]{font-style:normal;}.wp-block-kadence-advancedheading.kt-adv-heading3740_3a2ea7-f0 mark.kt-highlight, .wp-block-kadence-advancedheading.kt-adv-heading3740_3a2ea7-f0[data-kb-block=\"kb-adv-heading3740_3a2ea7-f0\"] mark.kt-highlight{font-style:normal;color:#f76a0c;-webkit-box-decoration-break:clone;box-decoration-break:clone;padding-top:0px;padding-right:0px;padding-bottom:0px;padding-left:0px;}.wp-block-kadence-advancedheading.kt-adv-heading3740_3a2ea7-f0 img.kb-inline-image, .wp-block-kadence-advancedheading.kt-adv-heading3740_3a2ea7-f0[data-kb-block=\"kb-adv-heading3740_3a2ea7-f0\"] img.kb-inline-image{width:150px;vertical-align:baseline;}<\/style>\n<h4 class=\"kt-adv-heading3740_3a2ea7-f0 wp-block-kadence-advancedheading has-theme-palette-1-color has-text-color\" data-kb-block=\"kb-adv-heading3740_3a2ea7-f0\">BEFORE BOOKING THE TEST<\/h4>\n\n\n\n<ol class=\"wp-block-list\">\n<li>Check you have a valid photo ID or Passport<\/li>\n\n\n\n<li>Check you have a colour scan or photo of your ID or passport. The file size should not be larger than 5 MB and MUST be the same document you bring on your exam day<\/li>\n\n\n\n<li>Please note that the photo ID you upload, MUST match the photo ID you take on your test day<\/li>\n<\/ol>\n\n\n<style>.wp-block-kadence-advancedbtn.kt-btns3653_e4372e-c8, .site .entry-content .wp-block-kadence-advancedbtn.kt-btns3653_e4372e-c8, .wp-block-kadence-advancedbtn.kb-btns3653_e4372e-c8, .site .entry-content .wp-block-kadence-advancedbtn.kb-btns3653_e4372e-c8{margin-top:0px;}.wp-block-kadence-advancedbtn.kb-btns3653_e4372e-c8{padding-top:var(--global-kb-spacing-md, 2rem);padding-bottom:var(--global-kb-spacing-md, 2rem);gap:var(--global-kb-gap-xs, 0.5rem );justify-content:center;align-items:center;}.kt-btns3653_e4372e-c8 .kt-button{font-weight:normal;font-style:normal;}.kt-btns3653_e4372e-c8 .kt-btn-wrap-0{margin-right:5px;}.wp-block-kadence-advancedbtn.kt-btns3653_e4372e-c8 .kt-btn-wrap-0 .kt-button{color:#555555;border-color:#555555;}.wp-block-kadence-advancedbtn.kt-btns3653_e4372e-c8 .kt-btn-wrap-0 .kt-button:hover, .wp-block-kadence-advancedbtn.kt-btns3653_e4372e-c8 .kt-btn-wrap-0 .kt-button:focus{color:#ffffff;border-color:#444444;}.wp-block-kadence-advancedbtn.kt-btns3653_e4372e-c8 .kt-btn-wrap-0 .kt-button::before{display:none;}.wp-block-kadence-advancedbtn.kt-btns3653_e4372e-c8 .kt-btn-wrap-0 .kt-button:hover, .wp-block-kadence-advancedbtn.kt-btns3653_e4372e-c8 .kt-btn-wrap-0 .kt-button:focus{background:#444444;}<\/style>\n<div class=\"wp-block-kadence-advancedbtn kb-buttons-wrap kb-btns3653_e4372e-c8\"><style>ul.menu .wp-block-kadence-advancedbtn .kb-btn3653_3188bd-0b.kb-button{width:initial;}.wp-block-kadence-advancedbtn .kb-btn3653_3188bd-0b.kb-button{color:var(--global-palette9, #ffffff);background:var(--global-palette2, #2B6CB0);font-size:var(--global-kb-font-size-md, 1.25rem);font-family:Poppins;font-weight:600;border-top-left-radius:15px;border-top-right-radius:15px;border-bottom-right-radius:15px;border-bottom-left-radius:15px;}.wp-block-kadence-advancedbtn .kb-btn3653_3188bd-0b.kb-button:hover, .wp-block-kadence-advancedbtn .kb-btn3653_3188bd-0b.kb-button:focus{color:var(--global-palette9, #ffffff);background:var(--global-palette1, #3182CE);}<\/style><a class=\"kb-button kt-button button kb-btn3653_3188bd-0b kt-btn-size-standard kt-btn-width-type-auto kb-btn-global-fill  kt-btn-has-text-true kt-btn-has-svg-false  wp-block-kadence-singlebtn\" href=\"https:\/\/ielts.idp.com\/poland\/test-centre\/lang-ltc\" target=\"_blank\" rel=\"noreferrer noopener\"><span class=\"kt-btn-inner-text\">Register for IELTS<\/span><\/a><\/div>\n\n\n<style>.wp-block-kadence-advancedheading.kt-adv-heading3740_e1d12b-08, .wp-block-kadence-advancedheading.kt-adv-heading3740_e1d12b-08[data-kb-block=\"kb-adv-heading3740_e1d12b-08\"]{font-style:normal;}.wp-block-kadence-advancedheading.kt-adv-heading3740_e1d12b-08 mark.kt-highlight, .wp-block-kadence-advancedheading.kt-adv-heading3740_e1d12b-08[data-kb-block=\"kb-adv-heading3740_e1d12b-08\"] mark.kt-highlight{font-style:normal;color:#f76a0c;-webkit-box-decoration-break:clone;box-decoration-break:clone;padding-top:0px;padding-right:0px;padding-bottom:0px;padding-left:0px;}.wp-block-kadence-advancedheading.kt-adv-heading3740_e1d12b-08 img.kb-inline-image, .wp-block-kadence-advancedheading.kt-adv-heading3740_e1d12b-08[data-kb-block=\"kb-adv-heading3740_e1d12b-08\"] img.kb-inline-image{width:150px;vertical-align:baseline;}<\/style>\n<h4 class=\"kt-adv-heading3740_e1d12b-08 wp-block-kadence-advancedheading has-theme-palette-1-color has-text-color\" data-kb-block=\"kb-adv-heading3740_e1d12b-08\">IMMEDIATELY AFTER REGISTRATION<\/h4>\n\n\n\n<p><strong>FREE COURSE&nbsp;<\/strong><\/p>\n\n\n\n<p>After completing the registration you will receive an email with registration confirmation and your access codes to the online course: IELTS MASTER&nbsp;<\/p>\n\n\n\n<p>You will also receive your&nbsp;<strong>IELTS Reference Number<\/strong>&nbsp;to access the&nbsp;IELTS candidate portal.<\/p>\n\n\n\n<p><strong>PAYMENT<\/strong><\/p>\n\n\n\n<p><strong>The test fee is 995 PLN.<\/strong>&nbsp;You can pay for your test in one of the following ways:<\/p>\n\n\n\n<ul class=\"wp-block-list\">\n<li>in person by payment card or cash in our office in Warsaw<\/li>\n\n\n\n<li>via Przelewy24<\/li>\n\n\n\n<li>via bank transfer<\/li>\n<\/ul>\n\n\n\n<p><strong>BANK DETAILS<\/strong><\/p>\n\n\n\n<p>Please use the bank details below in order to make the payment:<br><strong>Bank account no: 18 1240 1040 1111 0011 1810 2974<\/strong><br>Bank account owner: Lang LTC Sp. z o.o.<br>Our address: Al. Jerozolimskie 133, 02-304 Warszawa<\/p>\n\n\n\n<p>In the&nbsp;<strong>Reference<\/strong>&nbsp;section of your payment please write: your individual registration Test Date \/ Candidate\u2019s Full Name<\/p>\n\n\n\n<p>Please note that in making payments from outside Poland precede the bank account number with the PL and the SWIFT code PKOPPLPW.<\/p>\n\n\n\n<p><strong>IMPORTANT!&nbsp;<\/strong><\/p>\n\n\n\n<p>The IELTS test fee must be paid <strong>within 48 hours of registration<\/strong>, and <strong>no later than 3 days before the test date<\/strong>.<br>Once registration closes (which happens 3 days before the test), it is no longer possible to record the payment in the system; therefore, we kindly ask you to make the payment well in advance.<\/p>\n\n\n<style>.wp-block-kadence-advancedheading.kt-adv-heading3740_89eb44-d4, .wp-block-kadence-advancedheading.kt-adv-heading3740_89eb44-d4[data-kb-block=\"kb-adv-heading3740_89eb44-d4\"]{font-style:normal;}.wp-block-kadence-advancedheading.kt-adv-heading3740_89eb44-d4 mark.kt-highlight, .wp-block-kadence-advancedheading.kt-adv-heading3740_89eb44-d4[data-kb-block=\"kb-adv-heading3740_89eb44-d4\"] mark.kt-highlight{font-style:normal;color:#f76a0c;-webkit-box-decoration-break:clone;box-decoration-break:clone;padding-top:0px;padding-right:0px;padding-bottom:0px;padding-left:0px;}.wp-block-kadence-advancedheading.kt-adv-heading3740_89eb44-d4 img.kb-inline-image, .wp-block-kadence-advancedheading.kt-adv-heading3740_89eb44-d4[data-kb-block=\"kb-adv-heading3740_89eb44-d4\"] img.kb-inline-image{width:150px;vertical-align:baseline;}<\/style>\n<h4 class=\"kt-adv-heading3740_89eb44-d4 wp-block-kadence-advancedheading has-theme-palette-1-color has-text-color\" data-kb-block=\"kb-adv-heading3740_89eb44-d4\">3 DAYS BEFORE THE TEST DATE<\/h4>\n\n\n\n<p>The full test details of your test session (timetable, venue information) will be sent to you approximately 3 days before the test.<\/p>\n\n\n\n<p><strong>IMPORTANT:<\/strong>&nbsp;Your Speaking test may be scheduled on the same day as the other sections, or on a different day within a 3 day window before or 1 day after your main test day.<\/p>\n\n\n<style>.wp-block-kadence-advancedbtn.kt-btns3653_e4372e-c8, .site .entry-content .wp-block-kadence-advancedbtn.kt-btns3653_e4372e-c8, .wp-block-kadence-advancedbtn.kb-btns3653_e4372e-c8, .site .entry-content .wp-block-kadence-advancedbtn.kb-btns3653_e4372e-c8{margin-top:0px;}.wp-block-kadence-advancedbtn.kb-btns3653_e4372e-c8{padding-top:var(--global-kb-spacing-md, 2rem);padding-bottom:var(--global-kb-spacing-md, 2rem);gap:var(--global-kb-gap-xs, 0.5rem );justify-content:center;align-items:center;}.kt-btns3653_e4372e-c8 .kt-button{font-weight:normal;font-style:normal;}.kt-btns3653_e4372e-c8 .kt-btn-wrap-0{margin-right:5px;}.wp-block-kadence-advancedbtn.kt-btns3653_e4372e-c8 .kt-btn-wrap-0 .kt-button{color:#555555;border-color:#555555;}.wp-block-kadence-advancedbtn.kt-btns3653_e4372e-c8 .kt-btn-wrap-0 .kt-button:hover, .wp-block-kadence-advancedbtn.kt-btns3653_e4372e-c8 .kt-btn-wrap-0 .kt-button:focus{color:#ffffff;border-color:#444444;}.wp-block-kadence-advancedbtn.kt-btns3653_e4372e-c8 .kt-btn-wrap-0 .kt-button::before{display:none;}.wp-block-kadence-advancedbtn.kt-btns3653_e4372e-c8 .kt-btn-wrap-0 .kt-button:hover, .wp-block-kadence-advancedbtn.kt-btns3653_e4372e-c8 .kt-btn-wrap-0 .kt-button:focus{background:#444444;}<\/style>\n<div class=\"wp-block-kadence-advancedbtn kb-buttons-wrap kb-btns3653_e4372e-c8\"><style>ul.menu .wp-block-kadence-advancedbtn .kb-btn3653_3188bd-0b.kb-button{width:initial;}.wp-block-kadence-advancedbtn .kb-btn3653_3188bd-0b.kb-button{color:var(--global-palette9, #ffffff);background:var(--global-palette2, #2B6CB0);font-size:var(--global-kb-font-size-md, 1.25rem);font-family:Poppins;font-weight:600;border-top-left-radius:15px;border-top-right-radius:15px;border-bottom-right-radius:15px;border-bottom-left-radius:15px;}.wp-block-kadence-advancedbtn .kb-btn3653_3188bd-0b.kb-button:hover, .wp-block-kadence-advancedbtn .kb-btn3653_3188bd-0b.kb-button:focus{color:var(--global-palette9, #ffffff);background:var(--global-palette1, #3182CE);}<\/style><a class=\"kb-button kt-button button kb-btn3653_3188bd-0b kt-btn-size-standard kt-btn-width-type-auto kb-btn-global-fill  kt-btn-has-text-true kt-btn-has-svg-false  wp-block-kadence-singlebtn\" href=\"https:\/\/ielts.idp.com\/poland\/test-centre\/lang-ltc\" target=\"_blank\" rel=\"noreferrer noopener\"><span class=\"kt-btn-inner-text\">Register for IELTS<\/span><\/a><\/div>\n\n\n<style>.wp-block-kadence-advancedheading.kt-adv-heading3740_a807af-a9, .wp-block-kadence-advancedheading.kt-adv-heading3740_a807af-a9[data-kb-block=\"kb-adv-heading3740_a807af-a9\"]{font-style:normal;}.wp-block-kadence-advancedheading.kt-adv-heading3740_a807af-a9 mark.kt-highlight, .wp-block-kadence-advancedheading.kt-adv-heading3740_a807af-a9[data-kb-block=\"kb-adv-heading3740_a807af-a9\"] mark.kt-highlight{font-style:normal;color:#f76a0c;-webkit-box-decoration-break:clone;box-decoration-break:clone;padding-top:0px;padding-right:0px;padding-bottom:0px;padding-left:0px;}.wp-block-kadence-advancedheading.kt-adv-heading3740_a807af-a9 img.kb-inline-image, .wp-block-kadence-advancedheading.kt-adv-heading3740_a807af-a9[data-kb-block=\"kb-adv-heading3740_a807af-a9\"] img.kb-inline-image{width:150px;vertical-align:baseline;}<\/style>\n<h3 class=\"kt-adv-heading3740_a807af-a9 wp-block-kadence-advancedheading has-theme-palette-1-color has-text-color\" data-kb-block=\"kb-adv-heading3740_a807af-a9\">SPECIAL ARRANGEMENTS<\/h3>\n\n\n\n<p>We can help you if you have visual, hearing, speaking or learning difficulties.<\/p>\n\n\n\n<ul class=\"wp-block-list\">\n<li>Give us three months\u2019 notice if you are disabled and need modified test papers, e.g.:\n<ul class=\"wp-block-list\">\n<li>enlarged print<\/li>\n\n\n\n<li>braille test papers<\/li>\n\n\n\n<li>special Listening CD with necessary stops and pauses<\/li>\n\n\n\n<li>lip-reading version of the Listening test<\/li>\n\n\n\n<li>enlarged print or Speaking task cards in Braille<\/li>\n\n\n\n<li>special amplification equipment<\/li>\n\n\n\n<li>an amanuensis to write the answers for you<\/li>\n<\/ul>\n<\/li>\n\n\n\n<li>Give us six weeks\u2019 notice if you have&nbsp;<strong>dyslexia<\/strong>&nbsp;and need extra time for the Reading and Writing tests.<\/li>\n<\/ul>\n\n\n\n<p>We assure you that your test will be assessed objectively, regardless of any disability or special needs that you may have.<\/p>\n\n\n\n<p>Please contact the test centre via&nbsp;<a href=\"mailto:ielts@lang.com.pl\">ielts@lang.com.pl<\/a>&nbsp;&nbsp;or&nbsp; +48 22 825 22 73 as soon as possible to discuss special arrangements for you.<\/p>\n<\/div><\/div>\n","protected":false},"excerpt":{"rendered":"<p>How can I register for IELTS? BEFORE BOOKING THE TEST IMMEDIATELY AFTER REGISTRATION FREE COURSE&nbsp; After completing the registration you will receive an email with registration confirmation and your access codes to the online course: IELTS MASTER&nbsp; You will also receive your&nbsp;IELTS Reference Number&nbsp;to access the&nbsp;IELTS candidate portal. PAYMENT The test fee is 995 PLN.&nbsp;You&#8230;<\/p>\n","protected":false},"author":1,"featured_media":0,"parent":0,"menu_order":0,"comment_status":"closed","ping_status":"closed","template":"","meta":{"_kad_post_transparent":"","_kad_post_title":"","_kad_post_layout":"","_kad_post_sidebar_id":"","_kad_post_content_style":"","_kad_post_vertical_padding":"","_kad_post_feature":"","_kad_post_feature_position":"","_kad_post_header":false,"_kad_post_footer":false,"_kad_post_classname":"","footnotes":""},"folder":[48],"class_list":["post-3740","page","type-page","status-publish","hentry"],"yoast_head":"<!-- This site is optimized with the Yoast SEO plugin v27.3 - https:\/\/yoast.com\/product\/yoast-seo-wordpress\/ -->\n<title>Jak Zarajestrowa\u0107 si\u0119 na Test IELTS? Instrukcja | IELTS Polska<\/title>\n<meta name=\"description\" content=\"IELTS - rejestracja. Dowiedz si\u0119, jak zarejestrowa\u0107 si\u0119 na egzamin IELTS i przygotuj wymagane dokumenty i zdj\u0119cia. Zapoznaj si\u0119 z informacjami dla kandydat\u00f3w!\" \/>\n<meta name=\"robots\" content=\"index, follow, max-snippet:-1, max-image-preview:large, max-video-preview:-1\" \/>\n<link rel=\"canonical\" href=\"https:\/\/ieltspolska.pl\/en\/how-can-i-register-for-ielts\/\" \/>\n<meta property=\"og:locale\" content=\"en_US\" \/>\n<meta property=\"og:type\" content=\"article\" \/>\n<meta property=\"og:title\" content=\"Jak Zarajestrowa\u0107 si\u0119 na Test IELTS? Instrukcja | IELTS Polska\" \/>\n<meta property=\"og:description\" content=\"IELTS - rejestracja. Dowiedz si\u0119, jak zarejestrowa\u0107 si\u0119 na egzamin IELTS i przygotuj wymagane dokumenty i zdj\u0119cia. Zapoznaj si\u0119 z informacjami dla kandydat\u00f3w!\" \/>\n<meta property=\"og:url\" content=\"https:\/\/ieltspolska.pl\/en\/how-can-i-register-for-ielts\/\" \/>\n<meta property=\"og:site_name\" content=\"IELTS Polska\" \/>\n<meta property=\"article:modified_time\" content=\"2026-01-26T14:51:19+00:00\" \/>\n<meta name=\"twitter:card\" content=\"summary_large_image\" \/>\n<meta name=\"twitter:label1\" content=\"Est. reading time\" \/>\n\t<meta name=\"twitter:data1\" content=\"9 minutes\" \/>\n<script type=\"application\/ld+json\" class=\"yoast-schema-graph\">{\"@context\":\"https:\\\/\\\/schema.org\",\"@graph\":[{\"@type\":\"WebPage\",\"@id\":\"https:\\\/\\\/ieltspolska.pl\\\/en\\\/how-can-i-register-for-ielts\\\/\",\"url\":\"https:\\\/\\\/ieltspolska.pl\\\/en\\\/how-can-i-register-for-ielts\\\/\",\"name\":\"Jak Zarajestrowa\u0107 si\u0119 na Test IELTS? Instrukcja | IELTS Polska\",\"isPartOf\":{\"@id\":\"https:\\\/\\\/ieltspolska.pl\\\/en\\\/#website\"},\"datePublished\":\"2019-03-05T10:08:39+00:00\",\"dateModified\":\"2026-01-26T14:51:19+00:00\",\"description\":\"IELTS - rejestracja. Dowiedz si\u0119, jak zarejestrowa\u0107 si\u0119 na egzamin IELTS i przygotuj wymagane dokumenty i zdj\u0119cia. Zapoznaj si\u0119 z informacjami dla kandydat\u00f3w!\",\"breadcrumb\":{\"@id\":\"https:\\\/\\\/ieltspolska.pl\\\/en\\\/how-can-i-register-for-ielts\\\/#breadcrumb\"},\"inLanguage\":\"en-US\",\"potentialAction\":[{\"@type\":\"ReadAction\",\"target\":[\"https:\\\/\\\/ieltspolska.pl\\\/en\\\/how-can-i-register-for-ielts\\\/\"]}]},{\"@type\":\"BreadcrumbList\",\"@id\":\"https:\\\/\\\/ieltspolska.pl\\\/en\\\/how-can-i-register-for-ielts\\\/#breadcrumb\",\"itemListElement\":[{\"@type\":\"ListItem\",\"position\":1,\"name\":\"Strona g\u0142\u00f3wna\",\"item\":\"https:\\\/\\\/ieltspolska.pl\\\/en\\\/\"},{\"@type\":\"ListItem\",\"position\":2,\"name\":\"How can I register for IELTS?\"}]},{\"@type\":\"WebSite\",\"@id\":\"https:\\\/\\\/ieltspolska.pl\\\/en\\\/#website\",\"url\":\"https:\\\/\\\/ieltspolska.pl\\\/en\\\/\",\"name\":\"IELTS - test akceptowany na ca\u0142ym \u015bwiecie | IELTS Polska\",\"description\":\"IELTS\",\"publisher\":{\"@id\":\"https:\\\/\\\/ieltspolska.pl\\\/en\\\/#organization\"},\"potentialAction\":[{\"@type\":\"SearchAction\",\"target\":{\"@type\":\"EntryPoint\",\"urlTemplate\":\"https:\\\/\\\/ieltspolska.pl\\\/en\\\/?s={search_term_string}\"},\"query-input\":{\"@type\":\"PropertyValueSpecification\",\"valueRequired\":true,\"valueName\":\"search_term_string\"}}],\"inLanguage\":\"en-US\"},{\"@type\":\"Organization\",\"@id\":\"https:\\\/\\\/ieltspolska.pl\\\/en\\\/#organization\",\"name\":\"IELTS - test akceptowany na ca\u0142ym \u015bwiecie | IELTS Polska\",\"url\":\"https:\\\/\\\/ieltspolska.pl\\\/en\\\/\",\"logo\":{\"@type\":\"ImageObject\",\"inLanguage\":\"en-US\",\"@id\":\"https:\\\/\\\/ieltspolska.pl\\\/en\\\/#\\\/schema\\\/logo\\\/image\\\/\",\"url\":\"https:\\\/\\\/ieltspolska.pl\\\/wp-content\\\/uploads\\\/2019\\\/03\\\/ielst.png\",\"contentUrl\":\"https:\\\/\\\/ieltspolska.pl\\\/wp-content\\\/uploads\\\/2019\\\/03\\\/ielst.png\",\"width\":210,\"height\":76,\"caption\":\"IELTS - test akceptowany na ca\u0142ym \u015bwiecie | IELTS Polska\"},\"image\":{\"@id\":\"https:\\\/\\\/ieltspolska.pl\\\/en\\\/#\\\/schema\\\/logo\\\/image\\\/\"}}]}<\/script>\n<!-- \/ Yoast SEO plugin. -->","yoast_head_json":{"title":"Jak Zarajestrowa\u0107 si\u0119 na Test IELTS? Instrukcja | IELTS Polska","description":"IELTS - rejestracja. Dowiedz si\u0119, jak zarejestrowa\u0107 si\u0119 na egzamin IELTS i przygotuj wymagane dokumenty i zdj\u0119cia. Zapoznaj si\u0119 z informacjami dla kandydat\u00f3w!","robots":{"index":"index","follow":"follow","max-snippet":"max-snippet:-1","max-image-preview":"max-image-preview:large","max-video-preview":"max-video-preview:-1"},"canonical":"https:\/\/ieltspolska.pl\/en\/how-can-i-register-for-ielts\/","og_locale":"en_US","og_type":"article","og_title":"Jak Zarajestrowa\u0107 si\u0119 na Test IELTS? Instrukcja | IELTS Polska","og_description":"IELTS - rejestracja. Dowiedz si\u0119, jak zarejestrowa\u0107 si\u0119 na egzamin IELTS i przygotuj wymagane dokumenty i zdj\u0119cia. Zapoznaj si\u0119 z informacjami dla kandydat\u00f3w!","og_url":"https:\/\/ieltspolska.pl\/en\/how-can-i-register-for-ielts\/","og_site_name":"IELTS Polska","article_modified_time":"2026-01-26T14:51:19+00:00","twitter_card":"summary_large_image","twitter_misc":{"Est. reading time":"9 minutes"},"schema":{"@context":"https:\/\/schema.org","@graph":[{"@type":"WebPage","@id":"https:\/\/ieltspolska.pl\/en\/how-can-i-register-for-ielts\/","url":"https:\/\/ieltspolska.pl\/en\/how-can-i-register-for-ielts\/","name":"Jak Zarajestrowa\u0107 si\u0119 na Test IELTS? Instrukcja | IELTS Polska","isPartOf":{"@id":"https:\/\/ieltspolska.pl\/en\/#website"},"datePublished":"2019-03-05T10:08:39+00:00","dateModified":"2026-01-26T14:51:19+00:00","description":"IELTS - rejestracja. Dowiedz si\u0119, jak zarejestrowa\u0107 si\u0119 na egzamin IELTS i przygotuj wymagane dokumenty i zdj\u0119cia. Zapoznaj si\u0119 z informacjami dla kandydat\u00f3w!","breadcrumb":{"@id":"https:\/\/ieltspolska.pl\/en\/how-can-i-register-for-ielts\/#breadcrumb"},"inLanguage":"en-US","potentialAction":[{"@type":"ReadAction","target":["https:\/\/ieltspolska.pl\/en\/how-can-i-register-for-ielts\/"]}]},{"@type":"BreadcrumbList","@id":"https:\/\/ieltspolska.pl\/en\/how-can-i-register-for-ielts\/#breadcrumb","itemListElement":[{"@type":"ListItem","position":1,"name":"Strona g\u0142\u00f3wna","item":"https:\/\/ieltspolska.pl\/en\/"},{"@type":"ListItem","position":2,"name":"How can I register for IELTS?"}]},{"@type":"WebSite","@id":"https:\/\/ieltspolska.pl\/en\/#website","url":"https:\/\/ieltspolska.pl\/en\/","name":"IELTS - test akceptowany na ca\u0142ym \u015bwiecie | IELTS Polska","description":"IELTS","publisher":{"@id":"https:\/\/ieltspolska.pl\/en\/#organization"},"potentialAction":[{"@type":"SearchAction","target":{"@type":"EntryPoint","urlTemplate":"https:\/\/ieltspolska.pl\/en\/?s={search_term_string}"},"query-input":{"@type":"PropertyValueSpecification","valueRequired":true,"valueName":"search_term_string"}}],"inLanguage":"en-US"},{"@type":"Organization","@id":"https:\/\/ieltspolska.pl\/en\/#organization","name":"IELTS - test akceptowany na ca\u0142ym \u015bwiecie | IELTS Polska","url":"https:\/\/ieltspolska.pl\/en\/","logo":{"@type":"ImageObject","inLanguage":"en-US","@id":"https:\/\/ieltspolska.pl\/en\/#\/schema\/logo\/image\/","url":"https:\/\/ieltspolska.pl\/wp-content\/uploads\/2019\/03\/ielst.png","contentUrl":"https:\/\/ieltspolska.pl\/wp-content\/uploads\/2019\/03\/ielst.png","width":210,"height":76,"caption":"IELTS - test akceptowany na ca\u0142ym \u015bwiecie | IELTS Polska"},"image":{"@id":"https:\/\/ieltspolska.pl\/en\/#\/schema\/logo\/image\/"}}]}},"_links":{"self":[{"href":"https:\/\/ieltspolska.pl\/en\/wp-json\/wp\/v2\/pages\/3740","targetHints":{"allow":["GET"]}}],"collection":[{"href":"https:\/\/ieltspolska.pl\/en\/wp-json\/wp\/v2\/pages"}],"about":[{"href":"https:\/\/ieltspolska.pl\/en\/wp-json\/wp\/v2\/types\/page"}],"author":[{"embeddable":true,"href":"https:\/\/ieltspolska.pl\/en\/wp-json\/wp\/v2\/users\/1"}],"replies":[{"embeddable":true,"href":"https:\/\/ieltspolska.pl\/en\/wp-json\/wp\/v2\/comments?post=3740"}],"version-history":[{"count":9,"href":"https:\/\/ieltspolska.pl\/en\/wp-json\/wp\/v2\/pages\/3740\/revisions"}],"predecessor-version":[{"id":4106,"href":"https:\/\/ieltspolska.pl\/en\/wp-json\/wp\/v2\/pages\/3740\/revisions\/4106"}],"wp:attachment":[{"href":"https:\/\/ieltspolska.pl\/en\/wp-json\/wp\/v2\/media?parent=3740"}],"wp:term":[{"taxonomy":"folder","embeddable":true,"href":"https:\/\/ieltspolska.pl\/en\/wp-json\/wp\/v2\/folder?post=3740"}],"curies":[{"name":"wp","href":"https:\/\/api.w.org\/{rel}","templated":true}]}}