{"id":3755,"date":"2019-03-08T09:06:19","date_gmt":"2019-03-08T09:06:19","guid":{"rendered":"https:\/\/ieltspolska.pl\/skala-ielts\/"},"modified":"2025-04-03T20:28:14","modified_gmt":"2025-04-03T20:28:14","slug":"ielts-scale","status":"publish","type":"page","link":"https:\/\/ieltspolska.pl\/en\/ielts-scale\/","title":{"rendered":"IELTS scale"},"content":{"rendered":"<style>.wp-block-kadence-advancedheading.kt-adv-heading3755_d40ca6-89, .wp-block-kadence-advancedheading.kt-adv-heading3755_d40ca6-89[data-kb-block=\"kb-adv-heading3755_d40ca6-89\"]{padding-top:var(--global-kb-spacing-xl, 4rem);padding-bottom:var(--global-kb-spacing-xxs, 0.5rem);text-align:center;font-size:var(--global-kb-font-size-lg, 2rem);font-weight:400;font-style:normal;font-family:Poppins;}.wp-block-kadence-advancedheading.kt-adv-heading3755_d40ca6-89 mark.kt-highlight, .wp-block-kadence-advancedheading.kt-adv-heading3755_d40ca6-89[data-kb-block=\"kb-adv-heading3755_d40ca6-89\"] mark.kt-highlight{font-style:normal;color:#f76a0c;-webkit-box-decoration-break:clone;box-decoration-break:clone;padding-top:0px;padding-right:0px;padding-bottom:0px;padding-left:0px;}.wp-block-kadence-advancedheading.kt-adv-heading3755_d40ca6-89 img.kb-inline-image, .wp-block-kadence-advancedheading.kt-adv-heading3755_d40ca6-89[data-kb-block=\"kb-adv-heading3755_d40ca6-89\"] img.kb-inline-image{width:150px;vertical-align:baseline;}<\/style>\n<h2 class=\"kt-adv-heading3755_d40ca6-89 wp-block-kadence-advancedheading has-theme-palette-2-color has-text-color\" data-kb-block=\"kb-adv-heading3755_d40ca6-89\"><strong>IELTS scale<\/strong><\/h2>\n\n\n<style>.kadence-column3755_bbb839-18{max-width:70%;margin-left:auto;margin-right:auto;}.wp-block-kadence-column.kb-section-dir-horizontal:not(.kb-section-md-dir-vertical)>.kt-inside-inner-col>.kadence-column3755_bbb839-18{-webkit-flex:0 1 70%;flex:0 1 70%;max-width:unset;margin-left:unset;margin-right:unset;}.kadence-column3755_bbb839-18 > .kt-inside-inner-col{padding-top:var(--global-kb-spacing-lg, 3rem);padding-right:var(--global-kb-spacing-xxl, 5rem);padding-bottom:var(--global-kb-spacing-lg, 3rem);padding-left:var(--global-kb-spacing-xxl, 5rem);}.kadence-column3755_bbb839-18 > .kt-inside-inner-col{box-shadow:0px 0px 14px 0px rgba(0, 0, 0, 0.2);}.kadence-column3755_bbb839-18 > .kt-inside-inner-col,.kadence-column3755_bbb839-18 > .kt-inside-inner-col:before{border-top-left-radius:15px;border-top-right-radius:15px;border-bottom-right-radius:15px;border-bottom-left-radius:15px;}.kadence-column3755_bbb839-18 > .kt-inside-inner-col{column-gap:var(--global-kb-gap-sm, 1rem);}.kadence-column3755_bbb839-18 > .kt-inside-inner-col{flex-direction:column;}.kadence-column3755_bbb839-18 > .kt-inside-inner-col > .aligncenter{width:100%;}.kadence-column3755_bbb839-18 > .kt-inside-inner-col{background-color:var(--global-palette9, #ffffff);}.kadence-column3755_bbb839-18 > .kt-inside-inner-col:before{opacity:0.3;}.kadence-column3755_bbb839-18{position:relative;}@media all and (min-width: 1025px){.wp-block-kadence-column.kb-section-dir-horizontal>.kt-inside-inner-col>.kadence-column3755_bbb839-18{-webkit-flex:0 1 70%;flex:0 1 70%;max-width:unset;margin-left:unset;margin-right:unset;}}@media all and (max-width: 1024px){.kadence-column3755_bbb839-18 > .kt-inside-inner-col{flex-direction:column;justify-content:center;}}@media all and (max-width: 767px){.kadence-column3755_bbb839-18 > .kt-inside-inner-col{display:flex;padding-right:var(--global-kb-spacing-xxs, 0.5rem);padding-left:var(--global-kb-spacing-xxs, 0.5rem);row-gap:var(--global-kb-gap-none, 0rem );flex-direction:column;justify-content:center;align-items:center;}.kadence-column3755_bbb839-18{max-width:90%;margin-left:auto;margin-right:auto;text-align:left;}.wp-block-kadence-column.kb-section-sm-dir-vertical:not(.kb-section-sm-dir-horizontal):not(.kb-section-sm-dir-specificity)>.kt-inside-inner-col>.kadence-column3755_bbb839-18{-webkit-flex:0 1 90%;flex:0 1 90%;}.wp-block-kadence-column>.kt-inside-inner-col>.kadence-column3755_bbb839-18{-webkit-flex:1 90%;flex:1 90%;}.wp-block-kadence-column.kb-section-sm-dir-horizontal>.kt-inside-inner-col>.kadence-column3755_bbb839-18, .wp-block-kadence-column.kb-section-dir-horizontal:not(.kb-section-sm-dir-vertical):not(.kb-section-md-dir-vertical) >.kt-inside-inner-col>.kadence-column3755_bbb839-18{-webkit-flex:0 1 90%;flex:0 1 90%;max-width:unset;margin-left:unset;margin-right:unset;}.kadence-column3755_bbb839-18, .kt-inside-inner-col > .kadence-column3755_bbb839-18:not(.specificity){margin-right:var(--global-kb-spacing-xxs, 0.5rem);margin-left:var(--global-kb-spacing-xxs, 0.5rem);}}<\/style>\n<div class=\"wp-block-kadence-column kadence-column3755_bbb839-18\"><div class=\"kt-inside-inner-col\">\n<p><strong>IELTS results are reported as band scores on a scale from 1 (the lowest) to 9 (the highest).<\/strong><\/p>\n\n\n\n<p>The IELTS Scale is as follows:<\/p>\n\n\n\n<div class=\"table-container\" style=\"max-width: 1000px; margin: 2rem auto;\">\n  <table style=\"width: 100%; border-collapse: collapse; font-family: 'Open Sans', sans-serif;\">\n    <thead>\n      <tr style=\"background-color: #f5f5f5;\">\n        <th style=\"text-align: left; padding: 12px; font-family: 'Poppins', sans-serif; font-weight: 600; font-size: 1.1rem; color: #E31837;\">Band Score<\/th>\n        <th style=\"text-align: left; padding: 12px; font-family: 'Poppins', sans-serif; font-weight: 600; font-size: 1.1rem; color: #E31837;\">Skill Level<\/th>\n        <th style=\"text-align: left; padding: 12px; font-family: 'Poppins', sans-serif; font-weight: 600; font-size: 1.1rem; color: #E31837;\">Description<\/th>\n      <\/tr>\n    <\/thead>\n    <tbody>\n      <tr>\n        <td style=\"padding: 10px;\">9<\/td>\n        <td style=\"padding: 10px;\">Expert user<\/td>\n        <td style=\"padding: 10px;\">The test taker has fully operational command of the language. Their use of English is appropriate, accurate and fluent, and shows complete understanding.<\/td>\n      <\/tr>\n      <tr style=\"background-color: #f9f9f9;\">\n        <td style=\"padding: 10px;\">8<\/td>\n        <td style=\"padding: 10px;\">Very good user<\/td>\n        <td style=\"padding: 10px;\">The test taker has fully operational command of the language with only occasional unsystematic inaccuracies and inappropriate usage. They may misunderstand some things in unfamiliar situations. They handle complex and detailed argumentation well.<\/td>\n      <\/tr>\n      <tr>\n        <td style=\"padding: 10px;\">7<\/td>\n        <td style=\"padding: 10px;\">Good user<\/td>\n        <td style=\"padding: 10px;\">The test taker has operational command of the language, though with occasional inaccuracies, inappropriate usage and misunderstandings in some situations. They generally handle complex language well and understand detailed reasoning.<\/td>\n      <\/tr>\n      <tr style=\"background-color: #f9f9f9;\">\n        <td style=\"padding: 10px;\">6<\/td>\n        <td style=\"padding: 10px;\">Competent user<\/td>\n        <td style=\"padding: 10px;\">The test taker has an effective command of the language despite some inaccuracies, inappropriate usage and misunderstandings. They can use and understand fairly complex language, particularly in familiar situations.<\/td>\n      <\/tr>\n      <tr>\n        <td style=\"padding: 10px;\">5<\/td>\n        <td style=\"padding: 10px;\">Modest user<\/td>\n        <td style=\"padding: 10px;\">The test taker has a partial command of the language and copes with overall meaning in most situations, although they are likely to make many mistakes. They should be able to handle basic communication in their own field.<\/td>\n      <\/tr>\n      <tr style=\"background-color: #f9f9f9;\">\n        <td style=\"padding: 10px;\">4<\/td>\n        <td style=\"padding: 10px;\">Limited user<\/td>\n        <td style=\"padding: 10px;\">The test taker\u2019s basic competence is limited to familiar situations. They frequently show problems in understanding and expression. They are not able to use complex language.<\/td>\n      <\/tr>\n      <tr>\n        <td style=\"padding: 10px;\">3<\/td>\n        <td style=\"padding: 10px;\">Extremely limited user<\/td>\n        <td style=\"padding: 10px;\">The test taker conveys and understands only general meaning in very familiar situations. There are frequent breakdowns in communication.<\/td>\n      <\/tr>\n      <tr style=\"background-color: #f9f9f9;\">\n        <td style=\"padding: 10px;\">2<\/td>\n        <td style=\"padding: 10px;\">Intermittent user<\/td>\n        <td style=\"padding: 10px;\">The test taker has great difficulty understanding spoken and written English.<\/td>\n      <\/tr>\n      <tr>\n        <td style=\"padding: 10px;\">1<\/td>\n        <td style=\"padding: 10px;\">Non-user<\/td>\n        <td style=\"padding: 10px;\">The test taker has no ability to use the language except a few isolated words.<\/td>\n      <\/tr>\n      <tr style=\"background-color: #f9f9f9;\">\n        <td style=\"padding: 10px;\">0<\/td>\n        <td style=\"padding: 10px;\">Did not attempt the test<\/td>\n        <td style=\"padding: 10px;\">The test taker did not answer the questions.<\/td>\n      <\/tr>\n    <\/tbody>\n  <\/table>\n<\/div>\n<\/div><\/div>\n","protected":false},"excerpt":{"rendered":"<p>IELTS scale IELTS results are reported as band scores on a scale from 1 (the lowest) to 9 (the highest). The IELTS Scale is as follows: Band Score Skill Level Description 9 Expert user The test taker has fully operational command of the language. Their use of English is appropriate, accurate and fluent, and shows&#8230;<\/p>\n","protected":false},"author":1,"featured_media":0,"parent":0,"menu_order":0,"comment_status":"closed","ping_status":"closed","template":"","meta":{"_kad_post_transparent":"","_kad_post_title":"","_kad_post_layout":"","_kad_post_sidebar_id":"","_kad_post_content_style":"","_kad_post_vertical_padding":"","_kad_post_feature":"","_kad_post_feature_position":"","_kad_post_header":false,"_kad_post_footer":false,"_kad_post_classname":"","footnotes":""},"folder":[48],"class_list":["post-3755","page","type-page","status-publish","hentry"],"yoast_head":"<!-- This site is optimized with the Yoast SEO plugin v27.3 - https:\/\/yoast.com\/product\/yoast-seo-wordpress\/ -->\n<title>IELTS - Skala Ocen, Punktacja i Oceny Testu | IELTS Polska<\/title>\n<meta name=\"description\" content=\"Zapoznaj si\u0119 ze skal\u0105 ocen egzaminu IELTS i dowiedz si\u0119, jaki jest Tw\u00f3j poziom umiej\u0119tno\u015bci. Por\u00f3wnaj swoje wyniki po ocenionym te\u015bcie ze skal\u0105 ocen IELTS.\" \/>\n<meta name=\"robots\" content=\"index, follow, max-snippet:-1, max-image-preview:large, max-video-preview:-1\" \/>\n<link rel=\"canonical\" href=\"https:\/\/ieltspolska.pl\/en\/ielts-scale\/\" \/>\n<meta property=\"og:locale\" content=\"en_US\" \/>\n<meta property=\"og:type\" content=\"article\" \/>\n<meta property=\"og:title\" content=\"IELTS - Skala Ocen, Punktacja i Oceny Testu | IELTS Polska\" \/>\n<meta property=\"og:description\" content=\"Zapoznaj si\u0119 ze skal\u0105 ocen egzaminu IELTS i dowiedz si\u0119, jaki jest Tw\u00f3j poziom umiej\u0119tno\u015bci. Por\u00f3wnaj swoje wyniki po ocenionym te\u015bcie ze skal\u0105 ocen IELTS.\" \/>\n<meta property=\"og:url\" content=\"https:\/\/ieltspolska.pl\/en\/ielts-scale\/\" \/>\n<meta property=\"og:site_name\" content=\"IELTS Polska\" \/>\n<meta property=\"article:modified_time\" content=\"2025-04-03T20:28:14+00:00\" \/>\n<meta name=\"twitter:card\" content=\"summary_large_image\" \/>\n<meta name=\"twitter:label1\" content=\"Est. reading time\" \/>\n\t<meta name=\"twitter:data1\" content=\"2 minutes\" \/>\n<script type=\"application\/ld+json\" class=\"yoast-schema-graph\">{\"@context\":\"https:\\\/\\\/schema.org\",\"@graph\":[{\"@type\":\"WebPage\",\"@id\":\"https:\\\/\\\/ieltspolska.pl\\\/en\\\/ielts-scale\\\/\",\"url\":\"https:\\\/\\\/ieltspolska.pl\\\/en\\\/ielts-scale\\\/\",\"name\":\"IELTS - Skala Ocen, Punktacja i Oceny Testu | IELTS Polska\",\"isPartOf\":{\"@id\":\"https:\\\/\\\/ieltspolska.pl\\\/en\\\/#website\"},\"datePublished\":\"2019-03-08T09:06:19+00:00\",\"dateModified\":\"2025-04-03T20:28:14+00:00\",\"description\":\"Zapoznaj si\u0119 ze skal\u0105 ocen egzaminu IELTS i dowiedz si\u0119, jaki jest Tw\u00f3j poziom umiej\u0119tno\u015bci. Por\u00f3wnaj swoje wyniki po ocenionym te\u015bcie ze skal\u0105 ocen IELTS.\",\"breadcrumb\":{\"@id\":\"https:\\\/\\\/ieltspolska.pl\\\/en\\\/ielts-scale\\\/#breadcrumb\"},\"inLanguage\":\"en-US\",\"potentialAction\":[{\"@type\":\"ReadAction\",\"target\":[\"https:\\\/\\\/ieltspolska.pl\\\/en\\\/ielts-scale\\\/\"]}]},{\"@type\":\"BreadcrumbList\",\"@id\":\"https:\\\/\\\/ieltspolska.pl\\\/en\\\/ielts-scale\\\/#breadcrumb\",\"itemListElement\":[{\"@type\":\"ListItem\",\"position\":1,\"name\":\"Strona g\u0142\u00f3wna\",\"item\":\"https:\\\/\\\/ieltspolska.pl\\\/en\\\/\"},{\"@type\":\"ListItem\",\"position\":2,\"name\":\"IELTS scale\"}]},{\"@type\":\"WebSite\",\"@id\":\"https:\\\/\\\/ieltspolska.pl\\\/en\\\/#website\",\"url\":\"https:\\\/\\\/ieltspolska.pl\\\/en\\\/\",\"name\":\"IELTS - test akceptowany na ca\u0142ym \u015bwiecie | IELTS Polska\",\"description\":\"IELTS\",\"publisher\":{\"@id\":\"https:\\\/\\\/ieltspolska.pl\\\/en\\\/#organization\"},\"potentialAction\":[{\"@type\":\"SearchAction\",\"target\":{\"@type\":\"EntryPoint\",\"urlTemplate\":\"https:\\\/\\\/ieltspolska.pl\\\/en\\\/?s={search_term_string}\"},\"query-input\":{\"@type\":\"PropertyValueSpecification\",\"valueRequired\":true,\"valueName\":\"search_term_string\"}}],\"inLanguage\":\"en-US\"},{\"@type\":\"Organization\",\"@id\":\"https:\\\/\\\/ieltspolska.pl\\\/en\\\/#organization\",\"name\":\"IELTS - test akceptowany na ca\u0142ym \u015bwiecie | IELTS Polska\",\"url\":\"https:\\\/\\\/ieltspolska.pl\\\/en\\\/\",\"logo\":{\"@type\":\"ImageObject\",\"inLanguage\":\"en-US\",\"@id\":\"https:\\\/\\\/ieltspolska.pl\\\/en\\\/#\\\/schema\\\/logo\\\/image\\\/\",\"url\":\"https:\\\/\\\/ieltspolska.pl\\\/wp-content\\\/uploads\\\/2019\\\/03\\\/ielst.png\",\"contentUrl\":\"https:\\\/\\\/ieltspolska.pl\\\/wp-content\\\/uploads\\\/2019\\\/03\\\/ielst.png\",\"width\":210,\"height\":76,\"caption\":\"IELTS - test akceptowany na ca\u0142ym \u015bwiecie | IELTS Polska\"},\"image\":{\"@id\":\"https:\\\/\\\/ieltspolska.pl\\\/en\\\/#\\\/schema\\\/logo\\\/image\\\/\"}}]}<\/script>\n<!-- \/ Yoast SEO plugin. -->","yoast_head_json":{"title":"IELTS - Skala Ocen, Punktacja i Oceny Testu | IELTS Polska","description":"Zapoznaj si\u0119 ze skal\u0105 ocen egzaminu IELTS i dowiedz si\u0119, jaki jest Tw\u00f3j poziom umiej\u0119tno\u015bci. Por\u00f3wnaj swoje wyniki po ocenionym te\u015bcie ze skal\u0105 ocen IELTS.","robots":{"index":"index","follow":"follow","max-snippet":"max-snippet:-1","max-image-preview":"max-image-preview:large","max-video-preview":"max-video-preview:-1"},"canonical":"https:\/\/ieltspolska.pl\/en\/ielts-scale\/","og_locale":"en_US","og_type":"article","og_title":"IELTS - Skala Ocen, Punktacja i Oceny Testu | IELTS Polska","og_description":"Zapoznaj si\u0119 ze skal\u0105 ocen egzaminu IELTS i dowiedz si\u0119, jaki jest Tw\u00f3j poziom umiej\u0119tno\u015bci. Por\u00f3wnaj swoje wyniki po ocenionym te\u015bcie ze skal\u0105 ocen IELTS.","og_url":"https:\/\/ieltspolska.pl\/en\/ielts-scale\/","og_site_name":"IELTS Polska","article_modified_time":"2025-04-03T20:28:14+00:00","twitter_card":"summary_large_image","twitter_misc":{"Est. reading time":"2 minutes"},"schema":{"@context":"https:\/\/schema.org","@graph":[{"@type":"WebPage","@id":"https:\/\/ieltspolska.pl\/en\/ielts-scale\/","url":"https:\/\/ieltspolska.pl\/en\/ielts-scale\/","name":"IELTS - Skala Ocen, Punktacja i Oceny Testu | IELTS Polska","isPartOf":{"@id":"https:\/\/ieltspolska.pl\/en\/#website"},"datePublished":"2019-03-08T09:06:19+00:00","dateModified":"2025-04-03T20:28:14+00:00","description":"Zapoznaj si\u0119 ze skal\u0105 ocen egzaminu IELTS i dowiedz si\u0119, jaki jest Tw\u00f3j poziom umiej\u0119tno\u015bci. Por\u00f3wnaj swoje wyniki po ocenionym te\u015bcie ze skal\u0105 ocen IELTS.","breadcrumb":{"@id":"https:\/\/ieltspolska.pl\/en\/ielts-scale\/#breadcrumb"},"inLanguage":"en-US","potentialAction":[{"@type":"ReadAction","target":["https:\/\/ieltspolska.pl\/en\/ielts-scale\/"]}]},{"@type":"BreadcrumbList","@id":"https:\/\/ieltspolska.pl\/en\/ielts-scale\/#breadcrumb","itemListElement":[{"@type":"ListItem","position":1,"name":"Strona g\u0142\u00f3wna","item":"https:\/\/ieltspolska.pl\/en\/"},{"@type":"ListItem","position":2,"name":"IELTS scale"}]},{"@type":"WebSite","@id":"https:\/\/ieltspolska.pl\/en\/#website","url":"https:\/\/ieltspolska.pl\/en\/","name":"IELTS - test akceptowany na ca\u0142ym \u015bwiecie | IELTS Polska","description":"IELTS","publisher":{"@id":"https:\/\/ieltspolska.pl\/en\/#organization"},"potentialAction":[{"@type":"SearchAction","target":{"@type":"EntryPoint","urlTemplate":"https:\/\/ieltspolska.pl\/en\/?s={search_term_string}"},"query-input":{"@type":"PropertyValueSpecification","valueRequired":true,"valueName":"search_term_string"}}],"inLanguage":"en-US"},{"@type":"Organization","@id":"https:\/\/ieltspolska.pl\/en\/#organization","name":"IELTS - test akceptowany na ca\u0142ym \u015bwiecie | IELTS Polska","url":"https:\/\/ieltspolska.pl\/en\/","logo":{"@type":"ImageObject","inLanguage":"en-US","@id":"https:\/\/ieltspolska.pl\/en\/#\/schema\/logo\/image\/","url":"https:\/\/ieltspolska.pl\/wp-content\/uploads\/2019\/03\/ielst.png","contentUrl":"https:\/\/ieltspolska.pl\/wp-content\/uploads\/2019\/03\/ielst.png","width":210,"height":76,"caption":"IELTS - test akceptowany na ca\u0142ym \u015bwiecie | IELTS Polska"},"image":{"@id":"https:\/\/ieltspolska.pl\/en\/#\/schema\/logo\/image\/"}}]}},"_links":{"self":[{"href":"https:\/\/ieltspolska.pl\/en\/wp-json\/wp\/v2\/pages\/3755","targetHints":{"allow":["GET"]}}],"collection":[{"href":"https:\/\/ieltspolska.pl\/en\/wp-json\/wp\/v2\/pages"}],"about":[{"href":"https:\/\/ieltspolska.pl\/en\/wp-json\/wp\/v2\/types\/page"}],"author":[{"embeddable":true,"href":"https:\/\/ieltspolska.pl\/en\/wp-json\/wp\/v2\/users\/1"}],"replies":[{"embeddable":true,"href":"https:\/\/ieltspolska.pl\/en\/wp-json\/wp\/v2\/comments?post=3755"}],"version-history":[{"count":2,"href":"https:\/\/ieltspolska.pl\/en\/wp-json\/wp\/v2\/pages\/3755\/revisions"}],"predecessor-version":[{"id":3758,"href":"https:\/\/ieltspolska.pl\/en\/wp-json\/wp\/v2\/pages\/3755\/revisions\/3758"}],"wp:attachment":[{"href":"https:\/\/ieltspolska.pl\/en\/wp-json\/wp\/v2\/media?parent=3755"}],"wp:term":[{"taxonomy":"folder","embeddable":true,"href":"https:\/\/ieltspolska.pl\/en\/wp-json\/wp\/v2\/folder?post=3755"}],"curies":[{"name":"wp","href":"https:\/\/api.w.org\/{rel}","templated":true}]}}