{"id":3773,"date":"2020-03-29T13:43:26","date_gmt":"2020-03-29T13:43:26","guid":{"rendered":"https:\/\/ieltspolska.pl\/ielts-speaking-mock-2\/"},"modified":"2025-04-03T20:50:46","modified_gmt":"2025-04-03T20:50:46","slug":"ielts-speaking-mock","status":"publish","type":"page","link":"https:\/\/ieltspolska.pl\/en\/ielts-speaking-mock\/","title":{"rendered":"IELTS Speaking Live\u00a0Practice"},"content":{"rendered":"<style>.wp-block-kadence-advancedheading.kt-adv-heading3773_5e9964-7c, .wp-block-kadence-advancedheading.kt-adv-heading3773_5e9964-7c[data-kb-block=\"kb-adv-heading3773_5e9964-7c\"]{padding-top:var(--global-kb-spacing-xl, 4rem);padding-bottom:var(--global-kb-spacing-xxs, 0.5rem);text-align:center;font-size:var(--global-kb-font-size-lg, 2rem);font-weight:400;font-style:normal;font-family:Poppins;}.wp-block-kadence-advancedheading.kt-adv-heading3773_5e9964-7c mark.kt-highlight, .wp-block-kadence-advancedheading.kt-adv-heading3773_5e9964-7c[data-kb-block=\"kb-adv-heading3773_5e9964-7c\"] mark.kt-highlight{font-style:normal;color:#f76a0c;-webkit-box-decoration-break:clone;box-decoration-break:clone;padding-top:0px;padding-right:0px;padding-bottom:0px;padding-left:0px;}.wp-block-kadence-advancedheading.kt-adv-heading3773_5e9964-7c img.kb-inline-image, .wp-block-kadence-advancedheading.kt-adv-heading3773_5e9964-7c[data-kb-block=\"kb-adv-heading3773_5e9964-7c\"] img.kb-inline-image{width:150px;vertical-align:baseline;}<\/style>\n<h2 class=\"kt-adv-heading3773_5e9964-7c wp-block-kadence-advancedheading has-theme-palette-2-color has-text-color\" data-kb-block=\"kb-adv-heading3773_5e9964-7c\"><strong>IELTS Speaking Live Practice<\/strong><\/h2>\n\n\n<style>.kadence-column3773_8eafa8-6a{max-width:70%;margin-left:auto;margin-right:auto;}.wp-block-kadence-column.kb-section-dir-horizontal:not(.kb-section-md-dir-vertical)>.kt-inside-inner-col>.kadence-column3773_8eafa8-6a{-webkit-flex:0 1 70%;flex:0 1 70%;max-width:unset;margin-left:unset;margin-right:unset;}.kadence-column3773_8eafa8-6a > .kt-inside-inner-col{padding-top:var(--global-kb-spacing-lg, 3rem);padding-right:var(--global-kb-spacing-xxl, 5rem);padding-bottom:var(--global-kb-spacing-lg, 3rem);padding-left:var(--global-kb-spacing-xxl, 5rem);}.kadence-column3773_8eafa8-6a > .kt-inside-inner-col{box-shadow:0px 0px 14px 0px rgba(0, 0, 0, 0.2);}.kadence-column3773_8eafa8-6a > .kt-inside-inner-col,.kadence-column3773_8eafa8-6a > .kt-inside-inner-col:before{border-top-left-radius:15px;border-top-right-radius:15px;border-bottom-right-radius:15px;border-bottom-left-radius:15px;}.kadence-column3773_8eafa8-6a > .kt-inside-inner-col{column-gap:var(--global-kb-gap-sm, 1rem);}.kadence-column3773_8eafa8-6a > .kt-inside-inner-col{flex-direction:column;}.kadence-column3773_8eafa8-6a > .kt-inside-inner-col > .aligncenter{width:100%;}.kadence-column3773_8eafa8-6a > .kt-inside-inner-col{background-color:var(--global-palette9, #ffffff);}.kadence-column3773_8eafa8-6a > .kt-inside-inner-col:before{opacity:0.3;}.kadence-column3773_8eafa8-6a{position:relative;}@media all and (min-width: 1025px){.wp-block-kadence-column.kb-section-dir-horizontal>.kt-inside-inner-col>.kadence-column3773_8eafa8-6a{-webkit-flex:0 1 70%;flex:0 1 70%;max-width:unset;margin-left:unset;margin-right:unset;}}@media all and (max-width: 1024px){.kadence-column3773_8eafa8-6a > .kt-inside-inner-col{flex-direction:column;justify-content:center;}}@media all and (max-width: 767px){.kadence-column3773_8eafa8-6a > .kt-inside-inner-col{display:flex;padding-right:var(--global-kb-spacing-xxs, 0.5rem);padding-left:var(--global-kb-spacing-xxs, 0.5rem);row-gap:var(--global-kb-gap-none, 0rem );flex-direction:column;justify-content:center;align-items:center;}.kadence-column3773_8eafa8-6a{max-width:90%;margin-left:auto;margin-right:auto;text-align:left;}.wp-block-kadence-column.kb-section-sm-dir-vertical:not(.kb-section-sm-dir-horizontal):not(.kb-section-sm-dir-specificity)>.kt-inside-inner-col>.kadence-column3773_8eafa8-6a{-webkit-flex:0 1 90%;flex:0 1 90%;}.wp-block-kadence-column>.kt-inside-inner-col>.kadence-column3773_8eafa8-6a{-webkit-flex:1 90%;flex:1 90%;}.wp-block-kadence-column.kb-section-sm-dir-horizontal>.kt-inside-inner-col>.kadence-column3773_8eafa8-6a, .wp-block-kadence-column.kb-section-dir-horizontal:not(.kb-section-sm-dir-vertical):not(.kb-section-md-dir-vertical) >.kt-inside-inner-col>.kadence-column3773_8eafa8-6a{-webkit-flex:0 1 90%;flex:0 1 90%;max-width:unset;margin-left:unset;margin-right:unset;}.kadence-column3773_8eafa8-6a, .kt-inside-inner-col > .kadence-column3773_8eafa8-6a:not(.specificity){margin-right:var(--global-kb-spacing-xxs, 0.5rem);margin-left:var(--global-kb-spacing-xxs, 0.5rem);}}<\/style>\n<div class=\"wp-block-kadence-column kadence-column3773_8eafa8-6a\"><div class=\"kt-inside-inner-col\">\n<p>Get familiar with IELTS SPEAKING section. Book an online&nbsp;<strong>LIVE<\/strong>&nbsp;mock session with an experienced IELTS teacher. and get the confidence you need for your test day.<\/p>\n\n\n\n<p><strong>IELTS SPEAKING LIVE PRACTICE is a real-time, online session conducted by an experienced teacher specializing in IELTS preparation. The aim of IELTS SPEAKING LIVE PRACTICE is to:<\/strong><\/p>\n\n\n\n<ul class=\"wp-block-list\">\n<li>familiarize with test format<\/li>\n\n\n\n<li>provide useful tips on how to perform well<\/li>\n\n\n\n<li>provide feedback on performance<\/li>\n\n\n\n<li>give recommendation for further improvement<\/li>\n\n\n\n<li>boost confidence before the exam<\/li>\n<\/ul>\n\n\n\n<p><strong>Book your IELTS SPEAKING LIVE PRACTICE now and receive:<\/strong><\/p>\n\n\n\n<ul class=\"wp-block-list\">\n<li><strong>IELTS Speaking Test Guide\u00a0<\/strong>including test overview, task types and tips on how to perform well<\/li>\n\n\n\n<li><strong>IELTS Speaking Feedback Report\u00a0<\/strong>including your current level, detailed feedback on how well you performed in each part plus suggestions for further study and improvement<\/li>\n\n\n\n<li><strong>access to the recording\u00a0<\/strong>of your test allowing you to refer to it and get more from the feedback<\/li>\n<\/ul>\n\n\n\n<p><strong>COST: 130 PLN or 30 EUR<\/strong><\/p>\n\n\n\n<p><strong>Contact<\/strong>:&nbsp;<a href=\"mailto:ielts.speaking.mock@lang.com.pl\">ielts.speaking.mock@lang.com.pl<\/a><\/p>\n<\/div><\/div>\n","protected":false},"excerpt":{"rendered":"<p>IELTS Speaking Live Practice Get familiar with IELTS SPEAKING section. Book an online&nbsp;LIVE&nbsp;mock session with an experienced IELTS teacher. and get the confidence you need for your test day. IELTS SPEAKING LIVE PRACTICE is a real-time, online session conducted by an experienced teacher specializing in IELTS preparation. The aim of IELTS SPEAKING LIVE PRACTICE is&#8230;<\/p>\n","protected":false},"author":1,"featured_media":0,"parent":0,"menu_order":0,"comment_status":"closed","ping_status":"closed","template":"","meta":{"_kad_post_transparent":"","_kad_post_title":"","_kad_post_layout":"","_kad_post_sidebar_id":"","_kad_post_content_style":"","_kad_post_vertical_padding":"","_kad_post_feature":"","_kad_post_feature_position":"","_kad_post_header":false,"_kad_post_footer":false,"_kad_post_classname":"","footnotes":""},"folder":[48],"class_list":["post-3773","page","type-page","status-publish","hentry"],"yoast_head":"<!-- This site is optimized with the Yoast SEO plugin v27.3 - https:\/\/yoast.com\/product\/yoast-seo-wordpress\/ -->\n<title>IELTS Speaking Practice - Lekcja na \u017bywo | IELTS Polska<\/title>\n<meta name=\"description\" content=\"Zapoznaj si\u0119 szczeg\u00f3\u0142owo z ustn\u0105 cz\u0119\u015bci\u0105 IELTS, zarejestruj si\u0119 na IELTS Speaking Practice - lekcja prowadzona na \u017cywo przez specjalist\u0119 IELTS.\" \/>\n<meta name=\"robots\" content=\"index, follow, max-snippet:-1, max-image-preview:large, max-video-preview:-1\" \/>\n<link rel=\"canonical\" href=\"https:\/\/ieltspolska.pl\/en\/ielts-speaking-mock\/\" \/>\n<meta property=\"og:locale\" content=\"en_US\" \/>\n<meta property=\"og:type\" content=\"article\" \/>\n<meta property=\"og:title\" content=\"IELTS Speaking Practice - Lekcja na \u017bywo | IELTS Polska\" \/>\n<meta property=\"og:description\" content=\"Zapoznaj si\u0119 szczeg\u00f3\u0142owo z ustn\u0105 cz\u0119\u015bci\u0105 IELTS, zarejestruj si\u0119 na IELTS Speaking Practice - lekcja prowadzona na \u017cywo przez specjalist\u0119 IELTS.\" \/>\n<meta property=\"og:url\" content=\"https:\/\/ieltspolska.pl\/en\/ielts-speaking-mock\/\" \/>\n<meta property=\"og:site_name\" content=\"IELTS Polska\" \/>\n<meta property=\"article:modified_time\" content=\"2025-04-03T20:50:46+00:00\" \/>\n<meta name=\"twitter:card\" content=\"summary_large_image\" \/>\n<meta name=\"twitter:label1\" content=\"Est. reading time\" \/>\n\t<meta name=\"twitter:data1\" content=\"1 minute\" \/>\n<script type=\"application\/ld+json\" class=\"yoast-schema-graph\">{\"@context\":\"https:\\\/\\\/schema.org\",\"@graph\":[{\"@type\":\"WebPage\",\"@id\":\"https:\\\/\\\/ieltspolska.pl\\\/en\\\/ielts-speaking-mock\\\/\",\"url\":\"https:\\\/\\\/ieltspolska.pl\\\/en\\\/ielts-speaking-mock\\\/\",\"name\":\"IELTS Speaking Practice - Lekcja na \u017bywo | IELTS Polska\",\"isPartOf\":{\"@id\":\"https:\\\/\\\/ieltspolska.pl\\\/en\\\/#website\"},\"datePublished\":\"2020-03-29T13:43:26+00:00\",\"dateModified\":\"2025-04-03T20:50:46+00:00\",\"description\":\"Zapoznaj si\u0119 szczeg\u00f3\u0142owo z ustn\u0105 cz\u0119\u015bci\u0105 IELTS, zarejestruj si\u0119 na IELTS Speaking Practice - lekcja prowadzona na \u017cywo przez specjalist\u0119 IELTS.\",\"breadcrumb\":{\"@id\":\"https:\\\/\\\/ieltspolska.pl\\\/en\\\/ielts-speaking-mock\\\/#breadcrumb\"},\"inLanguage\":\"en-US\",\"potentialAction\":[{\"@type\":\"ReadAction\",\"target\":[\"https:\\\/\\\/ieltspolska.pl\\\/en\\\/ielts-speaking-mock\\\/\"]}]},{\"@type\":\"BreadcrumbList\",\"@id\":\"https:\\\/\\\/ieltspolska.pl\\\/en\\\/ielts-speaking-mock\\\/#breadcrumb\",\"itemListElement\":[{\"@type\":\"ListItem\",\"position\":1,\"name\":\"Strona g\u0142\u00f3wna\",\"item\":\"https:\\\/\\\/ieltspolska.pl\\\/en\\\/\"},{\"@type\":\"ListItem\",\"position\":2,\"name\":\"IELTS Speaking Live\u00a0Practice\"}]},{\"@type\":\"WebSite\",\"@id\":\"https:\\\/\\\/ieltspolska.pl\\\/en\\\/#website\",\"url\":\"https:\\\/\\\/ieltspolska.pl\\\/en\\\/\",\"name\":\"IELTS - test akceptowany na ca\u0142ym \u015bwiecie | IELTS Polska\",\"description\":\"IELTS\",\"publisher\":{\"@id\":\"https:\\\/\\\/ieltspolska.pl\\\/en\\\/#organization\"},\"potentialAction\":[{\"@type\":\"SearchAction\",\"target\":{\"@type\":\"EntryPoint\",\"urlTemplate\":\"https:\\\/\\\/ieltspolska.pl\\\/en\\\/?s={search_term_string}\"},\"query-input\":{\"@type\":\"PropertyValueSpecification\",\"valueRequired\":true,\"valueName\":\"search_term_string\"}}],\"inLanguage\":\"en-US\"},{\"@type\":\"Organization\",\"@id\":\"https:\\\/\\\/ieltspolska.pl\\\/en\\\/#organization\",\"name\":\"IELTS - test akceptowany na ca\u0142ym \u015bwiecie | IELTS Polska\",\"url\":\"https:\\\/\\\/ieltspolska.pl\\\/en\\\/\",\"logo\":{\"@type\":\"ImageObject\",\"inLanguage\":\"en-US\",\"@id\":\"https:\\\/\\\/ieltspolska.pl\\\/en\\\/#\\\/schema\\\/logo\\\/image\\\/\",\"url\":\"https:\\\/\\\/ieltspolska.pl\\\/wp-content\\\/uploads\\\/2019\\\/03\\\/ielst.png\",\"contentUrl\":\"https:\\\/\\\/ieltspolska.pl\\\/wp-content\\\/uploads\\\/2019\\\/03\\\/ielst.png\",\"width\":210,\"height\":76,\"caption\":\"IELTS - test akceptowany na ca\u0142ym \u015bwiecie | IELTS Polska\"},\"image\":{\"@id\":\"https:\\\/\\\/ieltspolska.pl\\\/en\\\/#\\\/schema\\\/logo\\\/image\\\/\"}}]}<\/script>\n<!-- \/ Yoast SEO plugin. -->","yoast_head_json":{"title":"IELTS Speaking Practice - Lekcja na \u017bywo | IELTS Polska","description":"Zapoznaj si\u0119 szczeg\u00f3\u0142owo z ustn\u0105 cz\u0119\u015bci\u0105 IELTS, zarejestruj si\u0119 na IELTS Speaking Practice - lekcja prowadzona na \u017cywo przez specjalist\u0119 IELTS.","robots":{"index":"index","follow":"follow","max-snippet":"max-snippet:-1","max-image-preview":"max-image-preview:large","max-video-preview":"max-video-preview:-1"},"canonical":"https:\/\/ieltspolska.pl\/en\/ielts-speaking-mock\/","og_locale":"en_US","og_type":"article","og_title":"IELTS Speaking Practice - Lekcja na \u017bywo | IELTS Polska","og_description":"Zapoznaj si\u0119 szczeg\u00f3\u0142owo z ustn\u0105 cz\u0119\u015bci\u0105 IELTS, zarejestruj si\u0119 na IELTS Speaking Practice - lekcja prowadzona na \u017cywo przez specjalist\u0119 IELTS.","og_url":"https:\/\/ieltspolska.pl\/en\/ielts-speaking-mock\/","og_site_name":"IELTS Polska","article_modified_time":"2025-04-03T20:50:46+00:00","twitter_card":"summary_large_image","twitter_misc":{"Est. reading time":"1 minute"},"schema":{"@context":"https:\/\/schema.org","@graph":[{"@type":"WebPage","@id":"https:\/\/ieltspolska.pl\/en\/ielts-speaking-mock\/","url":"https:\/\/ieltspolska.pl\/en\/ielts-speaking-mock\/","name":"IELTS Speaking Practice - Lekcja na \u017bywo | IELTS Polska","isPartOf":{"@id":"https:\/\/ieltspolska.pl\/en\/#website"},"datePublished":"2020-03-29T13:43:26+00:00","dateModified":"2025-04-03T20:50:46+00:00","description":"Zapoznaj si\u0119 szczeg\u00f3\u0142owo z ustn\u0105 cz\u0119\u015bci\u0105 IELTS, zarejestruj si\u0119 na IELTS Speaking Practice - lekcja prowadzona na \u017cywo przez specjalist\u0119 IELTS.","breadcrumb":{"@id":"https:\/\/ieltspolska.pl\/en\/ielts-speaking-mock\/#breadcrumb"},"inLanguage":"en-US","potentialAction":[{"@type":"ReadAction","target":["https:\/\/ieltspolska.pl\/en\/ielts-speaking-mock\/"]}]},{"@type":"BreadcrumbList","@id":"https:\/\/ieltspolska.pl\/en\/ielts-speaking-mock\/#breadcrumb","itemListElement":[{"@type":"ListItem","position":1,"name":"Strona g\u0142\u00f3wna","item":"https:\/\/ieltspolska.pl\/en\/"},{"@type":"ListItem","position":2,"name":"IELTS Speaking Live\u00a0Practice"}]},{"@type":"WebSite","@id":"https:\/\/ieltspolska.pl\/en\/#website","url":"https:\/\/ieltspolska.pl\/en\/","name":"IELTS - test akceptowany na ca\u0142ym \u015bwiecie | IELTS Polska","description":"IELTS","publisher":{"@id":"https:\/\/ieltspolska.pl\/en\/#organization"},"potentialAction":[{"@type":"SearchAction","target":{"@type":"EntryPoint","urlTemplate":"https:\/\/ieltspolska.pl\/en\/?s={search_term_string}"},"query-input":{"@type":"PropertyValueSpecification","valueRequired":true,"valueName":"search_term_string"}}],"inLanguage":"en-US"},{"@type":"Organization","@id":"https:\/\/ieltspolska.pl\/en\/#organization","name":"IELTS - test akceptowany na ca\u0142ym \u015bwiecie | IELTS Polska","url":"https:\/\/ieltspolska.pl\/en\/","logo":{"@type":"ImageObject","inLanguage":"en-US","@id":"https:\/\/ieltspolska.pl\/en\/#\/schema\/logo\/image\/","url":"https:\/\/ieltspolska.pl\/wp-content\/uploads\/2019\/03\/ielst.png","contentUrl":"https:\/\/ieltspolska.pl\/wp-content\/uploads\/2019\/03\/ielst.png","width":210,"height":76,"caption":"IELTS - test akceptowany na ca\u0142ym \u015bwiecie | IELTS Polska"},"image":{"@id":"https:\/\/ieltspolska.pl\/en\/#\/schema\/logo\/image\/"}}]}},"_links":{"self":[{"href":"https:\/\/ieltspolska.pl\/en\/wp-json\/wp\/v2\/pages\/3773","targetHints":{"allow":["GET"]}}],"collection":[{"href":"https:\/\/ieltspolska.pl\/en\/wp-json\/wp\/v2\/pages"}],"about":[{"href":"https:\/\/ieltspolska.pl\/en\/wp-json\/wp\/v2\/types\/page"}],"author":[{"embeddable":true,"href":"https:\/\/ieltspolska.pl\/en\/wp-json\/wp\/v2\/users\/1"}],"replies":[{"embeddable":true,"href":"https:\/\/ieltspolska.pl\/en\/wp-json\/wp\/v2\/comments?post=3773"}],"version-history":[{"count":2,"href":"https:\/\/ieltspolska.pl\/en\/wp-json\/wp\/v2\/pages\/3773\/revisions"}],"predecessor-version":[{"id":3776,"href":"https:\/\/ieltspolska.pl\/en\/wp-json\/wp\/v2\/pages\/3773\/revisions\/3776"}],"wp:attachment":[{"href":"https:\/\/ieltspolska.pl\/en\/wp-json\/wp\/v2\/media?parent=3773"}],"wp:term":[{"taxonomy":"folder","embeddable":true,"href":"https:\/\/ieltspolska.pl\/en\/wp-json\/wp\/v2\/folder?post=3773"}],"curies":[{"name":"wp","href":"https:\/\/api.w.org\/{rel}","templated":true}]}}