{"id":3798,"date":"2019-05-16T10:23:39","date_gmt":"2019-05-16T10:23:39","guid":{"rendered":"https:\/\/ieltspolska.pl\/kursy-przygotowujace-do-ielts\/"},"modified":"2025-04-03T21:29:13","modified_gmt":"2025-04-03T21:29:13","slug":"ielts-preparation-courses","status":"publish","type":"page","link":"https:\/\/ieltspolska.pl\/en\/ielts-preparation-courses\/","title":{"rendered":"IELTS Preparation Courses"},"content":{"rendered":"<style>.wp-block-kadence-advancedheading.kt-adv-heading3798_d400fb-e9, .wp-block-kadence-advancedheading.kt-adv-heading3798_d400fb-e9[data-kb-block=\"kb-adv-heading3798_d400fb-e9\"]{padding-top:var(--global-kb-spacing-xl, 4rem);padding-bottom:var(--global-kb-spacing-xxs, 0.5rem);text-align:center;font-size:var(--global-kb-font-size-lg, 2rem);font-weight:400;font-style:normal;font-family:Poppins;}.wp-block-kadence-advancedheading.kt-adv-heading3798_d400fb-e9 mark.kt-highlight, .wp-block-kadence-advancedheading.kt-adv-heading3798_d400fb-e9[data-kb-block=\"kb-adv-heading3798_d400fb-e9\"] mark.kt-highlight{font-style:normal;color:#f76a0c;-webkit-box-decoration-break:clone;box-decoration-break:clone;padding-top:0px;padding-right:0px;padding-bottom:0px;padding-left:0px;}.wp-block-kadence-advancedheading.kt-adv-heading3798_d400fb-e9 img.kb-inline-image, .wp-block-kadence-advancedheading.kt-adv-heading3798_d400fb-e9[data-kb-block=\"kb-adv-heading3798_d400fb-e9\"] img.kb-inline-image{width:150px;vertical-align:baseline;}<\/style>\n<h2 class=\"kt-adv-heading3798_d400fb-e9 wp-block-kadence-advancedheading has-theme-palette-2-color has-text-color\" data-kb-block=\"kb-adv-heading3798_d400fb-e9\"><strong>IELTS preparation courses with LANG LTC<\/strong><\/h2>\n\n\n<style>.kadence-column3798_9e280e-f2{max-width:70%;margin-left:auto;margin-right:auto;}.wp-block-kadence-column.kb-section-dir-horizontal:not(.kb-section-md-dir-vertical)>.kt-inside-inner-col>.kadence-column3798_9e280e-f2{-webkit-flex:0 1 70%;flex:0 1 70%;max-width:unset;margin-left:unset;margin-right:unset;}.kadence-column3798_9e280e-f2 > .kt-inside-inner-col{padding-top:var(--global-kb-spacing-lg, 3rem);padding-right:var(--global-kb-spacing-xxl, 5rem);padding-bottom:var(--global-kb-spacing-lg, 3rem);padding-left:var(--global-kb-spacing-xxl, 5rem);}.kadence-column3798_9e280e-f2 > .kt-inside-inner-col{box-shadow:0px 0px 14px 0px rgba(0, 0, 0, 0.2);}.kadence-column3798_9e280e-f2 > .kt-inside-inner-col,.kadence-column3798_9e280e-f2 > .kt-inside-inner-col:before{border-top-left-radius:15px;border-top-right-radius:15px;border-bottom-right-radius:15px;border-bottom-left-radius:15px;}.kadence-column3798_9e280e-f2 > .kt-inside-inner-col{column-gap:var(--global-kb-gap-sm, 1rem);}.kadence-column3798_9e280e-f2 > .kt-inside-inner-col{flex-direction:column;}.kadence-column3798_9e280e-f2 > .kt-inside-inner-col > .aligncenter{width:100%;}.kadence-column3798_9e280e-f2 > .kt-inside-inner-col{background-color:var(--global-palette9, #ffffff);}.kadence-column3798_9e280e-f2 > .kt-inside-inner-col:before{opacity:0.3;}.kadence-column3798_9e280e-f2{position:relative;}@media all and (min-width: 1025px){.wp-block-kadence-column.kb-section-dir-horizontal>.kt-inside-inner-col>.kadence-column3798_9e280e-f2{-webkit-flex:0 1 70%;flex:0 1 70%;max-width:unset;margin-left:unset;margin-right:unset;}}@media all and (max-width: 1024px){.kadence-column3798_9e280e-f2 > .kt-inside-inner-col{flex-direction:column;justify-content:center;}}@media all and (max-width: 767px){.kadence-column3798_9e280e-f2 > .kt-inside-inner-col{display:flex;padding-right:var(--global-kb-spacing-xxs, 0.5rem);padding-left:var(--global-kb-spacing-xxs, 0.5rem);row-gap:var(--global-kb-gap-none, 0rem );flex-direction:column;justify-content:center;align-items:center;}.kadence-column3798_9e280e-f2{max-width:90%;margin-left:auto;margin-right:auto;text-align:left;}.wp-block-kadence-column.kb-section-sm-dir-vertical:not(.kb-section-sm-dir-horizontal):not(.kb-section-sm-dir-specificity)>.kt-inside-inner-col>.kadence-column3798_9e280e-f2{-webkit-flex:0 1 90%;flex:0 1 90%;}.wp-block-kadence-column>.kt-inside-inner-col>.kadence-column3798_9e280e-f2{-webkit-flex:1 90%;flex:1 90%;}.wp-block-kadence-column.kb-section-sm-dir-horizontal>.kt-inside-inner-col>.kadence-column3798_9e280e-f2, .wp-block-kadence-column.kb-section-dir-horizontal:not(.kb-section-sm-dir-vertical):not(.kb-section-md-dir-vertical) >.kt-inside-inner-col>.kadence-column3798_9e280e-f2{-webkit-flex:0 1 90%;flex:0 1 90%;max-width:unset;margin-left:unset;margin-right:unset;}.kadence-column3798_9e280e-f2, .kt-inside-inner-col > .kadence-column3798_9e280e-f2:not(.specificity){margin-right:var(--global-kb-spacing-xxs, 0.5rem);margin-left:var(--global-kb-spacing-xxs, 0.5rem);}}<\/style>\n<div class=\"wp-block-kadence-column kadence-column3798_9e280e-f2\"><div class=\"kt-inside-inner-col\">\n<h5 class=\"wp-block-heading\"><strong>IELTS EXPRESS \u2013 One-to-one online&nbsp;<\/strong><strong>classes<\/strong><\/h5>\n\n\n\n<p>Preparation for the exam. Take 3 steps to success: set goals with the teacher, carry out a jointly agreed program, summarize progress in the final test.<\/p>\n\n\n\n<p>Do you have any questions? Write to us:&nbsp;<a href=\"mailto:kursy@lang.com.pl\">kursy@lang.com.pl<\/a><\/p>\n\n\n\n<p><a href=\"https:\/\/online.lang.com.pl\/chce-sie-przygotowac-do-egzaminu\/\"><strong>SIGN UP NOW<\/strong><\/a><\/p>\n\n\n\n<figure class=\"wp-block-image is-resized\"><img decoding=\"async\" src=\"https:\/\/ieltspolska.pl\/wp-content\/uploads\/2021\/03\/101L0211_RT.jpg\" alt=\"\" style=\"width:743px;height:auto\" title=\"101L0211_RT\"\/><\/figure>\n\n\n\n<h5 class=\"wp-block-heading\">IELTS EXPRESS- one-to-one classes face to face<\/h5>\n\n\n\n<p>One-to-one classes, face to face in LANG LTC school \u2013 at any time, with any intensity. Do you need to prepare fast for IELTS?<\/p>\n\n\n\n<p>Order a course with LANG LTC language school teacher specializing in preparation for IELTS. Choose the optimal package for you and decide what skills you want to practice.<\/p>\n\n\n\n<p>Do you have any questions? Write to us:&nbsp;<a href=\"mailto:kursy@lang.com.pl\">kursy@lang.com.pl<\/a><\/p>\n\n\n\n<figure class=\"wp-block-image\"><img decoding=\"async\" src=\"https:\/\/ieltspolska.pl\/wp-content\/uploads\/2019\/02\/1-7.jpg\" alt=\"\" title=\"1\"\/><\/figure>\n\n\n\n<h5 class=\"wp-block-heading\">GROUP FACE TO FACE CLASSES<\/h5>\n\n\n\n<p>Small group classes in LANG LTC school. Prepare for the IELTS test with us to make sure you get the required result.<\/p>\n\n\n\n<p>Do you have any question? Write to us:&nbsp;<a href=\"mailto:kursy@lang.com.pl\">kursy@lang.com.pl<\/a><\/p>\n<\/div><\/div>\n","protected":false},"excerpt":{"rendered":"<p>IELTS preparation courses with LANG LTC IELTS EXPRESS \u2013 One-to-one online&nbsp;classes Preparation for the exam. Take 3 steps to success: set goals with the teacher, carry out a jointly agreed program, summarize progress in the final test. Do you have any questions? Write to us:&nbsp;kursy@lang.com.pl SIGN UP NOW IELTS EXPRESS- one-to-one classes face to face&#8230;<\/p>\n","protected":false},"author":1,"featured_media":0,"parent":0,"menu_order":0,"comment_status":"closed","ping_status":"closed","template":"","meta":{"_kad_post_transparent":"","_kad_post_title":"","_kad_post_layout":"","_kad_post_sidebar_id":"","_kad_post_content_style":"","_kad_post_vertical_padding":"","_kad_post_feature":"","_kad_post_feature_position":"","_kad_post_header":false,"_kad_post_footer":false,"_kad_post_classname":"","footnotes":""},"folder":[48],"class_list":["post-3798","page","type-page","status-publish","hentry"],"yoast_head":"<!-- This site is optimized with the Yoast SEO plugin v27.3 - https:\/\/yoast.com\/product\/yoast-seo-wordpress\/ -->\n<title>Kursy Przygotowuj\u0105ce do IELTS - Indywidualne, Grupowe<\/title>\n<meta name=\"description\" content=\"Sprawd\u017a ofert\u0119 kurs\u00f3w IELTS w Oficjalnym Centrum Egzaminacyjnym. Na kursie IELTS nauczysz si\u0119 tego, czego potrzebujesz. Indywidualnie lub w grupie\" \/>\n<meta name=\"robots\" content=\"index, follow, max-snippet:-1, max-image-preview:large, max-video-preview:-1\" \/>\n<link rel=\"canonical\" href=\"https:\/\/ieltspolska.pl\/en\/ielts-preparation-courses\/\" \/>\n<meta property=\"og:locale\" content=\"en_US\" \/>\n<meta property=\"og:type\" content=\"article\" \/>\n<meta property=\"og:title\" content=\"Kursy Przygotowuj\u0105ce do IELTS - Indywidualne, Grupowe\" \/>\n<meta property=\"og:description\" content=\"Sprawd\u017a ofert\u0119 kurs\u00f3w IELTS w Oficjalnym Centrum Egzaminacyjnym. Na kursie IELTS nauczysz si\u0119 tego, czego potrzebujesz. Indywidualnie lub w grupie\" \/>\n<meta property=\"og:url\" content=\"https:\/\/ieltspolska.pl\/en\/ielts-preparation-courses\/\" \/>\n<meta property=\"og:site_name\" content=\"IELTS Polska\" \/>\n<meta property=\"article:modified_time\" content=\"2025-04-03T21:29:13+00:00\" \/>\n<meta property=\"og:image\" content=\"https:\/\/ieltspolska.pl\/wp-content\/uploads\/2021\/03\/101L0211_RT.jpg\" \/>\n<meta name=\"twitter:card\" content=\"summary_large_image\" \/>\n<meta name=\"twitter:label1\" content=\"Est. reading time\" \/>\n\t<meta name=\"twitter:data1\" content=\"2 minutes\" \/>\n<script type=\"application\/ld+json\" class=\"yoast-schema-graph\">{\"@context\":\"https:\\\/\\\/schema.org\",\"@graph\":[{\"@type\":\"WebPage\",\"@id\":\"https:\\\/\\\/ieltspolska.pl\\\/en\\\/ielts-preparation-courses\\\/\",\"url\":\"https:\\\/\\\/ieltspolska.pl\\\/en\\\/ielts-preparation-courses\\\/\",\"name\":\"Kursy Przygotowuj\u0105ce do IELTS - Indywidualne, Grupowe\",\"isPartOf\":{\"@id\":\"https:\\\/\\\/ieltspolska.pl\\\/en\\\/#website\"},\"primaryImageOfPage\":{\"@id\":\"https:\\\/\\\/ieltspolska.pl\\\/en\\\/ielts-preparation-courses\\\/#primaryimage\"},\"image\":{\"@id\":\"https:\\\/\\\/ieltspolska.pl\\\/en\\\/ielts-preparation-courses\\\/#primaryimage\"},\"thumbnailUrl\":\"https:\\\/\\\/ieltspolska.pl\\\/wp-content\\\/uploads\\\/2021\\\/03\\\/101L0211_RT.jpg\",\"datePublished\":\"2019-05-16T10:23:39+00:00\",\"dateModified\":\"2025-04-03T21:29:13+00:00\",\"description\":\"Sprawd\u017a ofert\u0119 kurs\u00f3w IELTS w Oficjalnym Centrum Egzaminacyjnym. Na kursie IELTS nauczysz si\u0119 tego, czego potrzebujesz. Indywidualnie lub w grupie\",\"breadcrumb\":{\"@id\":\"https:\\\/\\\/ieltspolska.pl\\\/en\\\/ielts-preparation-courses\\\/#breadcrumb\"},\"inLanguage\":\"en-US\",\"potentialAction\":[{\"@type\":\"ReadAction\",\"target\":[\"https:\\\/\\\/ieltspolska.pl\\\/en\\\/ielts-preparation-courses\\\/\"]}]},{\"@type\":\"ImageObject\",\"inLanguage\":\"en-US\",\"@id\":\"https:\\\/\\\/ieltspolska.pl\\\/en\\\/ielts-preparation-courses\\\/#primaryimage\",\"url\":\"https:\\\/\\\/ieltspolska.pl\\\/wp-content\\\/uploads\\\/2021\\\/03\\\/101L0211_RT.jpg\",\"contentUrl\":\"https:\\\/\\\/ieltspolska.pl\\\/wp-content\\\/uploads\\\/2021\\\/03\\\/101L0211_RT.jpg\"},{\"@type\":\"BreadcrumbList\",\"@id\":\"https:\\\/\\\/ieltspolska.pl\\\/en\\\/ielts-preparation-courses\\\/#breadcrumb\",\"itemListElement\":[{\"@type\":\"ListItem\",\"position\":1,\"name\":\"Strona g\u0142\u00f3wna\",\"item\":\"https:\\\/\\\/ieltspolska.pl\\\/en\\\/\"},{\"@type\":\"ListItem\",\"position\":2,\"name\":\"IELTS Preparation Courses\"}]},{\"@type\":\"WebSite\",\"@id\":\"https:\\\/\\\/ieltspolska.pl\\\/en\\\/#website\",\"url\":\"https:\\\/\\\/ieltspolska.pl\\\/en\\\/\",\"name\":\"IELTS - test akceptowany na ca\u0142ym \u015bwiecie | IELTS Polska\",\"description\":\"IELTS\",\"publisher\":{\"@id\":\"https:\\\/\\\/ieltspolska.pl\\\/en\\\/#organization\"},\"potentialAction\":[{\"@type\":\"SearchAction\",\"target\":{\"@type\":\"EntryPoint\",\"urlTemplate\":\"https:\\\/\\\/ieltspolska.pl\\\/en\\\/?s={search_term_string}\"},\"query-input\":{\"@type\":\"PropertyValueSpecification\",\"valueRequired\":true,\"valueName\":\"search_term_string\"}}],\"inLanguage\":\"en-US\"},{\"@type\":\"Organization\",\"@id\":\"https:\\\/\\\/ieltspolska.pl\\\/en\\\/#organization\",\"name\":\"IELTS - test akceptowany na ca\u0142ym \u015bwiecie | IELTS Polska\",\"url\":\"https:\\\/\\\/ieltspolska.pl\\\/en\\\/\",\"logo\":{\"@type\":\"ImageObject\",\"inLanguage\":\"en-US\",\"@id\":\"https:\\\/\\\/ieltspolska.pl\\\/en\\\/#\\\/schema\\\/logo\\\/image\\\/\",\"url\":\"https:\\\/\\\/ieltspolska.pl\\\/wp-content\\\/uploads\\\/2019\\\/03\\\/ielst.png\",\"contentUrl\":\"https:\\\/\\\/ieltspolska.pl\\\/wp-content\\\/uploads\\\/2019\\\/03\\\/ielst.png\",\"width\":210,\"height\":76,\"caption\":\"IELTS - test akceptowany na ca\u0142ym \u015bwiecie | IELTS Polska\"},\"image\":{\"@id\":\"https:\\\/\\\/ieltspolska.pl\\\/en\\\/#\\\/schema\\\/logo\\\/image\\\/\"}}]}<\/script>\n<!-- \/ Yoast SEO plugin. -->","yoast_head_json":{"title":"Kursy Przygotowuj\u0105ce do IELTS - Indywidualne, Grupowe","description":"Sprawd\u017a ofert\u0119 kurs\u00f3w IELTS w Oficjalnym Centrum Egzaminacyjnym. Na kursie IELTS nauczysz si\u0119 tego, czego potrzebujesz. Indywidualnie lub w grupie","robots":{"index":"index","follow":"follow","max-snippet":"max-snippet:-1","max-image-preview":"max-image-preview:large","max-video-preview":"max-video-preview:-1"},"canonical":"https:\/\/ieltspolska.pl\/en\/ielts-preparation-courses\/","og_locale":"en_US","og_type":"article","og_title":"Kursy Przygotowuj\u0105ce do IELTS - Indywidualne, Grupowe","og_description":"Sprawd\u017a ofert\u0119 kurs\u00f3w IELTS w Oficjalnym Centrum Egzaminacyjnym. Na kursie IELTS nauczysz si\u0119 tego, czego potrzebujesz. Indywidualnie lub w grupie","og_url":"https:\/\/ieltspolska.pl\/en\/ielts-preparation-courses\/","og_site_name":"IELTS Polska","article_modified_time":"2025-04-03T21:29:13+00:00","og_image":[{"url":"https:\/\/ieltspolska.pl\/wp-content\/uploads\/2021\/03\/101L0211_RT.jpg","type":"","width":"","height":""}],"twitter_card":"summary_large_image","twitter_misc":{"Est. reading time":"2 minutes"},"schema":{"@context":"https:\/\/schema.org","@graph":[{"@type":"WebPage","@id":"https:\/\/ieltspolska.pl\/en\/ielts-preparation-courses\/","url":"https:\/\/ieltspolska.pl\/en\/ielts-preparation-courses\/","name":"Kursy Przygotowuj\u0105ce do IELTS - Indywidualne, Grupowe","isPartOf":{"@id":"https:\/\/ieltspolska.pl\/en\/#website"},"primaryImageOfPage":{"@id":"https:\/\/ieltspolska.pl\/en\/ielts-preparation-courses\/#primaryimage"},"image":{"@id":"https:\/\/ieltspolska.pl\/en\/ielts-preparation-courses\/#primaryimage"},"thumbnailUrl":"https:\/\/ieltspolska.pl\/wp-content\/uploads\/2021\/03\/101L0211_RT.jpg","datePublished":"2019-05-16T10:23:39+00:00","dateModified":"2025-04-03T21:29:13+00:00","description":"Sprawd\u017a ofert\u0119 kurs\u00f3w IELTS w Oficjalnym Centrum Egzaminacyjnym. Na kursie IELTS nauczysz si\u0119 tego, czego potrzebujesz. Indywidualnie lub w grupie","breadcrumb":{"@id":"https:\/\/ieltspolska.pl\/en\/ielts-preparation-courses\/#breadcrumb"},"inLanguage":"en-US","potentialAction":[{"@type":"ReadAction","target":["https:\/\/ieltspolska.pl\/en\/ielts-preparation-courses\/"]}]},{"@type":"ImageObject","inLanguage":"en-US","@id":"https:\/\/ieltspolska.pl\/en\/ielts-preparation-courses\/#primaryimage","url":"https:\/\/ieltspolska.pl\/wp-content\/uploads\/2021\/03\/101L0211_RT.jpg","contentUrl":"https:\/\/ieltspolska.pl\/wp-content\/uploads\/2021\/03\/101L0211_RT.jpg"},{"@type":"BreadcrumbList","@id":"https:\/\/ieltspolska.pl\/en\/ielts-preparation-courses\/#breadcrumb","itemListElement":[{"@type":"ListItem","position":1,"name":"Strona g\u0142\u00f3wna","item":"https:\/\/ieltspolska.pl\/en\/"},{"@type":"ListItem","position":2,"name":"IELTS Preparation Courses"}]},{"@type":"WebSite","@id":"https:\/\/ieltspolska.pl\/en\/#website","url":"https:\/\/ieltspolska.pl\/en\/","name":"IELTS - test akceptowany na ca\u0142ym \u015bwiecie | IELTS Polska","description":"IELTS","publisher":{"@id":"https:\/\/ieltspolska.pl\/en\/#organization"},"potentialAction":[{"@type":"SearchAction","target":{"@type":"EntryPoint","urlTemplate":"https:\/\/ieltspolska.pl\/en\/?s={search_term_string}"},"query-input":{"@type":"PropertyValueSpecification","valueRequired":true,"valueName":"search_term_string"}}],"inLanguage":"en-US"},{"@type":"Organization","@id":"https:\/\/ieltspolska.pl\/en\/#organization","name":"IELTS - test akceptowany na ca\u0142ym \u015bwiecie | IELTS Polska","url":"https:\/\/ieltspolska.pl\/en\/","logo":{"@type":"ImageObject","inLanguage":"en-US","@id":"https:\/\/ieltspolska.pl\/en\/#\/schema\/logo\/image\/","url":"https:\/\/ieltspolska.pl\/wp-content\/uploads\/2019\/03\/ielst.png","contentUrl":"https:\/\/ieltspolska.pl\/wp-content\/uploads\/2019\/03\/ielst.png","width":210,"height":76,"caption":"IELTS - test akceptowany na ca\u0142ym \u015bwiecie | IELTS Polska"},"image":{"@id":"https:\/\/ieltspolska.pl\/en\/#\/schema\/logo\/image\/"}}]}},"_links":{"self":[{"href":"https:\/\/ieltspolska.pl\/en\/wp-json\/wp\/v2\/pages\/3798","targetHints":{"allow":["GET"]}}],"collection":[{"href":"https:\/\/ieltspolska.pl\/en\/wp-json\/wp\/v2\/pages"}],"about":[{"href":"https:\/\/ieltspolska.pl\/en\/wp-json\/wp\/v2\/types\/page"}],"author":[{"embeddable":true,"href":"https:\/\/ieltspolska.pl\/en\/wp-json\/wp\/v2\/users\/1"}],"replies":[{"embeddable":true,"href":"https:\/\/ieltspolska.pl\/en\/wp-json\/wp\/v2\/comments?post=3798"}],"version-history":[{"count":2,"href":"https:\/\/ieltspolska.pl\/en\/wp-json\/wp\/v2\/pages\/3798\/revisions"}],"predecessor-version":[{"id":3800,"href":"https:\/\/ieltspolska.pl\/en\/wp-json\/wp\/v2\/pages\/3798\/revisions\/3800"}],"wp:attachment":[{"href":"https:\/\/ieltspolska.pl\/en\/wp-json\/wp\/v2\/media?parent=3798"}],"wp:term":[{"taxonomy":"folder","embeddable":true,"href":"https:\/\/ieltspolska.pl\/en\/wp-json\/wp\/v2\/folder?post=3798"}],"curies":[{"name":"wp","href":"https:\/\/api.w.org\/{rel}","templated":true}]}}