{"id":1022,"date":"2019-05-16T10:23:39","date_gmt":"2019-05-16T10:23:39","guid":{"rendered":"https:\/\/ieltspolska.pl\/?page_id=1022"},"modified":"2025-04-03T21:26:48","modified_gmt":"2025-04-03T21:26:48","slug":"kursy-przygotowujace-do-ielts","status":"publish","type":"page","link":"https:\/\/ieltspolska.pl\/pl\/kursy-przygotowujace-do-ielts\/","title":{"rendered":"Kursy przygotowuj\u0105ce"},"content":{"rendered":"<style>.wp-block-kadence-advancedheading.kt-adv-heading1022_e5ef60-08, .wp-block-kadence-advancedheading.kt-adv-heading1022_e5ef60-08[data-kb-block=\"kb-adv-heading1022_e5ef60-08\"]{padding-top:var(--global-kb-spacing-xl, 4rem);padding-bottom:var(--global-kb-spacing-xxs, 0.5rem);text-align:center;font-size:var(--global-kb-font-size-lg, 2rem);font-weight:400;font-style:normal;font-family:Poppins;}.wp-block-kadence-advancedheading.kt-adv-heading1022_e5ef60-08 mark.kt-highlight, .wp-block-kadence-advancedheading.kt-adv-heading1022_e5ef60-08[data-kb-block=\"kb-adv-heading1022_e5ef60-08\"] mark.kt-highlight{font-style:normal;color:#f76a0c;-webkit-box-decoration-break:clone;box-decoration-break:clone;padding-top:0px;padding-right:0px;padding-bottom:0px;padding-left:0px;}.wp-block-kadence-advancedheading.kt-adv-heading1022_e5ef60-08 img.kb-inline-image, .wp-block-kadence-advancedheading.kt-adv-heading1022_e5ef60-08[data-kb-block=\"kb-adv-heading1022_e5ef60-08\"] img.kb-inline-image{width:150px;vertical-align:baseline;}<\/style>\n<h2 class=\"kt-adv-heading1022_e5ef60-08 wp-block-kadence-advancedheading has-theme-palette-2-color has-text-color\" data-kb-block=\"kb-adv-heading1022_e5ef60-08\"><strong>Kursy przygotowuj\u0105ce do IELTS w LANG LTC<\/strong><\/h2>\n\n\n<style>.kadence-column1022_03c3b0-35{max-width:70%;margin-left:auto;margin-right:auto;}.wp-block-kadence-column.kb-section-dir-horizontal:not(.kb-section-md-dir-vertical)>.kt-inside-inner-col>.kadence-column1022_03c3b0-35{-webkit-flex:0 1 70%;flex:0 1 70%;max-width:unset;margin-left:unset;margin-right:unset;}.kadence-column1022_03c3b0-35 > .kt-inside-inner-col{padding-top:var(--global-kb-spacing-lg, 3rem);padding-right:var(--global-kb-spacing-xxl, 5rem);padding-bottom:var(--global-kb-spacing-lg, 3rem);padding-left:var(--global-kb-spacing-xxl, 5rem);}.kadence-column1022_03c3b0-35 > .kt-inside-inner-col{box-shadow:0px 0px 14px 0px rgba(0, 0, 0, 0.2);}.kadence-column1022_03c3b0-35 > .kt-inside-inner-col,.kadence-column1022_03c3b0-35 > .kt-inside-inner-col:before{border-top-left-radius:15px;border-top-right-radius:15px;border-bottom-right-radius:15px;border-bottom-left-radius:15px;}.kadence-column1022_03c3b0-35 > .kt-inside-inner-col{column-gap:var(--global-kb-gap-sm, 1rem);}.kadence-column1022_03c3b0-35 > .kt-inside-inner-col{flex-direction:column;}.kadence-column1022_03c3b0-35 > .kt-inside-inner-col > .aligncenter{width:100%;}.kadence-column1022_03c3b0-35 > .kt-inside-inner-col{background-color:var(--global-palette9, #ffffff);}.kadence-column1022_03c3b0-35 > .kt-inside-inner-col:before{opacity:0.3;}.kadence-column1022_03c3b0-35{position:relative;}@media all and (min-width: 1025px){.wp-block-kadence-column.kb-section-dir-horizontal>.kt-inside-inner-col>.kadence-column1022_03c3b0-35{-webkit-flex:0 1 70%;flex:0 1 70%;max-width:unset;margin-left:unset;margin-right:unset;}}@media all and (max-width: 1024px){.kadence-column1022_03c3b0-35 > .kt-inside-inner-col{flex-direction:column;justify-content:center;}}@media all and (max-width: 767px){.kadence-column1022_03c3b0-35 > .kt-inside-inner-col{display:flex;padding-right:var(--global-kb-spacing-xxs, 0.5rem);padding-left:var(--global-kb-spacing-xxs, 0.5rem);row-gap:var(--global-kb-gap-none, 0rem );flex-direction:column;justify-content:center;align-items:center;}.kadence-column1022_03c3b0-35{max-width:90%;margin-left:auto;margin-right:auto;text-align:left;}.wp-block-kadence-column.kb-section-sm-dir-vertical:not(.kb-section-sm-dir-horizontal):not(.kb-section-sm-dir-specificity)>.kt-inside-inner-col>.kadence-column1022_03c3b0-35{-webkit-flex:0 1 90%;flex:0 1 90%;}.wp-block-kadence-column>.kt-inside-inner-col>.kadence-column1022_03c3b0-35{-webkit-flex:1 90%;flex:1 90%;}.wp-block-kadence-column.kb-section-sm-dir-horizontal>.kt-inside-inner-col>.kadence-column1022_03c3b0-35, .wp-block-kadence-column.kb-section-dir-horizontal:not(.kb-section-sm-dir-vertical):not(.kb-section-md-dir-vertical) >.kt-inside-inner-col>.kadence-column1022_03c3b0-35{-webkit-flex:0 1 90%;flex:0 1 90%;max-width:unset;margin-left:unset;margin-right:unset;}.kadence-column1022_03c3b0-35, .kt-inside-inner-col > .kadence-column1022_03c3b0-35:not(.specificity){margin-right:var(--global-kb-spacing-xxs, 0.5rem);margin-left:var(--global-kb-spacing-xxs, 0.5rem);}}<\/style>\n<div class=\"wp-block-kadence-column kadence-column1022_03c3b0-35\"><div class=\"kt-inside-inner-col\">\n<h5 class=\"wp-block-heading\"><strong>INDYWIDUALNE ZAJ\u0118CIA ONLINE \u2013 IELTS EXPRESS<\/strong><\/h5>\n\n\n\n<p>Przygotowanie do egzaminu szyte na miar\u0119. Zr\u00f3b 3 kroki do sukcesu: wyznacz cele z metodykiem, zrealizuj wsp\u00f3lnie ustalony program, podsumuj post\u0119py w sprawdzianie ko\u0144cowym.<\/p>\n\n\n\n<p>Masz pytania? Napisz do nas:&nbsp;<a href=\"mailto:kursy@lang.com.pl\">kursy@lang.com.pl<\/a><\/p>\n\n\n\n<p><a href=\"https:\/\/online.lang.com.pl\/chce-sie-przygotowac-do-egzaminu\/\">ZAPISZ SI\u0118!<\/a><\/p>\n\n\n\n<figure class=\"wp-block-image is-resized\"><img decoding=\"async\" src=\"https:\/\/ieltspolska.pl\/wp-content\/uploads\/2021\/03\/101L0211_RT.jpg\" alt=\"\" style=\"width:743px;height:auto\" title=\"101L0211_RT\"\/><\/figure>\n\n\n\n<h5 class=\"wp-block-heading\"><strong>INDYWIDUALNE ZAJ\u0118CIA FACE TO FACE \u2013 IELTS EXPRESS<\/strong><\/h5>\n\n\n\n<p>Zaj\u0119cia indywidualne, face to face w siedzibie szko\u0142y LANG LTC , w dowolnym czasie, z dowoln\u0105 intensywno\u015bci\u0105.&nbsp; Potrzebujesz szybko przygotowa\u0107 si\u0119 do IELTS?<\/p>\n\n\n\n<p>Zapisz si\u0119 na kurs z lektorem specjalizuj\u0105cym si\u0119 w przygotowaniu do IELTS. Wybierz optymalny dla siebie pakiet oraz umiej\u0119tno\u015bci, kt\u00f3re chcesz \u0107wiczy\u0107.<\/p>\n\n\n\n<p>Masz pytania? Napisz do nas:&nbsp;<a href=\"mailto:kursy@lang.com.pl\">kursy@lang.com.pl<\/a><\/p>\n\n\n\n<figure class=\"wp-block-image\"><img decoding=\"async\" src=\"https:\/\/ieltspolska.pl\/wp-content\/uploads\/2019\/02\/1-7.jpg\" alt=\"\" title=\"1\"\/><\/figure>\n\n\n\n<h5 class=\"wp-block-heading\">GRUPOWE ZAJ\u0118CIA FACE TO FACE<\/h5>\n\n\n\n<p>Zaj\u0119cia w ma\u0142ych grupach, face to face w siedzibie szko\u0142y LANG LTC. Przygotuj si\u0119 do testu IELTS z LANG LTC, aby mie\u0107 pewno\u015b\u0107, \u017ce uzyskasz wymagany wynik.<\/p>\n\n\n\n<p>Masz pytania? Napisz do nas:&nbsp;<a href=\"mailto:kursy@lang.com.pl\">kursy@lang.com.pl<\/a><\/p>\n<\/div><\/div>\n","protected":false},"excerpt":{"rendered":"<p>Kursy przygotowuj\u0105ce do IELTS w LANG LTC INDYWIDUALNE ZAJ\u0118CIA ONLINE \u2013 IELTS EXPRESS Przygotowanie do egzaminu szyte na miar\u0119. Zr\u00f3b 3 kroki do sukcesu: wyznacz cele z metodykiem, zrealizuj wsp\u00f3lnie ustalony program, podsumuj post\u0119py w sprawdzianie ko\u0144cowym. Masz pytania? Napisz do nas:&nbsp;kursy@lang.com.pl ZAPISZ SI\u0118! INDYWIDUALNE ZAJ\u0118CIA FACE TO FACE \u2013 IELTS EXPRESS Zaj\u0119cia indywidualne, face&#8230;<\/p>\n","protected":false},"author":1,"featured_media":0,"parent":0,"menu_order":0,"comment_status":"closed","ping_status":"closed","template":"","meta":{"_kad_post_transparent":"","_kad_post_title":"","_kad_post_layout":"","_kad_post_sidebar_id":"","_kad_post_content_style":"","_kad_post_vertical_padding":"","_kad_post_feature":"","_kad_post_feature_position":"","_kad_post_header":false,"_kad_post_footer":false,"_kad_post_classname":"","footnotes":""},"folder":[48],"class_list":["post-1022","page","type-page","status-publish","hentry"],"yoast_head":"<!-- This site is optimized with the Yoast SEO plugin v27.3 - https:\/\/yoast.com\/product\/yoast-seo-wordpress\/ -->\n<title>Kursy Przygotowuj\u0105ce do IELTS - Indywidualne, Grupowe<\/title>\n<meta name=\"description\" content=\"Sprawd\u017a ofert\u0119 kurs\u00f3w IELTS w Oficjalnym Centrum Egzaminacyjnym. Na kursie IELTS nauczysz si\u0119 tego, czego potrzebujesz. Indywidualnie lub w grupie\" \/>\n<meta name=\"robots\" content=\"index, follow, max-snippet:-1, max-image-preview:large, max-video-preview:-1\" \/>\n<link rel=\"canonical\" href=\"https:\/\/ieltspolska.pl\/pl\/kursy-przygotowujace-do-ielts\/\" \/>\n<meta property=\"og:locale\" content=\"pl_PL\" \/>\n<meta property=\"og:type\" content=\"article\" \/>\n<meta property=\"og:title\" content=\"Kursy Przygotowuj\u0105ce do IELTS - Indywidualne, Grupowe\" \/>\n<meta property=\"og:description\" content=\"Sprawd\u017a ofert\u0119 kurs\u00f3w IELTS w Oficjalnym Centrum Egzaminacyjnym. Na kursie IELTS nauczysz si\u0119 tego, czego potrzebujesz. Indywidualnie lub w grupie\" \/>\n<meta property=\"og:url\" content=\"https:\/\/ieltspolska.pl\/pl\/kursy-przygotowujace-do-ielts\/\" \/>\n<meta property=\"og:site_name\" content=\"IELTS Polska\" \/>\n<meta property=\"article:modified_time\" content=\"2025-04-03T21:26:48+00:00\" \/>\n<meta property=\"og:image\" content=\"https:\/\/ieltspolska.pl\/wp-content\/uploads\/2021\/03\/101L0211_RT.jpg\" \/>\n<meta name=\"twitter:card\" content=\"summary_large_image\" \/>\n<meta name=\"twitter:label1\" content=\"Szacowany czas czytania\" \/>\n\t<meta name=\"twitter:data1\" content=\"2 minuty\" \/>\n<script type=\"application\/ld+json\" class=\"yoast-schema-graph\">{\"@context\":\"https:\\\/\\\/schema.org\",\"@graph\":[{\"@type\":\"WebPage\",\"@id\":\"https:\\\/\\\/ieltspolska.pl\\\/pl\\\/kursy-przygotowujace-do-ielts\\\/\",\"url\":\"https:\\\/\\\/ieltspolska.pl\\\/pl\\\/kursy-przygotowujace-do-ielts\\\/\",\"name\":\"Kursy Przygotowuj\u0105ce do IELTS - Indywidualne, Grupowe\",\"isPartOf\":{\"@id\":\"https:\\\/\\\/ieltspolska.pl\\\/pl\\\/#website\"},\"primaryImageOfPage\":{\"@id\":\"https:\\\/\\\/ieltspolska.pl\\\/pl\\\/kursy-przygotowujace-do-ielts\\\/#primaryimage\"},\"image\":{\"@id\":\"https:\\\/\\\/ieltspolska.pl\\\/pl\\\/kursy-przygotowujace-do-ielts\\\/#primaryimage\"},\"thumbnailUrl\":\"https:\\\/\\\/ieltspolska.pl\\\/wp-content\\\/uploads\\\/2021\\\/03\\\/101L0211_RT.jpg\",\"datePublished\":\"2019-05-16T10:23:39+00:00\",\"dateModified\":\"2025-04-03T21:26:48+00:00\",\"description\":\"Sprawd\u017a ofert\u0119 kurs\u00f3w IELTS w Oficjalnym Centrum Egzaminacyjnym. Na kursie IELTS nauczysz si\u0119 tego, czego potrzebujesz. Indywidualnie lub w grupie\",\"breadcrumb\":{\"@id\":\"https:\\\/\\\/ieltspolska.pl\\\/pl\\\/kursy-przygotowujace-do-ielts\\\/#breadcrumb\"},\"inLanguage\":\"pl-PL\",\"potentialAction\":[{\"@type\":\"ReadAction\",\"target\":[\"https:\\\/\\\/ieltspolska.pl\\\/pl\\\/kursy-przygotowujace-do-ielts\\\/\"]}]},{\"@type\":\"ImageObject\",\"inLanguage\":\"pl-PL\",\"@id\":\"https:\\\/\\\/ieltspolska.pl\\\/pl\\\/kursy-przygotowujace-do-ielts\\\/#primaryimage\",\"url\":\"https:\\\/\\\/ieltspolska.pl\\\/wp-content\\\/uploads\\\/2021\\\/03\\\/101L0211_RT.jpg\",\"contentUrl\":\"https:\\\/\\\/ieltspolska.pl\\\/wp-content\\\/uploads\\\/2021\\\/03\\\/101L0211_RT.jpg\"},{\"@type\":\"BreadcrumbList\",\"@id\":\"https:\\\/\\\/ieltspolska.pl\\\/pl\\\/kursy-przygotowujace-do-ielts\\\/#breadcrumb\",\"itemListElement\":[{\"@type\":\"ListItem\",\"position\":1,\"name\":\"Strona g\u0142\u00f3wna\",\"item\":\"https:\\\/\\\/ieltspolska.pl\\\/pl\\\/\"},{\"@type\":\"ListItem\",\"position\":2,\"name\":\"Kursy przygotowuj\u0105ce\"}]},{\"@type\":\"WebSite\",\"@id\":\"https:\\\/\\\/ieltspolska.pl\\\/pl\\\/#website\",\"url\":\"https:\\\/\\\/ieltspolska.pl\\\/pl\\\/\",\"name\":\"IELTS - test akceptowany na ca\u0142ym \u015bwiecie | IELTS Polska\",\"description\":\"IELTS\",\"publisher\":{\"@id\":\"https:\\\/\\\/ieltspolska.pl\\\/pl\\\/#organization\"},\"potentialAction\":[{\"@type\":\"SearchAction\",\"target\":{\"@type\":\"EntryPoint\",\"urlTemplate\":\"https:\\\/\\\/ieltspolska.pl\\\/pl\\\/?s={search_term_string}\"},\"query-input\":{\"@type\":\"PropertyValueSpecification\",\"valueRequired\":true,\"valueName\":\"search_term_string\"}}],\"inLanguage\":\"pl-PL\"},{\"@type\":\"Organization\",\"@id\":\"https:\\\/\\\/ieltspolska.pl\\\/pl\\\/#organization\",\"name\":\"IELTS - test akceptowany na ca\u0142ym \u015bwiecie | IELTS Polska\",\"url\":\"https:\\\/\\\/ieltspolska.pl\\\/pl\\\/\",\"logo\":{\"@type\":\"ImageObject\",\"inLanguage\":\"pl-PL\",\"@id\":\"https:\\\/\\\/ieltspolska.pl\\\/pl\\\/#\\\/schema\\\/logo\\\/image\\\/\",\"url\":\"https:\\\/\\\/ieltspolska.pl\\\/wp-content\\\/uploads\\\/2019\\\/03\\\/ielst.png\",\"contentUrl\":\"https:\\\/\\\/ieltspolska.pl\\\/wp-content\\\/uploads\\\/2019\\\/03\\\/ielst.png\",\"width\":210,\"height\":76,\"caption\":\"IELTS - test akceptowany na ca\u0142ym \u015bwiecie | IELTS Polska\"},\"image\":{\"@id\":\"https:\\\/\\\/ieltspolska.pl\\\/pl\\\/#\\\/schema\\\/logo\\\/image\\\/\"}}]}<\/script>\n<!-- \/ Yoast SEO plugin. -->","yoast_head_json":{"title":"Kursy Przygotowuj\u0105ce do IELTS - Indywidualne, Grupowe","description":"Sprawd\u017a ofert\u0119 kurs\u00f3w IELTS w Oficjalnym Centrum Egzaminacyjnym. Na kursie IELTS nauczysz si\u0119 tego, czego potrzebujesz. Indywidualnie lub w grupie","robots":{"index":"index","follow":"follow","max-snippet":"max-snippet:-1","max-image-preview":"max-image-preview:large","max-video-preview":"max-video-preview:-1"},"canonical":"https:\/\/ieltspolska.pl\/pl\/kursy-przygotowujace-do-ielts\/","og_locale":"pl_PL","og_type":"article","og_title":"Kursy Przygotowuj\u0105ce do IELTS - Indywidualne, Grupowe","og_description":"Sprawd\u017a ofert\u0119 kurs\u00f3w IELTS w Oficjalnym Centrum Egzaminacyjnym. Na kursie IELTS nauczysz si\u0119 tego, czego potrzebujesz. Indywidualnie lub w grupie","og_url":"https:\/\/ieltspolska.pl\/pl\/kursy-przygotowujace-do-ielts\/","og_site_name":"IELTS Polska","article_modified_time":"2025-04-03T21:26:48+00:00","og_image":[{"url":"https:\/\/ieltspolska.pl\/wp-content\/uploads\/2021\/03\/101L0211_RT.jpg","type":"","width":"","height":""}],"twitter_card":"summary_large_image","twitter_misc":{"Szacowany czas czytania":"2 minuty"},"schema":{"@context":"https:\/\/schema.org","@graph":[{"@type":"WebPage","@id":"https:\/\/ieltspolska.pl\/pl\/kursy-przygotowujace-do-ielts\/","url":"https:\/\/ieltspolska.pl\/pl\/kursy-przygotowujace-do-ielts\/","name":"Kursy Przygotowuj\u0105ce do IELTS - Indywidualne, Grupowe","isPartOf":{"@id":"https:\/\/ieltspolska.pl\/pl\/#website"},"primaryImageOfPage":{"@id":"https:\/\/ieltspolska.pl\/pl\/kursy-przygotowujace-do-ielts\/#primaryimage"},"image":{"@id":"https:\/\/ieltspolska.pl\/pl\/kursy-przygotowujace-do-ielts\/#primaryimage"},"thumbnailUrl":"https:\/\/ieltspolska.pl\/wp-content\/uploads\/2021\/03\/101L0211_RT.jpg","datePublished":"2019-05-16T10:23:39+00:00","dateModified":"2025-04-03T21:26:48+00:00","description":"Sprawd\u017a ofert\u0119 kurs\u00f3w IELTS w Oficjalnym Centrum Egzaminacyjnym. Na kursie IELTS nauczysz si\u0119 tego, czego potrzebujesz. Indywidualnie lub w grupie","breadcrumb":{"@id":"https:\/\/ieltspolska.pl\/pl\/kursy-przygotowujace-do-ielts\/#breadcrumb"},"inLanguage":"pl-PL","potentialAction":[{"@type":"ReadAction","target":["https:\/\/ieltspolska.pl\/pl\/kursy-przygotowujace-do-ielts\/"]}]},{"@type":"ImageObject","inLanguage":"pl-PL","@id":"https:\/\/ieltspolska.pl\/pl\/kursy-przygotowujace-do-ielts\/#primaryimage","url":"https:\/\/ieltspolska.pl\/wp-content\/uploads\/2021\/03\/101L0211_RT.jpg","contentUrl":"https:\/\/ieltspolska.pl\/wp-content\/uploads\/2021\/03\/101L0211_RT.jpg"},{"@type":"BreadcrumbList","@id":"https:\/\/ieltspolska.pl\/pl\/kursy-przygotowujace-do-ielts\/#breadcrumb","itemListElement":[{"@type":"ListItem","position":1,"name":"Strona g\u0142\u00f3wna","item":"https:\/\/ieltspolska.pl\/pl\/"},{"@type":"ListItem","position":2,"name":"Kursy przygotowuj\u0105ce"}]},{"@type":"WebSite","@id":"https:\/\/ieltspolska.pl\/pl\/#website","url":"https:\/\/ieltspolska.pl\/pl\/","name":"IELTS - test akceptowany na ca\u0142ym \u015bwiecie | IELTS Polska","description":"IELTS","publisher":{"@id":"https:\/\/ieltspolska.pl\/pl\/#organization"},"potentialAction":[{"@type":"SearchAction","target":{"@type":"EntryPoint","urlTemplate":"https:\/\/ieltspolska.pl\/pl\/?s={search_term_string}"},"query-input":{"@type":"PropertyValueSpecification","valueRequired":true,"valueName":"search_term_string"}}],"inLanguage":"pl-PL"},{"@type":"Organization","@id":"https:\/\/ieltspolska.pl\/pl\/#organization","name":"IELTS - test akceptowany na ca\u0142ym \u015bwiecie | IELTS Polska","url":"https:\/\/ieltspolska.pl\/pl\/","logo":{"@type":"ImageObject","inLanguage":"pl-PL","@id":"https:\/\/ieltspolska.pl\/pl\/#\/schema\/logo\/image\/","url":"https:\/\/ieltspolska.pl\/wp-content\/uploads\/2019\/03\/ielst.png","contentUrl":"https:\/\/ieltspolska.pl\/wp-content\/uploads\/2019\/03\/ielst.png","width":210,"height":76,"caption":"IELTS - test akceptowany na ca\u0142ym \u015bwiecie | IELTS Polska"},"image":{"@id":"https:\/\/ieltspolska.pl\/pl\/#\/schema\/logo\/image\/"}}]}},"_links":{"self":[{"href":"https:\/\/ieltspolska.pl\/pl\/wp-json\/wp\/v2\/pages\/1022","targetHints":{"allow":["GET"]}}],"collection":[{"href":"https:\/\/ieltspolska.pl\/pl\/wp-json\/wp\/v2\/pages"}],"about":[{"href":"https:\/\/ieltspolska.pl\/pl\/wp-json\/wp\/v2\/types\/page"}],"author":[{"embeddable":true,"href":"https:\/\/ieltspolska.pl\/pl\/wp-json\/wp\/v2\/users\/1"}],"replies":[{"embeddable":true,"href":"https:\/\/ieltspolska.pl\/pl\/wp-json\/wp\/v2\/comments?post=1022"}],"version-history":[{"count":38,"href":"https:\/\/ieltspolska.pl\/pl\/wp-json\/wp\/v2\/pages\/1022\/revisions"}],"predecessor-version":[{"id":3797,"href":"https:\/\/ieltspolska.pl\/pl\/wp-json\/wp\/v2\/pages\/1022\/revisions\/3797"}],"wp:attachment":[{"href":"https:\/\/ieltspolska.pl\/pl\/wp-json\/wp\/v2\/media?parent=1022"}],"wp:term":[{"taxonomy":"folder","embeddable":true,"href":"https:\/\/ieltspolska.pl\/pl\/wp-json\/wp\/v2\/folder?post=1022"}],"curies":[{"name":"wp","href":"https:\/\/api.w.org\/{rel}","templated":true}]}}