{"id":1297,"date":"2020-03-05T13:58:14","date_gmt":"2020-03-05T13:58:14","guid":{"rendered":"https:\/\/ieltspolska.pl\/?page_id=1297"},"modified":"2021-03-02T14:12:14","modified_gmt":"2021-03-02T14:12:14","slug":"pobierz-bezplatnie","status":"publish","type":"page","link":"https:\/\/ieltspolska.pl\/pl\/pobierz-bezplatnie\/","title":{"rendered":"FREE MATERIALS PL"},"content":{"rendered":"<p>[caldera_form id=&#8221;CF5e61035d7968d&#8221;]<\/p>\n","protected":false},"excerpt":{"rendered":"<p>[caldera_form id=&#8221;CF5e61035d7968d&#8221;]<\/p>\n","protected":false},"author":1,"featured_media":0,"parent":0,"menu_order":0,"comment_status":"closed","ping_status":"closed","template":"","meta":{"_kad_post_transparent":"","_kad_post_title":"","_kad_post_layout":"","_kad_post_sidebar_id":"","_kad_post_content_style":"","_kad_post_vertical_padding":"","_kad_post_feature":"","_kad_post_feature_position":"","_kad_post_header":false,"_kad_post_footer":false,"_kad_post_classname":"","footnotes":""},"folder":[62],"class_list":["post-1297","page","type-page","status-publish","hentry"],"yoast_head":"<!-- This site is optimized with the Yoast SEO plugin v27.3 - https:\/\/yoast.com\/product\/yoast-seo-wordpress\/ -->\n<title>IELTS - egzamin. Cz\u0119\u015bci i budowa | IELTS Polska<\/title>\n<meta name=\"description\" content=\"Egzamin IELTS - speaking, writing, reading i listening. Dowiedz si\u0119, do jakich cz\u0119\u015bci testu b\u0119dziesz musia\u0142 przyst\u0105pi\u0107, aby otrzyma\u0107 certyfikat. Zapraszamy!\" \/>\n<meta name=\"robots\" content=\"index, follow, max-snippet:-1, max-image-preview:large, max-video-preview:-1\" \/>\n<link rel=\"canonical\" href=\"https:\/\/ieltspolska.pl\/pl\/pobierz-bezplatnie\/\" \/>\n<meta property=\"og:locale\" content=\"pl_PL\" \/>\n<meta property=\"og:type\" content=\"article\" \/>\n<meta property=\"og:title\" content=\"IELTS - egzamin. Cz\u0119\u015bci i budowa | IELTS Polska\" \/>\n<meta property=\"og:description\" content=\"Egzamin IELTS - speaking, writing, reading i listening. Dowiedz si\u0119, do jakich cz\u0119\u015bci testu b\u0119dziesz musia\u0142 przyst\u0105pi\u0107, aby otrzyma\u0107 certyfikat. Zapraszamy!\" \/>\n<meta property=\"og:url\" content=\"https:\/\/ieltspolska.pl\/pl\/pobierz-bezplatnie\/\" \/>\n<meta property=\"og:site_name\" content=\"IELTS Polska\" \/>\n<meta property=\"article:modified_time\" content=\"2021-03-02T14:12:14+00:00\" \/>\n<meta name=\"twitter:card\" content=\"summary_large_image\" \/>\n<script type=\"application\/ld+json\" class=\"yoast-schema-graph\">{\"@context\":\"https:\\\/\\\/schema.org\",\"@graph\":[{\"@type\":\"WebPage\",\"@id\":\"https:\\\/\\\/ieltspolska.pl\\\/pl\\\/pobierz-bezplatnie\\\/\",\"url\":\"https:\\\/\\\/ieltspolska.pl\\\/pl\\\/pobierz-bezplatnie\\\/\",\"name\":\"IELTS - egzamin. Cz\u0119\u015bci i budowa | IELTS Polska\",\"isPartOf\":{\"@id\":\"https:\\\/\\\/ieltspolska.pl\\\/pl\\\/#website\"},\"datePublished\":\"2020-03-05T13:58:14+00:00\",\"dateModified\":\"2021-03-02T14:12:14+00:00\",\"description\":\"Egzamin IELTS - speaking, writing, reading i listening. Dowiedz si\u0119, do jakich cz\u0119\u015bci testu b\u0119dziesz musia\u0142 przyst\u0105pi\u0107, aby otrzyma\u0107 certyfikat. Zapraszamy!\",\"breadcrumb\":{\"@id\":\"https:\\\/\\\/ieltspolska.pl\\\/pl\\\/pobierz-bezplatnie\\\/#breadcrumb\"},\"inLanguage\":\"pl-PL\",\"potentialAction\":[{\"@type\":\"ReadAction\",\"target\":[\"https:\\\/\\\/ieltspolska.pl\\\/pl\\\/pobierz-bezplatnie\\\/\"]}]},{\"@type\":\"BreadcrumbList\",\"@id\":\"https:\\\/\\\/ieltspolska.pl\\\/pl\\\/pobierz-bezplatnie\\\/#breadcrumb\",\"itemListElement\":[{\"@type\":\"ListItem\",\"position\":1,\"name\":\"Strona g\u0142\u00f3wna\",\"item\":\"https:\\\/\\\/ieltspolska.pl\\\/pl\\\/\"},{\"@type\":\"ListItem\",\"position\":2,\"name\":\"FREE MATERIALS PL\"}]},{\"@type\":\"WebSite\",\"@id\":\"https:\\\/\\\/ieltspolska.pl\\\/pl\\\/#website\",\"url\":\"https:\\\/\\\/ieltspolska.pl\\\/pl\\\/\",\"name\":\"IELTS - test akceptowany na ca\u0142ym \u015bwiecie | IELTS Polska\",\"description\":\"IELTS\",\"publisher\":{\"@id\":\"https:\\\/\\\/ieltspolska.pl\\\/pl\\\/#organization\"},\"potentialAction\":[{\"@type\":\"SearchAction\",\"target\":{\"@type\":\"EntryPoint\",\"urlTemplate\":\"https:\\\/\\\/ieltspolska.pl\\\/pl\\\/?s={search_term_string}\"},\"query-input\":{\"@type\":\"PropertyValueSpecification\",\"valueRequired\":true,\"valueName\":\"search_term_string\"}}],\"inLanguage\":\"pl-PL\"},{\"@type\":\"Organization\",\"@id\":\"https:\\\/\\\/ieltspolska.pl\\\/pl\\\/#organization\",\"name\":\"IELTS - test akceptowany na ca\u0142ym \u015bwiecie | IELTS Polska\",\"url\":\"https:\\\/\\\/ieltspolska.pl\\\/pl\\\/\",\"logo\":{\"@type\":\"ImageObject\",\"inLanguage\":\"pl-PL\",\"@id\":\"https:\\\/\\\/ieltspolska.pl\\\/pl\\\/#\\\/schema\\\/logo\\\/image\\\/\",\"url\":\"https:\\\/\\\/ieltspolska.pl\\\/wp-content\\\/uploads\\\/2019\\\/03\\\/ielst.png\",\"contentUrl\":\"https:\\\/\\\/ieltspolska.pl\\\/wp-content\\\/uploads\\\/2019\\\/03\\\/ielst.png\",\"width\":210,\"height\":76,\"caption\":\"IELTS - test akceptowany na ca\u0142ym \u015bwiecie | IELTS Polska\"},\"image\":{\"@id\":\"https:\\\/\\\/ieltspolska.pl\\\/pl\\\/#\\\/schema\\\/logo\\\/image\\\/\"}}]}<\/script>\n<!-- \/ Yoast SEO plugin. -->","yoast_head_json":{"title":"IELTS - egzamin. Cz\u0119\u015bci i budowa | IELTS Polska","description":"Egzamin IELTS - speaking, writing, reading i listening. Dowiedz si\u0119, do jakich cz\u0119\u015bci testu b\u0119dziesz musia\u0142 przyst\u0105pi\u0107, aby otrzyma\u0107 certyfikat. Zapraszamy!","robots":{"index":"index","follow":"follow","max-snippet":"max-snippet:-1","max-image-preview":"max-image-preview:large","max-video-preview":"max-video-preview:-1"},"canonical":"https:\/\/ieltspolska.pl\/pl\/pobierz-bezplatnie\/","og_locale":"pl_PL","og_type":"article","og_title":"IELTS - egzamin. Cz\u0119\u015bci i budowa | IELTS Polska","og_description":"Egzamin IELTS - speaking, writing, reading i listening. Dowiedz si\u0119, do jakich cz\u0119\u015bci testu b\u0119dziesz musia\u0142 przyst\u0105pi\u0107, aby otrzyma\u0107 certyfikat. Zapraszamy!","og_url":"https:\/\/ieltspolska.pl\/pl\/pobierz-bezplatnie\/","og_site_name":"IELTS Polska","article_modified_time":"2021-03-02T14:12:14+00:00","twitter_card":"summary_large_image","schema":{"@context":"https:\/\/schema.org","@graph":[{"@type":"WebPage","@id":"https:\/\/ieltspolska.pl\/pl\/pobierz-bezplatnie\/","url":"https:\/\/ieltspolska.pl\/pl\/pobierz-bezplatnie\/","name":"IELTS - egzamin. Cz\u0119\u015bci i budowa | IELTS Polska","isPartOf":{"@id":"https:\/\/ieltspolska.pl\/pl\/#website"},"datePublished":"2020-03-05T13:58:14+00:00","dateModified":"2021-03-02T14:12:14+00:00","description":"Egzamin IELTS - speaking, writing, reading i listening. Dowiedz si\u0119, do jakich cz\u0119\u015bci testu b\u0119dziesz musia\u0142 przyst\u0105pi\u0107, aby otrzyma\u0107 certyfikat. Zapraszamy!","breadcrumb":{"@id":"https:\/\/ieltspolska.pl\/pl\/pobierz-bezplatnie\/#breadcrumb"},"inLanguage":"pl-PL","potentialAction":[{"@type":"ReadAction","target":["https:\/\/ieltspolska.pl\/pl\/pobierz-bezplatnie\/"]}]},{"@type":"BreadcrumbList","@id":"https:\/\/ieltspolska.pl\/pl\/pobierz-bezplatnie\/#breadcrumb","itemListElement":[{"@type":"ListItem","position":1,"name":"Strona g\u0142\u00f3wna","item":"https:\/\/ieltspolska.pl\/pl\/"},{"@type":"ListItem","position":2,"name":"FREE MATERIALS PL"}]},{"@type":"WebSite","@id":"https:\/\/ieltspolska.pl\/pl\/#website","url":"https:\/\/ieltspolska.pl\/pl\/","name":"IELTS - test akceptowany na ca\u0142ym \u015bwiecie | IELTS Polska","description":"IELTS","publisher":{"@id":"https:\/\/ieltspolska.pl\/pl\/#organization"},"potentialAction":[{"@type":"SearchAction","target":{"@type":"EntryPoint","urlTemplate":"https:\/\/ieltspolska.pl\/pl\/?s={search_term_string}"},"query-input":{"@type":"PropertyValueSpecification","valueRequired":true,"valueName":"search_term_string"}}],"inLanguage":"pl-PL"},{"@type":"Organization","@id":"https:\/\/ieltspolska.pl\/pl\/#organization","name":"IELTS - test akceptowany na ca\u0142ym \u015bwiecie | IELTS Polska","url":"https:\/\/ieltspolska.pl\/pl\/","logo":{"@type":"ImageObject","inLanguage":"pl-PL","@id":"https:\/\/ieltspolska.pl\/pl\/#\/schema\/logo\/image\/","url":"https:\/\/ieltspolska.pl\/wp-content\/uploads\/2019\/03\/ielst.png","contentUrl":"https:\/\/ieltspolska.pl\/wp-content\/uploads\/2019\/03\/ielst.png","width":210,"height":76,"caption":"IELTS - test akceptowany na ca\u0142ym \u015bwiecie | IELTS Polska"},"image":{"@id":"https:\/\/ieltspolska.pl\/pl\/#\/schema\/logo\/image\/"}}]}},"_links":{"self":[{"href":"https:\/\/ieltspolska.pl\/pl\/wp-json\/wp\/v2\/pages\/1297","targetHints":{"allow":["GET"]}}],"collection":[{"href":"https:\/\/ieltspolska.pl\/pl\/wp-json\/wp\/v2\/pages"}],"about":[{"href":"https:\/\/ieltspolska.pl\/pl\/wp-json\/wp\/v2\/types\/page"}],"author":[{"embeddable":true,"href":"https:\/\/ieltspolska.pl\/pl\/wp-json\/wp\/v2\/users\/1"}],"replies":[{"embeddable":true,"href":"https:\/\/ieltspolska.pl\/pl\/wp-json\/wp\/v2\/comments?post=1297"}],"version-history":[{"count":14,"href":"https:\/\/ieltspolska.pl\/pl\/wp-json\/wp\/v2\/pages\/1297\/revisions"}],"predecessor-version":[{"id":1822,"href":"https:\/\/ieltspolska.pl\/pl\/wp-json\/wp\/v2\/pages\/1297\/revisions\/1822"}],"wp:attachment":[{"href":"https:\/\/ieltspolska.pl\/pl\/wp-json\/wp\/v2\/media?parent=1297"}],"wp:term":[{"taxonomy":"folder","embeddable":true,"href":"https:\/\/ieltspolska.pl\/pl\/wp-json\/wp\/v2\/folder?post=1297"}],"curies":[{"name":"wp","href":"https:\/\/api.w.org\/{rel}","templated":true}]}}