{"id":1391,"date":"2020-03-29T13:43:26","date_gmt":"2020-03-29T13:43:26","guid":{"rendered":"https:\/\/ieltspolska.pl\/?page_id=1391"},"modified":"2025-04-03T08:33:51","modified_gmt":"2025-04-03T08:33:51","slug":"ielts-speaking-mock-2","status":"publish","type":"page","link":"https:\/\/ieltspolska.pl\/pl\/ielts-speaking-mock-2\/","title":{"rendered":"IELTS Speaking Practice"},"content":{"rendered":"<style>.wp-block-kadence-advancedheading.kt-adv-heading1391_ad2922-ed, .wp-block-kadence-advancedheading.kt-adv-heading1391_ad2922-ed[data-kb-block=\"kb-adv-heading1391_ad2922-ed\"]{padding-top:var(--global-kb-spacing-xl, 4rem);padding-bottom:var(--global-kb-spacing-xxs, 0.5rem);text-align:center;font-size:var(--global-kb-font-size-lg, 2rem);font-weight:400;font-style:normal;font-family:Poppins;}.wp-block-kadence-advancedheading.kt-adv-heading1391_ad2922-ed mark.kt-highlight, .wp-block-kadence-advancedheading.kt-adv-heading1391_ad2922-ed[data-kb-block=\"kb-adv-heading1391_ad2922-ed\"] mark.kt-highlight{font-style:normal;color:#f76a0c;-webkit-box-decoration-break:clone;box-decoration-break:clone;padding-top:0px;padding-right:0px;padding-bottom:0px;padding-left:0px;}.wp-block-kadence-advancedheading.kt-adv-heading1391_ad2922-ed img.kb-inline-image, .wp-block-kadence-advancedheading.kt-adv-heading1391_ad2922-ed[data-kb-block=\"kb-adv-heading1391_ad2922-ed\"] img.kb-inline-image{width:150px;vertical-align:baseline;}<\/style>\n<h2 class=\"kt-adv-heading1391_ad2922-ed wp-block-kadence-advancedheading has-theme-palette-2-color has-text-color\" data-kb-block=\"kb-adv-heading1391_ad2922-ed\"><strong>IELTS Speaking Practice<\/strong><\/h2>\n\n\n<style>.kadence-column1391_b4e944-18{max-width:70%;margin-left:auto;margin-right:auto;}.wp-block-kadence-column.kb-section-dir-horizontal:not(.kb-section-md-dir-vertical)>.kt-inside-inner-col>.kadence-column1391_b4e944-18{-webkit-flex:0 1 70%;flex:0 1 70%;max-width:unset;margin-left:unset;margin-right:unset;}.kadence-column1391_b4e944-18 > .kt-inside-inner-col{padding-top:var(--global-kb-spacing-lg, 3rem);padding-right:var(--global-kb-spacing-xxl, 5rem);padding-bottom:var(--global-kb-spacing-lg, 3rem);padding-left:var(--global-kb-spacing-xxl, 5rem);}.kadence-column1391_b4e944-18 > .kt-inside-inner-col{box-shadow:0px 0px 14px 0px rgba(0, 0, 0, 0.2);}.kadence-column1391_b4e944-18 > .kt-inside-inner-col,.kadence-column1391_b4e944-18 > .kt-inside-inner-col:before{border-top-left-radius:15px;border-top-right-radius:15px;border-bottom-right-radius:15px;border-bottom-left-radius:15px;}.kadence-column1391_b4e944-18 > .kt-inside-inner-col{column-gap:var(--global-kb-gap-sm, 1rem);}.kadence-column1391_b4e944-18 > .kt-inside-inner-col{flex-direction:column;}.kadence-column1391_b4e944-18 > .kt-inside-inner-col > .aligncenter{width:100%;}.kadence-column1391_b4e944-18 > .kt-inside-inner-col{background-color:var(--global-palette9, #ffffff);}.kadence-column1391_b4e944-18 > .kt-inside-inner-col:before{opacity:0.3;}.kadence-column1391_b4e944-18{position:relative;}@media all and (min-width: 1025px){.wp-block-kadence-column.kb-section-dir-horizontal>.kt-inside-inner-col>.kadence-column1391_b4e944-18{-webkit-flex:0 1 70%;flex:0 1 70%;max-width:unset;margin-left:unset;margin-right:unset;}}@media all and (max-width: 1024px){.kadence-column1391_b4e944-18 > .kt-inside-inner-col{flex-direction:column;justify-content:center;}}@media all and (max-width: 767px){.kadence-column1391_b4e944-18 > .kt-inside-inner-col{display:flex;padding-right:var(--global-kb-spacing-xxs, 0.5rem);padding-left:var(--global-kb-spacing-xxs, 0.5rem);row-gap:var(--global-kb-gap-none, 0rem );flex-direction:column;justify-content:center;align-items:center;}.kadence-column1391_b4e944-18{max-width:90%;margin-left:auto;margin-right:auto;text-align:left;}.wp-block-kadence-column.kb-section-sm-dir-vertical:not(.kb-section-sm-dir-horizontal):not(.kb-section-sm-dir-specificity)>.kt-inside-inner-col>.kadence-column1391_b4e944-18{-webkit-flex:0 1 90%;flex:0 1 90%;}.wp-block-kadence-column>.kt-inside-inner-col>.kadence-column1391_b4e944-18{-webkit-flex:1 90%;flex:1 90%;}.wp-block-kadence-column.kb-section-sm-dir-horizontal>.kt-inside-inner-col>.kadence-column1391_b4e944-18, .wp-block-kadence-column.kb-section-dir-horizontal:not(.kb-section-sm-dir-vertical):not(.kb-section-md-dir-vertical) >.kt-inside-inner-col>.kadence-column1391_b4e944-18{-webkit-flex:0 1 90%;flex:0 1 90%;max-width:unset;margin-left:unset;margin-right:unset;}.kadence-column1391_b4e944-18, .kt-inside-inner-col > .kadence-column1391_b4e944-18:not(.specificity){margin-right:var(--global-kb-spacing-xxs, 0.5rem);margin-left:var(--global-kb-spacing-xxs, 0.5rem);}}<\/style>\n<div class=\"wp-block-kadence-column kadence-column1391_b4e944-18\"><div class=\"kt-inside-inner-col\">\n<p>Zapoznaj si\u0119 szczeg\u00f3\u0142owo z cz\u0119\u015bci\u0105 ustn\u0105 testu IELTS i zarejestruj si\u0119 na sesj\u0119 online&nbsp;<strong>IELTS SPEAKING PRACTICE<\/strong>, kt\u00f3ra przeprowadzana jest na \u017cywo przez do\u015bwiadczonych nauczycieli specjalizuj\u0105cych si\u0119 w przygotowaniu do testu IELTS. Sprawd\u017a swoje umiej\u0119tno\u015bci i zdob\u0105d\u017a pewno\u015b\u0107 siebie, kt\u00f3ra jest niezb\u0119dna w dniu testu!<\/p>\n\n\n\n<p><strong>Sesja IELTS SPEAKING PRACTICE odbywa si\u0119 w czasie rzeczywistym w formule online, a jej g\u0142\u00f3wne cele to:<\/strong><\/p>\n\n\n\n<ul class=\"wp-block-list\">\n<li>zapoznanie z formatem testu<\/li>\n\n\n\n<li>przekazanie u\u017cytecznych wskaz\u00f3wek jak poprawi\u0107 swoj\u0105 wypowied\u017a ustn\u0105<\/li>\n\n\n\n<li>przekazanie aktualnej oceny umiej\u0119tno\u015bci j\u0119zykowych w zakresie m\u00f3wienia<\/li>\n\n\n\n<li>przekazanie rekomendacji dotycz\u0105cych obszar\u00f3w, na kt\u00f3rych nale\u017cy skupi\u0107 si\u0119 w trakcie przygotowania do testu<\/li>\n\n\n\n<li>zwi\u0119kszenie pewno\u015bci siebie przed testem<\/li>\n<\/ul>\n\n\n\n<p><strong>Przyst\u0119puj\u0105cy do sesji IELTS SPEAKING Practice otrzymaj\u0105:<\/strong><\/p>\n\n\n\n<ul class=\"wp-block-list\">\n<li><strong>IELTS SPEAKING TEST GUIDE\u00a0<\/strong>zawieraj\u0105cy om\u00f3wienie testu, typ\u00f3w zada\u0144 oraz wskaz\u00f3wki jak najlepiej przygotowa\u0107 si\u0119 do cz\u0119\u015bci ustnej<\/li>\n\n\n\n<li><strong>IELTS SPEAKING FEEDBACK\u00a0<\/strong>raport zawieraj\u0105cy szczeg\u00f3\u0142ow\u0105 informacj\u0119 zwrotn\u0105 na temat umiej\u0119tno\u015bci j\u0119zykowych Kandydata na podstawie sesji IELTS SPEAKING Practice oraz wskaz\u00f3wki do dalszej nauki<\/li>\n\n\n\n<li>dost\u0119p do nagrania audio z odbytej sesji.<\/li>\n<\/ul>\n\n\n\n<p><strong>CENA: 130 z\u0142 lub 30 euro<\/strong><\/p>\n\n\n\n<p><strong>Kontakt<\/strong>:&nbsp;<a href=\"mailto:ielts.speaking.mock@lang.com.pl\">ielts.speaking.mock@lang.com.pl<\/a><\/p>\n<\/div><\/div>\n","protected":false},"excerpt":{"rendered":"<p>IELTS Speaking Practice Zapoznaj si\u0119 szczeg\u00f3\u0142owo z cz\u0119\u015bci\u0105 ustn\u0105 testu IELTS i zarejestruj si\u0119 na sesj\u0119 online&nbsp;IELTS SPEAKING PRACTICE, kt\u00f3ra przeprowadzana jest na \u017cywo przez do\u015bwiadczonych nauczycieli specjalizuj\u0105cych si\u0119 w przygotowaniu do testu IELTS. Sprawd\u017a swoje umiej\u0119tno\u015bci i zdob\u0105d\u017a pewno\u015b\u0107 siebie, kt\u00f3ra jest niezb\u0119dna w dniu testu! Sesja IELTS SPEAKING PRACTICE odbywa si\u0119 w czasie&#8230;<\/p>\n","protected":false},"author":1,"featured_media":0,"parent":0,"menu_order":0,"comment_status":"closed","ping_status":"closed","template":"","meta":{"_kad_post_transparent":"","_kad_post_title":"","_kad_post_layout":"","_kad_post_sidebar_id":"","_kad_post_content_style":"","_kad_post_vertical_padding":"","_kad_post_feature":"","_kad_post_feature_position":"","_kad_post_header":false,"_kad_post_footer":false,"_kad_post_classname":"","footnotes":""},"folder":[48],"class_list":["post-1391","page","type-page","status-publish","hentry"],"yoast_head":"<!-- This site is optimized with the Yoast SEO plugin v27.3 - https:\/\/yoast.com\/product\/yoast-seo-wordpress\/ -->\n<title>IELTS Speaking Practice - Lekcja na \u017bywo | IELTS Polska<\/title>\n<meta name=\"description\" content=\"Zapoznaj si\u0119 szczeg\u00f3\u0142owo z ustn\u0105 cz\u0119\u015bci\u0105 IELTS, zarejestruj si\u0119 na IELTS Speaking Practice - lekcja prowadzona na \u017cywo przez specjalist\u0119 IELTS.\" \/>\n<meta name=\"robots\" content=\"index, follow, max-snippet:-1, max-image-preview:large, max-video-preview:-1\" \/>\n<link rel=\"canonical\" href=\"https:\/\/ieltspolska.pl\/pl\/ielts-speaking-mock-2\/\" \/>\n<meta property=\"og:locale\" content=\"pl_PL\" \/>\n<meta property=\"og:type\" content=\"article\" \/>\n<meta property=\"og:title\" content=\"IELTS Speaking Practice - Lekcja na \u017bywo | IELTS Polska\" \/>\n<meta property=\"og:description\" content=\"Zapoznaj si\u0119 szczeg\u00f3\u0142owo z ustn\u0105 cz\u0119\u015bci\u0105 IELTS, zarejestruj si\u0119 na IELTS Speaking Practice - lekcja prowadzona na \u017cywo przez specjalist\u0119 IELTS.\" \/>\n<meta property=\"og:url\" content=\"https:\/\/ieltspolska.pl\/pl\/ielts-speaking-mock-2\/\" \/>\n<meta property=\"og:site_name\" content=\"IELTS Polska\" \/>\n<meta property=\"article:modified_time\" content=\"2025-04-03T08:33:51+00:00\" \/>\n<meta name=\"twitter:card\" content=\"summary_large_image\" \/>\n<meta name=\"twitter:label1\" content=\"Szacowany czas czytania\" \/>\n\t<meta name=\"twitter:data1\" content=\"1 minuta\" \/>\n<script type=\"application\/ld+json\" class=\"yoast-schema-graph\">{\"@context\":\"https:\\\/\\\/schema.org\",\"@graph\":[{\"@type\":\"WebPage\",\"@id\":\"https:\\\/\\\/ieltspolska.pl\\\/pl\\\/ielts-speaking-mock-2\\\/\",\"url\":\"https:\\\/\\\/ieltspolska.pl\\\/pl\\\/ielts-speaking-mock-2\\\/\",\"name\":\"IELTS Speaking Practice - Lekcja na \u017bywo | IELTS Polska\",\"isPartOf\":{\"@id\":\"https:\\\/\\\/ieltspolska.pl\\\/pl\\\/#website\"},\"datePublished\":\"2020-03-29T13:43:26+00:00\",\"dateModified\":\"2025-04-03T08:33:51+00:00\",\"description\":\"Zapoznaj si\u0119 szczeg\u00f3\u0142owo z ustn\u0105 cz\u0119\u015bci\u0105 IELTS, zarejestruj si\u0119 na IELTS Speaking Practice - lekcja prowadzona na \u017cywo przez specjalist\u0119 IELTS.\",\"breadcrumb\":{\"@id\":\"https:\\\/\\\/ieltspolska.pl\\\/pl\\\/ielts-speaking-mock-2\\\/#breadcrumb\"},\"inLanguage\":\"pl-PL\",\"potentialAction\":[{\"@type\":\"ReadAction\",\"target\":[\"https:\\\/\\\/ieltspolska.pl\\\/pl\\\/ielts-speaking-mock-2\\\/\"]}]},{\"@type\":\"BreadcrumbList\",\"@id\":\"https:\\\/\\\/ieltspolska.pl\\\/pl\\\/ielts-speaking-mock-2\\\/#breadcrumb\",\"itemListElement\":[{\"@type\":\"ListItem\",\"position\":1,\"name\":\"Strona g\u0142\u00f3wna\",\"item\":\"https:\\\/\\\/ieltspolska.pl\\\/pl\\\/\"},{\"@type\":\"ListItem\",\"position\":2,\"name\":\"IELTS Speaking Practice\"}]},{\"@type\":\"WebSite\",\"@id\":\"https:\\\/\\\/ieltspolska.pl\\\/pl\\\/#website\",\"url\":\"https:\\\/\\\/ieltspolska.pl\\\/pl\\\/\",\"name\":\"IELTS - test akceptowany na ca\u0142ym \u015bwiecie | IELTS Polska\",\"description\":\"IELTS\",\"publisher\":{\"@id\":\"https:\\\/\\\/ieltspolska.pl\\\/pl\\\/#organization\"},\"potentialAction\":[{\"@type\":\"SearchAction\",\"target\":{\"@type\":\"EntryPoint\",\"urlTemplate\":\"https:\\\/\\\/ieltspolska.pl\\\/pl\\\/?s={search_term_string}\"},\"query-input\":{\"@type\":\"PropertyValueSpecification\",\"valueRequired\":true,\"valueName\":\"search_term_string\"}}],\"inLanguage\":\"pl-PL\"},{\"@type\":\"Organization\",\"@id\":\"https:\\\/\\\/ieltspolska.pl\\\/pl\\\/#organization\",\"name\":\"IELTS - test akceptowany na ca\u0142ym \u015bwiecie | IELTS Polska\",\"url\":\"https:\\\/\\\/ieltspolska.pl\\\/pl\\\/\",\"logo\":{\"@type\":\"ImageObject\",\"inLanguage\":\"pl-PL\",\"@id\":\"https:\\\/\\\/ieltspolska.pl\\\/pl\\\/#\\\/schema\\\/logo\\\/image\\\/\",\"url\":\"https:\\\/\\\/ieltspolska.pl\\\/wp-content\\\/uploads\\\/2019\\\/03\\\/ielst.png\",\"contentUrl\":\"https:\\\/\\\/ieltspolska.pl\\\/wp-content\\\/uploads\\\/2019\\\/03\\\/ielst.png\",\"width\":210,\"height\":76,\"caption\":\"IELTS - test akceptowany na ca\u0142ym \u015bwiecie | IELTS Polska\"},\"image\":{\"@id\":\"https:\\\/\\\/ieltspolska.pl\\\/pl\\\/#\\\/schema\\\/logo\\\/image\\\/\"}}]}<\/script>\n<!-- \/ Yoast SEO plugin. -->","yoast_head_json":{"title":"IELTS Speaking Practice - Lekcja na \u017bywo | IELTS Polska","description":"Zapoznaj si\u0119 szczeg\u00f3\u0142owo z ustn\u0105 cz\u0119\u015bci\u0105 IELTS, zarejestruj si\u0119 na IELTS Speaking Practice - lekcja prowadzona na \u017cywo przez specjalist\u0119 IELTS.","robots":{"index":"index","follow":"follow","max-snippet":"max-snippet:-1","max-image-preview":"max-image-preview:large","max-video-preview":"max-video-preview:-1"},"canonical":"https:\/\/ieltspolska.pl\/pl\/ielts-speaking-mock-2\/","og_locale":"pl_PL","og_type":"article","og_title":"IELTS Speaking Practice - Lekcja na \u017bywo | IELTS Polska","og_description":"Zapoznaj si\u0119 szczeg\u00f3\u0142owo z ustn\u0105 cz\u0119\u015bci\u0105 IELTS, zarejestruj si\u0119 na IELTS Speaking Practice - lekcja prowadzona na \u017cywo przez specjalist\u0119 IELTS.","og_url":"https:\/\/ieltspolska.pl\/pl\/ielts-speaking-mock-2\/","og_site_name":"IELTS Polska","article_modified_time":"2025-04-03T08:33:51+00:00","twitter_card":"summary_large_image","twitter_misc":{"Szacowany czas czytania":"1 minuta"},"schema":{"@context":"https:\/\/schema.org","@graph":[{"@type":"WebPage","@id":"https:\/\/ieltspolska.pl\/pl\/ielts-speaking-mock-2\/","url":"https:\/\/ieltspolska.pl\/pl\/ielts-speaking-mock-2\/","name":"IELTS Speaking Practice - Lekcja na \u017bywo | IELTS Polska","isPartOf":{"@id":"https:\/\/ieltspolska.pl\/pl\/#website"},"datePublished":"2020-03-29T13:43:26+00:00","dateModified":"2025-04-03T08:33:51+00:00","description":"Zapoznaj si\u0119 szczeg\u00f3\u0142owo z ustn\u0105 cz\u0119\u015bci\u0105 IELTS, zarejestruj si\u0119 na IELTS Speaking Practice - lekcja prowadzona na \u017cywo przez specjalist\u0119 IELTS.","breadcrumb":{"@id":"https:\/\/ieltspolska.pl\/pl\/ielts-speaking-mock-2\/#breadcrumb"},"inLanguage":"pl-PL","potentialAction":[{"@type":"ReadAction","target":["https:\/\/ieltspolska.pl\/pl\/ielts-speaking-mock-2\/"]}]},{"@type":"BreadcrumbList","@id":"https:\/\/ieltspolska.pl\/pl\/ielts-speaking-mock-2\/#breadcrumb","itemListElement":[{"@type":"ListItem","position":1,"name":"Strona g\u0142\u00f3wna","item":"https:\/\/ieltspolska.pl\/pl\/"},{"@type":"ListItem","position":2,"name":"IELTS Speaking Practice"}]},{"@type":"WebSite","@id":"https:\/\/ieltspolska.pl\/pl\/#website","url":"https:\/\/ieltspolska.pl\/pl\/","name":"IELTS - test akceptowany na ca\u0142ym \u015bwiecie | IELTS Polska","description":"IELTS","publisher":{"@id":"https:\/\/ieltspolska.pl\/pl\/#organization"},"potentialAction":[{"@type":"SearchAction","target":{"@type":"EntryPoint","urlTemplate":"https:\/\/ieltspolska.pl\/pl\/?s={search_term_string}"},"query-input":{"@type":"PropertyValueSpecification","valueRequired":true,"valueName":"search_term_string"}}],"inLanguage":"pl-PL"},{"@type":"Organization","@id":"https:\/\/ieltspolska.pl\/pl\/#organization","name":"IELTS - test akceptowany na ca\u0142ym \u015bwiecie | IELTS Polska","url":"https:\/\/ieltspolska.pl\/pl\/","logo":{"@type":"ImageObject","inLanguage":"pl-PL","@id":"https:\/\/ieltspolska.pl\/pl\/#\/schema\/logo\/image\/","url":"https:\/\/ieltspolska.pl\/wp-content\/uploads\/2019\/03\/ielst.png","contentUrl":"https:\/\/ieltspolska.pl\/wp-content\/uploads\/2019\/03\/ielst.png","width":210,"height":76,"caption":"IELTS - test akceptowany na ca\u0142ym \u015bwiecie | IELTS Polska"},"image":{"@id":"https:\/\/ieltspolska.pl\/pl\/#\/schema\/logo\/image\/"}}]}},"_links":{"self":[{"href":"https:\/\/ieltspolska.pl\/pl\/wp-json\/wp\/v2\/pages\/1391","targetHints":{"allow":["GET"]}}],"collection":[{"href":"https:\/\/ieltspolska.pl\/pl\/wp-json\/wp\/v2\/pages"}],"about":[{"href":"https:\/\/ieltspolska.pl\/pl\/wp-json\/wp\/v2\/types\/page"}],"author":[{"embeddable":true,"href":"https:\/\/ieltspolska.pl\/pl\/wp-json\/wp\/v2\/users\/1"}],"replies":[{"embeddable":true,"href":"https:\/\/ieltspolska.pl\/pl\/wp-json\/wp\/v2\/comments?post=1391"}],"version-history":[{"count":11,"href":"https:\/\/ieltspolska.pl\/pl\/wp-json\/wp\/v2\/pages\/1391\/revisions"}],"predecessor-version":[{"id":3626,"href":"https:\/\/ieltspolska.pl\/pl\/wp-json\/wp\/v2\/pages\/1391\/revisions\/3626"}],"wp:attachment":[{"href":"https:\/\/ieltspolska.pl\/pl\/wp-json\/wp\/v2\/media?parent=1391"}],"wp:term":[{"taxonomy":"folder","embeddable":true,"href":"https:\/\/ieltspolska.pl\/pl\/wp-json\/wp\/v2\/folder?post=1391"}],"curies":[{"name":"wp","href":"https:\/\/api.w.org\/{rel}","templated":true}]}}