{"id":3762,"date":"2019-02-22T11:24:33","date_gmt":"2019-02-22T11:24:33","guid":{"rendered":"https:\/\/ieltspolska.pl\/ielts-scoring-in-detail\/"},"modified":"2025-04-03T20:37:41","modified_gmt":"2025-04-03T20:37:41","slug":"system-oceniania","status":"publish","type":"page","link":"https:\/\/ieltspolska.pl\/pl\/system-oceniania\/","title":{"rendered":"System oceniania"},"content":{"rendered":"\n<div style=\"height:20px\" aria-hidden=\"true\" class=\"wp-block-spacer\"><\/div>\n\n\n<style>.wp-block-kadence-advancedheading.kt-adv-heading3762_53a0e2-90, .wp-block-kadence-advancedheading.kt-adv-heading3762_53a0e2-90[data-kb-block=\"kb-adv-heading3762_53a0e2-90\"]{padding-top:var(--global-kb-spacing-xl, 4rem);padding-bottom:var(--global-kb-spacing-xxs, 0.5rem);text-align:center;font-size:var(--global-kb-font-size-lg, 2rem);font-weight:400;font-style:normal;font-family:Poppins;}.wp-block-kadence-advancedheading.kt-adv-heading3762_53a0e2-90 mark.kt-highlight, .wp-block-kadence-advancedheading.kt-adv-heading3762_53a0e2-90[data-kb-block=\"kb-adv-heading3762_53a0e2-90\"] mark.kt-highlight{font-style:normal;color:#f76a0c;-webkit-box-decoration-break:clone;box-decoration-break:clone;padding-top:0px;padding-right:0px;padding-bottom:0px;padding-left:0px;}.wp-block-kadence-advancedheading.kt-adv-heading3762_53a0e2-90 img.kb-inline-image, .wp-block-kadence-advancedheading.kt-adv-heading3762_53a0e2-90[data-kb-block=\"kb-adv-heading3762_53a0e2-90\"] img.kb-inline-image{width:150px;vertical-align:baseline;}<\/style>\n<h2 class=\"kt-adv-heading3762_53a0e2-90 wp-block-kadence-advancedheading has-theme-palette-2-color has-text-color\" data-kb-block=\"kb-adv-heading3762_53a0e2-90\"><strong>System oceniania<\/strong><\/h2>\n\n\n<style>.kadence-column3762_cbe7ad-be{max-width:70%;margin-left:auto;margin-right:auto;}.wp-block-kadence-column.kb-section-dir-horizontal:not(.kb-section-md-dir-vertical)>.kt-inside-inner-col>.kadence-column3762_cbe7ad-be{-webkit-flex:0 1 70%;flex:0 1 70%;max-width:unset;margin-left:unset;margin-right:unset;}.kadence-column3762_cbe7ad-be > .kt-inside-inner-col{padding-top:var(--global-kb-spacing-lg, 3rem);padding-right:var(--global-kb-spacing-xxl, 5rem);padding-bottom:var(--global-kb-spacing-lg, 3rem);padding-left:var(--global-kb-spacing-xxl, 5rem);}.kadence-column3762_cbe7ad-be > .kt-inside-inner-col{box-shadow:0px 0px 14px 0px rgba(0, 0, 0, 0.2);}.kadence-column3762_cbe7ad-be > .kt-inside-inner-col,.kadence-column3762_cbe7ad-be > .kt-inside-inner-col:before{border-top-left-radius:15px;border-top-right-radius:15px;border-bottom-right-radius:15px;border-bottom-left-radius:15px;}.kadence-column3762_cbe7ad-be > .kt-inside-inner-col{column-gap:var(--global-kb-gap-sm, 1rem);}.kadence-column3762_cbe7ad-be > .kt-inside-inner-col{flex-direction:column;}.kadence-column3762_cbe7ad-be > .kt-inside-inner-col > .aligncenter{width:100%;}.kadence-column3762_cbe7ad-be > .kt-inside-inner-col{background-color:var(--global-palette9, #ffffff);}.kadence-column3762_cbe7ad-be > .kt-inside-inner-col:before{opacity:0.3;}.kadence-column3762_cbe7ad-be{position:relative;}@media all and (min-width: 1025px){.wp-block-kadence-column.kb-section-dir-horizontal>.kt-inside-inner-col>.kadence-column3762_cbe7ad-be{-webkit-flex:0 1 70%;flex:0 1 70%;max-width:unset;margin-left:unset;margin-right:unset;}}@media all and (max-width: 1024px){.kadence-column3762_cbe7ad-be > .kt-inside-inner-col{flex-direction:column;justify-content:center;}}@media all and (max-width: 767px){.kadence-column3762_cbe7ad-be > .kt-inside-inner-col{display:flex;padding-right:var(--global-kb-spacing-xxs, 0.5rem);padding-left:var(--global-kb-spacing-xxs, 0.5rem);row-gap:var(--global-kb-gap-none, 0rem );flex-direction:column;justify-content:center;align-items:center;}.kadence-column3762_cbe7ad-be{max-width:90%;margin-left:auto;margin-right:auto;text-align:left;}.wp-block-kadence-column.kb-section-sm-dir-vertical:not(.kb-section-sm-dir-horizontal):not(.kb-section-sm-dir-specificity)>.kt-inside-inner-col>.kadence-column3762_cbe7ad-be{-webkit-flex:0 1 90%;flex:0 1 90%;}.wp-block-kadence-column>.kt-inside-inner-col>.kadence-column3762_cbe7ad-be{-webkit-flex:1 90%;flex:1 90%;}.wp-block-kadence-column.kb-section-sm-dir-horizontal>.kt-inside-inner-col>.kadence-column3762_cbe7ad-be, .wp-block-kadence-column.kb-section-dir-horizontal:not(.kb-section-sm-dir-vertical):not(.kb-section-md-dir-vertical) >.kt-inside-inner-col>.kadence-column3762_cbe7ad-be{-webkit-flex:0 1 90%;flex:0 1 90%;max-width:unset;margin-left:unset;margin-right:unset;}.kadence-column3762_cbe7ad-be, .kt-inside-inner-col > .kadence-column3762_cbe7ad-be:not(.specificity){margin-right:var(--global-kb-spacing-xxs, 0.5rem);margin-left:var(--global-kb-spacing-xxs, 0.5rem);}}<\/style>\n<div class=\"wp-block-kadence-column kadence-column3762_cbe7ad-be\"><div class=\"kt-inside-inner-col\">\n<p>Wyniki testu IELTS Academic and General Training s\u0105 raportowane przy u\u017cyciu tej samej dziewi\u0119ciostopniowej skali. Mo\u017cna uzyska\u0107 pe\u0142n\u0105 ocen\u0119&nbsp; (na przyk\u0142ad 5.0, 6.0, 7.0) lub po\u0142\u00f3wk\u0119 (np. 5.5, 6.5, 7.5).<\/p>\n\n\n\n<p>Test Report Form pokazuje wynik dla ka\u017cdej z czterech cz\u0119\u015bci testowych (s\u0142uchanie, czytanie, pisanie i m\u00f3wienie) osobno, jak r\u00f3wnie\u017c wynik og\u00f3lny, kt\u00f3ry jest \u015bredni\u0105 z czterech wynik\u00f3w sk\u0142adowych, zaokr\u0105glonych do najbli\u017cszej&nbsp; oceny pe\u0142nej lub po\u0142\u00f3wki. Ka\u017cda cz\u0119\u015b\u0107 ma tak\u0105 sam\u0105 wag\u0119. Je\u015bli \u015brednia z czterech wynik\u00f3w ma ko\u0144c\u00f3wk\u0119 .25, to og\u00f3lny wynik jest zaokr\u0105glany w g\u00f3r\u0119 do po\u0142\u00f3wki. Je\u015bli wynik ko\u0144czy si\u0119 na .75, ocena og\u00f3lna zaokr\u0105glana jest w g\u00f3r\u0119, &nbsp;do nast\u0119pnej ca\u0142ej oceny.<\/p>\n\n\n\n<h2 class=\"wp-block-heading\">Oceny z poszczeg\u00f3lnych komponent\u00f3w<\/h2>\n\n\n\n<p><strong>S\u0142uchanie<\/strong>&nbsp;\u2013 sk\u0142ada si\u0119 z 40 pyta\u0144. Ka\u017cda poprawna odpowied\u017a to jeden punkt. Wyniki z 40 zada\u0144 przypisywane &nbsp;s\u0105 do dziewi\u0119ciostopniowej skali IELTS.<\/p>\n\n\n\n<p><strong>Czytanie<\/strong>&nbsp;\u2013 sk\u0142ada si\u0119 z 40 pyta\u0144. Ka\u017cda poprawna odpowied\u017a ma wag\u0119 jednego punktu. Wyniki z 40 zada\u0144 przypisywane &nbsp;do dziewi\u0119ciostopniowej skali IELTS.<\/p>\n\n\n\n<p>Poni\u017csze tabele przedstawiaj\u0105 \u015bredni\u0105 liczb\u0119 punkt\u00f3w wymaganych do uzyskania okre\u015blonego wynik\u00f3w w poszczeg\u00f3lnych cz\u0119\u015bciach.<\/p>\n\n\n\n<div class=\"table-container\" style=\"max-width: 1000px; margin: 2rem auto;\">\n  <table style=\"width: 100%; border-collapse: collapse; font-family: 'Open Sans', sans-serif;\">\n    <thead>\n      <tr style=\"background-color: #f5f5f5;\">\n        <th style=\"text-align: left; padding: 12px; font-family: 'Poppins', sans-serif; font-weight: 600; font-size: 1.1rem; color: #E31837;\">Listening A &#038; GT<br>Band Score<\/th>\n        <th style=\"text-align: left; padding: 12px; font-family: 'Poppins', sans-serif; font-weight: 600; font-size: 1.1rem; color: #E31837;\">Raw score out of 40<\/th>\n        <th style=\"text-align: left; padding: 12px; font-family: 'Poppins', sans-serif; font-weight: 600; font-size: 1.1rem; color: #E31837;\">Reading Academic<br>Band Score<\/th>\n        <th style=\"text-align: left; padding: 12px; font-family: 'Poppins', sans-serif; font-weight: 600; font-size: 1.1rem; color: #E31837;\">Raw score out of 40<\/th>\n        <th style=\"text-align: left; padding: 12px; font-family: 'Poppins', sans-serif; font-weight: 600; font-size: 1.1rem; color: #E31837;\">Reading General<br>Band Score<\/th>\n        <th style=\"text-align: left; padding: 12px; font-family: 'Poppins', sans-serif; font-weight: 600; font-size: 1.1rem; color: #E31837;\">Raw score out of 40<\/th>\n      <\/tr>\n    <\/thead>\n    <tbody>\n      <tr>\n        <td style=\"padding: 10px;\">5.0<\/td>\n        <td style=\"padding: 10px;\">16<\/td>\n        <td style=\"padding: 10px;\">5.0<\/td>\n        <td style=\"padding: 10px;\">15<\/td>\n        <td style=\"padding: 10px;\">5.0<\/td>\n        <td style=\"padding: 10px;\">23<\/td>\n      <\/tr>\n      <tr style=\"background-color: #f9f9f9;\">\n        <td style=\"padding: 10px;\">6.0<\/td>\n        <td style=\"padding: 10px;\">23<\/td>\n        <td style=\"padding: 10px;\">6.0<\/td>\n        <td style=\"padding: 10px;\">23<\/td>\n        <td style=\"padding: 10px;\">6.0<\/td>\n        <td style=\"padding: 10px;\">30<\/td>\n      <\/tr>\n      <tr>\n        <td style=\"padding: 10px;\">7.0<\/td>\n        <td style=\"padding: 10px;\">30<\/td>\n        <td style=\"padding: 10px;\">7.0<\/td>\n        <td style=\"padding: 10px;\">30<\/td>\n        <td style=\"padding: 10px;\">7.0<\/td>\n        <td style=\"padding: 10px;\">34<\/td>\n      <\/tr>\n      <tr style=\"background-color: #f9f9f9;\">\n        <td style=\"padding: 10px;\">8.0<\/td>\n        <td style=\"padding: 10px;\">35<\/td>\n        <td style=\"padding: 10px;\">8.0<\/td>\n        <td style=\"padding: 10px;\">35<\/td>\n        <td style=\"padding: 10px;\">8.0<\/td>\n        <td style=\"padding: 10px;\">38<\/td>\n      <\/tr>\n    <\/tbody>\n  <\/table>\n<\/div>\n\n\n\n<p><strong>Writing<\/strong>&nbsp;\u2013 \u200b Egzaminatorzy korzystaj\u0105 z r\u00f3\u017cnorodnych kryteri\u00f3w oceny, kt\u00f3re s\u0105 r\u00f3wnomiernie wa\u017cone, a wynik og\u00f3lny jest ich \u015bredni\u0105.<\/p>\n\n\n\n<p><strong>Speaking<\/strong>&nbsp;\u2013 Egzaminatorzy korzystaj\u0105 z r\u00f3\u017cnorodnych kryteri\u00f3w oceny, kt\u00f3re s\u0105 r\u00f3wnomiernie wa\u017cone, a wynik og\u00f3lny jest ich \u015bredni\u0105.<\/p>\n<\/div><\/div>\n","protected":false},"excerpt":{"rendered":"<p>System oceniania Wyniki testu IELTS Academic and General Training s\u0105 raportowane przy u\u017cyciu tej samej dziewi\u0119ciostopniowej skali. Mo\u017cna uzyska\u0107 pe\u0142n\u0105 ocen\u0119&nbsp; (na przyk\u0142ad 5.0, 6.0, 7.0) lub po\u0142\u00f3wk\u0119 (np. 5.5, 6.5, 7.5). Test Report Form pokazuje wynik dla ka\u017cdej z czterech cz\u0119\u015bci testowych (s\u0142uchanie, czytanie, pisanie i m\u00f3wienie) osobno, jak r\u00f3wnie\u017c wynik og\u00f3lny, kt\u00f3ry jest&#8230;<\/p>\n","protected":false},"author":1,"featured_media":0,"parent":0,"menu_order":0,"comment_status":"closed","ping_status":"closed","template":"","meta":{"_kad_post_transparent":"","_kad_post_title":"","_kad_post_layout":"","_kad_post_sidebar_id":"","_kad_post_content_style":"","_kad_post_vertical_padding":"","_kad_post_feature":"","_kad_post_feature_position":"","_kad_post_header":false,"_kad_post_footer":false,"_kad_post_classname":"","footnotes":""},"folder":[48],"class_list":["post-3762","page","type-page","status-publish","hentry"],"yoast_head":"<!-- This site is optimized with the Yoast SEO plugin v27.3 - https:\/\/yoast.com\/product\/yoast-seo-wordpress\/ -->\n<title>System oceniania - IELTS Polska<\/title>\n<meta name=\"robots\" content=\"index, follow, max-snippet:-1, max-image-preview:large, max-video-preview:-1\" \/>\n<link rel=\"canonical\" href=\"https:\/\/ieltspolska.pl\/pl\/system-oceniania\/\" \/>\n<meta property=\"og:locale\" content=\"pl_PL\" \/>\n<meta property=\"og:type\" content=\"article\" \/>\n<meta property=\"og:title\" content=\"System oceniania - IELTS Polska\" \/>\n<meta property=\"og:description\" content=\"System oceniania Wyniki testu IELTS Academic and General Training s\u0105 raportowane przy u\u017cyciu tej samej dziewi\u0119ciostopniowej skali. Mo\u017cna uzyska\u0107 pe\u0142n\u0105 ocen\u0119&nbsp; (na przyk\u0142ad 5.0, 6.0, 7.0) lub po\u0142\u00f3wk\u0119 (np. 5.5, 6.5, 7.5). Test Report Form pokazuje wynik dla ka\u017cdej z czterech cz\u0119\u015bci testowych (s\u0142uchanie, czytanie, pisanie i m\u00f3wienie) osobno, jak r\u00f3wnie\u017c wynik og\u00f3lny, kt\u00f3ry jest...\" \/>\n<meta property=\"og:url\" content=\"https:\/\/ieltspolska.pl\/pl\/system-oceniania\/\" \/>\n<meta property=\"og:site_name\" content=\"IELTS Polska\" \/>\n<meta property=\"article:modified_time\" content=\"2025-04-03T20:37:41+00:00\" \/>\n<meta name=\"twitter:card\" content=\"summary_large_image\" \/>\n<meta name=\"twitter:label1\" content=\"Szacowany czas czytania\" \/>\n\t<meta name=\"twitter:data1\" content=\"2 minuty\" \/>\n<script type=\"application\/ld+json\" class=\"yoast-schema-graph\">{\"@context\":\"https:\\\/\\\/schema.org\",\"@graph\":[{\"@type\":\"WebPage\",\"@id\":\"https:\\\/\\\/ieltspolska.pl\\\/pl\\\/system-oceniania\\\/\",\"url\":\"https:\\\/\\\/ieltspolska.pl\\\/pl\\\/system-oceniania\\\/\",\"name\":\"System oceniania - IELTS Polska\",\"isPartOf\":{\"@id\":\"https:\\\/\\\/ieltspolska.pl\\\/pl\\\/#website\"},\"datePublished\":\"2019-02-22T11:24:33+00:00\",\"dateModified\":\"2025-04-03T20:37:41+00:00\",\"breadcrumb\":{\"@id\":\"https:\\\/\\\/ieltspolska.pl\\\/pl\\\/system-oceniania\\\/#breadcrumb\"},\"inLanguage\":\"pl-PL\",\"potentialAction\":[{\"@type\":\"ReadAction\",\"target\":[\"https:\\\/\\\/ieltspolska.pl\\\/pl\\\/system-oceniania\\\/\"]}]},{\"@type\":\"BreadcrumbList\",\"@id\":\"https:\\\/\\\/ieltspolska.pl\\\/pl\\\/system-oceniania\\\/#breadcrumb\",\"itemListElement\":[{\"@type\":\"ListItem\",\"position\":1,\"name\":\"Strona g\u0142\u00f3wna\",\"item\":\"https:\\\/\\\/ieltspolska.pl\\\/pl\\\/\"},{\"@type\":\"ListItem\",\"position\":2,\"name\":\"System oceniania\"}]},{\"@type\":\"WebSite\",\"@id\":\"https:\\\/\\\/ieltspolska.pl\\\/pl\\\/#website\",\"url\":\"https:\\\/\\\/ieltspolska.pl\\\/pl\\\/\",\"name\":\"IELTS - test akceptowany na ca\u0142ym \u015bwiecie | IELTS Polska\",\"description\":\"IELTS\",\"publisher\":{\"@id\":\"https:\\\/\\\/ieltspolska.pl\\\/pl\\\/#organization\"},\"potentialAction\":[{\"@type\":\"SearchAction\",\"target\":{\"@type\":\"EntryPoint\",\"urlTemplate\":\"https:\\\/\\\/ieltspolska.pl\\\/pl\\\/?s={search_term_string}\"},\"query-input\":{\"@type\":\"PropertyValueSpecification\",\"valueRequired\":true,\"valueName\":\"search_term_string\"}}],\"inLanguage\":\"pl-PL\"},{\"@type\":\"Organization\",\"@id\":\"https:\\\/\\\/ieltspolska.pl\\\/pl\\\/#organization\",\"name\":\"IELTS - test akceptowany na ca\u0142ym \u015bwiecie | IELTS Polska\",\"url\":\"https:\\\/\\\/ieltspolska.pl\\\/pl\\\/\",\"logo\":{\"@type\":\"ImageObject\",\"inLanguage\":\"pl-PL\",\"@id\":\"https:\\\/\\\/ieltspolska.pl\\\/pl\\\/#\\\/schema\\\/logo\\\/image\\\/\",\"url\":\"https:\\\/\\\/ieltspolska.pl\\\/wp-content\\\/uploads\\\/2019\\\/03\\\/ielst.png\",\"contentUrl\":\"https:\\\/\\\/ieltspolska.pl\\\/wp-content\\\/uploads\\\/2019\\\/03\\\/ielst.png\",\"width\":210,\"height\":76,\"caption\":\"IELTS - test akceptowany na ca\u0142ym \u015bwiecie | IELTS Polska\"},\"image\":{\"@id\":\"https:\\\/\\\/ieltspolska.pl\\\/pl\\\/#\\\/schema\\\/logo\\\/image\\\/\"}}]}<\/script>\n<!-- \/ Yoast SEO plugin. -->","yoast_head_json":{"title":"System oceniania - IELTS Polska","robots":{"index":"index","follow":"follow","max-snippet":"max-snippet:-1","max-image-preview":"max-image-preview:large","max-video-preview":"max-video-preview:-1"},"canonical":"https:\/\/ieltspolska.pl\/pl\/system-oceniania\/","og_locale":"pl_PL","og_type":"article","og_title":"System oceniania - IELTS Polska","og_description":"System oceniania Wyniki testu IELTS Academic and General Training s\u0105 raportowane przy u\u017cyciu tej samej dziewi\u0119ciostopniowej skali. Mo\u017cna uzyska\u0107 pe\u0142n\u0105 ocen\u0119&nbsp; (na przyk\u0142ad 5.0, 6.0, 7.0) lub po\u0142\u00f3wk\u0119 (np. 5.5, 6.5, 7.5). Test Report Form pokazuje wynik dla ka\u017cdej z czterech cz\u0119\u015bci testowych (s\u0142uchanie, czytanie, pisanie i m\u00f3wienie) osobno, jak r\u00f3wnie\u017c wynik og\u00f3lny, kt\u00f3ry jest...","og_url":"https:\/\/ieltspolska.pl\/pl\/system-oceniania\/","og_site_name":"IELTS Polska","article_modified_time":"2025-04-03T20:37:41+00:00","twitter_card":"summary_large_image","twitter_misc":{"Szacowany czas czytania":"2 minuty"},"schema":{"@context":"https:\/\/schema.org","@graph":[{"@type":"WebPage","@id":"https:\/\/ieltspolska.pl\/pl\/system-oceniania\/","url":"https:\/\/ieltspolska.pl\/pl\/system-oceniania\/","name":"System oceniania - IELTS Polska","isPartOf":{"@id":"https:\/\/ieltspolska.pl\/pl\/#website"},"datePublished":"2019-02-22T11:24:33+00:00","dateModified":"2025-04-03T20:37:41+00:00","breadcrumb":{"@id":"https:\/\/ieltspolska.pl\/pl\/system-oceniania\/#breadcrumb"},"inLanguage":"pl-PL","potentialAction":[{"@type":"ReadAction","target":["https:\/\/ieltspolska.pl\/pl\/system-oceniania\/"]}]},{"@type":"BreadcrumbList","@id":"https:\/\/ieltspolska.pl\/pl\/system-oceniania\/#breadcrumb","itemListElement":[{"@type":"ListItem","position":1,"name":"Strona g\u0142\u00f3wna","item":"https:\/\/ieltspolska.pl\/pl\/"},{"@type":"ListItem","position":2,"name":"System oceniania"}]},{"@type":"WebSite","@id":"https:\/\/ieltspolska.pl\/pl\/#website","url":"https:\/\/ieltspolska.pl\/pl\/","name":"IELTS - test akceptowany na ca\u0142ym \u015bwiecie | IELTS Polska","description":"IELTS","publisher":{"@id":"https:\/\/ieltspolska.pl\/pl\/#organization"},"potentialAction":[{"@type":"SearchAction","target":{"@type":"EntryPoint","urlTemplate":"https:\/\/ieltspolska.pl\/pl\/?s={search_term_string}"},"query-input":{"@type":"PropertyValueSpecification","valueRequired":true,"valueName":"search_term_string"}}],"inLanguage":"pl-PL"},{"@type":"Organization","@id":"https:\/\/ieltspolska.pl\/pl\/#organization","name":"IELTS - test akceptowany na ca\u0142ym \u015bwiecie | IELTS Polska","url":"https:\/\/ieltspolska.pl\/pl\/","logo":{"@type":"ImageObject","inLanguage":"pl-PL","@id":"https:\/\/ieltspolska.pl\/pl\/#\/schema\/logo\/image\/","url":"https:\/\/ieltspolska.pl\/wp-content\/uploads\/2019\/03\/ielst.png","contentUrl":"https:\/\/ieltspolska.pl\/wp-content\/uploads\/2019\/03\/ielst.png","width":210,"height":76,"caption":"IELTS - test akceptowany na ca\u0142ym \u015bwiecie | IELTS Polska"},"image":{"@id":"https:\/\/ieltspolska.pl\/pl\/#\/schema\/logo\/image\/"}}]}},"_links":{"self":[{"href":"https:\/\/ieltspolska.pl\/pl\/wp-json\/wp\/v2\/pages\/3762","targetHints":{"allow":["GET"]}}],"collection":[{"href":"https:\/\/ieltspolska.pl\/pl\/wp-json\/wp\/v2\/pages"}],"about":[{"href":"https:\/\/ieltspolska.pl\/pl\/wp-json\/wp\/v2\/types\/page"}],"author":[{"embeddable":true,"href":"https:\/\/ieltspolska.pl\/pl\/wp-json\/wp\/v2\/users\/1"}],"replies":[{"embeddable":true,"href":"https:\/\/ieltspolska.pl\/pl\/wp-json\/wp\/v2\/comments?post=3762"}],"version-history":[{"count":1,"href":"https:\/\/ieltspolska.pl\/pl\/wp-json\/wp\/v2\/pages\/3762\/revisions"}],"predecessor-version":[{"id":3763,"href":"https:\/\/ieltspolska.pl\/pl\/wp-json\/wp\/v2\/pages\/3762\/revisions\/3763"}],"wp:attachment":[{"href":"https:\/\/ieltspolska.pl\/pl\/wp-json\/wp\/v2\/media?parent=3762"}],"wp:term":[{"taxonomy":"folder","embeddable":true,"href":"https:\/\/ieltspolska.pl\/pl\/wp-json\/wp\/v2\/folder?post=3762"}],"curies":[{"name":"wp","href":"https:\/\/api.w.org\/{rel}","templated":true}]}}