{"id":728,"date":"2019-03-04T13:08:31","date_gmt":"2019-03-04T13:08:31","guid":{"rendered":"https:\/\/ieltspolska.pl\/?page_id=728"},"modified":"2025-03-12T10:22:54","modified_gmt":"2025-03-12T10:22:54","slug":"zabezpieczenia-testu-ielts","status":"publish","type":"page","link":"https:\/\/ieltspolska.pl\/pl\/zabezpieczenia-testu-ielts\/","title":{"rendered":"Zabezpieczenia testu IELTS"},"content":{"rendered":"\n<div style=\"height:20px\" aria-hidden=\"true\" class=\"wp-block-spacer\"><\/div>\n\n\n<style>.wp-block-kadence-advancedheading.kt-adv-heading728_dead94-26, .wp-block-kadence-advancedheading.kt-adv-heading728_dead94-26[data-kb-block=\"kb-adv-heading728_dead94-26\"]{text-align:center;font-size:30px;font-weight:600;font-style:normal;font-family:Poppins;}.wp-block-kadence-advancedheading.kt-adv-heading728_dead94-26 mark.kt-highlight, .wp-block-kadence-advancedheading.kt-adv-heading728_dead94-26[data-kb-block=\"kb-adv-heading728_dead94-26\"] mark.kt-highlight{font-style:normal;color:#f76a0c;-webkit-box-decoration-break:clone;box-decoration-break:clone;padding-top:0px;padding-right:0px;padding-bottom:0px;padding-left:0px;}.wp-block-kadence-advancedheading.kt-adv-heading728_dead94-26 img.kb-inline-image, .wp-block-kadence-advancedheading.kt-adv-heading728_dead94-26[data-kb-block=\"kb-adv-heading728_dead94-26\"] img.kb-inline-image{width:150px;vertical-align:baseline;}<\/style>\n<h1 class=\"kt-adv-heading728_dead94-26 wp-block-kadence-advancedheading has-theme-palette-2-color has-text-color\" data-kb-block=\"kb-adv-heading728_dead94-26\">&nbsp;Zabezpieczenia testu IELTS<\/h1>\n\n\n\n<figure class=\"wp-block-image alignfull size-full\"><a href=\"https:\/\/ieltspolska.pl\/wp-content\/uploads\/2025\/03\/Centrum-Szkolen-i-Egzaminow-Jezykowych-3.png\"><img loading=\"lazy\" decoding=\"async\" width=\"3200\" height=\"600\" src=\"https:\/\/ieltspolska.pl\/wp-content\/uploads\/2025\/03\/Centrum-Szkolen-i-Egzaminow-Jezykowych-3.png\" alt=\"\" class=\"wp-image-3277\" srcset=\"https:\/\/ieltspolska.pl\/wp-content\/uploads\/2025\/03\/Centrum-Szkolen-i-Egzaminow-Jezykowych-3.png 3200w, https:\/\/ieltspolska.pl\/wp-content\/uploads\/2025\/03\/Centrum-Szkolen-i-Egzaminow-Jezykowych-3-300x56.png 300w, https:\/\/ieltspolska.pl\/wp-content\/uploads\/2025\/03\/Centrum-Szkolen-i-Egzaminow-Jezykowych-3-1024x192.png 1024w, https:\/\/ieltspolska.pl\/wp-content\/uploads\/2025\/03\/Centrum-Szkolen-i-Egzaminow-Jezykowych-3-768x144.png 768w, https:\/\/ieltspolska.pl\/wp-content\/uploads\/2025\/03\/Centrum-Szkolen-i-Egzaminow-Jezykowych-3-1536x288.png 1536w, https:\/\/ieltspolska.pl\/wp-content\/uploads\/2025\/03\/Centrum-Szkolen-i-Egzaminow-Jezykowych-3-2048x384.png 2048w\" sizes=\"auto, (max-width: 3200px) 100vw, 3200px\" \/><\/a><\/figure>\n\n\n<style>.kadence-column728_ab2294-69{max-width:70%;margin-left:auto;margin-right:auto;}.wp-block-kadence-column.kb-section-dir-horizontal:not(.kb-section-md-dir-vertical)>.kt-inside-inner-col>.kadence-column728_ab2294-69{-webkit-flex:0 1 70%;flex:0 1 70%;max-width:unset;margin-left:unset;margin-right:unset;}.kadence-column728_ab2294-69 > .kt-inside-inner-col{padding-top:var(--global-kb-spacing-lg, 3rem);padding-right:var(--global-kb-spacing-xxl, 5rem);padding-bottom:var(--global-kb-spacing-lg, 3rem);padding-left:var(--global-kb-spacing-xxl, 5rem);}.kadence-column728_ab2294-69 > .kt-inside-inner-col{box-shadow:0px 0px 14px 0px rgba(0, 0, 0, 0.2);}.kadence-column728_ab2294-69 > .kt-inside-inner-col,.kadence-column728_ab2294-69 > .kt-inside-inner-col:before{border-top-left-radius:15px;border-top-right-radius:15px;border-bottom-right-radius:15px;border-bottom-left-radius:15px;}.kadence-column728_ab2294-69 > .kt-inside-inner-col{column-gap:var(--global-kb-gap-sm, 1rem);}.kadence-column728_ab2294-69 > .kt-inside-inner-col{flex-direction:column;}.kadence-column728_ab2294-69 > .kt-inside-inner-col > .aligncenter{width:100%;}.kadence-column728_ab2294-69 > .kt-inside-inner-col{background-color:var(--global-palette9, #ffffff);}.kadence-column728_ab2294-69 > .kt-inside-inner-col:before{opacity:0.3;}.kadence-column728_ab2294-69{position:relative;}@media all and (min-width: 1025px){.wp-block-kadence-column.kb-section-dir-horizontal>.kt-inside-inner-col>.kadence-column728_ab2294-69{-webkit-flex:0 1 70%;flex:0 1 70%;max-width:unset;margin-left:unset;margin-right:unset;}}@media all and (max-width: 1024px){.kadence-column728_ab2294-69 > .kt-inside-inner-col{flex-direction:column;justify-content:center;}}@media all and (max-width: 767px){.kadence-column728_ab2294-69 > .kt-inside-inner-col{display:flex;padding-right:var(--global-kb-spacing-xxs, 0.5rem);padding-left:var(--global-kb-spacing-xxs, 0.5rem);row-gap:var(--global-kb-gap-none, 0rem );flex-direction:column;justify-content:center;align-items:center;}.kadence-column728_ab2294-69{max-width:90%;margin-left:auto;margin-right:auto;text-align:left;}.wp-block-kadence-column.kb-section-sm-dir-vertical:not(.kb-section-sm-dir-horizontal):not(.kb-section-sm-dir-specificity)>.kt-inside-inner-col>.kadence-column728_ab2294-69{-webkit-flex:0 1 90%;flex:0 1 90%;}.wp-block-kadence-column>.kt-inside-inner-col>.kadence-column728_ab2294-69{-webkit-flex:1 90%;flex:1 90%;}.wp-block-kadence-column.kb-section-sm-dir-horizontal>.kt-inside-inner-col>.kadence-column728_ab2294-69, .wp-block-kadence-column.kb-section-dir-horizontal:not(.kb-section-sm-dir-vertical):not(.kb-section-md-dir-vertical) >.kt-inside-inner-col>.kadence-column728_ab2294-69{-webkit-flex:0 1 90%;flex:0 1 90%;max-width:unset;margin-left:unset;margin-right:unset;}.kadence-column728_ab2294-69, .kt-inside-inner-col > .kadence-column728_ab2294-69:not(.specificity){margin-right:var(--global-kb-spacing-xxs, 0.5rem);margin-left:var(--global-kb-spacing-xxs, 0.5rem);}}<\/style>\n<div class=\"wp-block-kadence-column kadence-column728_ab2294-69\"><div class=\"kt-inside-inner-col\"><style>.wp-block-kadence-advancedheading.kt-adv-heading728_14cf74-b8, .wp-block-kadence-advancedheading.kt-adv-heading728_14cf74-b8[data-kb-block=\"kb-adv-heading728_14cf74-b8\"]{text-align:center;font-size:22px;font-weight:400;font-style:normal;font-family:Poppins;}.wp-block-kadence-advancedheading.kt-adv-heading728_14cf74-b8 mark.kt-highlight, .wp-block-kadence-advancedheading.kt-adv-heading728_14cf74-b8[data-kb-block=\"kb-adv-heading728_14cf74-b8\"] mark.kt-highlight{font-style:normal;color:#f76a0c;-webkit-box-decoration-break:clone;box-decoration-break:clone;padding-top:0px;padding-right:0px;padding-bottom:0px;padding-left:0px;}.wp-block-kadence-advancedheading.kt-adv-heading728_14cf74-b8 img.kb-inline-image, .wp-block-kadence-advancedheading.kt-adv-heading728_14cf74-b8[data-kb-block=\"kb-adv-heading728_14cf74-b8\"] img.kb-inline-image{width:150px;vertical-align:baseline;}<\/style>\n<p class=\"kt-adv-heading728_14cf74-b8 wp-block-kadence-advancedheading has-theme-palette-1-color has-text-color\" data-kb-block=\"kb-adv-heading728_14cf74-b8\"><strong>Alert bezpiecze\u0144stwa!<\/strong><\/p>\n\n\n\n<p class=\"has-text-align-center\">Tw\u00f3j sukces zaczyna si\u0119 od IELTS.<br>Nie ryzykuj swojej przysz\u0142o\u015bci przez pr\u00f3b\u0119 jakiegokolwiek oszustwa.<\/p>\n\n\n\n<p><strong>Prosimy:<\/strong><\/p>\n\n\n\n<ul class=\"wp-block-list\">\n<li>Nie ufaj nikomu kto oferuje, \u017ce zda test IELTS za Ciebie.<\/li>\n\n\n\n<li>Nie ufaj komu, kto oferuje Ci rejestracj\u0119 na test IELTS z rabatem.<\/li>\n\n\n\n<li>Nie ufaj nikomu, kto oferuje, \u017ce sprzeda Ci TRF IELTS, poniewa\u017c te obietnice s\u0105 fa\u0142szywe.<\/li>\n\n\n\n<li>Nie wystawiaj na ryzyko swojej uczciwo\u015bci i przysz\u0142o\u015bci pr\u00f3buj\u0105c oszukiwa\u0107 w jakikolwiek spos\u00f3b.<\/li>\n<\/ul>\n\n\n\n<p>Wyniki testu IELTS s\u0105 wykorzystywane na potrzeby rekrutacji na uniwersytety, do kolegi\u00f3w &nbsp;i r\u00f3\u017cnego typu organizacji zawodowych, a tak\u017ce do imigracji do kraj\u00f3w angloj\u0119zycznych. Z tego powodu konieczne jest zapewnienie rzetelno\u015bci i prawdziwo\u015bci wynik\u00f3w test\u00f3w, dlatego te\u017c &nbsp;IELTS stosuje szereg \u015brodk\u00f3w w celu zabezpieczenia przed fa\u0142szowaniem wynik\u00f3w.<\/p>\n\n\n\n<p>W dniu twojego testu IELTS zostanie wykonane twoje zdj\u0119cie. Pojawi si\u0119 ono na formularzu raportu wynik\u00f3w z testu IELTS (TRF). Informujemy, \u017ce prowadzane s\u0105 r\u00f3\u017cnego rodzaju \u015brodki zapobiegania oszustwom, aby umo\u017cliwi\u0107 wykrywanie fa\u0142szywych formularzy raport\u00f3w wynik\u00f3w z test\u00f3w IELTS (TRF). W niekt\u00f3rych krajach stosuje si\u0119 &nbsp;r\u00f3wnie\u017c technologi\u0119 skanowania odcisk\u00f3w palc\u00f3w, w naszym centrum r\u00f3wnie\u017c.<\/p>\n\n\n\n<p>Je\u015bli z\u0142o\u017cysz fa\u0142szyw\u0105 dokumentacj\u0119, agencje i instytucje imigracyjne anuluj\u0105 Twoj\u0105 aplikacj\u0119 i wykluczysz si\u0119 z mo\u017cliwo\u015bci z\u0142o\u017cenia ponownego wniosku. Osoby przyst\u0119puj\u0105ce do testu, kt\u00f3re dopuszczaj\u0105 si\u0119 nieuczciwych praktyk, mog\u0105 r\u00f3wnie\u017c podlega\u0107 post\u0119powaniu s\u0105dowemu.<\/p>\n\n\n\n<p><strong>IELTS JEST WIOD\u0104CYM TESTEM BIEG\u0141O\u015aCI J\u0118ZYKOWEJ O WYSOKIEJ RANDZE, DLATEGO STALE DBA SI\u0118 O ZAPEWNIENIE BEZPIECZE\u0143STWA SESJI I WIARYGODNO\u015aCI WYNIK\u00d3W ORAZ IDENTYFIKACJ\u0118 KANDYDAT\u00d3W. JE\u015aLI ZIGNORUJESZ POWY\u017bSZE ZALECENIA I OSTRZE\u017bENIA, RYZYKUJESZ SWOJE PIENI\u0104DZE I PRZYSZ\u0141O\u015a\u0106.<\/strong><\/p>\n\n\n\n<p>Rejestracje na test i wyniki testu IELTS mog\u0105 zosta\u0107 anulowane, je\u015bli do rejestracji i p\u0142atno\u015bci wykorzystane zostan\u0105 nieuczciwe metody.<br>Je\u015bli masz jakiekolwiek w\u0105tpliwo\u015bci lub chcesz zg\u0142osi\u0107 swoje podejrzenia, napisz do nas pod adresem <a href=\"mailto:ielts@lang.com.pl\">ielts@lang.com.pl<\/a><\/p>\n<\/div><\/div>\n","protected":false},"excerpt":{"rendered":"<p>&nbsp;Zabezpieczenia testu IELTS Alert bezpiecze\u0144stwa! Tw\u00f3j sukces zaczyna si\u0119 od IELTS.Nie ryzykuj swojej przysz\u0142o\u015bci przez pr\u00f3b\u0119 jakiegokolwiek oszustwa. Prosimy: Wyniki testu IELTS s\u0105 wykorzystywane na potrzeby rekrutacji na uniwersytety, do kolegi\u00f3w &nbsp;i r\u00f3\u017cnego typu organizacji zawodowych, a tak\u017ce do imigracji do kraj\u00f3w angloj\u0119zycznych. Z tego powodu konieczne jest zapewnienie rzetelno\u015bci i prawdziwo\u015bci wynik\u00f3w test\u00f3w, dlatego&#8230;<\/p>\n","protected":false},"author":1,"featured_media":0,"parent":0,"menu_order":0,"comment_status":"closed","ping_status":"closed","template":"","meta":{"_kad_post_transparent":"","_kad_post_title":"","_kad_post_layout":"","_kad_post_sidebar_id":"","_kad_post_content_style":"","_kad_post_vertical_padding":"","_kad_post_feature":"","_kad_post_feature_position":"","_kad_post_header":false,"_kad_post_footer":false,"_kad_post_classname":"","footnotes":""},"folder":[48],"class_list":["post-728","page","type-page","status-publish","hentry"],"yoast_head":"<!-- This site is optimized with the Yoast SEO plugin v27.3 - https:\/\/yoast.com\/product\/yoast-seo-wordpress\/ -->\n<title>Zabezpieczenia Testu IELTS - Nie Ryzykuj | IELTS Polska<\/title>\n<meta name=\"description\" content=\"Test IELTS jest wysoko zabezpieczony. Nie ryzukuj i nie ufaj nikomu, kto chce zda\u0107 test za Ciebie, oferuje Ci rabat, czy chce sprzeda\u0107 certyfikat. Sprawd\u017a.\" \/>\n<meta name=\"robots\" content=\"index, follow, max-snippet:-1, max-image-preview:large, max-video-preview:-1\" \/>\n<link rel=\"canonical\" href=\"https:\/\/ieltspolska.pl\/pl\/zabezpieczenia-testu-ielts\/\" \/>\n<meta property=\"og:locale\" content=\"pl_PL\" \/>\n<meta property=\"og:type\" content=\"article\" \/>\n<meta property=\"og:title\" content=\"Zabezpieczenia Testu IELTS - Nie Ryzykuj | IELTS Polska\" \/>\n<meta property=\"og:description\" content=\"Test IELTS jest wysoko zabezpieczony. Nie ryzukuj i nie ufaj nikomu, kto chce zda\u0107 test za Ciebie, oferuje Ci rabat, czy chce sprzeda\u0107 certyfikat. Sprawd\u017a.\" \/>\n<meta property=\"og:url\" content=\"https:\/\/ieltspolska.pl\/pl\/zabezpieczenia-testu-ielts\/\" \/>\n<meta property=\"og:site_name\" content=\"IELTS Polska\" \/>\n<meta property=\"article:modified_time\" content=\"2025-03-12T10:22:54+00:00\" \/>\n<meta property=\"og:image\" content=\"https:\/\/ieltspolska.pl\/wp-content\/uploads\/2025\/03\/Centrum-Szkolen-i-Egzaminow-Jezykowych-3.png\" \/>\n<meta name=\"twitter:card\" content=\"summary_large_image\" \/>\n<meta name=\"twitter:label1\" content=\"Szacowany czas czytania\" \/>\n\t<meta name=\"twitter:data1\" content=\"2 minuty\" \/>\n<script type=\"application\/ld+json\" class=\"yoast-schema-graph\">{\"@context\":\"https:\\\/\\\/schema.org\",\"@graph\":[{\"@type\":\"WebPage\",\"@id\":\"https:\\\/\\\/ieltspolska.pl\\\/pl\\\/zabezpieczenia-testu-ielts\\\/\",\"url\":\"https:\\\/\\\/ieltspolska.pl\\\/pl\\\/zabezpieczenia-testu-ielts\\\/\",\"name\":\"Zabezpieczenia Testu IELTS - Nie Ryzykuj | IELTS Polska\",\"isPartOf\":{\"@id\":\"https:\\\/\\\/ieltspolska.pl\\\/pl\\\/#website\"},\"primaryImageOfPage\":{\"@id\":\"https:\\\/\\\/ieltspolska.pl\\\/pl\\\/zabezpieczenia-testu-ielts\\\/#primaryimage\"},\"image\":{\"@id\":\"https:\\\/\\\/ieltspolska.pl\\\/pl\\\/zabezpieczenia-testu-ielts\\\/#primaryimage\"},\"thumbnailUrl\":\"https:\\\/\\\/ieltspolska.pl\\\/wp-content\\\/uploads\\\/2025\\\/03\\\/Centrum-Szkolen-i-Egzaminow-Jezykowych-3.png\",\"datePublished\":\"2019-03-04T13:08:31+00:00\",\"dateModified\":\"2025-03-12T10:22:54+00:00\",\"description\":\"Test IELTS jest wysoko zabezpieczony. Nie ryzukuj i nie ufaj nikomu, kto chce zda\u0107 test za Ciebie, oferuje Ci rabat, czy chce sprzeda\u0107 certyfikat. Sprawd\u017a.\",\"breadcrumb\":{\"@id\":\"https:\\\/\\\/ieltspolska.pl\\\/pl\\\/zabezpieczenia-testu-ielts\\\/#breadcrumb\"},\"inLanguage\":\"pl-PL\",\"potentialAction\":[{\"@type\":\"ReadAction\",\"target\":[\"https:\\\/\\\/ieltspolska.pl\\\/pl\\\/zabezpieczenia-testu-ielts\\\/\"]}]},{\"@type\":\"ImageObject\",\"inLanguage\":\"pl-PL\",\"@id\":\"https:\\\/\\\/ieltspolska.pl\\\/pl\\\/zabezpieczenia-testu-ielts\\\/#primaryimage\",\"url\":\"https:\\\/\\\/ieltspolska.pl\\\/wp-content\\\/uploads\\\/2025\\\/03\\\/Centrum-Szkolen-i-Egzaminow-Jezykowych-3.png\",\"contentUrl\":\"https:\\\/\\\/ieltspolska.pl\\\/wp-content\\\/uploads\\\/2025\\\/03\\\/Centrum-Szkolen-i-Egzaminow-Jezykowych-3.png\"},{\"@type\":\"BreadcrumbList\",\"@id\":\"https:\\\/\\\/ieltspolska.pl\\\/pl\\\/zabezpieczenia-testu-ielts\\\/#breadcrumb\",\"itemListElement\":[{\"@type\":\"ListItem\",\"position\":1,\"name\":\"Strona g\u0142\u00f3wna\",\"item\":\"https:\\\/\\\/ieltspolska.pl\\\/pl\\\/\"},{\"@type\":\"ListItem\",\"position\":2,\"name\":\"Zabezpieczenia testu IELTS\"}]},{\"@type\":\"WebSite\",\"@id\":\"https:\\\/\\\/ieltspolska.pl\\\/pl\\\/#website\",\"url\":\"https:\\\/\\\/ieltspolska.pl\\\/pl\\\/\",\"name\":\"IELTS - test akceptowany na ca\u0142ym \u015bwiecie | IELTS Polska\",\"description\":\"IELTS\",\"publisher\":{\"@id\":\"https:\\\/\\\/ieltspolska.pl\\\/pl\\\/#organization\"},\"potentialAction\":[{\"@type\":\"SearchAction\",\"target\":{\"@type\":\"EntryPoint\",\"urlTemplate\":\"https:\\\/\\\/ieltspolska.pl\\\/pl\\\/?s={search_term_string}\"},\"query-input\":{\"@type\":\"PropertyValueSpecification\",\"valueRequired\":true,\"valueName\":\"search_term_string\"}}],\"inLanguage\":\"pl-PL\"},{\"@type\":\"Organization\",\"@id\":\"https:\\\/\\\/ieltspolska.pl\\\/pl\\\/#organization\",\"name\":\"IELTS - test akceptowany na ca\u0142ym \u015bwiecie | IELTS Polska\",\"url\":\"https:\\\/\\\/ieltspolska.pl\\\/pl\\\/\",\"logo\":{\"@type\":\"ImageObject\",\"inLanguage\":\"pl-PL\",\"@id\":\"https:\\\/\\\/ieltspolska.pl\\\/pl\\\/#\\\/schema\\\/logo\\\/image\\\/\",\"url\":\"https:\\\/\\\/ieltspolska.pl\\\/wp-content\\\/uploads\\\/2019\\\/03\\\/ielst.png\",\"contentUrl\":\"https:\\\/\\\/ieltspolska.pl\\\/wp-content\\\/uploads\\\/2019\\\/03\\\/ielst.png\",\"width\":210,\"height\":76,\"caption\":\"IELTS - test akceptowany na ca\u0142ym \u015bwiecie | IELTS Polska\"},\"image\":{\"@id\":\"https:\\\/\\\/ieltspolska.pl\\\/pl\\\/#\\\/schema\\\/logo\\\/image\\\/\"}}]}<\/script>\n<!-- \/ Yoast SEO plugin. -->","yoast_head_json":{"title":"Zabezpieczenia Testu IELTS - Nie Ryzykuj | IELTS Polska","description":"Test IELTS jest wysoko zabezpieczony. Nie ryzukuj i nie ufaj nikomu, kto chce zda\u0107 test za Ciebie, oferuje Ci rabat, czy chce sprzeda\u0107 certyfikat. Sprawd\u017a.","robots":{"index":"index","follow":"follow","max-snippet":"max-snippet:-1","max-image-preview":"max-image-preview:large","max-video-preview":"max-video-preview:-1"},"canonical":"https:\/\/ieltspolska.pl\/pl\/zabezpieczenia-testu-ielts\/","og_locale":"pl_PL","og_type":"article","og_title":"Zabezpieczenia Testu IELTS - Nie Ryzykuj | IELTS Polska","og_description":"Test IELTS jest wysoko zabezpieczony. Nie ryzukuj i nie ufaj nikomu, kto chce zda\u0107 test za Ciebie, oferuje Ci rabat, czy chce sprzeda\u0107 certyfikat. Sprawd\u017a.","og_url":"https:\/\/ieltspolska.pl\/pl\/zabezpieczenia-testu-ielts\/","og_site_name":"IELTS Polska","article_modified_time":"2025-03-12T10:22:54+00:00","og_image":[{"url":"https:\/\/ieltspolska.pl\/wp-content\/uploads\/2025\/03\/Centrum-Szkolen-i-Egzaminow-Jezykowych-3.png","type":"","width":"","height":""}],"twitter_card":"summary_large_image","twitter_misc":{"Szacowany czas czytania":"2 minuty"},"schema":{"@context":"https:\/\/schema.org","@graph":[{"@type":"WebPage","@id":"https:\/\/ieltspolska.pl\/pl\/zabezpieczenia-testu-ielts\/","url":"https:\/\/ieltspolska.pl\/pl\/zabezpieczenia-testu-ielts\/","name":"Zabezpieczenia Testu IELTS - Nie Ryzykuj | IELTS Polska","isPartOf":{"@id":"https:\/\/ieltspolska.pl\/pl\/#website"},"primaryImageOfPage":{"@id":"https:\/\/ieltspolska.pl\/pl\/zabezpieczenia-testu-ielts\/#primaryimage"},"image":{"@id":"https:\/\/ieltspolska.pl\/pl\/zabezpieczenia-testu-ielts\/#primaryimage"},"thumbnailUrl":"https:\/\/ieltspolska.pl\/wp-content\/uploads\/2025\/03\/Centrum-Szkolen-i-Egzaminow-Jezykowych-3.png","datePublished":"2019-03-04T13:08:31+00:00","dateModified":"2025-03-12T10:22:54+00:00","description":"Test IELTS jest wysoko zabezpieczony. Nie ryzukuj i nie ufaj nikomu, kto chce zda\u0107 test za Ciebie, oferuje Ci rabat, czy chce sprzeda\u0107 certyfikat. Sprawd\u017a.","breadcrumb":{"@id":"https:\/\/ieltspolska.pl\/pl\/zabezpieczenia-testu-ielts\/#breadcrumb"},"inLanguage":"pl-PL","potentialAction":[{"@type":"ReadAction","target":["https:\/\/ieltspolska.pl\/pl\/zabezpieczenia-testu-ielts\/"]}]},{"@type":"ImageObject","inLanguage":"pl-PL","@id":"https:\/\/ieltspolska.pl\/pl\/zabezpieczenia-testu-ielts\/#primaryimage","url":"https:\/\/ieltspolska.pl\/wp-content\/uploads\/2025\/03\/Centrum-Szkolen-i-Egzaminow-Jezykowych-3.png","contentUrl":"https:\/\/ieltspolska.pl\/wp-content\/uploads\/2025\/03\/Centrum-Szkolen-i-Egzaminow-Jezykowych-3.png"},{"@type":"BreadcrumbList","@id":"https:\/\/ieltspolska.pl\/pl\/zabezpieczenia-testu-ielts\/#breadcrumb","itemListElement":[{"@type":"ListItem","position":1,"name":"Strona g\u0142\u00f3wna","item":"https:\/\/ieltspolska.pl\/pl\/"},{"@type":"ListItem","position":2,"name":"Zabezpieczenia testu IELTS"}]},{"@type":"WebSite","@id":"https:\/\/ieltspolska.pl\/pl\/#website","url":"https:\/\/ieltspolska.pl\/pl\/","name":"IELTS - test akceptowany na ca\u0142ym \u015bwiecie | IELTS Polska","description":"IELTS","publisher":{"@id":"https:\/\/ieltspolska.pl\/pl\/#organization"},"potentialAction":[{"@type":"SearchAction","target":{"@type":"EntryPoint","urlTemplate":"https:\/\/ieltspolska.pl\/pl\/?s={search_term_string}"},"query-input":{"@type":"PropertyValueSpecification","valueRequired":true,"valueName":"search_term_string"}}],"inLanguage":"pl-PL"},{"@type":"Organization","@id":"https:\/\/ieltspolska.pl\/pl\/#organization","name":"IELTS - test akceptowany na ca\u0142ym \u015bwiecie | IELTS Polska","url":"https:\/\/ieltspolska.pl\/pl\/","logo":{"@type":"ImageObject","inLanguage":"pl-PL","@id":"https:\/\/ieltspolska.pl\/pl\/#\/schema\/logo\/image\/","url":"https:\/\/ieltspolska.pl\/wp-content\/uploads\/2019\/03\/ielst.png","contentUrl":"https:\/\/ieltspolska.pl\/wp-content\/uploads\/2019\/03\/ielst.png","width":210,"height":76,"caption":"IELTS - test akceptowany na ca\u0142ym \u015bwiecie | IELTS Polska"},"image":{"@id":"https:\/\/ieltspolska.pl\/pl\/#\/schema\/logo\/image\/"}}]}},"_links":{"self":[{"href":"https:\/\/ieltspolska.pl\/pl\/wp-json\/wp\/v2\/pages\/728","targetHints":{"allow":["GET"]}}],"collection":[{"href":"https:\/\/ieltspolska.pl\/pl\/wp-json\/wp\/v2\/pages"}],"about":[{"href":"https:\/\/ieltspolska.pl\/pl\/wp-json\/wp\/v2\/types\/page"}],"author":[{"embeddable":true,"href":"https:\/\/ieltspolska.pl\/pl\/wp-json\/wp\/v2\/users\/1"}],"replies":[{"embeddable":true,"href":"https:\/\/ieltspolska.pl\/pl\/wp-json\/wp\/v2\/comments?post=728"}],"version-history":[{"count":18,"href":"https:\/\/ieltspolska.pl\/pl\/wp-json\/wp\/v2\/pages\/728\/revisions"}],"predecessor-version":[{"id":3295,"href":"https:\/\/ieltspolska.pl\/pl\/wp-json\/wp\/v2\/pages\/728\/revisions\/3295"}],"wp:attachment":[{"href":"https:\/\/ieltspolska.pl\/pl\/wp-json\/wp\/v2\/media?parent=728"}],"wp:term":[{"taxonomy":"folder","embeddable":true,"href":"https:\/\/ieltspolska.pl\/pl\/wp-json\/wp\/v2\/folder?post=728"}],"curies":[{"name":"wp","href":"https:\/\/api.w.org\/{rel}","templated":true}]}}