{"id":741,"date":"2019-03-04T13:47:14","date_gmt":"2019-03-04T13:47:14","guid":{"rendered":"https:\/\/ieltspolska.pl\/?page_id=741"},"modified":"2025-03-12T11:22:20","modified_gmt":"2025-03-12T11:22:20","slug":"kto-uznaje-ielts","status":"publish","type":"page","link":"https:\/\/ieltspolska.pl\/pl\/kto-uznaje-ielts\/","title":{"rendered":"Kto uznaje IELTS?"},"content":{"rendered":"\n<div style=\"height:50px\" aria-hidden=\"true\" class=\"wp-block-spacer\"><\/div>\n\n\n<style>.wp-block-kadence-advancedheading.kt-adv-heading741_9b4e04-ac, .wp-block-kadence-advancedheading.kt-adv-heading741_9b4e04-ac[data-kb-block=\"kb-adv-heading741_9b4e04-ac\"]{text-align:center;font-size:30px;font-weight:600;font-style:normal;font-family:Poppins;}.wp-block-kadence-advancedheading.kt-adv-heading741_9b4e04-ac mark.kt-highlight, .wp-block-kadence-advancedheading.kt-adv-heading741_9b4e04-ac[data-kb-block=\"kb-adv-heading741_9b4e04-ac\"] mark.kt-highlight{font-style:normal;color:#f76a0c;-webkit-box-decoration-break:clone;box-decoration-break:clone;padding-top:0px;padding-right:0px;padding-bottom:0px;padding-left:0px;}.wp-block-kadence-advancedheading.kt-adv-heading741_9b4e04-ac img.kb-inline-image, .wp-block-kadence-advancedheading.kt-adv-heading741_9b4e04-ac[data-kb-block=\"kb-adv-heading741_9b4e04-ac\"] img.kb-inline-image{width:150px;vertical-align:baseline;}<\/style>\n<h1 class=\"kt-adv-heading741_9b4e04-ac wp-block-kadence-advancedheading has-theme-palette-1-color has-text-color\" data-kb-block=\"kb-adv-heading741_9b4e04-ac\"><span style=\"font-family: inherit; font-size: 28px; font-weight: bold;\">Kto uznaje IELTS?<\/span><\/h1>\n\n\n\n<figure style=\"margin-top:var(--wp--preset--spacing--20);margin-right:var(--wp--preset--spacing--80);margin-bottom:var(--wp--preset--spacing--20);margin-left:var(--wp--preset--spacing--80);padding-top:var(--wp--preset--spacing--20);padding-right:var(--wp--preset--spacing--80);padding-bottom:var(--wp--preset--spacing--20);padding-left:var(--wp--preset--spacing--80)\" class=\"wp-block-video\"><video controls src=\"https:\/\/ieltspolska.pl\/wp-content\/uploads\/2021\/07\/1200x628_4.mp4\"><\/video><\/figure>\n\n\n\n<p>&nbsp;<\/p>\n\n\n<style>.kadence-column741_e66b20-58{max-width:70%;margin-left:auto;margin-right:auto;}.wp-block-kadence-column.kb-section-dir-horizontal:not(.kb-section-md-dir-vertical)>.kt-inside-inner-col>.kadence-column741_e66b20-58{-webkit-flex:0 1 70%;flex:0 1 70%;max-width:unset;margin-left:unset;margin-right:unset;}.kadence-column741_e66b20-58 > .kt-inside-inner-col{padding-top:var(--global-kb-spacing-lg, 3rem);padding-right:var(--global-kb-spacing-xxl, 5rem);padding-bottom:var(--global-kb-spacing-lg, 3rem);padding-left:var(--global-kb-spacing-xxl, 5rem);}.kadence-column741_e66b20-58 > .kt-inside-inner-col{box-shadow:0px 0px 14px 0px rgba(0, 0, 0, 0.2);}.kadence-column741_e66b20-58 > .kt-inside-inner-col,.kadence-column741_e66b20-58 > .kt-inside-inner-col:before{border-top-left-radius:15px;border-top-right-radius:15px;border-bottom-right-radius:15px;border-bottom-left-radius:15px;}.kadence-column741_e66b20-58 > .kt-inside-inner-col{column-gap:var(--global-kb-gap-sm, 1rem);}.kadence-column741_e66b20-58 > .kt-inside-inner-col{flex-direction:column;}.kadence-column741_e66b20-58 > .kt-inside-inner-col > .aligncenter{width:100%;}.kadence-column741_e66b20-58 > .kt-inside-inner-col{background-color:var(--global-palette9, #ffffff);}.kadence-column741_e66b20-58 > .kt-inside-inner-col:before{opacity:0.3;}.kadence-column741_e66b20-58{position:relative;}@media all and (min-width: 1025px){.wp-block-kadence-column.kb-section-dir-horizontal>.kt-inside-inner-col>.kadence-column741_e66b20-58{-webkit-flex:0 1 70%;flex:0 1 70%;max-width:unset;margin-left:unset;margin-right:unset;}}@media all and (max-width: 1024px){.kadence-column741_e66b20-58 > .kt-inside-inner-col{flex-direction:column;justify-content:center;}}@media all and (max-width: 767px){.kadence-column741_e66b20-58 > .kt-inside-inner-col{display:flex;padding-right:var(--global-kb-spacing-xxs, 0.5rem);padding-left:var(--global-kb-spacing-xxs, 0.5rem);row-gap:var(--global-kb-gap-none, 0rem );flex-direction:column;justify-content:center;align-items:center;}.kadence-column741_e66b20-58{max-width:90%;margin-left:auto;margin-right:auto;text-align:left;}.wp-block-kadence-column.kb-section-sm-dir-vertical:not(.kb-section-sm-dir-horizontal):not(.kb-section-sm-dir-specificity)>.kt-inside-inner-col>.kadence-column741_e66b20-58{-webkit-flex:0 1 90%;flex:0 1 90%;}.wp-block-kadence-column>.kt-inside-inner-col>.kadence-column741_e66b20-58{-webkit-flex:1 90%;flex:1 90%;}.wp-block-kadence-column.kb-section-sm-dir-horizontal>.kt-inside-inner-col>.kadence-column741_e66b20-58, .wp-block-kadence-column.kb-section-dir-horizontal:not(.kb-section-sm-dir-vertical):not(.kb-section-md-dir-vertical) >.kt-inside-inner-col>.kadence-column741_e66b20-58{-webkit-flex:0 1 90%;flex:0 1 90%;max-width:unset;margin-left:unset;margin-right:unset;}.kadence-column741_e66b20-58, .kt-inside-inner-col > .kadence-column741_e66b20-58:not(.specificity){margin-right:var(--global-kb-spacing-xxs, 0.5rem);margin-left:var(--global-kb-spacing-xxs, 0.5rem);}}<\/style>\n<div class=\"wp-block-kadence-column kadence-column741_e66b20-58\"><div class=\"kt-inside-inner-col\">\n<p>IELTS jest najszerzej akceptowanym testem na \u015bwiecie. Honorowany jest on przez ponad <strong>11000 organizacji<\/strong>: najlepsze uczelnie i instytucje w ponad 140 krajach, \u00a0w tym przez 3000 organizacji w samych Stanach Zjednoczonych.<\/p>\n\n\n\n<p><strong>IELTS uznaj\u0105:<\/strong><\/p>\n\n\n\n<ul class=\"wp-block-list\">\n<li>Instytucje edukacyjne<\/li>\n\n\n\n<li>Pracodawcy<\/li>\n\n\n\n<li>Rz\u0105dy<\/li>\n\n\n\n<li>W\u0142adze imigracyjne<\/li>\n\n\n\n<li>Organizacje zawodowe<\/li>\n<\/ul>\n\n\n\n<p>Jest to r\u00f3wnie\u017c najpopularniejszy na \u015bwiecie test j\u0119zyka angielskiego, podchodzi do niego ponad 3 miliony os\u00f3b ka\u017cdego roku.<\/p>\n\n\n\n<h6 class=\"wp-block-heading\">Test IELTS otwiera drzwi do:<\/h6>\n\n\n\n<ol class=\"wp-block-list\">\n<li>Rozwoju zawodowego w ojczy\u017anie &#8211; <strong>udowodnienie znajomo\u015bci j\u0119zyka angielskiego za pomoc\u0105 testu IELTS mo\u017ce pom\u00f3c w znalezieniu lepszej pracy lub awansu<\/strong>.<\/li>\n\n\n\n<li>Emigracja &#8211; <strong>Twoje wyniki testu IELTS pomog\u0105 Ci spe\u0142ni\u0107 wymagania imigracyjne. Wszystkie w\u0142adze imigracyjne, kt\u00f3re wymagaj\u0105 testu z j\u0119zyka angielskiego, akceptuj\u0105 IELTS.<\/strong><\/li>\n<\/ol>\n\n\n\n<ul class=\"wp-block-list\">\n<li>Emigracja do Kanady &#8211; je\u015bli chcesz przenie\u015b\u0107 si\u0119 do Kanady, jednego z najlepszych miejsc do \u017cycia wed\u0142ug badania ONZ, powiniene\u015b zda\u0107 IELTS. Test jest uznawany przez w\u0142adze imigracyjne Kanady. Aby znale\u017a\u0107 wi\u0119cej informacji na temat procedur imigracyjnych, odwied\u017a stron\u0119 internetow\u0105 <a href=\"http:\/\/www.cic.gc.ca\/english\/\"><strong>Citizenship and Immigration Canada website<\/strong><\/a><strong>.<\/strong><\/li>\n\n\n\n<li>Emigracja do Australii &#8211; IELTS jest wymagany od g\u0142\u00f3wnego wnioskodawcy oraz ma\u0142\u017conka i os\u00f3b doros\u0142ych b\u0119d\u0105cych na utrzymaniu wnioskodawcy w procesie imigracyjnym w ramach Australia Migration Visa. Wi\u0119cej informacji na temat procedur imigracyjnych i wniosk\u00f3w o wizy studenckie mo\u017cna znale\u017a\u0107 na stronie Departamentu Imigracji i Obywatelstwa Rz\u0105du Australijskiego <a href=\"http:\/\/www.immi.gov.au\/\"><strong>Australian Government Department of Immigration and Citizenship website<\/strong><\/a><strong>.<\/strong><\/li>\n<\/ul>\n\n\n\n<ol start=\"3\" class=\"wp-block-list\">\n<li>Kariera i nauka za granic\u0105 &#8211; <strong>w wi\u0119kszo\u015bci kraj\u00f3w, gdzie angielski jest j\u0119zykiem urz\u0119dowym, do z\u0142o\u017cenia podania o prac\u0119 i aplikowania na kursy uniwersyteckie potrzebne jest potwierdzenie znajomo\u015bci j\u0119zyka angielskiego.<\/strong><\/li>\n<\/ol>\n\n\n\n<ul class=\"wp-block-list\">\n<li>Nauka w Wielkiej Brytanii &#8211; ponad 600 uniwersytet\u00f3w i instytucji szkolnictwa wy\u017cszego w Wielkiej Brytanii akceptuje IELTS. <a href=\"https:\/\/www.ielts.org\/about-the-test\/who-accepts-ielts-scores\">Dowiedz si\u0119, kto akceptuje IELTS w Wielkiej Brytanii<\/a> &#8211; przeszukaj baz\u0119 danych, aby upewni\u0107 si\u0119, czy wybrana organizacja akceptuje IELTS. Aby ubiega\u0107 si\u0119 o studia licencjackie lub podyplomowe w Wielkiej Brytanii odwied\u017a stron\u0119 internetow\u0105 <a href=\"http:\/\/www.ucas.com\/\">UCAS<\/a>.<\/li>\n\n\n\n<li>Studia w USA &#8211; ponad 3 300 instytucji szkolnictwa wy\u017cszego i program\u00f3w w USA akceptuje IELTS. IELTS jest uznawany przez 25 najlepszych ameryka\u0144skich uniwersytet\u00f3w i wszystkie kolegia Ivy League. IELTS jest u\u017cywany przez mi\u0119dzynarodowe programy na 50 najlepszych ameryka\u0144skich uniwersytetach. <a href=\"https:\/\/www.ielts.org\/about-the-test\/who-accepts-ielts-scores\">Dowiedz si\u0119, kto akceptuje IELTS w USA<\/a> &#8211; przeszukaj baz\u0119 danych, aby upewni\u0107 si\u0119, czy wybrana organizacja akceptuje IELTS.<\/li>\n<\/ul>\n\n\n\n<h6 class=\"wp-block-heading\">Program Fulbright<\/h6>\n\n\n\n<p>Program Fulbright &#8211; IELTS jest r\u00f3wnie\u017c zalecany do aplikacji do programu Fulbright, mi\u0119dzynarodowego programu wymiany edukacyjnej dla student\u00f3w, naukowc\u00f3w, nauczycieli, specjalist\u00f3w, badaczy i artyst\u00f3w. Wi\u0119cej informacji mo\u017cna znale\u017a\u0107 na stronie internetowej <a href=\"http:\/\/www.fulbright.edu.pl\/\"><strong>polskiej Komisji ds. <\/strong><strong>Fulbrighta<\/strong><\/a><strong>.<\/strong><\/p>\n\n\n\n<ul class=\"wp-block-list\">\n<li>Studia w UE &#8211; tysi\u0105ce uniwersytet\u00f3w w ca\u0142ej Europie uznaje IELTS na kursach uniwersyteckich i programach studi\u00f3w oferowanych w j\u0119zyku angielskim. <a href=\"https:\/\/www.ielts.org\/about-the-test\/who-accepts-ielts-scores\">Dowiedz si\u0119, kto akceptuje IELTS w UE<\/a> &#8211; przeszukaj baz\u0119 danych, aby upewni\u0107 si\u0119, czy wybrana organizacja akceptuje IELTS.<\/li>\n\n\n\n<li>Studiuj w Australii &#8211; aby dowiedzie\u0107 si\u0119 wi\u0119cej na temat studiowania w Australii, odwied\u017a stron\u0119 <a href=\"http:\/\/www.studyinaustralia.gov.au\/\"><strong><em>Study in Australia<\/em><\/strong><\/a><\/li>\n\n\n\n<li>Ucz si\u0119 z IELTS na ca\u0142ym \u015bwiecie &#8211; dowiedz si\u0119, kto jeszcze <a href=\"https:\/\/www.ielts.org\/about-the-test\/who-accepts-ielts-scores\">uznaje IELTS.<\/a><\/li>\n<\/ul>\n\n\n\n<p><\/p>\n<\/div><\/div>\n","protected":false},"excerpt":{"rendered":"<p>Kto uznaje IELTS? &nbsp; IELTS jest najszerzej akceptowanym testem na \u015bwiecie. Honorowany jest on przez ponad 11000 organizacji: najlepsze uczelnie i instytucje w ponad 140 krajach, \u00a0w tym przez 3000 organizacji w samych Stanach Zjednoczonych. IELTS uznaj\u0105: Jest to r\u00f3wnie\u017c najpopularniejszy na \u015bwiecie test j\u0119zyka angielskiego, podchodzi do niego ponad 3 miliony os\u00f3b ka\u017cdego roku&#8230;.<\/p>\n","protected":false},"author":1,"featured_media":0,"parent":0,"menu_order":0,"comment_status":"closed","ping_status":"closed","template":"","meta":{"_kad_post_transparent":"","_kad_post_title":"","_kad_post_layout":"","_kad_post_sidebar_id":"","_kad_post_content_style":"","_kad_post_vertical_padding":"","_kad_post_feature":"","_kad_post_feature_position":"","_kad_post_header":false,"_kad_post_footer":false,"_kad_post_classname":"","footnotes":""},"folder":[48],"class_list":["post-741","page","type-page","status-publish","hentry"],"yoast_head":"<!-- This site is optimized with the Yoast SEO plugin v27.3 - https:\/\/yoast.com\/product\/yoast-seo-wordpress\/ -->\n<title>Kto Uznaje IELTS? - Gdzie Respektowany jest Egzamin?<\/title>\n<meta name=\"description\" content=\"Sprawd\u017a kto uznaje IELTS. Gdzie respektowany jest ten test potwierdzaj\u0105cy znajomo\u015b\u0107 j\u0119zyka angielskiego, oraz jakie drzwi otwiera.\" \/>\n<meta name=\"robots\" content=\"index, follow, max-snippet:-1, max-image-preview:large, max-video-preview:-1\" \/>\n<link rel=\"canonical\" href=\"https:\/\/ieltspolska.pl\/pl\/kto-uznaje-ielts\/\" \/>\n<meta property=\"og:locale\" content=\"pl_PL\" \/>\n<meta property=\"og:type\" content=\"article\" \/>\n<meta property=\"og:title\" content=\"Kto Uznaje IELTS? - Gdzie Respektowany jest Egzamin?\" \/>\n<meta property=\"og:description\" content=\"Sprawd\u017a kto uznaje IELTS. Gdzie respektowany jest ten test potwierdzaj\u0105cy znajomo\u015b\u0107 j\u0119zyka angielskiego, oraz jakie drzwi otwiera.\" \/>\n<meta property=\"og:url\" content=\"https:\/\/ieltspolska.pl\/pl\/kto-uznaje-ielts\/\" \/>\n<meta property=\"og:site_name\" content=\"IELTS Polska\" \/>\n<meta property=\"article:modified_time\" content=\"2025-03-12T11:22:20+00:00\" \/>\n<meta name=\"twitter:card\" content=\"summary_large_image\" \/>\n<meta name=\"twitter:label1\" content=\"Szacowany czas czytania\" \/>\n\t<meta name=\"twitter:data1\" content=\"3 minuty\" \/>\n<script type=\"application\/ld+json\" class=\"yoast-schema-graph\">{\"@context\":\"https:\\\/\\\/schema.org\",\"@graph\":[{\"@type\":\"WebPage\",\"@id\":\"https:\\\/\\\/ieltspolska.pl\\\/pl\\\/kto-uznaje-ielts\\\/\",\"url\":\"https:\\\/\\\/ieltspolska.pl\\\/pl\\\/kto-uznaje-ielts\\\/\",\"name\":\"Kto Uznaje IELTS? - Gdzie Respektowany jest Egzamin?\",\"isPartOf\":{\"@id\":\"https:\\\/\\\/ieltspolska.pl\\\/pl\\\/#website\"},\"datePublished\":\"2019-03-04T13:47:14+00:00\",\"dateModified\":\"2025-03-12T11:22:20+00:00\",\"description\":\"Sprawd\u017a kto uznaje IELTS. Gdzie respektowany jest ten test potwierdzaj\u0105cy znajomo\u015b\u0107 j\u0119zyka angielskiego, oraz jakie drzwi otwiera.\",\"breadcrumb\":{\"@id\":\"https:\\\/\\\/ieltspolska.pl\\\/pl\\\/kto-uznaje-ielts\\\/#breadcrumb\"},\"inLanguage\":\"pl-PL\",\"potentialAction\":[{\"@type\":\"ReadAction\",\"target\":[\"https:\\\/\\\/ieltspolska.pl\\\/pl\\\/kto-uznaje-ielts\\\/\"]}]},{\"@type\":\"BreadcrumbList\",\"@id\":\"https:\\\/\\\/ieltspolska.pl\\\/pl\\\/kto-uznaje-ielts\\\/#breadcrumb\",\"itemListElement\":[{\"@type\":\"ListItem\",\"position\":1,\"name\":\"Strona g\u0142\u00f3wna\",\"item\":\"https:\\\/\\\/ieltspolska.pl\\\/pl\\\/\"},{\"@type\":\"ListItem\",\"position\":2,\"name\":\"Kto uznaje IELTS?\"}]},{\"@type\":\"WebSite\",\"@id\":\"https:\\\/\\\/ieltspolska.pl\\\/pl\\\/#website\",\"url\":\"https:\\\/\\\/ieltspolska.pl\\\/pl\\\/\",\"name\":\"IELTS - test akceptowany na ca\u0142ym \u015bwiecie | IELTS Polska\",\"description\":\"IELTS\",\"publisher\":{\"@id\":\"https:\\\/\\\/ieltspolska.pl\\\/pl\\\/#organization\"},\"potentialAction\":[{\"@type\":\"SearchAction\",\"target\":{\"@type\":\"EntryPoint\",\"urlTemplate\":\"https:\\\/\\\/ieltspolska.pl\\\/pl\\\/?s={search_term_string}\"},\"query-input\":{\"@type\":\"PropertyValueSpecification\",\"valueRequired\":true,\"valueName\":\"search_term_string\"}}],\"inLanguage\":\"pl-PL\"},{\"@type\":\"Organization\",\"@id\":\"https:\\\/\\\/ieltspolska.pl\\\/pl\\\/#organization\",\"name\":\"IELTS - test akceptowany na ca\u0142ym \u015bwiecie | IELTS Polska\",\"url\":\"https:\\\/\\\/ieltspolska.pl\\\/pl\\\/\",\"logo\":{\"@type\":\"ImageObject\",\"inLanguage\":\"pl-PL\",\"@id\":\"https:\\\/\\\/ieltspolska.pl\\\/pl\\\/#\\\/schema\\\/logo\\\/image\\\/\",\"url\":\"https:\\\/\\\/ieltspolska.pl\\\/wp-content\\\/uploads\\\/2019\\\/03\\\/ielst.png\",\"contentUrl\":\"https:\\\/\\\/ieltspolska.pl\\\/wp-content\\\/uploads\\\/2019\\\/03\\\/ielst.png\",\"width\":210,\"height\":76,\"caption\":\"IELTS - test akceptowany na ca\u0142ym \u015bwiecie | IELTS Polska\"},\"image\":{\"@id\":\"https:\\\/\\\/ieltspolska.pl\\\/pl\\\/#\\\/schema\\\/logo\\\/image\\\/\"}}]}<\/script>\n<!-- \/ Yoast SEO plugin. -->","yoast_head_json":{"title":"Kto Uznaje IELTS? - Gdzie Respektowany jest Egzamin?","description":"Sprawd\u017a kto uznaje IELTS. Gdzie respektowany jest ten test potwierdzaj\u0105cy znajomo\u015b\u0107 j\u0119zyka angielskiego, oraz jakie drzwi otwiera.","robots":{"index":"index","follow":"follow","max-snippet":"max-snippet:-1","max-image-preview":"max-image-preview:large","max-video-preview":"max-video-preview:-1"},"canonical":"https:\/\/ieltspolska.pl\/pl\/kto-uznaje-ielts\/","og_locale":"pl_PL","og_type":"article","og_title":"Kto Uznaje IELTS? - Gdzie Respektowany jest Egzamin?","og_description":"Sprawd\u017a kto uznaje IELTS. Gdzie respektowany jest ten test potwierdzaj\u0105cy znajomo\u015b\u0107 j\u0119zyka angielskiego, oraz jakie drzwi otwiera.","og_url":"https:\/\/ieltspolska.pl\/pl\/kto-uznaje-ielts\/","og_site_name":"IELTS Polska","article_modified_time":"2025-03-12T11:22:20+00:00","twitter_card":"summary_large_image","twitter_misc":{"Szacowany czas czytania":"3 minuty"},"schema":{"@context":"https:\/\/schema.org","@graph":[{"@type":"WebPage","@id":"https:\/\/ieltspolska.pl\/pl\/kto-uznaje-ielts\/","url":"https:\/\/ieltspolska.pl\/pl\/kto-uznaje-ielts\/","name":"Kto Uznaje IELTS? - Gdzie Respektowany jest Egzamin?","isPartOf":{"@id":"https:\/\/ieltspolska.pl\/pl\/#website"},"datePublished":"2019-03-04T13:47:14+00:00","dateModified":"2025-03-12T11:22:20+00:00","description":"Sprawd\u017a kto uznaje IELTS. Gdzie respektowany jest ten test potwierdzaj\u0105cy znajomo\u015b\u0107 j\u0119zyka angielskiego, oraz jakie drzwi otwiera.","breadcrumb":{"@id":"https:\/\/ieltspolska.pl\/pl\/kto-uznaje-ielts\/#breadcrumb"},"inLanguage":"pl-PL","potentialAction":[{"@type":"ReadAction","target":["https:\/\/ieltspolska.pl\/pl\/kto-uznaje-ielts\/"]}]},{"@type":"BreadcrumbList","@id":"https:\/\/ieltspolska.pl\/pl\/kto-uznaje-ielts\/#breadcrumb","itemListElement":[{"@type":"ListItem","position":1,"name":"Strona g\u0142\u00f3wna","item":"https:\/\/ieltspolska.pl\/pl\/"},{"@type":"ListItem","position":2,"name":"Kto uznaje IELTS?"}]},{"@type":"WebSite","@id":"https:\/\/ieltspolska.pl\/pl\/#website","url":"https:\/\/ieltspolska.pl\/pl\/","name":"IELTS - test akceptowany na ca\u0142ym \u015bwiecie | IELTS Polska","description":"IELTS","publisher":{"@id":"https:\/\/ieltspolska.pl\/pl\/#organization"},"potentialAction":[{"@type":"SearchAction","target":{"@type":"EntryPoint","urlTemplate":"https:\/\/ieltspolska.pl\/pl\/?s={search_term_string}"},"query-input":{"@type":"PropertyValueSpecification","valueRequired":true,"valueName":"search_term_string"}}],"inLanguage":"pl-PL"},{"@type":"Organization","@id":"https:\/\/ieltspolska.pl\/pl\/#organization","name":"IELTS - test akceptowany na ca\u0142ym \u015bwiecie | IELTS Polska","url":"https:\/\/ieltspolska.pl\/pl\/","logo":{"@type":"ImageObject","inLanguage":"pl-PL","@id":"https:\/\/ieltspolska.pl\/pl\/#\/schema\/logo\/image\/","url":"https:\/\/ieltspolska.pl\/wp-content\/uploads\/2019\/03\/ielst.png","contentUrl":"https:\/\/ieltspolska.pl\/wp-content\/uploads\/2019\/03\/ielst.png","width":210,"height":76,"caption":"IELTS - test akceptowany na ca\u0142ym \u015bwiecie | IELTS Polska"},"image":{"@id":"https:\/\/ieltspolska.pl\/pl\/#\/schema\/logo\/image\/"}}]}},"_links":{"self":[{"href":"https:\/\/ieltspolska.pl\/pl\/wp-json\/wp\/v2\/pages\/741","targetHints":{"allow":["GET"]}}],"collection":[{"href":"https:\/\/ieltspolska.pl\/pl\/wp-json\/wp\/v2\/pages"}],"about":[{"href":"https:\/\/ieltspolska.pl\/pl\/wp-json\/wp\/v2\/types\/page"}],"author":[{"embeddable":true,"href":"https:\/\/ieltspolska.pl\/pl\/wp-json\/wp\/v2\/users\/1"}],"replies":[{"embeddable":true,"href":"https:\/\/ieltspolska.pl\/pl\/wp-json\/wp\/v2\/comments?post=741"}],"version-history":[{"count":23,"href":"https:\/\/ieltspolska.pl\/pl\/wp-json\/wp\/v2\/pages\/741\/revisions"}],"predecessor-version":[{"id":3338,"href":"https:\/\/ieltspolska.pl\/pl\/wp-json\/wp\/v2\/pages\/741\/revisions\/3338"}],"wp:attachment":[{"href":"https:\/\/ieltspolska.pl\/pl\/wp-json\/wp\/v2\/media?parent=741"}],"wp:term":[{"taxonomy":"folder","embeddable":true,"href":"https:\/\/ieltspolska.pl\/pl\/wp-json\/wp\/v2\/folder?post=741"}],"curies":[{"name":"wp","href":"https:\/\/api.w.org\/{rel}","templated":true}]}}