{"id":747,"date":"2019-03-04T13:51:48","date_gmt":"2019-03-04T13:51:48","guid":{"rendered":"https:\/\/ieltspolska.pl\/?page_id=747"},"modified":"2025-04-02T10:25:47","modified_gmt":"2025-04-02T10:25:47","slug":"zdaj-ielts-w-lang-ltc","status":"publish","type":"page","link":"https:\/\/ieltspolska.pl\/pl\/zdaj-ielts-w-lang-ltc\/","title":{"rendered":"Zdaj IELTS w LANG LTC"},"content":{"rendered":"\n<div style=\"height:20px\" aria-hidden=\"true\" class=\"wp-block-spacer\"><\/div>\n\n\n<style>.wp-block-kadence-advancedheading.kt-adv-heading747_5204ce-8b, .wp-block-kadence-advancedheading.kt-adv-heading747_5204ce-8b[data-kb-block=\"kb-adv-heading747_5204ce-8b\"]{text-align:center;font-size:var(--global-kb-font-size-xl, 3rem);font-weight:400;font-style:normal;font-family:Poppins;}.wp-block-kadence-advancedheading.kt-adv-heading747_5204ce-8b mark.kt-highlight, .wp-block-kadence-advancedheading.kt-adv-heading747_5204ce-8b[data-kb-block=\"kb-adv-heading747_5204ce-8b\"] mark.kt-highlight{font-style:normal;color:#f76a0c;-webkit-box-decoration-break:clone;box-decoration-break:clone;padding-top:0px;padding-right:0px;padding-bottom:0px;padding-left:0px;}.wp-block-kadence-advancedheading.kt-adv-heading747_5204ce-8b img.kb-inline-image, .wp-block-kadence-advancedheading.kt-adv-heading747_5204ce-8b[data-kb-block=\"kb-adv-heading747_5204ce-8b\"] img.kb-inline-image{width:150px;vertical-align:baseline;}<\/style>\n<h2 class=\"kt-adv-heading747_5204ce-8b wp-block-kadence-advancedheading has-theme-palette-2-color has-text-color\" data-kb-block=\"kb-adv-heading747_5204ce-8b\"><span style=\"font-family: inherit; font-size: 28px; font-weight: bold;\">Zdaj IELTS w LANG LTC<\/span><\/h2>\n\n\n<style>.kadence-column747_6e14fb-f0{max-width:70%;margin-left:auto;margin-right:auto;}.wp-block-kadence-column.kb-section-dir-horizontal:not(.kb-section-md-dir-vertical)>.kt-inside-inner-col>.kadence-column747_6e14fb-f0{-webkit-flex:0 1 70%;flex:0 1 70%;max-width:unset;margin-left:unset;margin-right:unset;}.kadence-column747_6e14fb-f0 > .kt-inside-inner-col{padding-top:var(--global-kb-spacing-lg, 3rem);padding-right:var(--global-kb-spacing-xxl, 5rem);padding-bottom:var(--global-kb-spacing-lg, 3rem);padding-left:var(--global-kb-spacing-xxl, 5rem);}.kadence-column747_6e14fb-f0 > .kt-inside-inner-col{box-shadow:0px 0px 14px 0px rgba(0, 0, 0, 0.2);}.kadence-column747_6e14fb-f0 > .kt-inside-inner-col,.kadence-column747_6e14fb-f0 > .kt-inside-inner-col:before{border-top-left-radius:15px;border-top-right-radius:15px;border-bottom-right-radius:15px;border-bottom-left-radius:15px;}.kadence-column747_6e14fb-f0 > .kt-inside-inner-col{column-gap:var(--global-kb-gap-sm, 1rem);}.kadence-column747_6e14fb-f0 > .kt-inside-inner-col{flex-direction:column;}.kadence-column747_6e14fb-f0 > .kt-inside-inner-col > .aligncenter{width:100%;}.kadence-column747_6e14fb-f0 > .kt-inside-inner-col{background-color:var(--global-palette9, #ffffff);}.kadence-column747_6e14fb-f0 > .kt-inside-inner-col:before{opacity:0.3;}.kadence-column747_6e14fb-f0{position:relative;}@media all and (min-width: 1025px){.wp-block-kadence-column.kb-section-dir-horizontal>.kt-inside-inner-col>.kadence-column747_6e14fb-f0{-webkit-flex:0 1 70%;flex:0 1 70%;max-width:unset;margin-left:unset;margin-right:unset;}}@media all and (max-width: 1024px){.kadence-column747_6e14fb-f0 > .kt-inside-inner-col{flex-direction:column;justify-content:center;}}@media all and (max-width: 767px){.kadence-column747_6e14fb-f0 > .kt-inside-inner-col{display:flex;padding-right:var(--global-kb-spacing-xxs, 0.5rem);padding-left:var(--global-kb-spacing-xxs, 0.5rem);row-gap:var(--global-kb-gap-none, 0rem );flex-direction:column;justify-content:center;align-items:center;}.kadence-column747_6e14fb-f0{max-width:90%;margin-left:auto;margin-right:auto;text-align:left;}.wp-block-kadence-column.kb-section-sm-dir-vertical:not(.kb-section-sm-dir-horizontal):not(.kb-section-sm-dir-specificity)>.kt-inside-inner-col>.kadence-column747_6e14fb-f0{-webkit-flex:0 1 90%;flex:0 1 90%;}.wp-block-kadence-column>.kt-inside-inner-col>.kadence-column747_6e14fb-f0{-webkit-flex:1 90%;flex:1 90%;}.wp-block-kadence-column.kb-section-sm-dir-horizontal>.kt-inside-inner-col>.kadence-column747_6e14fb-f0, .wp-block-kadence-column.kb-section-dir-horizontal:not(.kb-section-sm-dir-vertical):not(.kb-section-md-dir-vertical) >.kt-inside-inner-col>.kadence-column747_6e14fb-f0{-webkit-flex:0 1 90%;flex:0 1 90%;max-width:unset;margin-left:unset;margin-right:unset;}.kadence-column747_6e14fb-f0, .kt-inside-inner-col > .kadence-column747_6e14fb-f0:not(.specificity){margin-right:var(--global-kb-spacing-xxs, 0.5rem);margin-left:var(--global-kb-spacing-xxs, 0.5rem);}}<\/style>\n<div class=\"wp-block-kadence-column kadence-column747_6e14fb-f0\"><div class=\"kt-inside-inner-col\">\n<p><span style=\"font-family: var(--global-body-font-family);\">Lang LTC to instytucja edukacyjna z 35-letnim do\u015bwiadczeniem. <\/span><br><span style=\"font-family: var(--global-body-font-family);\">Prowadzimy w\u0142asn\u0105 Szko\u0142\u0119 J\u0119zykow\u0105 i akredytowane przez MEN Centrum Doskonalenia Nauczycieli.<\/span><\/p>\n\n\n\n<p>Od 2009 roku jeste\u015bmy autoryzowanym Centrum Egzaminacyjnym Cambridge Assessment English. <br>W 2015 roku uzyskali\u015bmy presti\u017cowy status Cambridge Assessment English Authorized Platinum Centre, jako pierwsza i do dzi\u015b jedyna taka instytucja w Polsce. Ten status potwierdza nasz profesjonalizm i &nbsp;wysokie standardy obs\u0142ugi klienta.<\/p>\n\n\n\n<p>Jeste\u015bmy najszybciej rozwijaj\u0105cym si\u0119 o\u015brodkiem egzaminacyjnym w Polsce, a nasza oferta egzamin\u00f3w nale\u017cy do najbardziej kompleksowych.<\/p>\n\n\n<style>.wp-block-kadence-advancedbtn.kb-btns3351_63d7a4-83{padding-top:var(--global-kb-spacing-lg, 3rem);padding-right:0px;padding-bottom:var(--global-kb-spacing-lg, 3rem);gap:var(--global-kb-gap-xs, 0.5rem );justify-content:center;align-items:center;}.kt-btns3351_63d7a4-83 .kt-button{font-weight:normal;font-style:normal;}.kt-btns3351_63d7a4-83 .kt-btn-wrap-0{margin-right:5px;}.wp-block-kadence-advancedbtn.kt-btns3351_63d7a4-83 .kt-btn-wrap-0 .kt-button{color:#555555;border-color:#555555;}.wp-block-kadence-advancedbtn.kt-btns3351_63d7a4-83 .kt-btn-wrap-0 .kt-button:hover, .wp-block-kadence-advancedbtn.kt-btns3351_63d7a4-83 .kt-btn-wrap-0 .kt-button:focus{color:#ffffff;border-color:#444444;}.wp-block-kadence-advancedbtn.kt-btns3351_63d7a4-83 .kt-btn-wrap-0 .kt-button::before{display:none;}.wp-block-kadence-advancedbtn.kt-btns3351_63d7a4-83 .kt-btn-wrap-0 .kt-button:hover, .wp-block-kadence-advancedbtn.kt-btns3351_63d7a4-83 .kt-btn-wrap-0 .kt-button:focus{background:#444444;}<\/style>\n<div class=\"wp-block-kadence-advancedbtn kb-buttons-wrap kb-btns3351_63d7a4-83\"><style>ul.menu .wp-block-kadence-advancedbtn .kb-btn3351_a8de26-39.kb-button{width:initial;}.wp-block-kadence-advancedbtn .kb-btn3351_a8de26-39.kb-button{color:var(--global-palette9, #ffffff);background:var(--global-palette2, #2B6CB0);font-size:var(--global-kb-font-size-md, 1.25rem);font-family:Poppins;font-weight:600;border-top-left-radius:15px;border-top-right-radius:15px;border-bottom-right-radius:15px;border-bottom-left-radius:15px;}.wp-block-kadence-advancedbtn .kb-btn3351_a8de26-39.kb-button:hover, .wp-block-kadence-advancedbtn .kb-btn3351_a8de26-39.kb-button:focus{color:var(--global-palette9, #ffffff);background:var(--global-palette1, #3182CE);}<\/style><a class=\"kb-button kt-button button kb-btn3351_a8de26-39 kt-btn-size-standard kt-btn-width-type-auto kb-btn-global-fill  kt-btn-has-text-true kt-btn-has-svg-false  wp-block-kadence-singlebtn\" href=\"https:\/\/ielts.idp.com\/poland\/test-centre\/lang-ltc\" target=\"_blank\" rel=\"noreferrer noopener\"><span class=\"kt-btn-inner-text\">Zarejestruj si\u0119 na IELTS<\/span><\/a><\/div>\n\n\n\n<h4 class=\"wp-block-heading\">Aplikujesz na studia zagraniczne?<\/h4>\n\n\n\n<p>Wszystkich kandydat\u00f3w planuj\u0105cych studia na zagranicznych uczelniach zapraszamy do kontaktu z naszym partnerem<\/p>\n\n\n\n<p><strong>Elab Education Laboratory<\/strong><br><a href=\"https:\/\/elabedu.eu\/\">https:\/\/elabedu.eu\/<\/a><\/p>\n\n\n\n<p>kt\u00f3ry z sukcesem pomaga uczniom dosta\u0107 si\u0119 do lice\u00f3w i na uniwersytety za granic\u0105 oferuj\u0105c kompleksowe wsparcie na wszystkich etapach aplikacji.<\/p>\n\n\n<style>.wp-block-kadence-advancedheading.kt-adv-heading747_8ff763-69, .wp-block-kadence-advancedheading.kt-adv-heading747_8ff763-69[data-kb-block=\"kb-adv-heading747_8ff763-69\"]{font-style:normal;}.wp-block-kadence-advancedheading.kt-adv-heading747_8ff763-69 mark.kt-highlight, .wp-block-kadence-advancedheading.kt-adv-heading747_8ff763-69[data-kb-block=\"kb-adv-heading747_8ff763-69\"] mark.kt-highlight{font-style:normal;color:#f76a0c;-webkit-box-decoration-break:clone;box-decoration-break:clone;padding-top:0px;padding-right:0px;padding-bottom:0px;padding-left:0px;}.wp-block-kadence-advancedheading.kt-adv-heading747_8ff763-69 img.kb-inline-image, .wp-block-kadence-advancedheading.kt-adv-heading747_8ff763-69[data-kb-block=\"kb-adv-heading747_8ff763-69\"] img.kb-inline-image{width:150px;vertical-align:baseline;}<\/style>\n<h2 class=\"kt-adv-heading747_8ff763-69 wp-block-kadence-advancedheading has-theme-palette-2-color has-text-color\" data-kb-block=\"kb-adv-heading747_8ff763-69\"><strong>Wyr\u00f3\u017cniaj\u0105 nas us\u0142ugi najwy\u017cszej jako\u015bci<\/strong><\/h2>\n\n\n\n<p><strong>Oferujemy naszym klientom:<\/strong><\/p>\n\n\n\n<ul class=\"wp-block-list\">\n<li>kameralne sesje w komfortowych warunkach<\/li>\n\n\n\n<li>przyjazn\u0105 atmosfer\u0119 i profesjonalny serwis<\/li>\n\n\n\n<li>elastyczno\u015b\u0107 i indywidualne podej\u015bcie<\/li>\n\n\n\n<li>najd\u0142u\u017csze daty rejestracji na rynku<\/li>\n\n\n\n<li>najszerszy wyb\u00f3r dost\u0119pnych termin\u00f3w<\/li>\n<\/ul>\n\n\n\n<p class=\"has-text-align-center\"><strong><a href=\"https:\/\/lang.com.pl\/kursy\/kurs-ielts\/\">Kurs on-line przygotowuj\u0105cy IELTS<\/a><\/strong><\/p>\n<\/div><\/div>\n\n\n\n<p>&nbsp;<\/p>\n","protected":false},"excerpt":{"rendered":"<p>Zdaj IELTS w LANG LTC Lang LTC to instytucja edukacyjna z 35-letnim do\u015bwiadczeniem. Prowadzimy w\u0142asn\u0105 Szko\u0142\u0119 J\u0119zykow\u0105 i akredytowane przez MEN Centrum Doskonalenia Nauczycieli. Od 2009 roku jeste\u015bmy autoryzowanym Centrum Egzaminacyjnym Cambridge Assessment English. W 2015 roku uzyskali\u015bmy presti\u017cowy status Cambridge Assessment English Authorized Platinum Centre, jako pierwsza i do dzi\u015b jedyna taka instytucja w&#8230;<\/p>\n","protected":false},"author":1,"featured_media":0,"parent":0,"menu_order":0,"comment_status":"closed","ping_status":"closed","template":"","meta":{"_kad_post_transparent":"","_kad_post_title":"","_kad_post_layout":"","_kad_post_sidebar_id":"","_kad_post_content_style":"","_kad_post_vertical_padding":"","_kad_post_feature":"","_kad_post_feature_position":"","_kad_post_header":false,"_kad_post_footer":false,"_kad_post_classname":"","footnotes":""},"folder":[48],"class_list":["post-747","page","type-page","status-publish","hentry"],"yoast_head":"<!-- This site is optimized with the Yoast SEO plugin v27.3 - https:\/\/yoast.com\/product\/yoast-seo-wordpress\/ -->\n<title>IELTS - Warszawa. Zdaj test w Lang LTC | IELTS Polska<\/title>\n<meta name=\"description\" content=\"Egzamin IELTS zdasz w centrum egzaminacyjnym Lang LTC. Wyr\u00f3\u017cnia nas wieloletnie do\u015bwiadczenie i status Cambridge Assessment English Authorized Platinum Centre!\" \/>\n<meta name=\"robots\" content=\"index, follow, max-snippet:-1, max-image-preview:large, max-video-preview:-1\" \/>\n<link rel=\"canonical\" href=\"https:\/\/ieltspolska.pl\/pl\/zdaj-ielts-w-lang-ltc\/\" \/>\n<meta property=\"og:locale\" content=\"pl_PL\" \/>\n<meta property=\"og:type\" content=\"article\" \/>\n<meta property=\"og:title\" content=\"IELTS - Warszawa. Zdaj test w Lang LTC | IELTS Polska\" \/>\n<meta property=\"og:description\" content=\"Egzamin IELTS zdasz w centrum egzaminacyjnym Lang LTC. Wyr\u00f3\u017cnia nas wieloletnie do\u015bwiadczenie i status Cambridge Assessment English Authorized Platinum Centre!\" \/>\n<meta property=\"og:url\" content=\"https:\/\/ieltspolska.pl\/pl\/zdaj-ielts-w-lang-ltc\/\" \/>\n<meta property=\"og:site_name\" content=\"IELTS Polska\" \/>\n<meta property=\"article:modified_time\" content=\"2025-04-02T10:25:47+00:00\" \/>\n<meta name=\"twitter:card\" content=\"summary_large_image\" \/>\n<meta name=\"twitter:label1\" content=\"Szacowany czas czytania\" \/>\n\t<meta name=\"twitter:data1\" content=\"2 minuty\" \/>\n<script type=\"application\/ld+json\" class=\"yoast-schema-graph\">{\"@context\":\"https:\\\/\\\/schema.org\",\"@graph\":[{\"@type\":\"WebPage\",\"@id\":\"https:\\\/\\\/ieltspolska.pl\\\/pl\\\/zdaj-ielts-w-lang-ltc\\\/\",\"url\":\"https:\\\/\\\/ieltspolska.pl\\\/pl\\\/zdaj-ielts-w-lang-ltc\\\/\",\"name\":\"IELTS - Warszawa. Zdaj test w Lang LTC | IELTS Polska\",\"isPartOf\":{\"@id\":\"https:\\\/\\\/ieltspolska.pl\\\/pl\\\/#website\"},\"datePublished\":\"2019-03-04T13:51:48+00:00\",\"dateModified\":\"2025-04-02T10:25:47+00:00\",\"description\":\"Egzamin IELTS zdasz w centrum egzaminacyjnym Lang LTC. Wyr\u00f3\u017cnia nas wieloletnie do\u015bwiadczenie i status Cambridge Assessment English Authorized Platinum Centre!\",\"breadcrumb\":{\"@id\":\"https:\\\/\\\/ieltspolska.pl\\\/pl\\\/zdaj-ielts-w-lang-ltc\\\/#breadcrumb\"},\"inLanguage\":\"pl-PL\",\"potentialAction\":[{\"@type\":\"ReadAction\",\"target\":[\"https:\\\/\\\/ieltspolska.pl\\\/pl\\\/zdaj-ielts-w-lang-ltc\\\/\"]}]},{\"@type\":\"BreadcrumbList\",\"@id\":\"https:\\\/\\\/ieltspolska.pl\\\/pl\\\/zdaj-ielts-w-lang-ltc\\\/#breadcrumb\",\"itemListElement\":[{\"@type\":\"ListItem\",\"position\":1,\"name\":\"Strona g\u0142\u00f3wna\",\"item\":\"https:\\\/\\\/ieltspolska.pl\\\/pl\\\/\"},{\"@type\":\"ListItem\",\"position\":2,\"name\":\"Zdaj IELTS w LANG LTC\"}]},{\"@type\":\"WebSite\",\"@id\":\"https:\\\/\\\/ieltspolska.pl\\\/pl\\\/#website\",\"url\":\"https:\\\/\\\/ieltspolska.pl\\\/pl\\\/\",\"name\":\"IELTS - test akceptowany na ca\u0142ym \u015bwiecie | IELTS Polska\",\"description\":\"IELTS\",\"publisher\":{\"@id\":\"https:\\\/\\\/ieltspolska.pl\\\/pl\\\/#organization\"},\"potentialAction\":[{\"@type\":\"SearchAction\",\"target\":{\"@type\":\"EntryPoint\",\"urlTemplate\":\"https:\\\/\\\/ieltspolska.pl\\\/pl\\\/?s={search_term_string}\"},\"query-input\":{\"@type\":\"PropertyValueSpecification\",\"valueRequired\":true,\"valueName\":\"search_term_string\"}}],\"inLanguage\":\"pl-PL\"},{\"@type\":\"Organization\",\"@id\":\"https:\\\/\\\/ieltspolska.pl\\\/pl\\\/#organization\",\"name\":\"IELTS - test akceptowany na ca\u0142ym \u015bwiecie | IELTS Polska\",\"url\":\"https:\\\/\\\/ieltspolska.pl\\\/pl\\\/\",\"logo\":{\"@type\":\"ImageObject\",\"inLanguage\":\"pl-PL\",\"@id\":\"https:\\\/\\\/ieltspolska.pl\\\/pl\\\/#\\\/schema\\\/logo\\\/image\\\/\",\"url\":\"https:\\\/\\\/ieltspolska.pl\\\/wp-content\\\/uploads\\\/2019\\\/03\\\/ielst.png\",\"contentUrl\":\"https:\\\/\\\/ieltspolska.pl\\\/wp-content\\\/uploads\\\/2019\\\/03\\\/ielst.png\",\"width\":210,\"height\":76,\"caption\":\"IELTS - test akceptowany na ca\u0142ym \u015bwiecie | IELTS Polska\"},\"image\":{\"@id\":\"https:\\\/\\\/ieltspolska.pl\\\/pl\\\/#\\\/schema\\\/logo\\\/image\\\/\"}}]}<\/script>\n<!-- \/ Yoast SEO plugin. -->","yoast_head_json":{"title":"IELTS - Warszawa. Zdaj test w Lang LTC | IELTS Polska","description":"Egzamin IELTS zdasz w centrum egzaminacyjnym Lang LTC. Wyr\u00f3\u017cnia nas wieloletnie do\u015bwiadczenie i status Cambridge Assessment English Authorized Platinum Centre!","robots":{"index":"index","follow":"follow","max-snippet":"max-snippet:-1","max-image-preview":"max-image-preview:large","max-video-preview":"max-video-preview:-1"},"canonical":"https:\/\/ieltspolska.pl\/pl\/zdaj-ielts-w-lang-ltc\/","og_locale":"pl_PL","og_type":"article","og_title":"IELTS - Warszawa. Zdaj test w Lang LTC | IELTS Polska","og_description":"Egzamin IELTS zdasz w centrum egzaminacyjnym Lang LTC. Wyr\u00f3\u017cnia nas wieloletnie do\u015bwiadczenie i status Cambridge Assessment English Authorized Platinum Centre!","og_url":"https:\/\/ieltspolska.pl\/pl\/zdaj-ielts-w-lang-ltc\/","og_site_name":"IELTS Polska","article_modified_time":"2025-04-02T10:25:47+00:00","twitter_card":"summary_large_image","twitter_misc":{"Szacowany czas czytania":"2 minuty"},"schema":{"@context":"https:\/\/schema.org","@graph":[{"@type":"WebPage","@id":"https:\/\/ieltspolska.pl\/pl\/zdaj-ielts-w-lang-ltc\/","url":"https:\/\/ieltspolska.pl\/pl\/zdaj-ielts-w-lang-ltc\/","name":"IELTS - Warszawa. Zdaj test w Lang LTC | IELTS Polska","isPartOf":{"@id":"https:\/\/ieltspolska.pl\/pl\/#website"},"datePublished":"2019-03-04T13:51:48+00:00","dateModified":"2025-04-02T10:25:47+00:00","description":"Egzamin IELTS zdasz w centrum egzaminacyjnym Lang LTC. Wyr\u00f3\u017cnia nas wieloletnie do\u015bwiadczenie i status Cambridge Assessment English Authorized Platinum Centre!","breadcrumb":{"@id":"https:\/\/ieltspolska.pl\/pl\/zdaj-ielts-w-lang-ltc\/#breadcrumb"},"inLanguage":"pl-PL","potentialAction":[{"@type":"ReadAction","target":["https:\/\/ieltspolska.pl\/pl\/zdaj-ielts-w-lang-ltc\/"]}]},{"@type":"BreadcrumbList","@id":"https:\/\/ieltspolska.pl\/pl\/zdaj-ielts-w-lang-ltc\/#breadcrumb","itemListElement":[{"@type":"ListItem","position":1,"name":"Strona g\u0142\u00f3wna","item":"https:\/\/ieltspolska.pl\/pl\/"},{"@type":"ListItem","position":2,"name":"Zdaj IELTS w LANG LTC"}]},{"@type":"WebSite","@id":"https:\/\/ieltspolska.pl\/pl\/#website","url":"https:\/\/ieltspolska.pl\/pl\/","name":"IELTS - test akceptowany na ca\u0142ym \u015bwiecie | IELTS Polska","description":"IELTS","publisher":{"@id":"https:\/\/ieltspolska.pl\/pl\/#organization"},"potentialAction":[{"@type":"SearchAction","target":{"@type":"EntryPoint","urlTemplate":"https:\/\/ieltspolska.pl\/pl\/?s={search_term_string}"},"query-input":{"@type":"PropertyValueSpecification","valueRequired":true,"valueName":"search_term_string"}}],"inLanguage":"pl-PL"},{"@type":"Organization","@id":"https:\/\/ieltspolska.pl\/pl\/#organization","name":"IELTS - test akceptowany na ca\u0142ym \u015bwiecie | IELTS Polska","url":"https:\/\/ieltspolska.pl\/pl\/","logo":{"@type":"ImageObject","inLanguage":"pl-PL","@id":"https:\/\/ieltspolska.pl\/pl\/#\/schema\/logo\/image\/","url":"https:\/\/ieltspolska.pl\/wp-content\/uploads\/2019\/03\/ielst.png","contentUrl":"https:\/\/ieltspolska.pl\/wp-content\/uploads\/2019\/03\/ielst.png","width":210,"height":76,"caption":"IELTS - test akceptowany na ca\u0142ym \u015bwiecie | IELTS Polska"},"image":{"@id":"https:\/\/ieltspolska.pl\/pl\/#\/schema\/logo\/image\/"}}]}},"_links":{"self":[{"href":"https:\/\/ieltspolska.pl\/pl\/wp-json\/wp\/v2\/pages\/747","targetHints":{"allow":["GET"]}}],"collection":[{"href":"https:\/\/ieltspolska.pl\/pl\/wp-json\/wp\/v2\/pages"}],"about":[{"href":"https:\/\/ieltspolska.pl\/pl\/wp-json\/wp\/v2\/types\/page"}],"author":[{"embeddable":true,"href":"https:\/\/ieltspolska.pl\/pl\/wp-json\/wp\/v2\/users\/1"}],"replies":[{"embeddable":true,"href":"https:\/\/ieltspolska.pl\/pl\/wp-json\/wp\/v2\/comments?post=747"}],"version-history":[{"count":18,"href":"https:\/\/ieltspolska.pl\/pl\/wp-json\/wp\/v2\/pages\/747\/revisions"}],"predecessor-version":[{"id":3356,"href":"https:\/\/ieltspolska.pl\/pl\/wp-json\/wp\/v2\/pages\/747\/revisions\/3356"}],"wp:attachment":[{"href":"https:\/\/ieltspolska.pl\/pl\/wp-json\/wp\/v2\/media?parent=747"}],"wp:term":[{"taxonomy":"folder","embeddable":true,"href":"https:\/\/ieltspolska.pl\/pl\/wp-json\/wp\/v2\/folder?post=747"}],"curies":[{"name":"wp","href":"https:\/\/api.w.org\/{rel}","templated":true}]}}