{"id":762,"date":"2019-03-05T10:20:30","date_gmt":"2019-03-05T10:20:30","guid":{"rendered":"https:\/\/ieltspolska.pl\/?page_id=762"},"modified":"2025-04-02T11:15:38","modified_gmt":"2025-04-02T11:15:38","slug":"szczegolne-udogodnienia","status":"publish","type":"page","link":"https:\/\/ieltspolska.pl\/pl\/szczegolne-udogodnienia\/","title":{"rendered":"Szczeg\u00f3lne udogodnienia"},"content":{"rendered":"\n<div style=\"height:20px\" aria-hidden=\"true\" class=\"wp-block-spacer\"><\/div>\n\n\n<style>.wp-block-kadence-advancedheading.kt-adv-heading762_04d738-38, .wp-block-kadence-advancedheading.kt-adv-heading762_04d738-38[data-kb-block=\"kb-adv-heading762_04d738-38\"]{text-align:center;font-size:var(--global-kb-font-size-lg, 2rem);font-weight:400;font-style:normal;font-family:Poppins;}.wp-block-kadence-advancedheading.kt-adv-heading762_04d738-38 mark.kt-highlight, .wp-block-kadence-advancedheading.kt-adv-heading762_04d738-38[data-kb-block=\"kb-adv-heading762_04d738-38\"] mark.kt-highlight{font-style:normal;color:#f76a0c;-webkit-box-decoration-break:clone;box-decoration-break:clone;padding-top:0px;padding-right:0px;padding-bottom:0px;padding-left:0px;}.wp-block-kadence-advancedheading.kt-adv-heading762_04d738-38 img.kb-inline-image, .wp-block-kadence-advancedheading.kt-adv-heading762_04d738-38[data-kb-block=\"kb-adv-heading762_04d738-38\"] img.kb-inline-image{width:150px;vertical-align:baseline;}<\/style>\n<h2 class=\"kt-adv-heading762_04d738-38 wp-block-kadence-advancedheading has-theme-palette-2-color has-text-color\" data-kb-block=\"kb-adv-heading762_04d738-38\"><strong>Szczeg\u00f3lne udogodnienia<\/strong><\/h2>\n\n\n<style>.kadence-column762_283c26-41{max-width:70%;margin-left:auto;margin-right:auto;}.wp-block-kadence-column.kb-section-dir-horizontal:not(.kb-section-md-dir-vertical)>.kt-inside-inner-col>.kadence-column762_283c26-41{-webkit-flex:0 1 70%;flex:0 1 70%;max-width:unset;margin-left:unset;margin-right:unset;}.kadence-column762_283c26-41 > .kt-inside-inner-col{padding-top:var(--global-kb-spacing-lg, 3rem);padding-right:var(--global-kb-spacing-xxl, 5rem);padding-bottom:var(--global-kb-spacing-lg, 3rem);padding-left:var(--global-kb-spacing-xxl, 5rem);}.kadence-column762_283c26-41 > .kt-inside-inner-col{box-shadow:0px 0px 14px 0px rgba(0, 0, 0, 0.2);}.kadence-column762_283c26-41 > .kt-inside-inner-col,.kadence-column762_283c26-41 > .kt-inside-inner-col:before{border-top-left-radius:15px;border-top-right-radius:15px;border-bottom-right-radius:15px;border-bottom-left-radius:15px;}.kadence-column762_283c26-41 > .kt-inside-inner-col{column-gap:var(--global-kb-gap-sm, 1rem);}.kadence-column762_283c26-41 > .kt-inside-inner-col{flex-direction:column;}.kadence-column762_283c26-41 > .kt-inside-inner-col > .aligncenter{width:100%;}.kadence-column762_283c26-41 > .kt-inside-inner-col{background-color:var(--global-palette9, #ffffff);}.kadence-column762_283c26-41 > .kt-inside-inner-col:before{opacity:0.3;}.kadence-column762_283c26-41{position:relative;}@media all and (min-width: 1025px){.wp-block-kadence-column.kb-section-dir-horizontal>.kt-inside-inner-col>.kadence-column762_283c26-41{-webkit-flex:0 1 70%;flex:0 1 70%;max-width:unset;margin-left:unset;margin-right:unset;}}@media all and (max-width: 1024px){.kadence-column762_283c26-41 > .kt-inside-inner-col{flex-direction:column;justify-content:center;}}@media all and (max-width: 767px){.kadence-column762_283c26-41 > .kt-inside-inner-col{display:flex;padding-right:var(--global-kb-spacing-xxs, 0.5rem);padding-left:var(--global-kb-spacing-xxs, 0.5rem);row-gap:var(--global-kb-gap-none, 0rem );flex-direction:column;justify-content:center;align-items:center;}.kadence-column762_283c26-41{max-width:90%;margin-left:auto;margin-right:auto;text-align:left;}.wp-block-kadence-column.kb-section-sm-dir-vertical:not(.kb-section-sm-dir-horizontal):not(.kb-section-sm-dir-specificity)>.kt-inside-inner-col>.kadence-column762_283c26-41{-webkit-flex:0 1 90%;flex:0 1 90%;}.wp-block-kadence-column>.kt-inside-inner-col>.kadence-column762_283c26-41{-webkit-flex:1 90%;flex:1 90%;}.wp-block-kadence-column.kb-section-sm-dir-horizontal>.kt-inside-inner-col>.kadence-column762_283c26-41, .wp-block-kadence-column.kb-section-dir-horizontal:not(.kb-section-sm-dir-vertical):not(.kb-section-md-dir-vertical) >.kt-inside-inner-col>.kadence-column762_283c26-41{-webkit-flex:0 1 90%;flex:0 1 90%;max-width:unset;margin-left:unset;margin-right:unset;}.kadence-column762_283c26-41, .kt-inside-inner-col > .kadence-column762_283c26-41:not(.specificity){margin-right:var(--global-kb-spacing-xxs, 0.5rem);margin-left:var(--global-kb-spacing-xxs, 0.5rem);}}<\/style>\n<div class=\"wp-block-kadence-column kadence-column762_283c26-41\"><div class=\"kt-inside-inner-col\">\n<p><strong>Ze wzgl\u0119d\u00f3w technicznych specjalne udogodnienia dost\u0119pne s\u0105 tylko na sesjach papierowych.<\/strong><\/p>\n\n\n\n<p>Mo\u017cemy Ci pom\u00f3c, je\u015bli potrzebujesz szczeg\u00f3lnych udogodnie\u0144:<\/p>\n\n\n\n<p>Powiadom nas <strong>z trzymiesi\u0119cznym wyprzedzeniem<\/strong>, je\u015bli potrzebujesz zmodyfikowanych papier\u00f3w egzaminacyjnych, np.:<\/p>\n\n\n\n<ul class=\"wp-block-list\">\n<li>o powi\u0119kszonym druku<\/li>\n\n\n\n<li>papier\u00f3w w alfabecie Braille&#8217;a<\/li>\n\n\n\n<li>specjalnej p\u0142yty CD z przystankami i pauzami<\/li>\n\n\n\n<li>czytania z ruchu warg<\/li>\n\n\n\n<li>powi\u0119kszonego wydruku lub materia\u0142\u00f3w na cz\u0119\u015b\u0107 ustn\u0105 w alfabecie Braille&#8217;a<\/li>\n\n\n\n<li>specjalnego sprz\u0119tu do amplifikacji<\/li>\n\n\n\n<li>asystenta (tzw. amanuensis), kt\u00f3ry b\u0119dzie za Ciebie zapisywa\u0142 odpowiedzi<\/li>\n<\/ul>\n\n\n\n<p>Powiadom nas <strong>z sze\u015bciotygodniowym wyprzedzeniem,<\/strong> je\u015bli masz dysleksj\u0119\/dysgrafi\u0119 i potrzebujesz udogodnienia w postaci wyd\u0142u\u017conego czasu pisania (+25% czasu) testu Reading i Writing.<\/p>\n\n\n\n<p><strong>Zapewniamy, \u017ce Tw\u00f3j test zostanie oceniony obiektywnie, bez wzgl\u0119du na niepe\u0142nosprawno\u015b\u0107 lub szczeg\u00f3lne potrzeby, kt\u00f3re mo\u017cesz mie\u0107.<\/strong><\/p>\n\n\n\n<p>Skontaktuj si\u0119 z nami (<a>ielts@lang.com.pl<\/a>; +48 22 243 04 57) tak szybko, jak to mo\u017cliwe, aby om\u00f3wi\u0107 specjalne udogodnienia dla Ciebie.<\/p>\n<\/div><\/div>\n","protected":false},"excerpt":{"rendered":"<p>Szczeg\u00f3lne udogodnienia Ze wzgl\u0119d\u00f3w technicznych specjalne udogodnienia dost\u0119pne s\u0105 tylko na sesjach papierowych. Mo\u017cemy Ci pom\u00f3c, je\u015bli potrzebujesz szczeg\u00f3lnych udogodnie\u0144: Powiadom nas z trzymiesi\u0119cznym wyprzedzeniem, je\u015bli potrzebujesz zmodyfikowanych papier\u00f3w egzaminacyjnych, np.: Powiadom nas z sze\u015bciotygodniowym wyprzedzeniem, je\u015bli masz dysleksj\u0119\/dysgrafi\u0119 i potrzebujesz udogodnienia w postaci wyd\u0142u\u017conego czasu pisania (+25% czasu) testu Reading i Writing. Zapewniamy, \u017ce&#8230;<\/p>\n","protected":false},"author":1,"featured_media":0,"parent":0,"menu_order":0,"comment_status":"closed","ping_status":"closed","template":"","meta":{"_kad_post_transparent":"","_kad_post_title":"","_kad_post_layout":"","_kad_post_sidebar_id":"","_kad_post_content_style":"","_kad_post_vertical_padding":"","_kad_post_feature":"","_kad_post_feature_position":"","_kad_post_header":false,"_kad_post_footer":false,"_kad_post_classname":"","footnotes":""},"folder":[48],"class_list":["post-762","page","type-page","status-publish","hentry"],"yoast_head":"<!-- This site is optimized with the Yoast SEO plugin v27.3 - https:\/\/yoast.com\/product\/yoast-seo-wordpress\/ -->\n<title>IELTS - Szczeg\u00f3lne Udogodnienia Dla Kandydata | IELTS Polska<\/title>\n<meta name=\"description\" content=\"Jako osoba niepe\u0142nosprawna mo\u017cesz skorzysta\u0107 ze specjalnych udogodnie\u0144 podczas zdawania IELTS, je\u015bli wcze\u015bniej nas o tym powiadomisz. Dowiedz si\u0119 wi\u0119cej!\" \/>\n<meta name=\"robots\" content=\"index, follow, max-snippet:-1, max-image-preview:large, max-video-preview:-1\" \/>\n<link rel=\"canonical\" href=\"https:\/\/ieltspolska.pl\/pl\/szczegolne-udogodnienia\/\" \/>\n<meta property=\"og:locale\" content=\"pl_PL\" \/>\n<meta property=\"og:type\" content=\"article\" \/>\n<meta property=\"og:title\" content=\"IELTS - Szczeg\u00f3lne Udogodnienia Dla Kandydata | IELTS Polska\" \/>\n<meta property=\"og:description\" content=\"Jako osoba niepe\u0142nosprawna mo\u017cesz skorzysta\u0107 ze specjalnych udogodnie\u0144 podczas zdawania IELTS, je\u015bli wcze\u015bniej nas o tym powiadomisz. Dowiedz si\u0119 wi\u0119cej!\" \/>\n<meta property=\"og:url\" content=\"https:\/\/ieltspolska.pl\/pl\/szczegolne-udogodnienia\/\" \/>\n<meta property=\"og:site_name\" content=\"IELTS Polska\" \/>\n<meta property=\"article:modified_time\" content=\"2025-04-02T11:15:38+00:00\" \/>\n<meta name=\"twitter:card\" content=\"summary_large_image\" \/>\n<meta name=\"twitter:label1\" content=\"Szacowany czas czytania\" \/>\n\t<meta name=\"twitter:data1\" content=\"1 minuta\" \/>\n<script type=\"application\/ld+json\" class=\"yoast-schema-graph\">{\"@context\":\"https:\\\/\\\/schema.org\",\"@graph\":[{\"@type\":\"WebPage\",\"@id\":\"https:\\\/\\\/ieltspolska.pl\\\/pl\\\/szczegolne-udogodnienia\\\/\",\"url\":\"https:\\\/\\\/ieltspolska.pl\\\/pl\\\/szczegolne-udogodnienia\\\/\",\"name\":\"IELTS - Szczeg\u00f3lne Udogodnienia Dla Kandydata | IELTS Polska\",\"isPartOf\":{\"@id\":\"https:\\\/\\\/ieltspolska.pl\\\/pl\\\/#website\"},\"datePublished\":\"2019-03-05T10:20:30+00:00\",\"dateModified\":\"2025-04-02T11:15:38+00:00\",\"description\":\"Jako osoba niepe\u0142nosprawna mo\u017cesz skorzysta\u0107 ze specjalnych udogodnie\u0144 podczas zdawania IELTS, je\u015bli wcze\u015bniej nas o tym powiadomisz. Dowiedz si\u0119 wi\u0119cej!\",\"breadcrumb\":{\"@id\":\"https:\\\/\\\/ieltspolska.pl\\\/pl\\\/szczegolne-udogodnienia\\\/#breadcrumb\"},\"inLanguage\":\"pl-PL\",\"potentialAction\":[{\"@type\":\"ReadAction\",\"target\":[\"https:\\\/\\\/ieltspolska.pl\\\/pl\\\/szczegolne-udogodnienia\\\/\"]}]},{\"@type\":\"BreadcrumbList\",\"@id\":\"https:\\\/\\\/ieltspolska.pl\\\/pl\\\/szczegolne-udogodnienia\\\/#breadcrumb\",\"itemListElement\":[{\"@type\":\"ListItem\",\"position\":1,\"name\":\"Strona g\u0142\u00f3wna\",\"item\":\"https:\\\/\\\/ieltspolska.pl\\\/pl\\\/\"},{\"@type\":\"ListItem\",\"position\":2,\"name\":\"Szczeg\u00f3lne udogodnienia\"}]},{\"@type\":\"WebSite\",\"@id\":\"https:\\\/\\\/ieltspolska.pl\\\/pl\\\/#website\",\"url\":\"https:\\\/\\\/ieltspolska.pl\\\/pl\\\/\",\"name\":\"IELTS - test akceptowany na ca\u0142ym \u015bwiecie | IELTS Polska\",\"description\":\"IELTS\",\"publisher\":{\"@id\":\"https:\\\/\\\/ieltspolska.pl\\\/pl\\\/#organization\"},\"potentialAction\":[{\"@type\":\"SearchAction\",\"target\":{\"@type\":\"EntryPoint\",\"urlTemplate\":\"https:\\\/\\\/ieltspolska.pl\\\/pl\\\/?s={search_term_string}\"},\"query-input\":{\"@type\":\"PropertyValueSpecification\",\"valueRequired\":true,\"valueName\":\"search_term_string\"}}],\"inLanguage\":\"pl-PL\"},{\"@type\":\"Organization\",\"@id\":\"https:\\\/\\\/ieltspolska.pl\\\/pl\\\/#organization\",\"name\":\"IELTS - test akceptowany na ca\u0142ym \u015bwiecie | IELTS Polska\",\"url\":\"https:\\\/\\\/ieltspolska.pl\\\/pl\\\/\",\"logo\":{\"@type\":\"ImageObject\",\"inLanguage\":\"pl-PL\",\"@id\":\"https:\\\/\\\/ieltspolska.pl\\\/pl\\\/#\\\/schema\\\/logo\\\/image\\\/\",\"url\":\"https:\\\/\\\/ieltspolska.pl\\\/wp-content\\\/uploads\\\/2019\\\/03\\\/ielst.png\",\"contentUrl\":\"https:\\\/\\\/ieltspolska.pl\\\/wp-content\\\/uploads\\\/2019\\\/03\\\/ielst.png\",\"width\":210,\"height\":76,\"caption\":\"IELTS - test akceptowany na ca\u0142ym \u015bwiecie | IELTS Polska\"},\"image\":{\"@id\":\"https:\\\/\\\/ieltspolska.pl\\\/pl\\\/#\\\/schema\\\/logo\\\/image\\\/\"}}]}<\/script>\n<!-- \/ Yoast SEO plugin. -->","yoast_head_json":{"title":"IELTS - Szczeg\u00f3lne Udogodnienia Dla Kandydata | IELTS Polska","description":"Jako osoba niepe\u0142nosprawna mo\u017cesz skorzysta\u0107 ze specjalnych udogodnie\u0144 podczas zdawania IELTS, je\u015bli wcze\u015bniej nas o tym powiadomisz. Dowiedz si\u0119 wi\u0119cej!","robots":{"index":"index","follow":"follow","max-snippet":"max-snippet:-1","max-image-preview":"max-image-preview:large","max-video-preview":"max-video-preview:-1"},"canonical":"https:\/\/ieltspolska.pl\/pl\/szczegolne-udogodnienia\/","og_locale":"pl_PL","og_type":"article","og_title":"IELTS - Szczeg\u00f3lne Udogodnienia Dla Kandydata | IELTS Polska","og_description":"Jako osoba niepe\u0142nosprawna mo\u017cesz skorzysta\u0107 ze specjalnych udogodnie\u0144 podczas zdawania IELTS, je\u015bli wcze\u015bniej nas o tym powiadomisz. Dowiedz si\u0119 wi\u0119cej!","og_url":"https:\/\/ieltspolska.pl\/pl\/szczegolne-udogodnienia\/","og_site_name":"IELTS Polska","article_modified_time":"2025-04-02T11:15:38+00:00","twitter_card":"summary_large_image","twitter_misc":{"Szacowany czas czytania":"1 minuta"},"schema":{"@context":"https:\/\/schema.org","@graph":[{"@type":"WebPage","@id":"https:\/\/ieltspolska.pl\/pl\/szczegolne-udogodnienia\/","url":"https:\/\/ieltspolska.pl\/pl\/szczegolne-udogodnienia\/","name":"IELTS - Szczeg\u00f3lne Udogodnienia Dla Kandydata | IELTS Polska","isPartOf":{"@id":"https:\/\/ieltspolska.pl\/pl\/#website"},"datePublished":"2019-03-05T10:20:30+00:00","dateModified":"2025-04-02T11:15:38+00:00","description":"Jako osoba niepe\u0142nosprawna mo\u017cesz skorzysta\u0107 ze specjalnych udogodnie\u0144 podczas zdawania IELTS, je\u015bli wcze\u015bniej nas o tym powiadomisz. Dowiedz si\u0119 wi\u0119cej!","breadcrumb":{"@id":"https:\/\/ieltspolska.pl\/pl\/szczegolne-udogodnienia\/#breadcrumb"},"inLanguage":"pl-PL","potentialAction":[{"@type":"ReadAction","target":["https:\/\/ieltspolska.pl\/pl\/szczegolne-udogodnienia\/"]}]},{"@type":"BreadcrumbList","@id":"https:\/\/ieltspolska.pl\/pl\/szczegolne-udogodnienia\/#breadcrumb","itemListElement":[{"@type":"ListItem","position":1,"name":"Strona g\u0142\u00f3wna","item":"https:\/\/ieltspolska.pl\/pl\/"},{"@type":"ListItem","position":2,"name":"Szczeg\u00f3lne udogodnienia"}]},{"@type":"WebSite","@id":"https:\/\/ieltspolska.pl\/pl\/#website","url":"https:\/\/ieltspolska.pl\/pl\/","name":"IELTS - test akceptowany na ca\u0142ym \u015bwiecie | IELTS Polska","description":"IELTS","publisher":{"@id":"https:\/\/ieltspolska.pl\/pl\/#organization"},"potentialAction":[{"@type":"SearchAction","target":{"@type":"EntryPoint","urlTemplate":"https:\/\/ieltspolska.pl\/pl\/?s={search_term_string}"},"query-input":{"@type":"PropertyValueSpecification","valueRequired":true,"valueName":"search_term_string"}}],"inLanguage":"pl-PL"},{"@type":"Organization","@id":"https:\/\/ieltspolska.pl\/pl\/#organization","name":"IELTS - test akceptowany na ca\u0142ym \u015bwiecie | IELTS Polska","url":"https:\/\/ieltspolska.pl\/pl\/","logo":{"@type":"ImageObject","inLanguage":"pl-PL","@id":"https:\/\/ieltspolska.pl\/pl\/#\/schema\/logo\/image\/","url":"https:\/\/ieltspolska.pl\/wp-content\/uploads\/2019\/03\/ielst.png","contentUrl":"https:\/\/ieltspolska.pl\/wp-content\/uploads\/2019\/03\/ielst.png","width":210,"height":76,"caption":"IELTS - test akceptowany na ca\u0142ym \u015bwiecie | IELTS Polska"},"image":{"@id":"https:\/\/ieltspolska.pl\/pl\/#\/schema\/logo\/image\/"}}]}},"_links":{"self":[{"href":"https:\/\/ieltspolska.pl\/pl\/wp-json\/wp\/v2\/pages\/762","targetHints":{"allow":["GET"]}}],"collection":[{"href":"https:\/\/ieltspolska.pl\/pl\/wp-json\/wp\/v2\/pages"}],"about":[{"href":"https:\/\/ieltspolska.pl\/pl\/wp-json\/wp\/v2\/types\/page"}],"author":[{"embeddable":true,"href":"https:\/\/ieltspolska.pl\/pl\/wp-json\/wp\/v2\/users\/1"}],"replies":[{"embeddable":true,"href":"https:\/\/ieltspolska.pl\/pl\/wp-json\/wp\/v2\/comments?post=762"}],"version-history":[{"count":12,"href":"https:\/\/ieltspolska.pl\/pl\/wp-json\/wp\/v2\/pages\/762\/revisions"}],"predecessor-version":[{"id":3384,"href":"https:\/\/ieltspolska.pl\/pl\/wp-json\/wp\/v2\/pages\/762\/revisions\/3384"}],"wp:attachment":[{"href":"https:\/\/ieltspolska.pl\/pl\/wp-json\/wp\/v2\/media?parent=762"}],"wp:term":[{"taxonomy":"folder","embeddable":true,"href":"https:\/\/ieltspolska.pl\/pl\/wp-json\/wp\/v2\/folder?post=762"}],"curies":[{"name":"wp","href":"https:\/\/api.w.org\/{rel}","templated":true}]}}