{"id":768,"date":"2019-03-05T10:28:16","date_gmt":"2019-03-05T10:28:16","guid":{"rendered":"https:\/\/ieltspolska.pl\/?page_id=768"},"modified":"2025-08-01T10:09:12","modified_gmt":"2025-08-01T10:09:12","slug":"zasady-i-regulaminy","status":"publish","type":"page","link":"https:\/\/ieltspolska.pl\/pl\/zasady-i-regulaminy\/","title":{"rendered":"Zasady i regulaminy"},"content":{"rendered":"\n<div style=\"height:20px\" aria-hidden=\"true\" class=\"wp-block-spacer\"><\/div>\n\n\n<style>.wp-block-kadence-advancedheading.kt-adv-heading768_317356-e9, .wp-block-kadence-advancedheading.kt-adv-heading768_317356-e9[data-kb-block=\"kb-adv-heading768_317356-e9\"]{text-align:center;font-size:var(--global-kb-font-size-lg, 2rem);font-weight:400;font-style:normal;font-family:Poppins;}.wp-block-kadence-advancedheading.kt-adv-heading768_317356-e9 mark.kt-highlight, .wp-block-kadence-advancedheading.kt-adv-heading768_317356-e9[data-kb-block=\"kb-adv-heading768_317356-e9\"] mark.kt-highlight{font-style:normal;color:#f76a0c;-webkit-box-decoration-break:clone;box-decoration-break:clone;padding-top:0px;padding-right:0px;padding-bottom:0px;padding-left:0px;}.wp-block-kadence-advancedheading.kt-adv-heading768_317356-e9 img.kb-inline-image, .wp-block-kadence-advancedheading.kt-adv-heading768_317356-e9[data-kb-block=\"kb-adv-heading768_317356-e9\"] img.kb-inline-image{width:150px;vertical-align:baseline;}<\/style>\n<h2 class=\"kt-adv-heading768_317356-e9 wp-block-kadence-advancedheading has-theme-palette-2-color has-text-color\" data-kb-block=\"kb-adv-heading768_317356-e9\"><strong>Zasady i regulaminy<\/strong><\/h2>\n\n\n<style>.kadence-column768_cc365d-4c{max-width:70%;margin-left:auto;margin-right:auto;}.wp-block-kadence-column.kb-section-dir-horizontal:not(.kb-section-md-dir-vertical)>.kt-inside-inner-col>.kadence-column768_cc365d-4c{-webkit-flex:0 1 70%;flex:0 1 70%;max-width:unset;margin-left:unset;margin-right:unset;}.kadence-column768_cc365d-4c > .kt-inside-inner-col{padding-top:var(--global-kb-spacing-lg, 3rem);padding-right:var(--global-kb-spacing-xxl, 5rem);padding-bottom:var(--global-kb-spacing-lg, 3rem);padding-left:var(--global-kb-spacing-xxl, 5rem);}.kadence-column768_cc365d-4c > .kt-inside-inner-col{box-shadow:0px 0px 14px 0px rgba(0, 0, 0, 0.2);}.kadence-column768_cc365d-4c > .kt-inside-inner-col,.kadence-column768_cc365d-4c > .kt-inside-inner-col:before{border-top-left-radius:15px;border-top-right-radius:15px;border-bottom-right-radius:15px;border-bottom-left-radius:15px;}.kadence-column768_cc365d-4c > .kt-inside-inner-col{column-gap:var(--global-kb-gap-sm, 1rem);}.kadence-column768_cc365d-4c > .kt-inside-inner-col{flex-direction:column;}.kadence-column768_cc365d-4c > .kt-inside-inner-col > .aligncenter{width:100%;}.kadence-column768_cc365d-4c > .kt-inside-inner-col{background-color:var(--global-palette9, #ffffff);}.kadence-column768_cc365d-4c > .kt-inside-inner-col:before{opacity:0.3;}.kadence-column768_cc365d-4c{position:relative;}@media all and (min-width: 1025px){.wp-block-kadence-column.kb-section-dir-horizontal>.kt-inside-inner-col>.kadence-column768_cc365d-4c{-webkit-flex:0 1 70%;flex:0 1 70%;max-width:unset;margin-left:unset;margin-right:unset;}}@media all and (max-width: 1024px){.kadence-column768_cc365d-4c > .kt-inside-inner-col{flex-direction:column;justify-content:center;}}@media all and (max-width: 767px){.kadence-column768_cc365d-4c > .kt-inside-inner-col{display:flex;padding-right:var(--global-kb-spacing-xxs, 0.5rem);padding-left:var(--global-kb-spacing-xxs, 0.5rem);row-gap:var(--global-kb-gap-none, 0rem );flex-direction:column;justify-content:center;align-items:center;}.kadence-column768_cc365d-4c{max-width:90%;margin-left:auto;margin-right:auto;text-align:left;}.wp-block-kadence-column.kb-section-sm-dir-vertical:not(.kb-section-sm-dir-horizontal):not(.kb-section-sm-dir-specificity)>.kt-inside-inner-col>.kadence-column768_cc365d-4c{-webkit-flex:0 1 90%;flex:0 1 90%;}.wp-block-kadence-column>.kt-inside-inner-col>.kadence-column768_cc365d-4c{-webkit-flex:1 90%;flex:1 90%;}.wp-block-kadence-column.kb-section-sm-dir-horizontal>.kt-inside-inner-col>.kadence-column768_cc365d-4c, .wp-block-kadence-column.kb-section-dir-horizontal:not(.kb-section-sm-dir-vertical):not(.kb-section-md-dir-vertical) >.kt-inside-inner-col>.kadence-column768_cc365d-4c{-webkit-flex:0 1 90%;flex:0 1 90%;max-width:unset;margin-left:unset;margin-right:unset;}.kadence-column768_cc365d-4c, .kt-inside-inner-col > .kadence-column768_cc365d-4c:not(.specificity){margin-right:var(--global-kb-spacing-xxs, 0.5rem);margin-left:var(--global-kb-spacing-xxs, 0.5rem);}}<\/style>\n<div class=\"wp-block-kadence-column kadence-column768_cc365d-4c\"><div class=\"kt-inside-inner-col\">\n<p>Podczas rejestracji na test IELTS zostaniesz poproszony o zaakceptowanie zasad i przepis\u00f3w podanych poni\u017cej. Przeczytaj je uwa\u017cnie:<\/p>\n\n\n\n<p><a href=\"https:\/\/lang.com.pl\/wp-content\/uploads\/2025\/08\/IELTS_regulations_pl_08_2025.pdf\"><strong>Regulamin testu IELTS<\/strong><br><\/a>Zasady i regulamin testu IELTS (text below)<\/p>\n\n\n\n<p><strong>Deklaracja<\/strong><\/p>\n\n\n\n<ol class=\"wp-block-list\">\n<li>Przyjmuj\u0119 do wiadomo\u015bci, \u017ce test IELTS jest wsp\u00f3\u0142w\u0142asno\u015bci\u0105 British Council, IELTS Australia Pty Ltd (ABN 84 008 664 766), kt\u00f3ry jest w ca\u0142o\u015bci w\u0142asno\u015bci\u0105 IDP Education Ltd (\u201eIDP: IELTS Australia\u201d) i Cambridge Assessment English (cz\u0119\u015bci Uniwersytetu Cambridge), okre\u015blanych \u0142\u0105cznie jako Partnerzy IELTS.<\/li>\n\n\n\n<li>Potwierdzam, \u017ce przeczyta\u0142em broszur\u0119 IELTS Information for Candidates.<\/li>\n\n\n\n<li>Potwierdzam, \u017ce przeczyta\u0142em IELTS Notice to Candidates udost\u0119pniony w systemie rejestracyjnym i zgadzam si\u0119 przestrzega\u0107 regulamin\u00f3w testu IELTS.<\/li>\n\n\n\n<li>Rozumiem, \u017ce mog\u0105 istnie\u0107 lokalne regulacje, kt\u00f3rych musz\u0119 przestrzega\u0107 i \u017ce centrum egzaminacyjne przedstawi mi ich szczeg\u00f3\u0142y na \u017c\u0105danie.<\/li>\n\n\n\n<li>Rozumiem, \u017ce je\u015bli dane w tym formularzu zg\u0142oszeniowym nie zostan\u0105 uzupe\u0142nione w pe\u0142ni, to zg\u0142oszenie mo\u017ce nie zosta\u0107 przetworzone. Rozumiem r\u00f3wnie\u017c, \u017ce wype\u0142nienie i przes\u0142anie tego formularza nie gwarantuje rejestracji na test w mojej preferowanej dacie testu lub w mojej preferowanej lokalizacji. Rozumiem, \u017ce moja rejestracja zostanie potwierdzona na pi\u015bmie przez centrum egzaminacyjne.<\/li>\n\n\n\n<li>O\u015bwiadczam, \u017ce wszystkie informacje zawarte w moim wniosku s\u0105 kompletne, prawdziwe i dok\u0142adne.<\/li>\n\n\n\n<li>Rozumiem, \u017ce m\u00f3j wynik testu nie mo\u017ce by\u0107 wykorzystywany do cel\u00f3w aplikacji wizowych i imigracyjnych Zjednoczonego Kr\u00f3lestwa (UKVI) i \u017ce nie nale\u017cy mi si\u0119 zwrot w przypadku gdyby okaza\u0142o si\u0119, \u017ce wymagam wyniku testu IELTS for UKVI.<\/li>\n<\/ol>\n\n\n\n<p><strong>Dane osobowe<\/strong><\/p>\n\n\n\n<p>Rozumiem, \u017ce:<\/p>\n\n\n\n<ol class=\"wp-block-list\">\n<li>Gromadzenie i przetwarzanie moich danych osobowych jest niezb\u0119dne do administracji testu IELTS, weryfikacji mojej to\u017csamo\u015bci i otrzymania wyniku. Dane osobowe s\u0105 gromadzone i bezpiecznie przechowywane, podczas rejestracji i podczas trwania testu i s\u0105 wykorzystywane przez Partner\u00f3w IELTS jedynie do cel\u00f3w administracji testu IELTS.<\/li>\n\n\n\n<li>Moje dane osobowe, w tym wyniki testu, uzyskane punkty oraz szczeg\u00f3\u0142owe oceny testu mog\u0105 zosta\u0107 ujawnione przez Partner\u00f3w IELTS instytucjom przyjmuj\u0105cym, do kt\u00f3rych aplikuj\u0119, oraz rz\u0105dom (w tym organom przetwarzaj\u0105cym wizy), w celu umo\u017cliwienia tym organizacjom sprawdzenia mojego wyniku testu.<\/li>\n\n\n\n<li>Moje dane osobowe mog\u0105 by\u0107 przetwarzane w anonimowej formie przez Partner\u00f3w IELTS w celach statystycznych i badawczych.<\/li>\n\n\n\n<li>Moje zdj\u0119cie, wykonane przez centrum egzaminacyjne w dniu testu, pojawi si\u0119 na formularzu raportu wyniku z testu. To zdj\u0119cie zostanie przekazane wszystkim instytucjom lub organom rz\u0105dowym, do kt\u00f3rych aplikuj\u0119, aby umo\u017cliwi\u0107 tym organizacjom zweryfikowanie mojego wyniku testu.<\/li>\n\n\n\n<li>M\u00f3j test ustny zostanie nagrany. W przypadku, gdyby z przyczyn technicznych m\u00f3j test nie zosta\u0142 zarejestrowany, b\u0119d\u0119 musia\u0142 ponownie przyst\u0105pi\u0107 do testu ustnego. W moim te\u015bcie ustnym opr\u00f3cz egzaminatora mo\u017ce uczestniczy\u0107 obserwator w ramach procesu monitorowania egzaminatora.<\/li>\n\n\n\n<li>Mog\u0119 zosta\u0107 sfilmowany dla cel\u00f3w bezpiecze\u0144stwa i zapewnienia jako\u015bci podczas rejestracji na test i podczas testu. Materia\u0142 wideo b\u0119dzie przechowywany przez 60 dni po moim te\u015bcie i mo\u017ce zosta\u0107 wykorzystany do cel\u00f3w audytu lub dochodzenia.<\/li>\n\n\n\n<li>W dniu testu moja to\u017csamo\u015b\u0107 zostanie zweryfikowana przy pomocy dokumentu to\u017csamo\u015bci okre\u015blonego przez centrum egzaminacyjne. Mog\u0119 r\u00f3wnie\u017c zosta\u0107 poproszony o potwierdzenie mojej to\u017csamo\u015bci w dniu testu poprzez wykonanie skanowania odcisku palca. Skanowanie odcisku palca wykonane zostanie w formacie Binary Large Object (BLOB), a obraz odcisku nie b\u0119dzie przechowywany. Dane biometryczne b\u0119d\u0105 przechowywane przez 60 dni po moim te\u015bcie i nie b\u0119d\u0105 ujawniane \u017cadnym podmiotom z wyj\u0105tkiem partner\u00f3w IELTS.<\/li>\n\n\n\n<li>Dalsze szczeg\u00f3\u0142y dotycz\u0105ce tego, w jaki spos\u00f3b Partnerzy IELTS wykorzystuj\u0105 i przetwarzaj\u0105 moje dane osobowe (w tym jak d\u0142ugo s\u0105 one przechowywane i jak mog\u0119 egzekwowa\u0107 swoje prawa), znajd\u0119 na stronie ielts.org\/privacy.<\/li>\n<\/ol>\n\n\n\n<p><strong>Op\u0142aty i zwroty<\/strong><\/p>\n\n\n\n<p>Rozumiem, \u017ce:<\/p>\n\n\n\n<ol class=\"wp-block-list\">\n<li>B\u0119d\u0119 obci\u0105\u017cony pe\u0142n\u0105 op\u0142at\u0105 za test przy rejestracji.<\/li>\n\n\n\n<li>Je\u015bli za\u017c\u0105dam zmiany terminu testu lub anuluj\u0119 test, moje prawo do zwrotu zostanie ustalone zgodnie z lokalnym prawem. Je\u015bli zrezygnuj\u0119 z testu co najmniej 5 tygodni przed dat\u0105 testu, otrzymam zwrot op\u0142aty testowej minus 25% op\u0142aty administracyjnej. Je\u015bli anuluj\u0119 swoj\u0105 rejestracj\u0119 w ci\u0105gu pi\u0119ciu tygodni lub mniej od daty testu, nie otrzymam zwrotu pieni\u0119dzy, chyba \u017ce b\u0119d\u0119 w stanie dostarczy\u0107 odpowiednie dokumenty potwierdzaj\u0105ce konieczno\u015b\u0107 anulowania testu. W celu uzyskania zwrotu zobowi\u0105zany jestem wype\u0142ni\u0107 i przes\u0142a\u0107 wniosek o zwrot koszt\u00f3w wraz z wymagan\u0105 dokumentacj\u0105. Twoj\u0105 pro\u015bb\u0119 i dokumentacj\u0119 musimy otrzyma\u0107 co najmniej pi\u0119\u0107 dni przed dat\u0105 testu. Obowi\u0105zuje op\u0142ata administracyjna w wysoko\u015bci 25%.<\/li>\n<\/ol>\n\n\n\n<p><strong>Integralno\u015b\u0107 testu, bezpiecze\u0144stwo i nadu\u017cycia<\/strong><\/p>\n\n\n\n<p>Rozumiem, \u017ce:<\/p>\n\n\n\n<ol class=\"wp-block-list\">\n<li>Musz\u0119 uczestniczy\u0107 we wszystkich czterech komponentach testu, aby otrzyma\u0107 wynik testu, a wszelkie wyj\u0105tki od tej regu\u0142y musz\u0105 by\u0107 wcze\u015bniej zatwierdzone przez centrum egzaminacyjne.<\/li>\n\n\n\n<li>Partnerzy IELTS odpowiadaj\u0105 przed kandydatami oraz instytucjami przyjmuj\u0105cymi i dbaj\u0105 o zapewnienie najwy\u017cszego zaufania do wynik\u00f3w testu IELTS. Partnerzy IELTS mog\u0105 zatem by\u0107 zobowi\u0105zani do tymczasowego lub sta\u0142ego wstrzymania wynik\u00f3w test\u00f3w lub do anulowania wynik\u00f3w test\u00f3w, kt\u00f3re zosta\u0142y wydane, je\u015bli uznaj\u0105 te wyniki za niewiarygodne z jakiegokolwiek powodu.<\/li>\n\n\n\n<li>M\u00f3j wynik testu mo\u017ce nie zosta\u0107 wydany 14 dni po te\u015bcie, je\u015bli kt\u00f3rykolwiek z Partner\u00f3w IELTS uzna za konieczne sprawdzenie jakiegokolwiek aspektu zwi\u0105zanego z moim testem lub administracj\u0105 mojego testu, w tym uzyskania odpowiedzi na pytania, czy zosta\u0142y naruszone jakiekolwiek zasady lub przepisy. Przed lub po te\u015bcie mog\u0119 zosta\u0107 poproszony o dostarczenie dodatkowych pr\u00f3bek mojego pisma lub mowy w celu pomocy w dochodzeniu. W wyj\u0105tkowych okoliczno\u015bciach mo\u017ce by\u0107 wymagane ponowne podej\u015bcie do jednego lub wi\u0119cej komponent\u00f3w testu IELTS.<\/li>\n\n\n\n<li>Je\u015bli b\u0119d\u0119 podejrzewany o zaanga\u017cowanie w jak\u0105kolwiek form\u0119 nadu\u017cy\u0107 lub zrobi\u0119 cokolwiek, co mo\u017ce zaszkodzi\u0107 integralno\u015bci i bezpiecze\u0144stwu testu IELTS, mog\u0119 nie otrzyma\u0107 wyniku testu, moja op\u0142ata testowa nie zostanie zwr\u00f3cona i mog\u0119 zosta\u0107 pozbawiony prawa do podej\u015bcia do testu IELTS w przysz\u0142o\u015bci. Je\u015bli zostanie na\u0142o\u017cony na mnie taki zakaz, otrzymam powiadomienie okre\u015blaj\u0105ce d\u0142ugo\u015b\u0107 tego zakazu. Je\u015bli pomimo zakazu zarejestruj\u0119 si\u0119 na test, nie otrzymam wyniku testu i nie b\u0119d\u0119 uprawniony do zwrotu pieni\u0119dzy.<\/li>\n\n\n\n<li>Szczeg\u00f3\u0142owe informacje na temat wszelkich udowodnionych lub podejrzewanych nadu\u017cy\u0107 mog\u0105 by\u0107 przekazane instytucjom przyjmuj\u0105cym, w tym rz\u0105dom (w tym organom ds. przetwarzania wiz) i w\u0142a\u015bciwym organom regulacyjnym, a tak\u017ce centralnie partnerom IELTS. W przypadkach, w kt\u00f3rych udowodniono nadu\u017cycie, mog\u0119 podlega\u0107 \u015bciganiu z urz\u0119du.<\/li>\n\n\n\n<li>Moja praca egzaminacyjna pozostaje w\u0142asno\u015bci\u0105 partner\u00f3w IELTS i nie zostanie mi udost\u0119pniona. W przypadku udowodnionego lub podejrzewanego nadu\u017cycia moja praca mo\u017ce zosta\u0107 przekazana odpowiednim w\u0142adzom.<\/li>\n<\/ol>\n\n\n\n<p><strong>Zastrze\u017cenie<\/strong><br>International English Language Testing System (IELTS) zosta\u0142 stworzony jako jeden z wielu element\u00f3w wykorzystywanych przez instytucje akademickie, agencje rz\u0105dowe, organizacje zawodowe i pracodawc\u00f3w w okre\u015blaniu, czy osoba zdaj\u0105ca egzamin mo\u017ce zosta\u0107 przyj\u0119ta jako student, czy mo\u017ce zosta\u0107 uznana za pracownika lub zaakceptowana w celach imigracyjnych. Wynik testu IELTS nie jest jedynym aspektem decyduj\u0105cym o przyj\u0119ciu i pozytywnym rozpatrzeniu aplikacji. IELTS jest udost\u0119pniany na ca\u0142ym \u015bwiecie wszystkim osobom, bez wzgl\u0119du na wiek, p\u0142e\u0107, ras\u0119, narodowo\u015b\u0107 lub religi\u0119, ale nie jest zalecany osobom poni\u017cej 16 roku \u017cycia.<br>British Council, IDP: IELTS Australia i Cambridge Assessment English oraz ka\u017cda inna strona zaanga\u017cowana w tworzenie, produkcj\u0119 lub dostarczanie testu IELTS nie ponosi odpowiedzialno\u015bci za jakiekolwiek bezpo\u015brednie, przypadkowe, wt\u00f3rne, po\u015brednie, specjalne, karne lub podobne szkody wynikaj\u0105ce z dost\u0119pu do wykorzystania, akceptacji lub interpretacji wynik\u00f3w przez jak\u0105kolwiek stron\u0119 trzeci\u0105 lub jakiekolwiek b\u0142\u0119dy lub pomini\u0119cia w tre\u015bci w nich zawarte.<\/p>\n\n\n\n<p><strong>Kontakt z nami<\/strong><br>Aby anulowa\u0107 rejestracj\u0119, zmieni\u0107 dat\u0119 testu lub poprosi\u0107 o zwrot, nale\u017cy dostarczy\u0107 do Lang LTC Formularz Zwrotu, wysy\u0142aj\u0105c wiadomo\u015b\u0107 e-mail pod adresem <a>ielts@lang.com.pl<\/a>.<\/p>\n\n\n\n<p><strong>Wskaz\u00f3wki dotycz\u0105ce wype\u0142niania twoich danych<\/strong><br>Na kolejnych stronach zostaniesz poproszony o podanie swoich danych osobowych. W Twoim w\u0142asnym interesie zalecamy:<\/p>\n\n\n\n<ul class=\"wp-block-list\">\n<li>podaj sw\u00f3j numer telefonu kom\u00f3rkowego (cho\u0107 nie jest to pole obowi\u0105zkowe), aby\u015bmy mogli szybko skontaktowa\u0107 si\u0119 z Tob\u0105 w przypadku zmian w harmonogramie test\u00f3w ustnych<\/li>\n\n\n\n<li>podaj sw\u00f3j adres (prosz\u0119 nie wpisywa\u0107 adresu w jednym wierszu)<\/li>\n<\/ul>\n\n\n\n<p>Klikaj\u0105c przycisk \u201eZarejestruj si\u0119 na IELTS\u201d poni\u017cej, wyra\u017casz zgod\u0119 na postanowienia Regulaminu testu IELTS i Terms and Conditions.<\/p>\n<\/div><\/div>\n","protected":false},"excerpt":{"rendered":"<p>Zasady i regulaminy Podczas rejestracji na test IELTS zostaniesz poproszony o zaakceptowanie zasad i przepis\u00f3w podanych poni\u017cej. Przeczytaj je uwa\u017cnie: Regulamin testu IELTSZasady i regulamin testu IELTS (text below) Deklaracja Dane osobowe Rozumiem, \u017ce: Op\u0142aty i zwroty Rozumiem, \u017ce: Integralno\u015b\u0107 testu, bezpiecze\u0144stwo i nadu\u017cycia Rozumiem, \u017ce: Zastrze\u017cenieInternational English Language Testing System (IELTS) zosta\u0142 stworzony jako&#8230;<\/p>\n","protected":false},"author":1,"featured_media":0,"parent":0,"menu_order":0,"comment_status":"closed","ping_status":"closed","template":"","meta":{"_kad_post_transparent":"","_kad_post_title":"","_kad_post_layout":"","_kad_post_sidebar_id":"","_kad_post_content_style":"","_kad_post_vertical_padding":"","_kad_post_feature":"","_kad_post_feature_position":"","_kad_post_header":false,"_kad_post_footer":false,"_kad_post_classname":"","footnotes":""},"folder":[48],"class_list":["post-768","page","type-page","status-publish","hentry"],"yoast_head":"<!-- This site is optimized with the Yoast SEO plugin v27.3 - https:\/\/yoast.com\/product\/yoast-seo-wordpress\/ -->\n<title>IELTS - regulamin | IELTS Polska<\/title>\n<meta name=\"description\" content=\"Zanim przyst\u0105pisz do zdawania egzaminu IELTS, zapoznaj si\u0119 z zasadami i regulaminem. Dopiero po akceptacji regulaminu zostaniesz zarejestrowany na test IELTS.\" \/>\n<meta name=\"robots\" content=\"index, follow, max-snippet:-1, max-image-preview:large, max-video-preview:-1\" \/>\n<link rel=\"canonical\" href=\"https:\/\/ieltspolska.pl\/pl\/zasady-i-regulaminy\/\" \/>\n<meta property=\"og:locale\" content=\"pl_PL\" \/>\n<meta property=\"og:type\" content=\"article\" \/>\n<meta property=\"og:title\" content=\"IELTS - regulamin | IELTS Polska\" \/>\n<meta property=\"og:description\" content=\"Zanim przyst\u0105pisz do zdawania egzaminu IELTS, zapoznaj si\u0119 z zasadami i regulaminem. Dopiero po akceptacji regulaminu zostaniesz zarejestrowany na test IELTS.\" \/>\n<meta property=\"og:url\" content=\"https:\/\/ieltspolska.pl\/pl\/zasady-i-regulaminy\/\" \/>\n<meta property=\"og:site_name\" content=\"IELTS Polska\" \/>\n<meta property=\"article:modified_time\" content=\"2025-08-01T10:09:12+00:00\" \/>\n<meta name=\"twitter:card\" content=\"summary_large_image\" \/>\n<meta name=\"twitter:label1\" content=\"Szacowany czas czytania\" \/>\n\t<meta name=\"twitter:data1\" content=\"8 minut\" \/>\n<script type=\"application\/ld+json\" class=\"yoast-schema-graph\">{\"@context\":\"https:\\\/\\\/schema.org\",\"@graph\":[{\"@type\":\"WebPage\",\"@id\":\"https:\\\/\\\/ieltspolska.pl\\\/pl\\\/zasady-i-regulaminy\\\/\",\"url\":\"https:\\\/\\\/ieltspolska.pl\\\/pl\\\/zasady-i-regulaminy\\\/\",\"name\":\"IELTS - regulamin | IELTS Polska\",\"isPartOf\":{\"@id\":\"https:\\\/\\\/ieltspolska.pl\\\/pl\\\/#website\"},\"datePublished\":\"2019-03-05T10:28:16+00:00\",\"dateModified\":\"2025-08-01T10:09:12+00:00\",\"description\":\"Zanim przyst\u0105pisz do zdawania egzaminu IELTS, zapoznaj si\u0119 z zasadami i regulaminem. Dopiero po akceptacji regulaminu zostaniesz zarejestrowany na test IELTS.\",\"breadcrumb\":{\"@id\":\"https:\\\/\\\/ieltspolska.pl\\\/pl\\\/zasady-i-regulaminy\\\/#breadcrumb\"},\"inLanguage\":\"pl-PL\",\"potentialAction\":[{\"@type\":\"ReadAction\",\"target\":[\"https:\\\/\\\/ieltspolska.pl\\\/pl\\\/zasady-i-regulaminy\\\/\"]}]},{\"@type\":\"BreadcrumbList\",\"@id\":\"https:\\\/\\\/ieltspolska.pl\\\/pl\\\/zasady-i-regulaminy\\\/#breadcrumb\",\"itemListElement\":[{\"@type\":\"ListItem\",\"position\":1,\"name\":\"Strona g\u0142\u00f3wna\",\"item\":\"https:\\\/\\\/ieltspolska.pl\\\/pl\\\/\"},{\"@type\":\"ListItem\",\"position\":2,\"name\":\"Zasady i regulaminy\"}]},{\"@type\":\"WebSite\",\"@id\":\"https:\\\/\\\/ieltspolska.pl\\\/pl\\\/#website\",\"url\":\"https:\\\/\\\/ieltspolska.pl\\\/pl\\\/\",\"name\":\"IELTS - test akceptowany na ca\u0142ym \u015bwiecie | IELTS Polska\",\"description\":\"IELTS\",\"publisher\":{\"@id\":\"https:\\\/\\\/ieltspolska.pl\\\/pl\\\/#organization\"},\"potentialAction\":[{\"@type\":\"SearchAction\",\"target\":{\"@type\":\"EntryPoint\",\"urlTemplate\":\"https:\\\/\\\/ieltspolska.pl\\\/pl\\\/?s={search_term_string}\"},\"query-input\":{\"@type\":\"PropertyValueSpecification\",\"valueRequired\":true,\"valueName\":\"search_term_string\"}}],\"inLanguage\":\"pl-PL\"},{\"@type\":\"Organization\",\"@id\":\"https:\\\/\\\/ieltspolska.pl\\\/pl\\\/#organization\",\"name\":\"IELTS - test akceptowany na ca\u0142ym \u015bwiecie | IELTS Polska\",\"url\":\"https:\\\/\\\/ieltspolska.pl\\\/pl\\\/\",\"logo\":{\"@type\":\"ImageObject\",\"inLanguage\":\"pl-PL\",\"@id\":\"https:\\\/\\\/ieltspolska.pl\\\/pl\\\/#\\\/schema\\\/logo\\\/image\\\/\",\"url\":\"https:\\\/\\\/ieltspolska.pl\\\/wp-content\\\/uploads\\\/2019\\\/03\\\/ielst.png\",\"contentUrl\":\"https:\\\/\\\/ieltspolska.pl\\\/wp-content\\\/uploads\\\/2019\\\/03\\\/ielst.png\",\"width\":210,\"height\":76,\"caption\":\"IELTS - test akceptowany na ca\u0142ym \u015bwiecie | IELTS Polska\"},\"image\":{\"@id\":\"https:\\\/\\\/ieltspolska.pl\\\/pl\\\/#\\\/schema\\\/logo\\\/image\\\/\"}}]}<\/script>\n<!-- \/ Yoast SEO plugin. -->","yoast_head_json":{"title":"IELTS - regulamin | IELTS Polska","description":"Zanim przyst\u0105pisz do zdawania egzaminu IELTS, zapoznaj si\u0119 z zasadami i regulaminem. Dopiero po akceptacji regulaminu zostaniesz zarejestrowany na test IELTS.","robots":{"index":"index","follow":"follow","max-snippet":"max-snippet:-1","max-image-preview":"max-image-preview:large","max-video-preview":"max-video-preview:-1"},"canonical":"https:\/\/ieltspolska.pl\/pl\/zasady-i-regulaminy\/","og_locale":"pl_PL","og_type":"article","og_title":"IELTS - regulamin | IELTS Polska","og_description":"Zanim przyst\u0105pisz do zdawania egzaminu IELTS, zapoznaj si\u0119 z zasadami i regulaminem. Dopiero po akceptacji regulaminu zostaniesz zarejestrowany na test IELTS.","og_url":"https:\/\/ieltspolska.pl\/pl\/zasady-i-regulaminy\/","og_site_name":"IELTS Polska","article_modified_time":"2025-08-01T10:09:12+00:00","twitter_card":"summary_large_image","twitter_misc":{"Szacowany czas czytania":"8 minut"},"schema":{"@context":"https:\/\/schema.org","@graph":[{"@type":"WebPage","@id":"https:\/\/ieltspolska.pl\/pl\/zasady-i-regulaminy\/","url":"https:\/\/ieltspolska.pl\/pl\/zasady-i-regulaminy\/","name":"IELTS - regulamin | IELTS Polska","isPartOf":{"@id":"https:\/\/ieltspolska.pl\/pl\/#website"},"datePublished":"2019-03-05T10:28:16+00:00","dateModified":"2025-08-01T10:09:12+00:00","description":"Zanim przyst\u0105pisz do zdawania egzaminu IELTS, zapoznaj si\u0119 z zasadami i regulaminem. Dopiero po akceptacji regulaminu zostaniesz zarejestrowany na test IELTS.","breadcrumb":{"@id":"https:\/\/ieltspolska.pl\/pl\/zasady-i-regulaminy\/#breadcrumb"},"inLanguage":"pl-PL","potentialAction":[{"@type":"ReadAction","target":["https:\/\/ieltspolska.pl\/pl\/zasady-i-regulaminy\/"]}]},{"@type":"BreadcrumbList","@id":"https:\/\/ieltspolska.pl\/pl\/zasady-i-regulaminy\/#breadcrumb","itemListElement":[{"@type":"ListItem","position":1,"name":"Strona g\u0142\u00f3wna","item":"https:\/\/ieltspolska.pl\/pl\/"},{"@type":"ListItem","position":2,"name":"Zasady i regulaminy"}]},{"@type":"WebSite","@id":"https:\/\/ieltspolska.pl\/pl\/#website","url":"https:\/\/ieltspolska.pl\/pl\/","name":"IELTS - test akceptowany na ca\u0142ym \u015bwiecie | IELTS Polska","description":"IELTS","publisher":{"@id":"https:\/\/ieltspolska.pl\/pl\/#organization"},"potentialAction":[{"@type":"SearchAction","target":{"@type":"EntryPoint","urlTemplate":"https:\/\/ieltspolska.pl\/pl\/?s={search_term_string}"},"query-input":{"@type":"PropertyValueSpecification","valueRequired":true,"valueName":"search_term_string"}}],"inLanguage":"pl-PL"},{"@type":"Organization","@id":"https:\/\/ieltspolska.pl\/pl\/#organization","name":"IELTS - test akceptowany na ca\u0142ym \u015bwiecie | IELTS Polska","url":"https:\/\/ieltspolska.pl\/pl\/","logo":{"@type":"ImageObject","inLanguage":"pl-PL","@id":"https:\/\/ieltspolska.pl\/pl\/#\/schema\/logo\/image\/","url":"https:\/\/ieltspolska.pl\/wp-content\/uploads\/2019\/03\/ielst.png","contentUrl":"https:\/\/ieltspolska.pl\/wp-content\/uploads\/2019\/03\/ielst.png","width":210,"height":76,"caption":"IELTS - test akceptowany na ca\u0142ym \u015bwiecie | IELTS Polska"},"image":{"@id":"https:\/\/ieltspolska.pl\/pl\/#\/schema\/logo\/image\/"}}]}},"_links":{"self":[{"href":"https:\/\/ieltspolska.pl\/pl\/wp-json\/wp\/v2\/pages\/768","targetHints":{"allow":["GET"]}}],"collection":[{"href":"https:\/\/ieltspolska.pl\/pl\/wp-json\/wp\/v2\/pages"}],"about":[{"href":"https:\/\/ieltspolska.pl\/pl\/wp-json\/wp\/v2\/types\/page"}],"author":[{"embeddable":true,"href":"https:\/\/ieltspolska.pl\/pl\/wp-json\/wp\/v2\/users\/1"}],"replies":[{"embeddable":true,"href":"https:\/\/ieltspolska.pl\/pl\/wp-json\/wp\/v2\/comments?post=768"}],"version-history":[{"count":33,"href":"https:\/\/ieltspolska.pl\/pl\/wp-json\/wp\/v2\/pages\/768\/revisions"}],"predecessor-version":[{"id":4040,"href":"https:\/\/ieltspolska.pl\/pl\/wp-json\/wp\/v2\/pages\/768\/revisions\/4040"}],"wp:attachment":[{"href":"https:\/\/ieltspolska.pl\/pl\/wp-json\/wp\/v2\/media?parent=768"}],"wp:term":[{"taxonomy":"folder","embeddable":true,"href":"https:\/\/ieltspolska.pl\/pl\/wp-json\/wp\/v2\/folder?post=768"}],"curies":[{"name":"wp","href":"https:\/\/api.w.org\/{rel}","templated":true}]}}