{"id":772,"date":"2019-03-08T09:01:41","date_gmt":"2019-03-08T09:01:41","guid":{"rendered":"https:\/\/ieltspolska.pl\/?page_id=772"},"modified":"2025-09-04T13:50:07","modified_gmt":"2025-09-04T13:50:07","slug":"twoje-wyniki","status":"publish","type":"page","link":"https:\/\/ieltspolska.pl\/pl\/twoje-wyniki\/","title":{"rendered":"Twoje wyniki"},"content":{"rendered":"\n<div style=\"height:20px\" aria-hidden=\"true\" class=\"wp-block-spacer\"><\/div>\n\n\n<style>.wp-block-kadence-advancedheading.kt-adv-heading772_19c14e-d1, .wp-block-kadence-advancedheading.kt-adv-heading772_19c14e-d1[data-kb-block=\"kb-adv-heading772_19c14e-d1\"]{padding-top:var(--global-kb-spacing-xl, 4rem);padding-bottom:var(--global-kb-spacing-xxs, 0.5rem);text-align:center;font-size:var(--global-kb-font-size-lg, 2rem);font-weight:400;font-style:normal;font-family:Poppins;}.wp-block-kadence-advancedheading.kt-adv-heading772_19c14e-d1 mark.kt-highlight, .wp-block-kadence-advancedheading.kt-adv-heading772_19c14e-d1[data-kb-block=\"kb-adv-heading772_19c14e-d1\"] mark.kt-highlight{font-style:normal;color:#f76a0c;-webkit-box-decoration-break:clone;box-decoration-break:clone;padding-top:0px;padding-right:0px;padding-bottom:0px;padding-left:0px;}.wp-block-kadence-advancedheading.kt-adv-heading772_19c14e-d1 img.kb-inline-image, .wp-block-kadence-advancedheading.kt-adv-heading772_19c14e-d1[data-kb-block=\"kb-adv-heading772_19c14e-d1\"] img.kb-inline-image{width:150px;vertical-align:baseline;}<\/style>\n<h2 class=\"kt-adv-heading772_19c14e-d1 wp-block-kadence-advancedheading has-theme-palette-2-color has-text-color\" data-kb-block=\"kb-adv-heading772_19c14e-d1\"><strong>Twoje wyniki<\/strong><\/h2>\n\n\n<style>.kadence-column772_37e15c-1e{max-width:70%;margin-left:auto;margin-right:auto;}.wp-block-kadence-column.kb-section-dir-horizontal:not(.kb-section-md-dir-vertical)>.kt-inside-inner-col>.kadence-column772_37e15c-1e{-webkit-flex:0 1 70%;flex:0 1 70%;max-width:unset;margin-left:unset;margin-right:unset;}.kadence-column772_37e15c-1e > .kt-inside-inner-col{padding-top:var(--global-kb-spacing-lg, 3rem);padding-right:var(--global-kb-spacing-xxl, 5rem);padding-bottom:var(--global-kb-spacing-lg, 3rem);padding-left:var(--global-kb-spacing-xxl, 5rem);}.kadence-column772_37e15c-1e > .kt-inside-inner-col{box-shadow:0px 0px 14px 0px rgba(0, 0, 0, 0.2);}.kadence-column772_37e15c-1e > .kt-inside-inner-col,.kadence-column772_37e15c-1e > .kt-inside-inner-col:before{border-top-left-radius:15px;border-top-right-radius:15px;border-bottom-right-radius:15px;border-bottom-left-radius:15px;}.kadence-column772_37e15c-1e > .kt-inside-inner-col{column-gap:var(--global-kb-gap-sm, 1rem);}.kadence-column772_37e15c-1e > .kt-inside-inner-col{flex-direction:column;}.kadence-column772_37e15c-1e > .kt-inside-inner-col > .aligncenter{width:100%;}.kadence-column772_37e15c-1e > .kt-inside-inner-col{background-color:var(--global-palette9, #ffffff);}.kadence-column772_37e15c-1e > .kt-inside-inner-col:before{opacity:0.3;}.kadence-column772_37e15c-1e{position:relative;}@media all and (min-width: 1025px){.wp-block-kadence-column.kb-section-dir-horizontal>.kt-inside-inner-col>.kadence-column772_37e15c-1e{-webkit-flex:0 1 70%;flex:0 1 70%;max-width:unset;margin-left:unset;margin-right:unset;}}@media all and (max-width: 1024px){.kadence-column772_37e15c-1e > .kt-inside-inner-col{flex-direction:column;justify-content:center;}}@media all and (max-width: 767px){.kadence-column772_37e15c-1e > .kt-inside-inner-col{display:flex;padding-right:var(--global-kb-spacing-xxs, 0.5rem);padding-left:var(--global-kb-spacing-xxs, 0.5rem);row-gap:var(--global-kb-gap-none, 0rem );flex-direction:column;justify-content:center;align-items:center;}.kadence-column772_37e15c-1e{max-width:90%;margin-left:auto;margin-right:auto;text-align:left;}.wp-block-kadence-column.kb-section-sm-dir-vertical:not(.kb-section-sm-dir-horizontal):not(.kb-section-sm-dir-specificity)>.kt-inside-inner-col>.kadence-column772_37e15c-1e{-webkit-flex:0 1 90%;flex:0 1 90%;}.wp-block-kadence-column>.kt-inside-inner-col>.kadence-column772_37e15c-1e{-webkit-flex:1 90%;flex:1 90%;}.wp-block-kadence-column.kb-section-sm-dir-horizontal>.kt-inside-inner-col>.kadence-column772_37e15c-1e, .wp-block-kadence-column.kb-section-dir-horizontal:not(.kb-section-sm-dir-vertical):not(.kb-section-md-dir-vertical) >.kt-inside-inner-col>.kadence-column772_37e15c-1e{-webkit-flex:0 1 90%;flex:0 1 90%;max-width:unset;margin-left:unset;margin-right:unset;}.kadence-column772_37e15c-1e, .kt-inside-inner-col > .kadence-column772_37e15c-1e:not(.specificity){margin-right:var(--global-kb-spacing-xxs, 0.5rem);margin-left:var(--global-kb-spacing-xxs, 0.5rem);}}<\/style>\n<div class=\"wp-block-kadence-column kadence-column772_37e15c-1e\"><div class=\"kt-inside-inner-col\">\n<p>Mo\u017cesz wy\u015bwietli\u0107 podgl\u0105d wst\u0119pnych wynik\u00f3w IELTS loguj\u0105c si\u0119 do portalu kandydata IELTS. Podgl\u0105d wst\u0119pnych wynik\u00f3w testu IELTS b\u0119dzie dost\u0119pny w 13 dniu po te\u015bcie w wersji papierowej i 1\u20135 dniach po sesji w wersji komputerowej, chyba \u017ce w informacjach dostarczonych przez centrum egzaminacyjne okre\u015blono inaczej. Twoje wyniki b\u0119d\u0105 dost\u0119pne przez 28 dni. Uprzejmie informujemy, \u017ce podgl\u0105d jest tymczasowy i nie mo\u017ce by\u0107 wykorzystywany jako oficjalne potwierdzenie Twojego wyniku.<\/p>\n\n\n\n<p>Aby wy\u015bwietli\u0107 podgl\u0105d wst\u0119pnego wyniku, kliknij w przycisk poni\u017cej, nast\u0119pnie wype\u0142nij wszystkie pola w formularzu i wci\u015bnij \u201eGet results\u201d<br><strong><a>Sprawd\u017a wynik testu<\/a><\/strong><\/p>\n\n\n\n<p><strong>OFICJALNY TEST REPORT FORM<\/strong><\/p>\n\n\n\n<p>Papierowa kopia oficjalnego Formularza Raportu z test\u00f3w zostanie udost\u0119pniona 13 dni po te\u015bcie w wersji papierowej i 3\u20135 dni po te\u015bcie w wersji komputerowej, chyba \u017ce w informacjach dostarczonych przez centrum egzaminacyjne okre\u015blono inaczej. TRF (Test Report Form) wy\u015blemy do Ciebie listem poleconym. Kandydat mo\u017ce dosta\u0107 tylko jeden egzemplarz TRF.<\/p>\n\n\n\n<p>Prosimy o poinformowanie nas przez e-mail lub podczas sesji, je\u015bli chcesz odebra\u0107 sw\u00f3j TRF z naszego biura osobi\u015bcie lub przez osob\u0119 upowa\u017cnion\u0105.<\/p>\n\n\n\n<p>Dodatkowe egzemplarze TRF zostan\u0105 wys\u0142ane bezpo\u015brednio do instytucji, do kt\u00f3rych aplikujesz. Mo\u017cemy bezp\u0142atnie wys\u0142a\u0107 do pi\u0119ciu dodatkowych egzemplarzy. Prosimy poda\u0107 adresy tych instytucji podczas rejestracji na test lub skontaktowa\u0107 si\u0119 z nami za po\u015brednictwem poczty elektronicznej.<\/p>\n\n\n\n<p>Dzi\u0119ki pe\u0142nemu adresowi instytucji mo\u017cemy sprawdzi\u0107, czy dana instytucja ma dost\u0119p do us\u0142ugi weryfikacji wynik\u00f3w IELTS on-line (IELTS Test Report Form Verification Service), kt\u00f3ra umo\u017cliwia przegl\u0105danie wynik\u00f3w w formie elektronicznej.<\/p>\n\n\n\n<p>Wydanie dodatkowego egzemplarza TRF, tj. ponad 6 kopii, z czego jedna jest dla kandydata, a kolejnych 5 dla r\u00f3\u017cnych uczelni\/instytucji, jest us\u0142ug\u0105 odp\u0142atn\u0105. Koszt takiej us\u0142ugi to 36 PLN za egzemplarz. W celu uzyskania dodatkowych TRF prosimy o wype\u0142nienie formularza. Dodatkowy TRF wy\u015blemy bezpo\u015brednio do wskazanej instytucji.<\/p>\n\n\n\n<p>Dodatkowy TRF mo\u017cesz te\u017c zam\u00f3wi\u0107 poprzez stron\u0119 <a class=\"\" href=\"http:\/\/www.ielts.org\">www.ielts.org<\/a>.<\/p>\n\n\n\n<p><strong>WYNIKI TESTU IELTS \u2013 NAJCZ\u0118\u015aCIEJ ZADAWANE PYTANIA<\/strong><\/p>\n\n\n\n<!DOCTYPE html>\n<html lang=\"pl\">\n<head>\n  <meta charset=\"UTF-8\" \/>\n  <meta name=\"viewport\" content=\"width=device-width, initial-scale=1.0\" \/>\n  <title>IELTS \u2013 FAQ<\/title>\n  <style>\n    body {\n      font-family: 'Open Sans', sans-serif;\n      background-color: #fff;\n      margin: 0;\n      padding: 0 1rem;\n      color: #333;\n      line-height: 1.5;\n    }\n\n    h2 {\n      font-family: 'Poppins', sans-serif;\n      font-weight: 600;\n      color: #000;\n      font-size: 1.75rem;\n      margin-top: 2.5rem;\n      margin-bottom: 1rem;\n    }\n\n    details {\n      margin-bottom: 1rem;\n      border-bottom: 1px solid #ccc;\n      padding-bottom: 1rem;\n    }\n\n    summary {\n      font-family: 'Poppins', sans-serif;\n      font-weight: 600;\n      font-size: 1.1rem;\n      color: #E31837;\n      cursor: pointer;\n      margin-bottom: 0.5rem;\n    }\n\n    p {\n      font-family: 'Open Sans', sans-serif;\n      font-size: 1rem;\n      line-height: 1.5;\n      margin-top: 0.5rem;\n    }\n\n    section.faq {\n      max-width: 900px;\n      margin: 0 auto;\n      padding: 2rem 0;\n    }\n  <\/style>\n  <link href=\"https:\/\/fonts.googleapis.com\/css2?family=Open+Sans&#038;family=Poppins:wght@600&#038;display=swap\" rel=\"stylesheet\">\n<\/head>\n<body>\n  <section class=\"faq\">\n\n    <details>\n      <summary>Jak d\u0142ugo wa\u017cne s\u0105 moje wyniki IELTS?<\/summary>\n      <p>Organizacje zazwyczaj akceptuj\u0105 wyniki nie starsze ni\u017c sprzed 2 lat.<\/p>\n    <\/details>\n\n    <details>\n      <summary>Czy mog\u0119 poprosi\u0107 o ponowne sprawdzenie testu IELTS?<\/summary>\n      <p>Kandydat mo\u017ce wyst\u0105pi\u0107 o ponowne sprawdzenie testu. Procedura ta jest us\u0142ug\u0105 p\u0142atn\u0105. Ponowne sprawdzenie pracy kosztuje 303 PLN. Dokumenty dotycz\u0105ce tej procedury (wype\u0142niony wniosek o ponowne sprawdzenie pracy oraz potwierdzenie wykonania przelewu) nale\u017cy z\u0142o\u017cy\u0107 w nieprzekraczalnym terminie 6 tygodni od daty cz\u0119\u015bci pisemnej testu. Okres realizacji us\u0142ugi wynosi oko\u0142o 4 tygodnie. W przypadku pozytywnie rozpatrzonej reklamacji\/odwo\u0142ania kandydat otrzymuje pe\u0142ny zwrot wniesionych op\u0142at za reklamacj\u0119\/odwo\u0142anie.<\/p>\n    <\/details>\n\n    <details>\n      <summary>Czy mog\u0119 powt\u00f3rzy\u0107 test IELTS?<\/summary>\n      <p>Tak, nie ma \u017cadnych restrykcji co do kolejnego podej\u015bcia do testu.<\/p>\n    <\/details>\n\n  <\/section>\n<\/body>\n<\/html>\n\n\n\n<p><strong>EUROPEJSKI SYSTEM OPISU KSZTA\u0141CENIA J\u0118ZYKOWEGO (CEFR)<\/strong><br>Europejski System Opisu Kszta\u0142cenia J\u0119zykowego (CEFR) jest mi\u0119dzynarodowym standardem opisuj\u0105cym umiej\u0119tno\u015bci j\u0119zykowe. CEFR przedstawia umiej\u0119tno\u015bci j\u0119zykowe w sze\u015bciostopniowej skali od A1 dla pocz\u0105tkuj\u0105cych, do C2 dla tych, kt\u00f3rzy opanowali j\u0119zyk w stopniu zaawansowanym. Poni\u017csza tabela przedstawia zakres wynik\u00f3w IELTS w skali CEFR.<\/p>\n\n\n\n<table style=\"width: 100%; border-collapse: collapse; font-family: 'Open Sans', sans-serif; margin-top: 2rem;\">\n  <thead>\n    <tr style=\"background-color: #f5f5f5;\">\n      <th style=\"text-align: left; padding: 12px; font-family: 'Poppins', sans-serif; font-weight: 600; font-size: 1.1rem; color: #E31837;\">CEFR Level<\/th>\n      <th style=\"text-align: left; padding: 12px; font-family: 'Poppins', sans-serif; font-weight: 600; font-size: 1.1rem; color: #E31837;\">IELTS Scorage Range<\/th>\n    <\/tr>\n  <\/thead>\n  <tbody>\n    <tr>\n      <td style=\"padding: 10px;\">B1<\/td>\n      <td style=\"padding: 10px;\">4.0 \u2013 5.0<\/td>\n    <\/tr>\n    <tr style=\"background-color: #f9f9f9;\">\n      <td style=\"padding: 10px;\">B2<\/td>\n      <td style=\"padding: 10px;\">5.5 \u2013 6.5<\/td>\n    <\/tr>\n    <tr>\n      <td style=\"padding: 10px;\">C1<\/td>\n      <td style=\"padding: 10px;\">7.0 \u2013 8.0<\/td>\n    <\/tr>\n    <tr style=\"background-color: #f9f9f9;\">\n      <td style=\"padding: 10px;\">C2<\/td>\n      <td style=\"padding: 10px;\">8.5 \u2013 9.0<\/td>\n    <\/tr>\n  <\/tbody>\n<\/table>\n<\/div><\/div>\n","protected":false},"excerpt":{"rendered":"<p>Twoje wyniki Mo\u017cesz wy\u015bwietli\u0107 podgl\u0105d wst\u0119pnych wynik\u00f3w IELTS loguj\u0105c si\u0119 do portalu kandydata IELTS. Podgl\u0105d wst\u0119pnych wynik\u00f3w testu IELTS b\u0119dzie dost\u0119pny w 13 dniu po te\u015bcie w wersji papierowej i 1\u20135 dniach po sesji w wersji komputerowej, chyba \u017ce w informacjach dostarczonych przez centrum egzaminacyjne okre\u015blono inaczej. Twoje wyniki b\u0119d\u0105 dost\u0119pne przez 28 dni. Uprzejmie&#8230;<\/p>\n","protected":false},"author":1,"featured_media":0,"parent":0,"menu_order":0,"comment_status":"closed","ping_status":"closed","template":"","meta":{"_kad_post_transparent":"","_kad_post_title":"","_kad_post_layout":"","_kad_post_sidebar_id":"","_kad_post_content_style":"","_kad_post_vertical_padding":"","_kad_post_feature":"","_kad_post_feature_position":"","_kad_post_header":false,"_kad_post_footer":false,"_kad_post_classname":"","footnotes":""},"folder":[48],"class_list":["post-772","page","type-page","status-publish","hentry"],"yoast_head":"<!-- This site is optimized with the Yoast SEO plugin v27.3 - https:\/\/yoast.com\/product\/yoast-seo-wordpress\/ -->\n<title>IELTS - wyniki i Portal Kandydata | IELTS Polska<\/title>\n<meta name=\"description\" content=\"Twoje wyniki egzaminu IELTS b\u0119d\u0105 dost\u0119pne po zalogowaniu si\u0119 do portalu kandydata IELTS. Wst\u0119pne wyniki b\u0119d\u0105 dost\u0119pne 13 dni po odbytym egzaminie. Zapraszamy!\" \/>\n<meta name=\"robots\" content=\"index, follow, max-snippet:-1, max-image-preview:large, max-video-preview:-1\" \/>\n<link rel=\"canonical\" href=\"https:\/\/ieltspolska.pl\/pl\/twoje-wyniki\/\" \/>\n<meta property=\"og:locale\" content=\"pl_PL\" \/>\n<meta property=\"og:type\" content=\"article\" \/>\n<meta property=\"og:title\" content=\"IELTS - wyniki i Portal Kandydata | IELTS Polska\" \/>\n<meta property=\"og:description\" content=\"Twoje wyniki egzaminu IELTS b\u0119d\u0105 dost\u0119pne po zalogowaniu si\u0119 do portalu kandydata IELTS. Wst\u0119pne wyniki b\u0119d\u0105 dost\u0119pne 13 dni po odbytym egzaminie. Zapraszamy!\" \/>\n<meta property=\"og:url\" content=\"https:\/\/ieltspolska.pl\/pl\/twoje-wyniki\/\" \/>\n<meta property=\"og:site_name\" content=\"IELTS Polska\" \/>\n<meta property=\"article:modified_time\" content=\"2025-09-04T13:50:07+00:00\" \/>\n<meta name=\"twitter:card\" content=\"summary_large_image\" \/>\n<meta name=\"twitter:label1\" content=\"Szacowany czas czytania\" \/>\n\t<meta name=\"twitter:data1\" content=\"3 minuty\" \/>\n<script type=\"application\/ld+json\" class=\"yoast-schema-graph\">{\"@context\":\"https:\\\/\\\/schema.org\",\"@graph\":[{\"@type\":\"WebPage\",\"@id\":\"https:\\\/\\\/ieltspolska.pl\\\/pl\\\/twoje-wyniki\\\/\",\"url\":\"https:\\\/\\\/ieltspolska.pl\\\/pl\\\/twoje-wyniki\\\/\",\"name\":\"IELTS - wyniki i Portal Kandydata | IELTS Polska\",\"isPartOf\":{\"@id\":\"https:\\\/\\\/ieltspolska.pl\\\/pl\\\/#website\"},\"datePublished\":\"2019-03-08T09:01:41+00:00\",\"dateModified\":\"2025-09-04T13:50:07+00:00\",\"description\":\"Twoje wyniki egzaminu IELTS b\u0119d\u0105 dost\u0119pne po zalogowaniu si\u0119 do portalu kandydata IELTS. Wst\u0119pne wyniki b\u0119d\u0105 dost\u0119pne 13 dni po odbytym egzaminie. Zapraszamy!\",\"breadcrumb\":{\"@id\":\"https:\\\/\\\/ieltspolska.pl\\\/pl\\\/twoje-wyniki\\\/#breadcrumb\"},\"inLanguage\":\"pl-PL\",\"potentialAction\":[{\"@type\":\"ReadAction\",\"target\":[\"https:\\\/\\\/ieltspolska.pl\\\/pl\\\/twoje-wyniki\\\/\"]}]},{\"@type\":\"BreadcrumbList\",\"@id\":\"https:\\\/\\\/ieltspolska.pl\\\/pl\\\/twoje-wyniki\\\/#breadcrumb\",\"itemListElement\":[{\"@type\":\"ListItem\",\"position\":1,\"name\":\"Strona g\u0142\u00f3wna\",\"item\":\"https:\\\/\\\/ieltspolska.pl\\\/pl\\\/\"},{\"@type\":\"ListItem\",\"position\":2,\"name\":\"Twoje wyniki\"}]},{\"@type\":\"WebSite\",\"@id\":\"https:\\\/\\\/ieltspolska.pl\\\/pl\\\/#website\",\"url\":\"https:\\\/\\\/ieltspolska.pl\\\/pl\\\/\",\"name\":\"IELTS - test akceptowany na ca\u0142ym \u015bwiecie | IELTS Polska\",\"description\":\"IELTS\",\"publisher\":{\"@id\":\"https:\\\/\\\/ieltspolska.pl\\\/pl\\\/#organization\"},\"potentialAction\":[{\"@type\":\"SearchAction\",\"target\":{\"@type\":\"EntryPoint\",\"urlTemplate\":\"https:\\\/\\\/ieltspolska.pl\\\/pl\\\/?s={search_term_string}\"},\"query-input\":{\"@type\":\"PropertyValueSpecification\",\"valueRequired\":true,\"valueName\":\"search_term_string\"}}],\"inLanguage\":\"pl-PL\"},{\"@type\":\"Organization\",\"@id\":\"https:\\\/\\\/ieltspolska.pl\\\/pl\\\/#organization\",\"name\":\"IELTS - test akceptowany na ca\u0142ym \u015bwiecie | IELTS Polska\",\"url\":\"https:\\\/\\\/ieltspolska.pl\\\/pl\\\/\",\"logo\":{\"@type\":\"ImageObject\",\"inLanguage\":\"pl-PL\",\"@id\":\"https:\\\/\\\/ieltspolska.pl\\\/pl\\\/#\\\/schema\\\/logo\\\/image\\\/\",\"url\":\"https:\\\/\\\/ieltspolska.pl\\\/wp-content\\\/uploads\\\/2019\\\/03\\\/ielst.png\",\"contentUrl\":\"https:\\\/\\\/ieltspolska.pl\\\/wp-content\\\/uploads\\\/2019\\\/03\\\/ielst.png\",\"width\":210,\"height\":76,\"caption\":\"IELTS - test akceptowany na ca\u0142ym \u015bwiecie | IELTS Polska\"},\"image\":{\"@id\":\"https:\\\/\\\/ieltspolska.pl\\\/pl\\\/#\\\/schema\\\/logo\\\/image\\\/\"}}]}<\/script>\n<!-- \/ Yoast SEO plugin. -->","yoast_head_json":{"title":"IELTS - wyniki i Portal Kandydata | IELTS Polska","description":"Twoje wyniki egzaminu IELTS b\u0119d\u0105 dost\u0119pne po zalogowaniu si\u0119 do portalu kandydata IELTS. Wst\u0119pne wyniki b\u0119d\u0105 dost\u0119pne 13 dni po odbytym egzaminie. Zapraszamy!","robots":{"index":"index","follow":"follow","max-snippet":"max-snippet:-1","max-image-preview":"max-image-preview:large","max-video-preview":"max-video-preview:-1"},"canonical":"https:\/\/ieltspolska.pl\/pl\/twoje-wyniki\/","og_locale":"pl_PL","og_type":"article","og_title":"IELTS - wyniki i Portal Kandydata | IELTS Polska","og_description":"Twoje wyniki egzaminu IELTS b\u0119d\u0105 dost\u0119pne po zalogowaniu si\u0119 do portalu kandydata IELTS. Wst\u0119pne wyniki b\u0119d\u0105 dost\u0119pne 13 dni po odbytym egzaminie. Zapraszamy!","og_url":"https:\/\/ieltspolska.pl\/pl\/twoje-wyniki\/","og_site_name":"IELTS Polska","article_modified_time":"2025-09-04T13:50:07+00:00","twitter_card":"summary_large_image","twitter_misc":{"Szacowany czas czytania":"3 minuty"},"schema":{"@context":"https:\/\/schema.org","@graph":[{"@type":"WebPage","@id":"https:\/\/ieltspolska.pl\/pl\/twoje-wyniki\/","url":"https:\/\/ieltspolska.pl\/pl\/twoje-wyniki\/","name":"IELTS - wyniki i Portal Kandydata | IELTS Polska","isPartOf":{"@id":"https:\/\/ieltspolska.pl\/pl\/#website"},"datePublished":"2019-03-08T09:01:41+00:00","dateModified":"2025-09-04T13:50:07+00:00","description":"Twoje wyniki egzaminu IELTS b\u0119d\u0105 dost\u0119pne po zalogowaniu si\u0119 do portalu kandydata IELTS. Wst\u0119pne wyniki b\u0119d\u0105 dost\u0119pne 13 dni po odbytym egzaminie. Zapraszamy!","breadcrumb":{"@id":"https:\/\/ieltspolska.pl\/pl\/twoje-wyniki\/#breadcrumb"},"inLanguage":"pl-PL","potentialAction":[{"@type":"ReadAction","target":["https:\/\/ieltspolska.pl\/pl\/twoje-wyniki\/"]}]},{"@type":"BreadcrumbList","@id":"https:\/\/ieltspolska.pl\/pl\/twoje-wyniki\/#breadcrumb","itemListElement":[{"@type":"ListItem","position":1,"name":"Strona g\u0142\u00f3wna","item":"https:\/\/ieltspolska.pl\/pl\/"},{"@type":"ListItem","position":2,"name":"Twoje wyniki"}]},{"@type":"WebSite","@id":"https:\/\/ieltspolska.pl\/pl\/#website","url":"https:\/\/ieltspolska.pl\/pl\/","name":"IELTS - test akceptowany na ca\u0142ym \u015bwiecie | IELTS Polska","description":"IELTS","publisher":{"@id":"https:\/\/ieltspolska.pl\/pl\/#organization"},"potentialAction":[{"@type":"SearchAction","target":{"@type":"EntryPoint","urlTemplate":"https:\/\/ieltspolska.pl\/pl\/?s={search_term_string}"},"query-input":{"@type":"PropertyValueSpecification","valueRequired":true,"valueName":"search_term_string"}}],"inLanguage":"pl-PL"},{"@type":"Organization","@id":"https:\/\/ieltspolska.pl\/pl\/#organization","name":"IELTS - test akceptowany na ca\u0142ym \u015bwiecie | IELTS Polska","url":"https:\/\/ieltspolska.pl\/pl\/","logo":{"@type":"ImageObject","inLanguage":"pl-PL","@id":"https:\/\/ieltspolska.pl\/pl\/#\/schema\/logo\/image\/","url":"https:\/\/ieltspolska.pl\/wp-content\/uploads\/2019\/03\/ielst.png","contentUrl":"https:\/\/ieltspolska.pl\/wp-content\/uploads\/2019\/03\/ielst.png","width":210,"height":76,"caption":"IELTS - test akceptowany na ca\u0142ym \u015bwiecie | IELTS Polska"},"image":{"@id":"https:\/\/ieltspolska.pl\/pl\/#\/schema\/logo\/image\/"}}]}},"_links":{"self":[{"href":"https:\/\/ieltspolska.pl\/pl\/wp-json\/wp\/v2\/pages\/772","targetHints":{"allow":["GET"]}}],"collection":[{"href":"https:\/\/ieltspolska.pl\/pl\/wp-json\/wp\/v2\/pages"}],"about":[{"href":"https:\/\/ieltspolska.pl\/pl\/wp-json\/wp\/v2\/types\/page"}],"author":[{"embeddable":true,"href":"https:\/\/ieltspolska.pl\/pl\/wp-json\/wp\/v2\/users\/1"}],"replies":[{"embeddable":true,"href":"https:\/\/ieltspolska.pl\/pl\/wp-json\/wp\/v2\/comments?post=772"}],"version-history":[{"count":20,"href":"https:\/\/ieltspolska.pl\/pl\/wp-json\/wp\/v2\/pages\/772\/revisions"}],"predecessor-version":[{"id":4057,"href":"https:\/\/ieltspolska.pl\/pl\/wp-json\/wp\/v2\/pages\/772\/revisions\/4057"}],"wp:attachment":[{"href":"https:\/\/ieltspolska.pl\/pl\/wp-json\/wp\/v2\/media?parent=772"}],"wp:term":[{"taxonomy":"folder","embeddable":true,"href":"https:\/\/ieltspolska.pl\/pl\/wp-json\/wp\/v2\/folder?post=772"}],"curies":[{"name":"wp","href":"https:\/\/api.w.org\/{rel}","templated":true}]}}