{"id":787,"date":"2019-03-08T09:06:19","date_gmt":"2019-03-08T09:06:19","guid":{"rendered":"https:\/\/ieltspolska.pl\/?page_id=787"},"modified":"2025-04-03T20:27:47","modified_gmt":"2025-04-03T20:27:47","slug":"skala-ielts","status":"publish","type":"page","link":"https:\/\/ieltspolska.pl\/pl\/skala-ielts\/","title":{"rendered":"Skala IELTS"},"content":{"rendered":"<style>.wp-block-kadence-advancedheading.kt-adv-heading787_041648-b7, .wp-block-kadence-advancedheading.kt-adv-heading787_041648-b7[data-kb-block=\"kb-adv-heading787_041648-b7\"]{padding-top:var(--global-kb-spacing-xl, 4rem);padding-bottom:var(--global-kb-spacing-xxs, 0.5rem);text-align:center;font-size:var(--global-kb-font-size-lg, 2rem);font-weight:400;font-style:normal;font-family:Poppins;}.wp-block-kadence-advancedheading.kt-adv-heading787_041648-b7 mark.kt-highlight, .wp-block-kadence-advancedheading.kt-adv-heading787_041648-b7[data-kb-block=\"kb-adv-heading787_041648-b7\"] mark.kt-highlight{font-style:normal;color:#f76a0c;-webkit-box-decoration-break:clone;box-decoration-break:clone;padding-top:0px;padding-right:0px;padding-bottom:0px;padding-left:0px;}.wp-block-kadence-advancedheading.kt-adv-heading787_041648-b7 img.kb-inline-image, .wp-block-kadence-advancedheading.kt-adv-heading787_041648-b7[data-kb-block=\"kb-adv-heading787_041648-b7\"] img.kb-inline-image{width:150px;vertical-align:baseline;}<\/style>\n<h2 class=\"kt-adv-heading787_041648-b7 wp-block-kadence-advancedheading has-theme-palette-2-color has-text-color\" data-kb-block=\"kb-adv-heading787_041648-b7\"><strong>Skala IELTS<br><\/strong><\/h2>\n\n\n<style>.kadence-column787_528569-b0{max-width:70%;margin-left:auto;margin-right:auto;}.wp-block-kadence-column.kb-section-dir-horizontal:not(.kb-section-md-dir-vertical)>.kt-inside-inner-col>.kadence-column787_528569-b0{-webkit-flex:0 1 70%;flex:0 1 70%;max-width:unset;margin-left:unset;margin-right:unset;}.kadence-column787_528569-b0 > .kt-inside-inner-col{padding-top:var(--global-kb-spacing-lg, 3rem);padding-right:var(--global-kb-spacing-xxl, 5rem);padding-bottom:var(--global-kb-spacing-lg, 3rem);padding-left:var(--global-kb-spacing-xxl, 5rem);}.kadence-column787_528569-b0 > .kt-inside-inner-col{box-shadow:0px 0px 14px 0px rgba(0, 0, 0, 0.2);}.kadence-column787_528569-b0 > .kt-inside-inner-col,.kadence-column787_528569-b0 > .kt-inside-inner-col:before{border-top-left-radius:15px;border-top-right-radius:15px;border-bottom-right-radius:15px;border-bottom-left-radius:15px;}.kadence-column787_528569-b0 > .kt-inside-inner-col{column-gap:var(--global-kb-gap-sm, 1rem);}.kadence-column787_528569-b0 > .kt-inside-inner-col{flex-direction:column;}.kadence-column787_528569-b0 > .kt-inside-inner-col > .aligncenter{width:100%;}.kadence-column787_528569-b0 > .kt-inside-inner-col{background-color:var(--global-palette9, #ffffff);}.kadence-column787_528569-b0 > .kt-inside-inner-col:before{opacity:0.3;}.kadence-column787_528569-b0{position:relative;}@media all and (min-width: 1025px){.wp-block-kadence-column.kb-section-dir-horizontal>.kt-inside-inner-col>.kadence-column787_528569-b0{-webkit-flex:0 1 70%;flex:0 1 70%;max-width:unset;margin-left:unset;margin-right:unset;}}@media all and (max-width: 1024px){.kadence-column787_528569-b0 > .kt-inside-inner-col{flex-direction:column;justify-content:center;}}@media all and (max-width: 767px){.kadence-column787_528569-b0 > .kt-inside-inner-col{display:flex;padding-right:var(--global-kb-spacing-xxs, 0.5rem);padding-left:var(--global-kb-spacing-xxs, 0.5rem);row-gap:var(--global-kb-gap-none, 0rem );flex-direction:column;justify-content:center;align-items:center;}.kadence-column787_528569-b0{max-width:90%;margin-left:auto;margin-right:auto;text-align:left;}.wp-block-kadence-column.kb-section-sm-dir-vertical:not(.kb-section-sm-dir-horizontal):not(.kb-section-sm-dir-specificity)>.kt-inside-inner-col>.kadence-column787_528569-b0{-webkit-flex:0 1 90%;flex:0 1 90%;}.wp-block-kadence-column>.kt-inside-inner-col>.kadence-column787_528569-b0{-webkit-flex:1 90%;flex:1 90%;}.wp-block-kadence-column.kb-section-sm-dir-horizontal>.kt-inside-inner-col>.kadence-column787_528569-b0, .wp-block-kadence-column.kb-section-dir-horizontal:not(.kb-section-sm-dir-vertical):not(.kb-section-md-dir-vertical) >.kt-inside-inner-col>.kadence-column787_528569-b0{-webkit-flex:0 1 90%;flex:0 1 90%;max-width:unset;margin-left:unset;margin-right:unset;}.kadence-column787_528569-b0, .kt-inside-inner-col > .kadence-column787_528569-b0:not(.specificity){margin-right:var(--global-kb-spacing-xxs, 0.5rem);margin-left:var(--global-kb-spacing-xxs, 0.5rem);}}<\/style>\n<div class=\"wp-block-kadence-column kadence-column787_528569-b0\"><div class=\"kt-inside-inner-col\">\n<p><strong>Wyniki IELTS opisane s\u0105 na skali od 1 (najni\u017csza) do 9 (najwy\u017csza) punkt\u00f3w.<\/strong><\/p>\n\n\n\n<p>Skala IELTS wygl\u0105da nast\u0119puj\u0105co:<\/p>\n\n\n\n<div class=\"table-container\" style=\"max-width: 1000px; margin: 2rem auto;\">\n  <table style=\"width: 100%; border-collapse: collapse; font-family: 'Open Sans', sans-serif;\">\n    <thead>\n      <tr style=\"background-color: #f5f5f5;\">\n        <th style=\"text-align: left; padding: 12px; font-family: 'Poppins', sans-serif; font-weight: 600; font-size: 1.1rem; color: #E31837;\">WYNIK<\/th>\n        <th style=\"text-align: left; padding: 12px; font-family: 'Poppins', sans-serif; font-weight: 600; font-size: 1.1rem; color: #E31837;\">POZIOM<\/th>\n        <th style=\"text-align: left; padding: 12px; font-family: 'Poppins', sans-serif; font-weight: 600; font-size: 1.1rem; color: #E31837;\">OPIS<\/th>\n      <\/tr>\n    <\/thead>\n    <tbody>\n      <tr>\n        <td style=\"padding: 10px;\">9<\/td>\n        <td style=\"padding: 10px;\">Expert user<\/td>\n        <td style=\"padding: 10px;\">Kandydat posiada bardzo dobr\u0105 znajomo\u015b\u0107 j\u0119zyka. U\u017cycie struktur jest odpowiednie, poprawne i p\u0142ynne co potwierdza r\u00f3wnie\u017c kompleksowe rozumienie tre\u015bci.<\/td>\n      <\/tr>\n      <tr style=\"background-color: #f9f9f9;\">\n        <td style=\"padding: 10px;\">8<\/td>\n        <td style=\"padding: 10px;\">Very good user<\/td>\n        <td style=\"padding: 10px;\">Kandydat posiada bardzo dobr\u0105 znajomo\u015b\u0107 j\u0119zyka, tylko czasem pope\u0142nia drobne b\u0142\u0119dy i nieprawid\u0142owo u\u017cywa struktur j\u0119zykowych. Zdarza mu si\u0119 nie do ko\u0144ca dobrze zrozumie\u0107 przekaz rozm\u00f3wcy w sytuacjach, kt\u00f3re nie s\u0105 mu znane. Potrafi w spos\u00f3b kompleksowy i szczeg\u00f3\u0142owy argumentowa\u0107 swoje wypowiedzi.<\/td>\n      <\/tr>\n      <tr>\n        <td style=\"padding: 10px;\">7<\/td>\n        <td style=\"padding: 10px;\">Good user<\/td>\n        <td style=\"padding: 10px;\">Kandydat posiada dobr\u0105 znajomo\u015b\u0107 j\u0119zyka, mimo okazjonalnych b\u0142\u0119d\u00f3w, niew\u0142a\u015bciwego u\u017cycia wybranych struktur w niekt\u00f3rych sytuacjach. Zasadniczo j\u0119zyk kandydata jest do\u015b\u0107 z\u0142o\u017cony i potrafi on zrozumie\u0107 szczeg\u00f3\u0142y d\u0142u\u017cszych wypowiedzi.<\/td>\n      <\/tr>\n      <tr style=\"background-color: #f9f9f9;\">\n        <td style=\"padding: 10px;\">6<\/td>\n        <td style=\"padding: 10px;\">Competent user<\/td>\n        <td style=\"padding: 10px;\">Kandydat posiada dobr\u0105 znajomo\u015b\u0107 j\u0119zyka mimo pope\u0142nianych b\u0142\u0119d\u00f3w j\u0119zykowych, czasem niew\u0142a\u015bciwego u\u017cycia struktur i pojawiaj\u0105cych si\u0119 nieporozumie\u0144. Potrafi tworzy\u0107 i rozumie\u0144 do\u015b\u0107 z\u0142o\u017cone wypowiedzi, szczeg\u00f3lnie w ramach znanych dla niego kontekst\u00f3w sytuacyjnych.<\/td>\n      <\/tr>\n      <tr>\n        <td style=\"padding: 10px;\">5<\/td>\n        <td style=\"padding: 10px;\">Modest user<\/td>\n        <td style=\"padding: 10px;\">Kandydat cz\u0119\u015bciowo opanowa\u0142 j\u0119zyk i radzi sobie w wi\u0119kszo\u015bci sytuacji z og\u00f3lnym ich zrozumieniem, pope\u0142nia jednak wiele b\u0142\u0119d\u00f3w j\u0119zykowych. Jest w stanie skutecznie poradzi\u0107 sobie w podstawowych sytuacjach komunikacyjnych dotycz\u0105cych jego otoczenia.<\/td>\n      <\/tr>\n      <tr style=\"background-color: #f9f9f9;\">\n        <td style=\"padding: 10px;\">4<\/td>\n        <td style=\"padding: 10px;\">Limited user<\/td>\n        <td style=\"padding: 10px;\">Kandydat posiada podstawowe kompetencje j\u0119zykowe, ale ograniczaj\u0105 si\u0119 one do znanych mu sytuacji. Cz\u0119sto ma problemy ze zrozumieniem wypowiedzi innych i z wypowiadaniem si\u0119. Nie jest w stanie u\u017cywa\u0107 bardziej z\u0142o\u017conego j\u0119zyka.<\/td>\n      <\/tr>\n      <tr>\n        <td style=\"padding: 10px;\">3<\/td>\n        <td style=\"padding: 10px;\">Extremely limited user<\/td>\n        <td style=\"padding: 10px;\">Kandydat komunikuje si\u0119 i rozumie wypowiedzi tylko na znane i bliskie mu tematy. Rozmowa na bardziej kompleksowe tematy cz\u0119sto urywa si\u0119.<\/td>\n      <\/tr>\n      <tr style=\"background-color: #f9f9f9;\">\n        <td style=\"padding: 10px;\">2<\/td>\n        <td style=\"padding: 10px;\">Intermittent user<\/td>\n        <td style=\"padding: 10px;\">Kandydat ma du\u017c\u0105 trudno\u015b\u0107 w rozumieniu j\u0119zyka m\u00f3wionego i pisanego.<\/td>\n      <\/tr>\n      <tr>\n        <td style=\"padding: 10px;\">1<\/td>\n        <td style=\"padding: 10px;\">Non-user<\/td>\n        <td style=\"padding: 10px;\">Kandydat nie ma umiej\u0119tno\u015bci pos\u0142ugiwania si\u0119 j\u0119zykiem, zna tylko kilka pojedynczych s\u0142\u00f3w.<\/td>\n      <\/tr>\n      <tr style=\"background-color: #f9f9f9;\">\n        <td style=\"padding: 10px;\">0<\/td>\n        <td style=\"padding: 10px;\">Did not attempt the test<\/td>\n        <td style=\"padding: 10px;\">Kandydat nie odpowiedzia\u0142 na \u017cadne pytania testowe.<\/td>\n      <\/tr>\n    <\/tbody>\n  <\/table>\n<\/div>\n\n<\/div><\/div>\n","protected":false},"excerpt":{"rendered":"<p>Skala IELTS Wyniki IELTS opisane s\u0105 na skali od 1 (najni\u017csza) do 9 (najwy\u017csza) punkt\u00f3w. Skala IELTS wygl\u0105da nast\u0119puj\u0105co: WYNIK POZIOM OPIS 9 Expert user Kandydat posiada bardzo dobr\u0105 znajomo\u015b\u0107 j\u0119zyka. U\u017cycie struktur jest odpowiednie, poprawne i p\u0142ynne co potwierdza r\u00f3wnie\u017c kompleksowe rozumienie tre\u015bci. 8 Very good user Kandydat posiada bardzo dobr\u0105 znajomo\u015b\u0107 j\u0119zyka, tylko&#8230;<\/p>\n","protected":false},"author":1,"featured_media":0,"parent":0,"menu_order":0,"comment_status":"closed","ping_status":"closed","template":"","meta":{"_kad_post_transparent":"","_kad_post_title":"","_kad_post_layout":"","_kad_post_sidebar_id":"","_kad_post_content_style":"","_kad_post_vertical_padding":"","_kad_post_feature":"","_kad_post_feature_position":"","_kad_post_header":false,"_kad_post_footer":false,"_kad_post_classname":"","footnotes":""},"folder":[48],"class_list":["post-787","page","type-page","status-publish","hentry"],"yoast_head":"<!-- This site is optimized with the Yoast SEO plugin v27.3 - https:\/\/yoast.com\/product\/yoast-seo-wordpress\/ -->\n<title>IELTS - Skala Ocen, Punktacja i Oceny Testu | IELTS Polska<\/title>\n<meta name=\"description\" content=\"Zapoznaj si\u0119 ze skal\u0105 ocen egzaminu IELTS i dowiedz si\u0119, jaki jest Tw\u00f3j poziom umiej\u0119tno\u015bci. Por\u00f3wnaj swoje wyniki po ocenionym te\u015bcie ze skal\u0105 ocen IELTS.\" \/>\n<meta name=\"robots\" content=\"index, follow, max-snippet:-1, max-image-preview:large, max-video-preview:-1\" \/>\n<link rel=\"canonical\" href=\"https:\/\/ieltspolska.pl\/pl\/skala-ielts\/\" \/>\n<meta property=\"og:locale\" content=\"pl_PL\" \/>\n<meta property=\"og:type\" content=\"article\" \/>\n<meta property=\"og:title\" content=\"IELTS - Skala Ocen, Punktacja i Oceny Testu | IELTS Polska\" \/>\n<meta property=\"og:description\" content=\"Zapoznaj si\u0119 ze skal\u0105 ocen egzaminu IELTS i dowiedz si\u0119, jaki jest Tw\u00f3j poziom umiej\u0119tno\u015bci. Por\u00f3wnaj swoje wyniki po ocenionym te\u015bcie ze skal\u0105 ocen IELTS.\" \/>\n<meta property=\"og:url\" content=\"https:\/\/ieltspolska.pl\/pl\/skala-ielts\/\" \/>\n<meta property=\"og:site_name\" content=\"IELTS Polska\" \/>\n<meta property=\"article:modified_time\" content=\"2025-04-03T20:27:47+00:00\" \/>\n<meta name=\"twitter:card\" content=\"summary_large_image\" \/>\n<meta name=\"twitter:label1\" content=\"Szacowany czas czytania\" \/>\n\t<meta name=\"twitter:data1\" content=\"2 minuty\" \/>\n<script type=\"application\/ld+json\" class=\"yoast-schema-graph\">{\"@context\":\"https:\\\/\\\/schema.org\",\"@graph\":[{\"@type\":\"WebPage\",\"@id\":\"https:\\\/\\\/ieltspolska.pl\\\/pl\\\/skala-ielts\\\/\",\"url\":\"https:\\\/\\\/ieltspolska.pl\\\/pl\\\/skala-ielts\\\/\",\"name\":\"IELTS - Skala Ocen, Punktacja i Oceny Testu | IELTS Polska\",\"isPartOf\":{\"@id\":\"https:\\\/\\\/ieltspolska.pl\\\/pl\\\/#website\"},\"datePublished\":\"2019-03-08T09:06:19+00:00\",\"dateModified\":\"2025-04-03T20:27:47+00:00\",\"description\":\"Zapoznaj si\u0119 ze skal\u0105 ocen egzaminu IELTS i dowiedz si\u0119, jaki jest Tw\u00f3j poziom umiej\u0119tno\u015bci. Por\u00f3wnaj swoje wyniki po ocenionym te\u015bcie ze skal\u0105 ocen IELTS.\",\"breadcrumb\":{\"@id\":\"https:\\\/\\\/ieltspolska.pl\\\/pl\\\/skala-ielts\\\/#breadcrumb\"},\"inLanguage\":\"pl-PL\",\"potentialAction\":[{\"@type\":\"ReadAction\",\"target\":[\"https:\\\/\\\/ieltspolska.pl\\\/pl\\\/skala-ielts\\\/\"]}]},{\"@type\":\"BreadcrumbList\",\"@id\":\"https:\\\/\\\/ieltspolska.pl\\\/pl\\\/skala-ielts\\\/#breadcrumb\",\"itemListElement\":[{\"@type\":\"ListItem\",\"position\":1,\"name\":\"Strona g\u0142\u00f3wna\",\"item\":\"https:\\\/\\\/ieltspolska.pl\\\/pl\\\/\"},{\"@type\":\"ListItem\",\"position\":2,\"name\":\"Skala IELTS\"}]},{\"@type\":\"WebSite\",\"@id\":\"https:\\\/\\\/ieltspolska.pl\\\/pl\\\/#website\",\"url\":\"https:\\\/\\\/ieltspolska.pl\\\/pl\\\/\",\"name\":\"IELTS - test akceptowany na ca\u0142ym \u015bwiecie | IELTS Polska\",\"description\":\"IELTS\",\"publisher\":{\"@id\":\"https:\\\/\\\/ieltspolska.pl\\\/pl\\\/#organization\"},\"potentialAction\":[{\"@type\":\"SearchAction\",\"target\":{\"@type\":\"EntryPoint\",\"urlTemplate\":\"https:\\\/\\\/ieltspolska.pl\\\/pl\\\/?s={search_term_string}\"},\"query-input\":{\"@type\":\"PropertyValueSpecification\",\"valueRequired\":true,\"valueName\":\"search_term_string\"}}],\"inLanguage\":\"pl-PL\"},{\"@type\":\"Organization\",\"@id\":\"https:\\\/\\\/ieltspolska.pl\\\/pl\\\/#organization\",\"name\":\"IELTS - test akceptowany na ca\u0142ym \u015bwiecie | IELTS Polska\",\"url\":\"https:\\\/\\\/ieltspolska.pl\\\/pl\\\/\",\"logo\":{\"@type\":\"ImageObject\",\"inLanguage\":\"pl-PL\",\"@id\":\"https:\\\/\\\/ieltspolska.pl\\\/pl\\\/#\\\/schema\\\/logo\\\/image\\\/\",\"url\":\"https:\\\/\\\/ieltspolska.pl\\\/wp-content\\\/uploads\\\/2019\\\/03\\\/ielst.png\",\"contentUrl\":\"https:\\\/\\\/ieltspolska.pl\\\/wp-content\\\/uploads\\\/2019\\\/03\\\/ielst.png\",\"width\":210,\"height\":76,\"caption\":\"IELTS - test akceptowany na ca\u0142ym \u015bwiecie | IELTS Polska\"},\"image\":{\"@id\":\"https:\\\/\\\/ieltspolska.pl\\\/pl\\\/#\\\/schema\\\/logo\\\/image\\\/\"}}]}<\/script>\n<!-- \/ Yoast SEO plugin. -->","yoast_head_json":{"title":"IELTS - Skala Ocen, Punktacja i Oceny Testu | IELTS Polska","description":"Zapoznaj si\u0119 ze skal\u0105 ocen egzaminu IELTS i dowiedz si\u0119, jaki jest Tw\u00f3j poziom umiej\u0119tno\u015bci. Por\u00f3wnaj swoje wyniki po ocenionym te\u015bcie ze skal\u0105 ocen IELTS.","robots":{"index":"index","follow":"follow","max-snippet":"max-snippet:-1","max-image-preview":"max-image-preview:large","max-video-preview":"max-video-preview:-1"},"canonical":"https:\/\/ieltspolska.pl\/pl\/skala-ielts\/","og_locale":"pl_PL","og_type":"article","og_title":"IELTS - Skala Ocen, Punktacja i Oceny Testu | IELTS Polska","og_description":"Zapoznaj si\u0119 ze skal\u0105 ocen egzaminu IELTS i dowiedz si\u0119, jaki jest Tw\u00f3j poziom umiej\u0119tno\u015bci. Por\u00f3wnaj swoje wyniki po ocenionym te\u015bcie ze skal\u0105 ocen IELTS.","og_url":"https:\/\/ieltspolska.pl\/pl\/skala-ielts\/","og_site_name":"IELTS Polska","article_modified_time":"2025-04-03T20:27:47+00:00","twitter_card":"summary_large_image","twitter_misc":{"Szacowany czas czytania":"2 minuty"},"schema":{"@context":"https:\/\/schema.org","@graph":[{"@type":"WebPage","@id":"https:\/\/ieltspolska.pl\/pl\/skala-ielts\/","url":"https:\/\/ieltspolska.pl\/pl\/skala-ielts\/","name":"IELTS - Skala Ocen, Punktacja i Oceny Testu | IELTS Polska","isPartOf":{"@id":"https:\/\/ieltspolska.pl\/pl\/#website"},"datePublished":"2019-03-08T09:06:19+00:00","dateModified":"2025-04-03T20:27:47+00:00","description":"Zapoznaj si\u0119 ze skal\u0105 ocen egzaminu IELTS i dowiedz si\u0119, jaki jest Tw\u00f3j poziom umiej\u0119tno\u015bci. Por\u00f3wnaj swoje wyniki po ocenionym te\u015bcie ze skal\u0105 ocen IELTS.","breadcrumb":{"@id":"https:\/\/ieltspolska.pl\/pl\/skala-ielts\/#breadcrumb"},"inLanguage":"pl-PL","potentialAction":[{"@type":"ReadAction","target":["https:\/\/ieltspolska.pl\/pl\/skala-ielts\/"]}]},{"@type":"BreadcrumbList","@id":"https:\/\/ieltspolska.pl\/pl\/skala-ielts\/#breadcrumb","itemListElement":[{"@type":"ListItem","position":1,"name":"Strona g\u0142\u00f3wna","item":"https:\/\/ieltspolska.pl\/pl\/"},{"@type":"ListItem","position":2,"name":"Skala IELTS"}]},{"@type":"WebSite","@id":"https:\/\/ieltspolska.pl\/pl\/#website","url":"https:\/\/ieltspolska.pl\/pl\/","name":"IELTS - test akceptowany na ca\u0142ym \u015bwiecie | IELTS Polska","description":"IELTS","publisher":{"@id":"https:\/\/ieltspolska.pl\/pl\/#organization"},"potentialAction":[{"@type":"SearchAction","target":{"@type":"EntryPoint","urlTemplate":"https:\/\/ieltspolska.pl\/pl\/?s={search_term_string}"},"query-input":{"@type":"PropertyValueSpecification","valueRequired":true,"valueName":"search_term_string"}}],"inLanguage":"pl-PL"},{"@type":"Organization","@id":"https:\/\/ieltspolska.pl\/pl\/#organization","name":"IELTS - test akceptowany na ca\u0142ym \u015bwiecie | IELTS Polska","url":"https:\/\/ieltspolska.pl\/pl\/","logo":{"@type":"ImageObject","inLanguage":"pl-PL","@id":"https:\/\/ieltspolska.pl\/pl\/#\/schema\/logo\/image\/","url":"https:\/\/ieltspolska.pl\/wp-content\/uploads\/2019\/03\/ielst.png","contentUrl":"https:\/\/ieltspolska.pl\/wp-content\/uploads\/2019\/03\/ielst.png","width":210,"height":76,"caption":"IELTS - test akceptowany na ca\u0142ym \u015bwiecie | IELTS Polska"},"image":{"@id":"https:\/\/ieltspolska.pl\/pl\/#\/schema\/logo\/image\/"}}]}},"_links":{"self":[{"href":"https:\/\/ieltspolska.pl\/pl\/wp-json\/wp\/v2\/pages\/787","targetHints":{"allow":["GET"]}}],"collection":[{"href":"https:\/\/ieltspolska.pl\/pl\/wp-json\/wp\/v2\/pages"}],"about":[{"href":"https:\/\/ieltspolska.pl\/pl\/wp-json\/wp\/v2\/types\/page"}],"author":[{"embeddable":true,"href":"https:\/\/ieltspolska.pl\/pl\/wp-json\/wp\/v2\/users\/1"}],"replies":[{"embeddable":true,"href":"https:\/\/ieltspolska.pl\/pl\/wp-json\/wp\/v2\/comments?post=787"}],"version-history":[{"count":12,"href":"https:\/\/ieltspolska.pl\/pl\/wp-json\/wp\/v2\/pages\/787\/revisions"}],"predecessor-version":[{"id":3759,"href":"https:\/\/ieltspolska.pl\/pl\/wp-json\/wp\/v2\/pages\/787\/revisions\/3759"}],"wp:attachment":[{"href":"https:\/\/ieltspolska.pl\/pl\/wp-json\/wp\/v2\/media?parent=787"}],"wp:term":[{"taxonomy":"folder","embeddable":true,"href":"https:\/\/ieltspolska.pl\/pl\/wp-json\/wp\/v2\/folder?post=787"}],"curies":[{"name":"wp","href":"https:\/\/api.w.org\/{rel}","templated":true}]}}