{"id":798,"date":"2019-03-08T09:16:00","date_gmt":"2019-03-08T09:16:00","guid":{"rendered":"https:\/\/ieltspolska.pl\/?page_id=798"},"modified":"2025-04-03T21:21:07","modified_gmt":"2025-04-03T21:21:07","slug":"bezplatny-kurs-ielts","status":"publish","type":"page","link":"https:\/\/ieltspolska.pl\/pl\/bezplatny-kurs-ielts\/","title":{"rendered":"Kurs on-line IELTS Master"},"content":{"rendered":"\n<div style=\"height:20px\" aria-hidden=\"true\" class=\"wp-block-spacer\"><\/div>\n\n\n<style>.wp-block-kadence-advancedheading.kt-adv-heading798_683b5c-f3, .wp-block-kadence-advancedheading.kt-adv-heading798_683b5c-f3[data-kb-block=\"kb-adv-heading798_683b5c-f3\"]{padding-top:var(--global-kb-spacing-xl, 4rem);padding-bottom:var(--global-kb-spacing-xxs, 0.5rem);text-align:center;font-size:var(--global-kb-font-size-lg, 2rem);font-weight:400;font-style:normal;font-family:Poppins;}.wp-block-kadence-advancedheading.kt-adv-heading798_683b5c-f3 mark.kt-highlight, .wp-block-kadence-advancedheading.kt-adv-heading798_683b5c-f3[data-kb-block=\"kb-adv-heading798_683b5c-f3\"] mark.kt-highlight{font-style:normal;color:#f76a0c;-webkit-box-decoration-break:clone;box-decoration-break:clone;padding-top:0px;padding-right:0px;padding-bottom:0px;padding-left:0px;}.wp-block-kadence-advancedheading.kt-adv-heading798_683b5c-f3 img.kb-inline-image, .wp-block-kadence-advancedheading.kt-adv-heading798_683b5c-f3[data-kb-block=\"kb-adv-heading798_683b5c-f3\"] img.kb-inline-image{width:150px;vertical-align:baseline;}<\/style>\n<h2 class=\"kt-adv-heading798_683b5c-f3 wp-block-kadence-advancedheading has-theme-palette-2-color has-text-color\" data-kb-block=\"kb-adv-heading798_683b5c-f3\"><strong>Kurs on-line IELTS Master<\/strong><\/h2>\n\n\n<style>.kadence-column798_cf88f2-76{max-width:70%;margin-left:auto;margin-right:auto;}.wp-block-kadence-column.kb-section-dir-horizontal:not(.kb-section-md-dir-vertical)>.kt-inside-inner-col>.kadence-column798_cf88f2-76{-webkit-flex:0 1 70%;flex:0 1 70%;max-width:unset;margin-left:unset;margin-right:unset;}.kadence-column798_cf88f2-76 > .kt-inside-inner-col{padding-top:var(--global-kb-spacing-lg, 3rem);padding-right:var(--global-kb-spacing-xxl, 5rem);padding-bottom:var(--global-kb-spacing-lg, 3rem);padding-left:var(--global-kb-spacing-xxl, 5rem);}.kadence-column798_cf88f2-76 > .kt-inside-inner-col{box-shadow:0px 0px 14px 0px rgba(0, 0, 0, 0.2);}.kadence-column798_cf88f2-76 > .kt-inside-inner-col,.kadence-column798_cf88f2-76 > .kt-inside-inner-col:before{border-top-left-radius:15px;border-top-right-radius:15px;border-bottom-right-radius:15px;border-bottom-left-radius:15px;}.kadence-column798_cf88f2-76 > .kt-inside-inner-col{column-gap:var(--global-kb-gap-sm, 1rem);}.kadence-column798_cf88f2-76 > .kt-inside-inner-col{flex-direction:column;}.kadence-column798_cf88f2-76 > .kt-inside-inner-col > .aligncenter{width:100%;}.kadence-column798_cf88f2-76 > .kt-inside-inner-col{background-color:var(--global-palette9, #ffffff);}.kadence-column798_cf88f2-76 > .kt-inside-inner-col:before{opacity:0.3;}.kadence-column798_cf88f2-76{position:relative;}@media all and (min-width: 1025px){.wp-block-kadence-column.kb-section-dir-horizontal>.kt-inside-inner-col>.kadence-column798_cf88f2-76{-webkit-flex:0 1 70%;flex:0 1 70%;max-width:unset;margin-left:unset;margin-right:unset;}}@media all and (max-width: 1024px){.kadence-column798_cf88f2-76 > .kt-inside-inner-col{flex-direction:column;justify-content:center;}}@media all and (max-width: 767px){.kadence-column798_cf88f2-76 > .kt-inside-inner-col{display:flex;padding-right:var(--global-kb-spacing-xxs, 0.5rem);padding-left:var(--global-kb-spacing-xxs, 0.5rem);row-gap:var(--global-kb-gap-none, 0rem );flex-direction:column;justify-content:center;align-items:center;}.kadence-column798_cf88f2-76{max-width:90%;margin-left:auto;margin-right:auto;text-align:left;}.wp-block-kadence-column.kb-section-sm-dir-vertical:not(.kb-section-sm-dir-horizontal):not(.kb-section-sm-dir-specificity)>.kt-inside-inner-col>.kadence-column798_cf88f2-76{-webkit-flex:0 1 90%;flex:0 1 90%;}.wp-block-kadence-column>.kt-inside-inner-col>.kadence-column798_cf88f2-76{-webkit-flex:1 90%;flex:1 90%;}.wp-block-kadence-column.kb-section-sm-dir-horizontal>.kt-inside-inner-col>.kadence-column798_cf88f2-76, .wp-block-kadence-column.kb-section-dir-horizontal:not(.kb-section-sm-dir-vertical):not(.kb-section-md-dir-vertical) >.kt-inside-inner-col>.kadence-column798_cf88f2-76{-webkit-flex:0 1 90%;flex:0 1 90%;max-width:unset;margin-left:unset;margin-right:unset;}.kadence-column798_cf88f2-76, .kt-inside-inner-col > .kadence-column798_cf88f2-76:not(.specificity){margin-right:var(--global-kb-spacing-xxs, 0.5rem);margin-left:var(--global-kb-spacing-xxs, 0.5rem);}}<\/style>\n<div class=\"wp-block-kadence-column kadence-column798_cf88f2-76\"><div class=\"kt-inside-inner-col\">\n<p>Centrum LANG LTC zapewnia osobom zapisanym na test&nbsp; IELTS w naszym Centrum Egzaminacyjnym dost\u0119p do IELTS Master.<\/p>\n\n\n\n<p>Zarejestruj si\u0119 u nas na IELTS, a otrzymasz dost\u0119p do IELTS Master.<\/p>\n\n\n\n<p>IELTS Master to kompleksowy kurs online przygotowuj\u0105cy do testu IELTS.<\/p>\n\n\n\n<p>W ramach naszej oferty uzyskasz dost\u0119p do wybranego modu\u0142u kursu na 30 dni.<\/p>\n\n\n<div class=\"wp-block-image\">\n<figure class=\"aligncenter is-resized\"><img decoding=\"async\" src=\"https:\/\/ieltspolska.pl\/wp-content\/uploads\/2019\/02\/ielts-master.png\" alt=\"\" style=\"width:206px;height:auto\" title=\"ielts master\"\/><\/figure>\n<\/div>\n\n\n<p>Otrzymasz dost\u0119p do:<\/p>\n\n\n\n<ul class=\"wp-block-list\">\n<li>wyboru test\u00f3w pr\u00f3bnych<\/li>\n\n\n\n<li>szczeg\u00f3\u0142owych informacji o wszystkich cz\u0119\u015bciach testu i modelowych odpowiedzi<\/li>\n\n\n\n<li>porad i strategii egzaminacyjnych<\/li>\n<\/ul>\n\n\n\n<p><strong>Zarejestruj<\/strong><strong>&nbsp;si\u0119 na IELTS z LANG LTC, a otrzymasz specjalny link do kursu w e-mailu potwierdzaj\u0105cym rezerwacj\u0119 na test.<\/strong><\/p>\n\n\n\n<h6 class=\"wp-block-heading has-theme-palette-2-color has-text-color has-link-color wp-elements-1d205c0c3ede09290761ba7546f4a379\"><strong>Po aktywowaniu wybranego przez Ciebie modu\u0142u, b\u0119dziesz mie\u0107 do niego nieograniczony dost\u0119p przez okres 30 dni!<\/strong><\/h6>\n\n\n<style>.wp-block-kadence-advancedbtn.kb-btns3351_63d7a4-83{padding-top:var(--global-kb-spacing-lg, 3rem);padding-right:0px;padding-bottom:var(--global-kb-spacing-lg, 3rem);gap:var(--global-kb-gap-xs, 0.5rem );justify-content:center;align-items:center;}.kt-btns3351_63d7a4-83 .kt-button{font-weight:normal;font-style:normal;}.kt-btns3351_63d7a4-83 .kt-btn-wrap-0{margin-right:5px;}.wp-block-kadence-advancedbtn.kt-btns3351_63d7a4-83 .kt-btn-wrap-0 .kt-button{color:#555555;border-color:#555555;}.wp-block-kadence-advancedbtn.kt-btns3351_63d7a4-83 .kt-btn-wrap-0 .kt-button:hover, .wp-block-kadence-advancedbtn.kt-btns3351_63d7a4-83 .kt-btn-wrap-0 .kt-button:focus{color:#ffffff;border-color:#444444;}.wp-block-kadence-advancedbtn.kt-btns3351_63d7a4-83 .kt-btn-wrap-0 .kt-button::before{display:none;}.wp-block-kadence-advancedbtn.kt-btns3351_63d7a4-83 .kt-btn-wrap-0 .kt-button:hover, .wp-block-kadence-advancedbtn.kt-btns3351_63d7a4-83 .kt-btn-wrap-0 .kt-button:focus{background:#444444;}<\/style>\n<div class=\"wp-block-kadence-advancedbtn kb-buttons-wrap kb-btns3351_63d7a4-83\"><style>ul.menu .wp-block-kadence-advancedbtn .kb-btn3351_a8de26-39.kb-button{width:initial;}.wp-block-kadence-advancedbtn .kb-btn3351_a8de26-39.kb-button{color:var(--global-palette9, #ffffff);background:var(--global-palette2, #2B6CB0);font-size:var(--global-kb-font-size-md, 1.25rem);font-family:Poppins;font-weight:600;border-top-left-radius:15px;border-top-right-radius:15px;border-bottom-right-radius:15px;border-bottom-left-radius:15px;}.wp-block-kadence-advancedbtn .kb-btn3351_a8de26-39.kb-button:hover, .wp-block-kadence-advancedbtn .kb-btn3351_a8de26-39.kb-button:focus{color:var(--global-palette9, #ffffff);background:var(--global-palette1, #3182CE);}<\/style><a class=\"kb-button kt-button button kb-btn3351_a8de26-39 kt-btn-size-standard kt-btn-width-type-auto kb-btn-global-fill  kt-btn-has-text-true kt-btn-has-svg-false  wp-block-kadence-singlebtn\" href=\"https:\/\/ielts.idp.com\/poland\/test-centre\/lang-ltc\" target=\"_blank\" rel=\"noreferrer noopener\"><span class=\"kt-btn-inner-text\">Zarejestruj si\u0119 na IELTS<\/span><\/a><\/div>\n\n\n\n<figure class=\"wp-block-embed is-type-video is-provider-youtube wp-block-embed-youtube wp-embed-aspect-16-9 wp-has-aspect-ratio\"><div class=\"wp-block-embed__wrapper\">\n<iframe loading=\"lazy\" title=\"Free IELTS Preparation from IDP Education\" width=\"720\" height=\"405\" src=\"https:\/\/www.youtube.com\/embed\/tPCqe_SQvNs?feature=oembed\" frameborder=\"0\" allow=\"accelerometer; autoplay; clipboard-write; encrypted-media; gyroscope; picture-in-picture; web-share\" referrerpolicy=\"strict-origin-when-cross-origin\" allowfullscreen><\/iframe>\n<\/div><\/figure>\n<\/div><\/div>\n","protected":false},"excerpt":{"rendered":"<p>Kurs on-line IELTS Master Centrum LANG LTC zapewnia osobom zapisanym na test&nbsp; IELTS w naszym Centrum Egzaminacyjnym dost\u0119p do IELTS Master. Zarejestruj si\u0119 u nas na IELTS, a otrzymasz dost\u0119p do IELTS Master. IELTS Master to kompleksowy kurs online przygotowuj\u0105cy do testu IELTS. W ramach naszej oferty uzyskasz dost\u0119p do wybranego modu\u0142u kursu na 30&#8230;<\/p>\n","protected":false},"author":1,"featured_media":0,"parent":0,"menu_order":0,"comment_status":"closed","ping_status":"closed","template":"","meta":{"_kad_post_transparent":"","_kad_post_title":"","_kad_post_layout":"","_kad_post_sidebar_id":"","_kad_post_content_style":"","_kad_post_vertical_padding":"","_kad_post_feature":"","_kad_post_feature_position":"","_kad_post_header":false,"_kad_post_footer":false,"_kad_post_classname":"","footnotes":""},"folder":[48],"class_list":["post-798","page","type-page","status-publish","hentry"],"yoast_head":"<!-- This site is optimized with the Yoast SEO plugin v27.3 - https:\/\/yoast.com\/product\/yoast-seo-wordpress\/ -->\n<title>IELTS - przygotowanie | Kurs IELTS - Warszawa | IELTS Polska<\/title>\n<meta name=\"description\" content=\"Jak przygotowa\u0107 si\u0119 do egzaminu IELTS? Postaw na przygotowanie do IELTS z Lang TLC - otrzymasz porady, strategie egzaminacyjne oraz modelowe odpowiedzi!\" \/>\n<meta name=\"robots\" content=\"index, follow, max-snippet:-1, max-image-preview:large, max-video-preview:-1\" \/>\n<link rel=\"canonical\" href=\"https:\/\/ieltspolska.pl\/pl\/bezplatny-kurs-ielts\/\" \/>\n<meta property=\"og:locale\" content=\"pl_PL\" \/>\n<meta property=\"og:type\" content=\"article\" \/>\n<meta property=\"og:title\" content=\"IELTS - przygotowanie | Kurs IELTS - Warszawa | IELTS Polska\" \/>\n<meta property=\"og:description\" content=\"Jak przygotowa\u0107 si\u0119 do egzaminu IELTS? Postaw na przygotowanie do IELTS z Lang TLC - otrzymasz porady, strategie egzaminacyjne oraz modelowe odpowiedzi!\" \/>\n<meta property=\"og:url\" content=\"https:\/\/ieltspolska.pl\/pl\/bezplatny-kurs-ielts\/\" \/>\n<meta property=\"og:site_name\" content=\"IELTS Polska\" \/>\n<meta property=\"article:modified_time\" content=\"2025-04-03T21:21:07+00:00\" \/>\n<meta property=\"og:image\" content=\"https:\/\/ieltspolska.pl\/wp-content\/uploads\/2019\/02\/ielts-master.png\" \/>\n<meta name=\"twitter:card\" content=\"summary_large_image\" \/>\n<meta name=\"twitter:label1\" content=\"Szacowany czas czytania\" \/>\n\t<meta name=\"twitter:data1\" content=\"2 minuty\" \/>\n<script type=\"application\/ld+json\" class=\"yoast-schema-graph\">{\"@context\":\"https:\\\/\\\/schema.org\",\"@graph\":[{\"@type\":\"WebPage\",\"@id\":\"https:\\\/\\\/ieltspolska.pl\\\/pl\\\/bezplatny-kurs-ielts\\\/\",\"url\":\"https:\\\/\\\/ieltspolska.pl\\\/pl\\\/bezplatny-kurs-ielts\\\/\",\"name\":\"IELTS - przygotowanie | Kurs IELTS - Warszawa | IELTS Polska\",\"isPartOf\":{\"@id\":\"https:\\\/\\\/ieltspolska.pl\\\/pl\\\/#website\"},\"primaryImageOfPage\":{\"@id\":\"https:\\\/\\\/ieltspolska.pl\\\/pl\\\/bezplatny-kurs-ielts\\\/#primaryimage\"},\"image\":{\"@id\":\"https:\\\/\\\/ieltspolska.pl\\\/pl\\\/bezplatny-kurs-ielts\\\/#primaryimage\"},\"thumbnailUrl\":\"https:\\\/\\\/ieltspolska.pl\\\/wp-content\\\/uploads\\\/2019\\\/02\\\/ielts-master.png\",\"datePublished\":\"2019-03-08T09:16:00+00:00\",\"dateModified\":\"2025-04-03T21:21:07+00:00\",\"description\":\"Jak przygotowa\u0107 si\u0119 do egzaminu IELTS? Postaw na przygotowanie do IELTS z Lang TLC - otrzymasz porady, strategie egzaminacyjne oraz modelowe odpowiedzi!\",\"breadcrumb\":{\"@id\":\"https:\\\/\\\/ieltspolska.pl\\\/pl\\\/bezplatny-kurs-ielts\\\/#breadcrumb\"},\"inLanguage\":\"pl-PL\",\"potentialAction\":[{\"@type\":\"ReadAction\",\"target\":[\"https:\\\/\\\/ieltspolska.pl\\\/pl\\\/bezplatny-kurs-ielts\\\/\"]}]},{\"@type\":\"ImageObject\",\"inLanguage\":\"pl-PL\",\"@id\":\"https:\\\/\\\/ieltspolska.pl\\\/pl\\\/bezplatny-kurs-ielts\\\/#primaryimage\",\"url\":\"https:\\\/\\\/ieltspolska.pl\\\/wp-content\\\/uploads\\\/2019\\\/02\\\/ielts-master.png\",\"contentUrl\":\"https:\\\/\\\/ieltspolska.pl\\\/wp-content\\\/uploads\\\/2019\\\/02\\\/ielts-master.png\"},{\"@type\":\"BreadcrumbList\",\"@id\":\"https:\\\/\\\/ieltspolska.pl\\\/pl\\\/bezplatny-kurs-ielts\\\/#breadcrumb\",\"itemListElement\":[{\"@type\":\"ListItem\",\"position\":1,\"name\":\"Strona g\u0142\u00f3wna\",\"item\":\"https:\\\/\\\/ieltspolska.pl\\\/pl\\\/\"},{\"@type\":\"ListItem\",\"position\":2,\"name\":\"Kurs on-line IELTS Master\"}]},{\"@type\":\"WebSite\",\"@id\":\"https:\\\/\\\/ieltspolska.pl\\\/pl\\\/#website\",\"url\":\"https:\\\/\\\/ieltspolska.pl\\\/pl\\\/\",\"name\":\"IELTS - test akceptowany na ca\u0142ym \u015bwiecie | IELTS Polska\",\"description\":\"IELTS\",\"publisher\":{\"@id\":\"https:\\\/\\\/ieltspolska.pl\\\/pl\\\/#organization\"},\"potentialAction\":[{\"@type\":\"SearchAction\",\"target\":{\"@type\":\"EntryPoint\",\"urlTemplate\":\"https:\\\/\\\/ieltspolska.pl\\\/pl\\\/?s={search_term_string}\"},\"query-input\":{\"@type\":\"PropertyValueSpecification\",\"valueRequired\":true,\"valueName\":\"search_term_string\"}}],\"inLanguage\":\"pl-PL\"},{\"@type\":\"Organization\",\"@id\":\"https:\\\/\\\/ieltspolska.pl\\\/pl\\\/#organization\",\"name\":\"IELTS - test akceptowany na ca\u0142ym \u015bwiecie | IELTS Polska\",\"url\":\"https:\\\/\\\/ieltspolska.pl\\\/pl\\\/\",\"logo\":{\"@type\":\"ImageObject\",\"inLanguage\":\"pl-PL\",\"@id\":\"https:\\\/\\\/ieltspolska.pl\\\/pl\\\/#\\\/schema\\\/logo\\\/image\\\/\",\"url\":\"https:\\\/\\\/ieltspolska.pl\\\/wp-content\\\/uploads\\\/2019\\\/03\\\/ielst.png\",\"contentUrl\":\"https:\\\/\\\/ieltspolska.pl\\\/wp-content\\\/uploads\\\/2019\\\/03\\\/ielst.png\",\"width\":210,\"height\":76,\"caption\":\"IELTS - test akceptowany na ca\u0142ym \u015bwiecie | IELTS Polska\"},\"image\":{\"@id\":\"https:\\\/\\\/ieltspolska.pl\\\/pl\\\/#\\\/schema\\\/logo\\\/image\\\/\"}}]}<\/script>\n<!-- \/ Yoast SEO plugin. -->","yoast_head_json":{"title":"IELTS - przygotowanie | Kurs IELTS - Warszawa | IELTS Polska","description":"Jak przygotowa\u0107 si\u0119 do egzaminu IELTS? Postaw na przygotowanie do IELTS z Lang TLC - otrzymasz porady, strategie egzaminacyjne oraz modelowe odpowiedzi!","robots":{"index":"index","follow":"follow","max-snippet":"max-snippet:-1","max-image-preview":"max-image-preview:large","max-video-preview":"max-video-preview:-1"},"canonical":"https:\/\/ieltspolska.pl\/pl\/bezplatny-kurs-ielts\/","og_locale":"pl_PL","og_type":"article","og_title":"IELTS - przygotowanie | Kurs IELTS - Warszawa | IELTS Polska","og_description":"Jak przygotowa\u0107 si\u0119 do egzaminu IELTS? Postaw na przygotowanie do IELTS z Lang TLC - otrzymasz porady, strategie egzaminacyjne oraz modelowe odpowiedzi!","og_url":"https:\/\/ieltspolska.pl\/pl\/bezplatny-kurs-ielts\/","og_site_name":"IELTS Polska","article_modified_time":"2025-04-03T21:21:07+00:00","og_image":[{"url":"https:\/\/ieltspolska.pl\/wp-content\/uploads\/2019\/02\/ielts-master.png","type":"","width":"","height":""}],"twitter_card":"summary_large_image","twitter_misc":{"Szacowany czas czytania":"2 minuty"},"schema":{"@context":"https:\/\/schema.org","@graph":[{"@type":"WebPage","@id":"https:\/\/ieltspolska.pl\/pl\/bezplatny-kurs-ielts\/","url":"https:\/\/ieltspolska.pl\/pl\/bezplatny-kurs-ielts\/","name":"IELTS - przygotowanie | Kurs IELTS - Warszawa | IELTS Polska","isPartOf":{"@id":"https:\/\/ieltspolska.pl\/pl\/#website"},"primaryImageOfPage":{"@id":"https:\/\/ieltspolska.pl\/pl\/bezplatny-kurs-ielts\/#primaryimage"},"image":{"@id":"https:\/\/ieltspolska.pl\/pl\/bezplatny-kurs-ielts\/#primaryimage"},"thumbnailUrl":"https:\/\/ieltspolska.pl\/wp-content\/uploads\/2019\/02\/ielts-master.png","datePublished":"2019-03-08T09:16:00+00:00","dateModified":"2025-04-03T21:21:07+00:00","description":"Jak przygotowa\u0107 si\u0119 do egzaminu IELTS? Postaw na przygotowanie do IELTS z Lang TLC - otrzymasz porady, strategie egzaminacyjne oraz modelowe odpowiedzi!","breadcrumb":{"@id":"https:\/\/ieltspolska.pl\/pl\/bezplatny-kurs-ielts\/#breadcrumb"},"inLanguage":"pl-PL","potentialAction":[{"@type":"ReadAction","target":["https:\/\/ieltspolska.pl\/pl\/bezplatny-kurs-ielts\/"]}]},{"@type":"ImageObject","inLanguage":"pl-PL","@id":"https:\/\/ieltspolska.pl\/pl\/bezplatny-kurs-ielts\/#primaryimage","url":"https:\/\/ieltspolska.pl\/wp-content\/uploads\/2019\/02\/ielts-master.png","contentUrl":"https:\/\/ieltspolska.pl\/wp-content\/uploads\/2019\/02\/ielts-master.png"},{"@type":"BreadcrumbList","@id":"https:\/\/ieltspolska.pl\/pl\/bezplatny-kurs-ielts\/#breadcrumb","itemListElement":[{"@type":"ListItem","position":1,"name":"Strona g\u0142\u00f3wna","item":"https:\/\/ieltspolska.pl\/pl\/"},{"@type":"ListItem","position":2,"name":"Kurs on-line IELTS Master"}]},{"@type":"WebSite","@id":"https:\/\/ieltspolska.pl\/pl\/#website","url":"https:\/\/ieltspolska.pl\/pl\/","name":"IELTS - test akceptowany na ca\u0142ym \u015bwiecie | IELTS Polska","description":"IELTS","publisher":{"@id":"https:\/\/ieltspolska.pl\/pl\/#organization"},"potentialAction":[{"@type":"SearchAction","target":{"@type":"EntryPoint","urlTemplate":"https:\/\/ieltspolska.pl\/pl\/?s={search_term_string}"},"query-input":{"@type":"PropertyValueSpecification","valueRequired":true,"valueName":"search_term_string"}}],"inLanguage":"pl-PL"},{"@type":"Organization","@id":"https:\/\/ieltspolska.pl\/pl\/#organization","name":"IELTS - test akceptowany na ca\u0142ym \u015bwiecie | IELTS Polska","url":"https:\/\/ieltspolska.pl\/pl\/","logo":{"@type":"ImageObject","inLanguage":"pl-PL","@id":"https:\/\/ieltspolska.pl\/pl\/#\/schema\/logo\/image\/","url":"https:\/\/ieltspolska.pl\/wp-content\/uploads\/2019\/03\/ielst.png","contentUrl":"https:\/\/ieltspolska.pl\/wp-content\/uploads\/2019\/03\/ielst.png","width":210,"height":76,"caption":"IELTS - test akceptowany na ca\u0142ym \u015bwiecie | IELTS Polska"},"image":{"@id":"https:\/\/ieltspolska.pl\/pl\/#\/schema\/logo\/image\/"}}]}},"_links":{"self":[{"href":"https:\/\/ieltspolska.pl\/pl\/wp-json\/wp\/v2\/pages\/798","targetHints":{"allow":["GET"]}}],"collection":[{"href":"https:\/\/ieltspolska.pl\/pl\/wp-json\/wp\/v2\/pages"}],"about":[{"href":"https:\/\/ieltspolska.pl\/pl\/wp-json\/wp\/v2\/types\/page"}],"author":[{"embeddable":true,"href":"https:\/\/ieltspolska.pl\/pl\/wp-json\/wp\/v2\/users\/1"}],"replies":[{"embeddable":true,"href":"https:\/\/ieltspolska.pl\/pl\/wp-json\/wp\/v2\/comments?post=798"}],"version-history":[{"count":7,"href":"https:\/\/ieltspolska.pl\/pl\/wp-json\/wp\/v2\/pages\/798\/revisions"}],"predecessor-version":[{"id":3790,"href":"https:\/\/ieltspolska.pl\/pl\/wp-json\/wp\/v2\/pages\/798\/revisions\/3790"}],"wp:attachment":[{"href":"https:\/\/ieltspolska.pl\/pl\/wp-json\/wp\/v2\/media?parent=798"}],"wp:term":[{"taxonomy":"folder","embeddable":true,"href":"https:\/\/ieltspolska.pl\/pl\/wp-json\/wp\/v2\/folder?post=798"}],"curies":[{"name":"wp","href":"https:\/\/api.w.org\/{rel}","templated":true}]}}