{"id":801,"date":"2019-03-08T09:20:58","date_gmt":"2019-03-08T09:20:58","guid":{"rendered":"https:\/\/ieltspolska.pl\/?page_id=801"},"modified":"2025-04-03T08:27:55","modified_gmt":"2025-04-03T08:27:55","slug":"w-dniu-testu-ielts","status":"publish","type":"page","link":"https:\/\/ieltspolska.pl\/pl\/w-dniu-testu-ielts\/","title":{"rendered":"W dniu testu IELTS"},"content":{"rendered":"<style>.wp-block-kadence-advancedheading.kt-adv-heading801_34053c-0d, .wp-block-kadence-advancedheading.kt-adv-heading801_34053c-0d[data-kb-block=\"kb-adv-heading801_34053c-0d\"]{padding-top:var(--global-kb-spacing-xl, 4rem);padding-bottom:var(--global-kb-spacing-xxs, 0.5rem);text-align:center;font-size:var(--global-kb-font-size-lg, 2rem);font-weight:400;font-style:normal;font-family:Poppins;}.wp-block-kadence-advancedheading.kt-adv-heading801_34053c-0d mark.kt-highlight, .wp-block-kadence-advancedheading.kt-adv-heading801_34053c-0d[data-kb-block=\"kb-adv-heading801_34053c-0d\"] mark.kt-highlight{font-style:normal;color:#f76a0c;-webkit-box-decoration-break:clone;box-decoration-break:clone;padding-top:0px;padding-right:0px;padding-bottom:0px;padding-left:0px;}.wp-block-kadence-advancedheading.kt-adv-heading801_34053c-0d img.kb-inline-image, .wp-block-kadence-advancedheading.kt-adv-heading801_34053c-0d[data-kb-block=\"kb-adv-heading801_34053c-0d\"] img.kb-inline-image{width:150px;vertical-align:baseline;}<\/style>\n<h2 class=\"kt-adv-heading801_34053c-0d wp-block-kadence-advancedheading has-theme-palette-2-color has-text-color\" data-kb-block=\"kb-adv-heading801_34053c-0d\"><strong>W dniu testu IELTS<\/strong><\/h2>\n\n\n<style>.kadence-column801_3dbeb5-72{max-width:70%;margin-left:auto;margin-right:auto;}.wp-block-kadence-column.kb-section-dir-horizontal:not(.kb-section-md-dir-vertical)>.kt-inside-inner-col>.kadence-column801_3dbeb5-72{-webkit-flex:0 1 70%;flex:0 1 70%;max-width:unset;margin-left:unset;margin-right:unset;}.kadence-column801_3dbeb5-72 > .kt-inside-inner-col{padding-top:var(--global-kb-spacing-lg, 3rem);padding-right:var(--global-kb-spacing-xxl, 5rem);padding-bottom:var(--global-kb-spacing-lg, 3rem);padding-left:var(--global-kb-spacing-xxl, 5rem);}.kadence-column801_3dbeb5-72 > .kt-inside-inner-col{box-shadow:0px 0px 14px 0px rgba(0, 0, 0, 0.2);}.kadence-column801_3dbeb5-72 > .kt-inside-inner-col,.kadence-column801_3dbeb5-72 > .kt-inside-inner-col:before{border-top-left-radius:15px;border-top-right-radius:15px;border-bottom-right-radius:15px;border-bottom-left-radius:15px;}.kadence-column801_3dbeb5-72 > .kt-inside-inner-col{column-gap:var(--global-kb-gap-sm, 1rem);}.kadence-column801_3dbeb5-72 > .kt-inside-inner-col{flex-direction:column;}.kadence-column801_3dbeb5-72 > .kt-inside-inner-col > .aligncenter{width:100%;}.kadence-column801_3dbeb5-72 > .kt-inside-inner-col{background-color:var(--global-palette9, #ffffff);}.kadence-column801_3dbeb5-72 > .kt-inside-inner-col:before{opacity:0.3;}.kadence-column801_3dbeb5-72{position:relative;}@media all and (min-width: 1025px){.wp-block-kadence-column.kb-section-dir-horizontal>.kt-inside-inner-col>.kadence-column801_3dbeb5-72{-webkit-flex:0 1 70%;flex:0 1 70%;max-width:unset;margin-left:unset;margin-right:unset;}}@media all and (max-width: 1024px){.kadence-column801_3dbeb5-72 > .kt-inside-inner-col{flex-direction:column;justify-content:center;}}@media all and (max-width: 767px){.kadence-column801_3dbeb5-72 > .kt-inside-inner-col{display:flex;padding-right:var(--global-kb-spacing-xxs, 0.5rem);padding-left:var(--global-kb-spacing-xxs, 0.5rem);row-gap:var(--global-kb-gap-none, 0rem );flex-direction:column;justify-content:center;align-items:center;}.kadence-column801_3dbeb5-72{max-width:90%;margin-left:auto;margin-right:auto;text-align:left;}.wp-block-kadence-column.kb-section-sm-dir-vertical:not(.kb-section-sm-dir-horizontal):not(.kb-section-sm-dir-specificity)>.kt-inside-inner-col>.kadence-column801_3dbeb5-72{-webkit-flex:0 1 90%;flex:0 1 90%;}.wp-block-kadence-column>.kt-inside-inner-col>.kadence-column801_3dbeb5-72{-webkit-flex:1 90%;flex:1 90%;}.wp-block-kadence-column.kb-section-sm-dir-horizontal>.kt-inside-inner-col>.kadence-column801_3dbeb5-72, .wp-block-kadence-column.kb-section-dir-horizontal:not(.kb-section-sm-dir-vertical):not(.kb-section-md-dir-vertical) >.kt-inside-inner-col>.kadence-column801_3dbeb5-72{-webkit-flex:0 1 90%;flex:0 1 90%;max-width:unset;margin-left:unset;margin-right:unset;}.kadence-column801_3dbeb5-72, .kt-inside-inner-col > .kadence-column801_3dbeb5-72:not(.specificity){margin-right:var(--global-kb-spacing-xxs, 0.5rem);margin-left:var(--global-kb-spacing-xxs, 0.5rem);}}<\/style>\n<div class=\"wp-block-kadence-column kadence-column801_3dbeb5-72\"><div class=\"kt-inside-inner-col\">\n<h6 class=\"wp-block-heading\">Oto kilka szybkich wskaz\u00f3wek, dzi\u0119ki kt\u00f3rym dzie\u0144 testu przebiegnie sprawnie i bez zak\u0142\u00f3ce\u0144.<\/h6>\n\n\n\n<ul class=\"wp-block-list\">\n<li>Przyb\u0105d\u017a na czas \u2013 upewnij si\u0119, \u017ce znasz godzin\u0119 i dat\u0119 testu podan\u0105 w wiadomo\u015bci e-mail z potwierdzeniem rejestracji. Zaplanuj wystarczaj\u0105co du\u017co czasu, \u00a0aby dojecha\u0107 na miejsce testu. Sp\u00f3\u017anieni kandydaci mog\u0105 zosta\u0107 nie dopuszczeni do egzaminu.<\/li>\n\n\n\n<li>B\u0105d\u017a przygotowany \u2013 upewnij si\u0119, \u017ce masz przy sobie odpowiedni dokument to\u017csamo\u015bci, kt\u00f3rego numer poda\u0142e\u015b w rejestracji. \u00a0Nie b\u0119dziesz m\u00f3g\u0142 przyst\u0105pi\u0107 do testu, je\u015bli nie masz odpowiedniego dokumentu. Zjedz co\u015b przed testem. Do sali egzaminacyjnej nie wolno wnosi\u0107 jedzenia ani picia za wyj\u0105tkiem wody w przezroczystej butelce.<\/li>\n\n\n\n<li>Przeczytaj zasady \u00a0dotycz\u0105ce testu IELTS. Znajdziesz je\u00a0<a href=\"https:\/\/ieltspolska.pl\/pl\/zasady-i-regulaminy\/\" target=\"_blank\" rel=\"noreferrer noopener\">tutaj.<\/a><\/li>\n\n\n\n<li>Post\u0119puj zgodnie z instrukcjami \u2013 uwa\u017cnie s\u0142uchaj osoby prowadz\u0105cej egzamin i post\u0119puj zgodnie z podanymi instrukcjami. Kiedy otrzymasz swoje papiery egzaminacyjne, przeczytaj najpierw uwa\u017cnie instrukcje na stronie tytu\u0142owej. Nie warto traci\u0107 punk\u00f3w z powodu tego, \u017ce nie zapozna\u0142e\u015b si\u0119 dok\u0142adnie z poleceniem.<\/li>\n\n\n\n<li>Wy\u0142\u0105cz telefon kom\u00f3rkowy i inne urz\u0105dzenia elektroniczne \u2013 zostaniesz poproszony o umieszczenie ich wraz z innymi rzeczami osobistymi poza sal\u0105 egzaminacyjn\u0105. Pami\u0119taj te\u017c o tym, \u017ce w sali egzaminacyjnej niedozwolone s\u0105 zegarki. W ka\u017cdej sali egzaminacyjnej jest zegar widoczny dla ka\u017cdego z kandydat\u00f3w.<\/li>\n\n\n\n<li>B\u0105d\u017a \u015bwiadomy up\u0142ywu czasu \u2013 poszczeg\u00f3lne cz\u0119\u015bci testu maj\u0105 wiele sekcji. Zarz\u0105dzaj czasem w taki spos\u00f3b, aby zd\u0105\u017cy\u0107 odpowiedzie\u0107 na ka\u017cde pytanie. Pami\u0119taj, \u017ce niekt\u00f3re pytania sugeruj\u0105 limity czasowe, kt\u00f3rych nale\u017cy przestrzega\u0107.<\/li>\n\n\n\n<li>Zachowaj spok\u00f3j i pro\u015b o pomoc w razie potrzeby \u2013 staraj si\u0119 zachowa\u0107 spok\u00f3j. Pracuj spokojnie, skup si\u0119 na pytaniach, nie spiesz si\u0119 z odpowiedziami. Je\u015bli zaczniesz si\u0119 denerwowa\u0107, we\u017a g\u0142\u0119boki oddech. W razie jakichkolwiek pyta\u0144 pro\u015b personel centrum egzaminacyjnego o pomoc.<\/li>\n<\/ul>\n\n\n\n<h6 class=\"wp-block-heading\">ORGANIZACJA DNIA EGZAMINACYJNEGO<\/h6>\n\n\n\n<ul class=\"wp-block-list\">\n<li>Cz\u0119\u015bci pisemne testu trwaj\u0105 \u0142\u0105cznie 2 godziny i 40 minut i nie ma przerw mi\u0119dzy nimi.<\/li>\n\n\n\n<li>Egzamin ustny mo\u017ce by\u0107 oferowany w tym samym dniu lub innego dnia od siedmiu dni przed cz\u0119\u015bciami pisemnymi lub do 1 dnia po.<\/li>\n\n\n\n<li>Twoje zdj\u0119cie zostanie wykonane pierwszego dnia testu.<\/li>\n\n\n\n<li>Po zako\u0144czeniu testu pozosta\u0144 na swoim miejscu do momentu, a\u017c osoba nadzoruj\u0105ca da Ci pozwolenie na opuszczenie sali.<\/li>\n\n\n\n<li>Je\u015bli podczas sesji mia\u0142a miejsce jaka\u015b sytuacja, kt\u00f3ra mog\u0142a wp\u0142yn\u0105\u0107 na Twoje wyniki, powiedz o tym inwigilatorowi sesji.<\/li>\n\n\n\n<li>Je\u015bli chcesz zg\u0142osi\u0107 problem lub z\u0142o\u017cy\u0107 skarg\u0119, zg\u0142o\u015b to inwigilatorowi, kt\u00f3ry przeka\u017ce Ci Formularz Za\u017cale\u0144, kt\u00f3ry nale\u017cy z\u0142o\u017cy\u0107 w Centrum Egzaminacyjnym w ci\u0105gu tygodnia od daty testu.<\/li>\n<\/ul>\n\n\n<style>.wp-block-kadence-advancedbtn.kb-btns3351_63d7a4-83{padding-top:var(--global-kb-spacing-lg, 3rem);padding-right:0px;padding-bottom:var(--global-kb-spacing-lg, 3rem);gap:var(--global-kb-gap-xs, 0.5rem );justify-content:center;align-items:center;}.kt-btns3351_63d7a4-83 .kt-button{font-weight:normal;font-style:normal;}.kt-btns3351_63d7a4-83 .kt-btn-wrap-0{margin-right:5px;}.wp-block-kadence-advancedbtn.kt-btns3351_63d7a4-83 .kt-btn-wrap-0 .kt-button{color:#555555;border-color:#555555;}.wp-block-kadence-advancedbtn.kt-btns3351_63d7a4-83 .kt-btn-wrap-0 .kt-button:hover, .wp-block-kadence-advancedbtn.kt-btns3351_63d7a4-83 .kt-btn-wrap-0 .kt-button:focus{color:#ffffff;border-color:#444444;}.wp-block-kadence-advancedbtn.kt-btns3351_63d7a4-83 .kt-btn-wrap-0 .kt-button::before{display:none;}.wp-block-kadence-advancedbtn.kt-btns3351_63d7a4-83 .kt-btn-wrap-0 .kt-button:hover, .wp-block-kadence-advancedbtn.kt-btns3351_63d7a4-83 .kt-btn-wrap-0 .kt-button:focus{background:#444444;}<\/style>\n<div class=\"wp-block-kadence-advancedbtn kb-buttons-wrap kb-btns3351_63d7a4-83\"><style>ul.menu .wp-block-kadence-advancedbtn .kb-btn3351_a8de26-39.kb-button{width:initial;}.wp-block-kadence-advancedbtn .kb-btn3351_a8de26-39.kb-button{color:var(--global-palette9, #ffffff);background:var(--global-palette2, #2B6CB0);font-size:var(--global-kb-font-size-md, 1.25rem);font-family:Poppins;font-weight:600;border-top-left-radius:15px;border-top-right-radius:15px;border-bottom-right-radius:15px;border-bottom-left-radius:15px;}.wp-block-kadence-advancedbtn .kb-btn3351_a8de26-39.kb-button:hover, .wp-block-kadence-advancedbtn .kb-btn3351_a8de26-39.kb-button:focus{color:var(--global-palette9, #ffffff);background:var(--global-palette1, #3182CE);}<\/style><a class=\"kb-button kt-button button kb-btn3351_a8de26-39 kt-btn-size-standard kt-btn-width-type-auto kb-btn-global-fill  kt-btn-has-text-true kt-btn-has-svg-false  wp-block-kadence-singlebtn\" href=\"https:\/\/ielts.idp.com\/poland\/test-centre\/lang-ltc\" target=\"_blank\" rel=\"noreferrer noopener\"><span class=\"kt-btn-inner-text\">Zarejestruj si\u0119 na IELTS<\/span><\/a><\/div>\n<\/div><\/div>\n","protected":false},"excerpt":{"rendered":"<p>W dniu testu IELTS Oto kilka szybkich wskaz\u00f3wek, dzi\u0119ki kt\u00f3rym dzie\u0144 testu przebiegnie sprawnie i bez zak\u0142\u00f3ce\u0144. ORGANIZACJA DNIA EGZAMINACYJNEGO<\/p>\n","protected":false},"author":1,"featured_media":0,"parent":0,"menu_order":0,"comment_status":"closed","ping_status":"closed","template":"","meta":{"_kad_post_transparent":"","_kad_post_title":"","_kad_post_layout":"","_kad_post_sidebar_id":"","_kad_post_content_style":"","_kad_post_vertical_padding":"","_kad_post_feature":"","_kad_post_feature_position":"","_kad_post_header":false,"_kad_post_footer":false,"_kad_post_classname":"","footnotes":""},"folder":[48],"class_list":["post-801","page","type-page","status-publish","hentry"],"yoast_head":"<!-- This site is optimized with the Yoast SEO plugin v27.3 - https:\/\/yoast.com\/product\/yoast-seo-wordpress\/ -->\n<title>Czy IELTS jest trudny? Jak wygl\u0105da? | W dniu testu | IELTS Polska<\/title>\n<meta name=\"description\" content=\"Szybkie wskaz\u00f3wki, dzi\u0119ki kt\u00f3rym dzie\u0144 testu IELTS przebiegnie sprawnie. IELTS nie musi by\u0107 trudny, sprawd\u017a nasze praktyczne wskaz\u00f3wki.\" \/>\n<meta name=\"robots\" content=\"index, follow, max-snippet:-1, max-image-preview:large, max-video-preview:-1\" \/>\n<link rel=\"canonical\" href=\"https:\/\/ieltspolska.pl\/pl\/w-dniu-testu-ielts\/\" \/>\n<meta property=\"og:locale\" content=\"pl_PL\" \/>\n<meta property=\"og:type\" content=\"article\" \/>\n<meta property=\"og:title\" content=\"Czy IELTS jest trudny? Jak wygl\u0105da? | W dniu testu | IELTS Polska\" \/>\n<meta property=\"og:description\" content=\"Szybkie wskaz\u00f3wki, dzi\u0119ki kt\u00f3rym dzie\u0144 testu IELTS przebiegnie sprawnie. IELTS nie musi by\u0107 trudny, sprawd\u017a nasze praktyczne wskaz\u00f3wki.\" \/>\n<meta property=\"og:url\" content=\"https:\/\/ieltspolska.pl\/pl\/w-dniu-testu-ielts\/\" \/>\n<meta property=\"og:site_name\" content=\"IELTS Polska\" \/>\n<meta property=\"article:modified_time\" content=\"2025-04-03T08:27:55+00:00\" \/>\n<meta name=\"twitter:card\" content=\"summary_large_image\" \/>\n<meta name=\"twitter:label1\" content=\"Szacowany czas czytania\" \/>\n\t<meta name=\"twitter:data1\" content=\"2 minuty\" \/>\n<script type=\"application\/ld+json\" class=\"yoast-schema-graph\">{\"@context\":\"https:\\\/\\\/schema.org\",\"@graph\":[{\"@type\":\"WebPage\",\"@id\":\"https:\\\/\\\/ieltspolska.pl\\\/pl\\\/w-dniu-testu-ielts\\\/\",\"url\":\"https:\\\/\\\/ieltspolska.pl\\\/pl\\\/w-dniu-testu-ielts\\\/\",\"name\":\"Czy IELTS jest trudny? Jak wygl\u0105da? | W dniu testu | IELTS Polska\",\"isPartOf\":{\"@id\":\"https:\\\/\\\/ieltspolska.pl\\\/pl\\\/#website\"},\"datePublished\":\"2019-03-08T09:20:58+00:00\",\"dateModified\":\"2025-04-03T08:27:55+00:00\",\"description\":\"Szybkie wskaz\u00f3wki, dzi\u0119ki kt\u00f3rym dzie\u0144 testu IELTS przebiegnie sprawnie. IELTS nie musi by\u0107 trudny, sprawd\u017a nasze praktyczne wskaz\u00f3wki.\",\"breadcrumb\":{\"@id\":\"https:\\\/\\\/ieltspolska.pl\\\/pl\\\/w-dniu-testu-ielts\\\/#breadcrumb\"},\"inLanguage\":\"pl-PL\",\"potentialAction\":[{\"@type\":\"ReadAction\",\"target\":[\"https:\\\/\\\/ieltspolska.pl\\\/pl\\\/w-dniu-testu-ielts\\\/\"]}]},{\"@type\":\"BreadcrumbList\",\"@id\":\"https:\\\/\\\/ieltspolska.pl\\\/pl\\\/w-dniu-testu-ielts\\\/#breadcrumb\",\"itemListElement\":[{\"@type\":\"ListItem\",\"position\":1,\"name\":\"Strona g\u0142\u00f3wna\",\"item\":\"https:\\\/\\\/ieltspolska.pl\\\/pl\\\/\"},{\"@type\":\"ListItem\",\"position\":2,\"name\":\"W dniu testu IELTS\"}]},{\"@type\":\"WebSite\",\"@id\":\"https:\\\/\\\/ieltspolska.pl\\\/pl\\\/#website\",\"url\":\"https:\\\/\\\/ieltspolska.pl\\\/pl\\\/\",\"name\":\"IELTS - test akceptowany na ca\u0142ym \u015bwiecie | IELTS Polska\",\"description\":\"IELTS\",\"publisher\":{\"@id\":\"https:\\\/\\\/ieltspolska.pl\\\/pl\\\/#organization\"},\"potentialAction\":[{\"@type\":\"SearchAction\",\"target\":{\"@type\":\"EntryPoint\",\"urlTemplate\":\"https:\\\/\\\/ieltspolska.pl\\\/pl\\\/?s={search_term_string}\"},\"query-input\":{\"@type\":\"PropertyValueSpecification\",\"valueRequired\":true,\"valueName\":\"search_term_string\"}}],\"inLanguage\":\"pl-PL\"},{\"@type\":\"Organization\",\"@id\":\"https:\\\/\\\/ieltspolska.pl\\\/pl\\\/#organization\",\"name\":\"IELTS - test akceptowany na ca\u0142ym \u015bwiecie | IELTS Polska\",\"url\":\"https:\\\/\\\/ieltspolska.pl\\\/pl\\\/\",\"logo\":{\"@type\":\"ImageObject\",\"inLanguage\":\"pl-PL\",\"@id\":\"https:\\\/\\\/ieltspolska.pl\\\/pl\\\/#\\\/schema\\\/logo\\\/image\\\/\",\"url\":\"https:\\\/\\\/ieltspolska.pl\\\/wp-content\\\/uploads\\\/2019\\\/03\\\/ielst.png\",\"contentUrl\":\"https:\\\/\\\/ieltspolska.pl\\\/wp-content\\\/uploads\\\/2019\\\/03\\\/ielst.png\",\"width\":210,\"height\":76,\"caption\":\"IELTS - test akceptowany na ca\u0142ym \u015bwiecie | IELTS Polska\"},\"image\":{\"@id\":\"https:\\\/\\\/ieltspolska.pl\\\/pl\\\/#\\\/schema\\\/logo\\\/image\\\/\"}}]}<\/script>\n<!-- \/ Yoast SEO plugin. -->","yoast_head_json":{"title":"Czy IELTS jest trudny? Jak wygl\u0105da? | W dniu testu | IELTS Polska","description":"Szybkie wskaz\u00f3wki, dzi\u0119ki kt\u00f3rym dzie\u0144 testu IELTS przebiegnie sprawnie. IELTS nie musi by\u0107 trudny, sprawd\u017a nasze praktyczne wskaz\u00f3wki.","robots":{"index":"index","follow":"follow","max-snippet":"max-snippet:-1","max-image-preview":"max-image-preview:large","max-video-preview":"max-video-preview:-1"},"canonical":"https:\/\/ieltspolska.pl\/pl\/w-dniu-testu-ielts\/","og_locale":"pl_PL","og_type":"article","og_title":"Czy IELTS jest trudny? Jak wygl\u0105da? | W dniu testu | IELTS Polska","og_description":"Szybkie wskaz\u00f3wki, dzi\u0119ki kt\u00f3rym dzie\u0144 testu IELTS przebiegnie sprawnie. IELTS nie musi by\u0107 trudny, sprawd\u017a nasze praktyczne wskaz\u00f3wki.","og_url":"https:\/\/ieltspolska.pl\/pl\/w-dniu-testu-ielts\/","og_site_name":"IELTS Polska","article_modified_time":"2025-04-03T08:27:55+00:00","twitter_card":"summary_large_image","twitter_misc":{"Szacowany czas czytania":"2 minuty"},"schema":{"@context":"https:\/\/schema.org","@graph":[{"@type":"WebPage","@id":"https:\/\/ieltspolska.pl\/pl\/w-dniu-testu-ielts\/","url":"https:\/\/ieltspolska.pl\/pl\/w-dniu-testu-ielts\/","name":"Czy IELTS jest trudny? Jak wygl\u0105da? | W dniu testu | IELTS Polska","isPartOf":{"@id":"https:\/\/ieltspolska.pl\/pl\/#website"},"datePublished":"2019-03-08T09:20:58+00:00","dateModified":"2025-04-03T08:27:55+00:00","description":"Szybkie wskaz\u00f3wki, dzi\u0119ki kt\u00f3rym dzie\u0144 testu IELTS przebiegnie sprawnie. IELTS nie musi by\u0107 trudny, sprawd\u017a nasze praktyczne wskaz\u00f3wki.","breadcrumb":{"@id":"https:\/\/ieltspolska.pl\/pl\/w-dniu-testu-ielts\/#breadcrumb"},"inLanguage":"pl-PL","potentialAction":[{"@type":"ReadAction","target":["https:\/\/ieltspolska.pl\/pl\/w-dniu-testu-ielts\/"]}]},{"@type":"BreadcrumbList","@id":"https:\/\/ieltspolska.pl\/pl\/w-dniu-testu-ielts\/#breadcrumb","itemListElement":[{"@type":"ListItem","position":1,"name":"Strona g\u0142\u00f3wna","item":"https:\/\/ieltspolska.pl\/pl\/"},{"@type":"ListItem","position":2,"name":"W dniu testu IELTS"}]},{"@type":"WebSite","@id":"https:\/\/ieltspolska.pl\/pl\/#website","url":"https:\/\/ieltspolska.pl\/pl\/","name":"IELTS - test akceptowany na ca\u0142ym \u015bwiecie | IELTS Polska","description":"IELTS","publisher":{"@id":"https:\/\/ieltspolska.pl\/pl\/#organization"},"potentialAction":[{"@type":"SearchAction","target":{"@type":"EntryPoint","urlTemplate":"https:\/\/ieltspolska.pl\/pl\/?s={search_term_string}"},"query-input":{"@type":"PropertyValueSpecification","valueRequired":true,"valueName":"search_term_string"}}],"inLanguage":"pl-PL"},{"@type":"Organization","@id":"https:\/\/ieltspolska.pl\/pl\/#organization","name":"IELTS - test akceptowany na ca\u0142ym \u015bwiecie | IELTS Polska","url":"https:\/\/ieltspolska.pl\/pl\/","logo":{"@type":"ImageObject","inLanguage":"pl-PL","@id":"https:\/\/ieltspolska.pl\/pl\/#\/schema\/logo\/image\/","url":"https:\/\/ieltspolska.pl\/wp-content\/uploads\/2019\/03\/ielst.png","contentUrl":"https:\/\/ieltspolska.pl\/wp-content\/uploads\/2019\/03\/ielst.png","width":210,"height":76,"caption":"IELTS - test akceptowany na ca\u0142ym \u015bwiecie | IELTS Polska"},"image":{"@id":"https:\/\/ieltspolska.pl\/pl\/#\/schema\/logo\/image\/"}}]}},"_links":{"self":[{"href":"https:\/\/ieltspolska.pl\/pl\/wp-json\/wp\/v2\/pages\/801","targetHints":{"allow":["GET"]}}],"collection":[{"href":"https:\/\/ieltspolska.pl\/pl\/wp-json\/wp\/v2\/pages"}],"about":[{"href":"https:\/\/ieltspolska.pl\/pl\/wp-json\/wp\/v2\/types\/page"}],"author":[{"embeddable":true,"href":"https:\/\/ieltspolska.pl\/pl\/wp-json\/wp\/v2\/users\/1"}],"replies":[{"embeddable":true,"href":"https:\/\/ieltspolska.pl\/pl\/wp-json\/wp\/v2\/comments?post=801"}],"version-history":[{"count":4,"href":"https:\/\/ieltspolska.pl\/pl\/wp-json\/wp\/v2\/pages\/801\/revisions"}],"predecessor-version":[{"id":3622,"href":"https:\/\/ieltspolska.pl\/pl\/wp-json\/wp\/v2\/pages\/801\/revisions\/3622"}],"wp:attachment":[{"href":"https:\/\/ieltspolska.pl\/pl\/wp-json\/wp\/v2\/media?parent=801"}],"wp:term":[{"taxonomy":"folder","embeddable":true,"href":"https:\/\/ieltspolska.pl\/pl\/wp-json\/wp\/v2\/folder?post=801"}],"curies":[{"name":"wp","href":"https:\/\/api.w.org\/{rel}","templated":true}]}}