{"id":805,"date":"2019-03-08T09:26:28","date_gmt":"2019-03-08T09:26:28","guid":{"rendered":"https:\/\/ieltspolska.pl\/?page_id=805"},"modified":"2025-04-02T11:31:21","modified_gmt":"2025-04-02T11:31:21","slug":"rezygnacja-z-testu","status":"publish","type":"page","link":"https:\/\/ieltspolska.pl\/pl\/rezygnacja-z-testu\/","title":{"rendered":"Rezygnacja z testu"},"content":{"rendered":"\n<div style=\"height:20px\" aria-hidden=\"true\" class=\"wp-block-spacer\"><\/div>\n\n\n<style>.wp-block-kadence-advancedheading.kt-adv-heading805_17e958-35, .wp-block-kadence-advancedheading.kt-adv-heading805_17e958-35[data-kb-block=\"kb-adv-heading805_17e958-35\"]{text-align:center;font-size:var(--global-kb-font-size-lg, 2rem);font-weight:400;font-style:normal;font-family:Poppins;}.wp-block-kadence-advancedheading.kt-adv-heading805_17e958-35 mark.kt-highlight, .wp-block-kadence-advancedheading.kt-adv-heading805_17e958-35[data-kb-block=\"kb-adv-heading805_17e958-35\"] mark.kt-highlight{font-style:normal;color:#f76a0c;-webkit-box-decoration-break:clone;box-decoration-break:clone;padding-top:0px;padding-right:0px;padding-bottom:0px;padding-left:0px;}.wp-block-kadence-advancedheading.kt-adv-heading805_17e958-35 img.kb-inline-image, .wp-block-kadence-advancedheading.kt-adv-heading805_17e958-35[data-kb-block=\"kb-adv-heading805_17e958-35\"] img.kb-inline-image{width:150px;vertical-align:baseline;}<\/style>\n<h2 class=\"kt-adv-heading805_17e958-35 wp-block-kadence-advancedheading has-theme-palette-2-color has-text-color\" data-kb-block=\"kb-adv-heading805_17e958-35\"><strong>Rezygnacja z testu<\/strong><\/h2>\n\n\n<style>.kadence-column805_ebd19b-28{max-width:70%;margin-left:auto;margin-right:auto;}.wp-block-kadence-column.kb-section-dir-horizontal:not(.kb-section-md-dir-vertical)>.kt-inside-inner-col>.kadence-column805_ebd19b-28{-webkit-flex:0 1 70%;flex:0 1 70%;max-width:unset;margin-left:unset;margin-right:unset;}.kadence-column805_ebd19b-28 > .kt-inside-inner-col{padding-top:var(--global-kb-spacing-lg, 3rem);padding-right:var(--global-kb-spacing-xxl, 5rem);padding-bottom:var(--global-kb-spacing-lg, 3rem);padding-left:var(--global-kb-spacing-xxl, 5rem);}.kadence-column805_ebd19b-28 > .kt-inside-inner-col{box-shadow:0px 0px 14px 0px rgba(0, 0, 0, 0.2);}.kadence-column805_ebd19b-28 > .kt-inside-inner-col,.kadence-column805_ebd19b-28 > .kt-inside-inner-col:before{border-top-left-radius:15px;border-top-right-radius:15px;border-bottom-right-radius:15px;border-bottom-left-radius:15px;}.kadence-column805_ebd19b-28 > .kt-inside-inner-col{column-gap:var(--global-kb-gap-sm, 1rem);}.kadence-column805_ebd19b-28 > .kt-inside-inner-col{flex-direction:column;}.kadence-column805_ebd19b-28 > .kt-inside-inner-col > .aligncenter{width:100%;}.kadence-column805_ebd19b-28 > .kt-inside-inner-col{background-color:var(--global-palette9, #ffffff);}.kadence-column805_ebd19b-28 > .kt-inside-inner-col:before{opacity:0.3;}.kadence-column805_ebd19b-28{position:relative;}@media all and (min-width: 1025px){.wp-block-kadence-column.kb-section-dir-horizontal>.kt-inside-inner-col>.kadence-column805_ebd19b-28{-webkit-flex:0 1 70%;flex:0 1 70%;max-width:unset;margin-left:unset;margin-right:unset;}}@media all and (max-width: 1024px){.kadence-column805_ebd19b-28 > .kt-inside-inner-col{flex-direction:column;justify-content:center;}}@media all and (max-width: 767px){.kadence-column805_ebd19b-28 > .kt-inside-inner-col{display:flex;padding-right:var(--global-kb-spacing-xxs, 0.5rem);padding-left:var(--global-kb-spacing-xxs, 0.5rem);row-gap:var(--global-kb-gap-none, 0rem );flex-direction:column;justify-content:center;align-items:center;}.kadence-column805_ebd19b-28{max-width:90%;margin-left:auto;margin-right:auto;text-align:left;}.wp-block-kadence-column.kb-section-sm-dir-vertical:not(.kb-section-sm-dir-horizontal):not(.kb-section-sm-dir-specificity)>.kt-inside-inner-col>.kadence-column805_ebd19b-28{-webkit-flex:0 1 90%;flex:0 1 90%;}.wp-block-kadence-column>.kt-inside-inner-col>.kadence-column805_ebd19b-28{-webkit-flex:1 90%;flex:1 90%;}.wp-block-kadence-column.kb-section-sm-dir-horizontal>.kt-inside-inner-col>.kadence-column805_ebd19b-28, .wp-block-kadence-column.kb-section-dir-horizontal:not(.kb-section-sm-dir-vertical):not(.kb-section-md-dir-vertical) >.kt-inside-inner-col>.kadence-column805_ebd19b-28{-webkit-flex:0 1 90%;flex:0 1 90%;max-width:unset;margin-left:unset;margin-right:unset;}.kadence-column805_ebd19b-28, .kt-inside-inner-col > .kadence-column805_ebd19b-28:not(.specificity){margin-right:var(--global-kb-spacing-xxs, 0.5rem);margin-left:var(--global-kb-spacing-xxs, 0.5rem);}}<\/style>\n<div class=\"wp-block-kadence-column kadence-column805_ebd19b-28\"><div class=\"kt-inside-inner-col\">\n<p>Kandydaci zarejestrowani na IELTS, kt\u00f3rzy zg\u0142osz\u0105 wniosek na oficjalnym formularzu i dostarcz\u0105 go <strong>nie p\u00f3\u017aniej ni\u017c na 5 tygodni przed dat\u0105 egzaminu<\/strong>, na kt\u00f3ry kandydat by\u0142 zarejestrowany, mog\u0105 wyst\u0105pi\u0107 o <strong>bezp\u0142atne przeniesienie sesji egzaminu na p\u00f3\u017aniejszy termin testu<\/strong>, z uwzgl\u0119dnieniem daty zako\u0144czenia rejestracji na ten termin.<\/p>\n\n\n\n<p>Kandydaci, kt\u00f3rzy zg\u0142osz\u0105 wniosek <strong>w terminie p\u00f3\u017aniejszym ni\u017c podany powy\u017cej, lecz nie p\u00f3\u017aniej ni\u017c 5 dni roboczych od planowanej daty testu<\/strong>, na kt\u00f3ry kandydat by\u0142 zarejestrowany, licz\u0105c dzie\u0144 testu pisemnego jako pierwszy, maj\u0105 prawo do: <\/p>\n\n\n\n<p><strong>a) Przeniesienia na inny termin testu <\/strong>(przeprowadzany w ci\u0105gu 3 miesi\u0119cy od daty zg\u0142oszenia pro\u015bby) za <strong>dodatkow\u0105 op\u0142at\u0105 w wysoko\u015bci 25% ceny testu<\/strong> \u2013 pod warunkiem dotrzymania terminu zako\u0144czenia rejestracji na nowo wybran\u0105 sesj\u0119, je\u017celi zmiana jest powodowana:<\/p>\n\n\n\n<ul class=\"wp-block-list\">\n<li>powa\u017cn\u0105 chorob\u0105 kandydata (np. hospitalizacja)<\/li>\n\n\n\n<li>zgonem najbli\u017cszego cz\u0142onka rodziny<\/li>\n\n\n\n<li>traumatycznym wypadkiem losowym (np. wypadek samochodowy)<\/li>\n\n\n\n<li>powo\u0142aniem do s\u0142u\u017cby wojskowej<\/li>\n<\/ul>\n\n\n\n<p><strong>b) Wykre\u015blenia z listy kandydat\u00f3w i zwrotu 75% op\u0142aty egzaminacyjnej<\/strong> na konto osoby\/instytucji, kt\u00f3ra wnios\u0142a op\u0142at\u0119 egzaminacyjn\u0105, je\u017celi wykre\u015blenie jest spowodowane:<\/p>\n\n\n\n<ul class=\"wp-block-list\">\n<li>powa\u017cn\u0105 chorob\u0105 kandydata (np. hospitalizacja)<\/li>\n\n\n\n<li>zgonem najbli\u017cszego cz\u0142onka rodziny<\/li>\n\n\n\n<li>traumatycznym wypadkiem losowym (np. wypadek samochodowy)<\/li>\n\n\n\n<li>powo\u0142aniem do s\u0142u\u017cby wojskowej<\/li>\n<\/ul>\n\n\n\n<p>Powy\u017csze okoliczno\u015bci powinny by\u0107 potwierdzone odpowiednim za\u015bwiadczeniem.<\/p>\n\n\n\n<p><strong>c) Nie przys\u0142uguje ani cz\u0119\u015bciowy, ani ca\u0142kowity zwrot op\u0142aty egzaminacyjnej<\/strong>, ani przeniesienie na inny termin testu:<\/p>\n\n\n\n<ul class=\"wp-block-list\">\n<li>w przypadkach innych ni\u017c te wymienione powy\u017cej<\/li>\n\n\n\n<li>je\u017celi do pro\u015bby nie b\u0119dzie do\u0142\u0105czone odpowiednie za\u015bwiadczenie<\/li>\n\n\n\n<li>je\u017celi pro\u015bba zostanie z\u0142o\u017cona w terminie p\u00f3\u017aniejszym ni\u017c 5 dni roboczych od daty testu pisemnego, na kt\u00f3ry kandydat by\u0142 zarejestrowany<\/li>\n<\/ul>\n\n\n\n<p class=\"has-theme-palette-2-color has-text-color has-link-color wp-elements-bbf8eed594d1bde26a3633b70f356be9\"><strong>Aby anulowa\u0107 rejestracj\u0119, zmieni\u0107 dat\u0119 testu lub poprosi\u0107 o zwrot, nale\u017cy dostarczy\u0107 do Lang LTC Formularz Zwrotu, wysy\u0142aj\u0105c wiadomo\u015b\u0107 e-mail pod adresem <a>ielts@lang.com.pl<\/a><\/strong><\/p>\n<\/div><\/div>\n\n\n\n<p><\/p>\n","protected":false},"excerpt":{"rendered":"<p>Rezygnacja z testu Kandydaci zarejestrowani na IELTS, kt\u00f3rzy zg\u0142osz\u0105 wniosek na oficjalnym formularzu i dostarcz\u0105 go nie p\u00f3\u017aniej ni\u017c na 5 tygodni przed dat\u0105 egzaminu, na kt\u00f3ry kandydat by\u0142 zarejestrowany, mog\u0105 wyst\u0105pi\u0107 o bezp\u0142atne przeniesienie sesji egzaminu na p\u00f3\u017aniejszy termin testu, z uwzgl\u0119dnieniem daty zako\u0144czenia rejestracji na ten termin. Kandydaci, kt\u00f3rzy zg\u0142osz\u0105 wniosek w terminie&#8230;<\/p>\n","protected":false},"author":1,"featured_media":0,"parent":0,"menu_order":0,"comment_status":"closed","ping_status":"closed","template":"","meta":{"_kad_post_transparent":"","_kad_post_title":"","_kad_post_layout":"","_kad_post_sidebar_id":"","_kad_post_content_style":"","_kad_post_vertical_padding":"","_kad_post_feature":"","_kad_post_feature_position":"","_kad_post_header":false,"_kad_post_footer":false,"_kad_post_classname":"","footnotes":""},"folder":[48],"class_list":["post-805","page","type-page","status-publish","hentry"],"yoast_head":"<!-- This site is optimized with the Yoast SEO plugin v27.3 - https:\/\/yoast.com\/product\/yoast-seo-wordpress\/ -->\n<title>Rezygnacja z IELTS i zwrot koszt\u00f3w | IELTS Polska<\/title>\n<meta name=\"description\" content=\"Chcesz zrezygnowa\u0107 z testu IELTS lub wybra\u0107 inny termin egzaminu? Wype\u0142nij formularz i zapoznaj si\u0119 z zasadami rezygnacji z egzaminu w r\u00f3\u017cnych okoliczno\u015bciach.\" \/>\n<meta name=\"robots\" content=\"index, follow, max-snippet:-1, max-image-preview:large, max-video-preview:-1\" \/>\n<link rel=\"canonical\" href=\"https:\/\/ieltspolska.pl\/pl\/rezygnacja-z-testu\/\" \/>\n<meta property=\"og:locale\" content=\"pl_PL\" \/>\n<meta property=\"og:type\" content=\"article\" \/>\n<meta property=\"og:title\" content=\"Rezygnacja z IELTS i zwrot koszt\u00f3w | IELTS Polska\" \/>\n<meta property=\"og:description\" content=\"Chcesz zrezygnowa\u0107 z testu IELTS lub wybra\u0107 inny termin egzaminu? Wype\u0142nij formularz i zapoznaj si\u0119 z zasadami rezygnacji z egzaminu w r\u00f3\u017cnych okoliczno\u015bciach.\" \/>\n<meta property=\"og:url\" content=\"https:\/\/ieltspolska.pl\/pl\/rezygnacja-z-testu\/\" \/>\n<meta property=\"og:site_name\" content=\"IELTS Polska\" \/>\n<meta property=\"article:modified_time\" content=\"2025-04-02T11:31:21+00:00\" \/>\n<meta name=\"twitter:card\" content=\"summary_large_image\" \/>\n<meta name=\"twitter:label1\" content=\"Szacowany czas czytania\" \/>\n\t<meta name=\"twitter:data1\" content=\"2 minuty\" \/>\n<script type=\"application\/ld+json\" class=\"yoast-schema-graph\">{\"@context\":\"https:\\\/\\\/schema.org\",\"@graph\":[{\"@type\":\"WebPage\",\"@id\":\"https:\\\/\\\/ieltspolska.pl\\\/pl\\\/rezygnacja-z-testu\\\/\",\"url\":\"https:\\\/\\\/ieltspolska.pl\\\/pl\\\/rezygnacja-z-testu\\\/\",\"name\":\"Rezygnacja z IELTS i zwrot koszt\u00f3w | IELTS Polska\",\"isPartOf\":{\"@id\":\"https:\\\/\\\/ieltspolska.pl\\\/pl\\\/#website\"},\"datePublished\":\"2019-03-08T09:26:28+00:00\",\"dateModified\":\"2025-04-02T11:31:21+00:00\",\"description\":\"Chcesz zrezygnowa\u0107 z testu IELTS lub wybra\u0107 inny termin egzaminu? Wype\u0142nij formularz i zapoznaj si\u0119 z zasadami rezygnacji z egzaminu w r\u00f3\u017cnych okoliczno\u015bciach.\",\"breadcrumb\":{\"@id\":\"https:\\\/\\\/ieltspolska.pl\\\/pl\\\/rezygnacja-z-testu\\\/#breadcrumb\"},\"inLanguage\":\"pl-PL\",\"potentialAction\":[{\"@type\":\"ReadAction\",\"target\":[\"https:\\\/\\\/ieltspolska.pl\\\/pl\\\/rezygnacja-z-testu\\\/\"]}]},{\"@type\":\"BreadcrumbList\",\"@id\":\"https:\\\/\\\/ieltspolska.pl\\\/pl\\\/rezygnacja-z-testu\\\/#breadcrumb\",\"itemListElement\":[{\"@type\":\"ListItem\",\"position\":1,\"name\":\"Strona g\u0142\u00f3wna\",\"item\":\"https:\\\/\\\/ieltspolska.pl\\\/pl\\\/\"},{\"@type\":\"ListItem\",\"position\":2,\"name\":\"Rezygnacja z testu\"}]},{\"@type\":\"WebSite\",\"@id\":\"https:\\\/\\\/ieltspolska.pl\\\/pl\\\/#website\",\"url\":\"https:\\\/\\\/ieltspolska.pl\\\/pl\\\/\",\"name\":\"IELTS - test akceptowany na ca\u0142ym \u015bwiecie | IELTS Polska\",\"description\":\"IELTS\",\"publisher\":{\"@id\":\"https:\\\/\\\/ieltspolska.pl\\\/pl\\\/#organization\"},\"potentialAction\":[{\"@type\":\"SearchAction\",\"target\":{\"@type\":\"EntryPoint\",\"urlTemplate\":\"https:\\\/\\\/ieltspolska.pl\\\/pl\\\/?s={search_term_string}\"},\"query-input\":{\"@type\":\"PropertyValueSpecification\",\"valueRequired\":true,\"valueName\":\"search_term_string\"}}],\"inLanguage\":\"pl-PL\"},{\"@type\":\"Organization\",\"@id\":\"https:\\\/\\\/ieltspolska.pl\\\/pl\\\/#organization\",\"name\":\"IELTS - test akceptowany na ca\u0142ym \u015bwiecie | IELTS Polska\",\"url\":\"https:\\\/\\\/ieltspolska.pl\\\/pl\\\/\",\"logo\":{\"@type\":\"ImageObject\",\"inLanguage\":\"pl-PL\",\"@id\":\"https:\\\/\\\/ieltspolska.pl\\\/pl\\\/#\\\/schema\\\/logo\\\/image\\\/\",\"url\":\"https:\\\/\\\/ieltspolska.pl\\\/wp-content\\\/uploads\\\/2019\\\/03\\\/ielst.png\",\"contentUrl\":\"https:\\\/\\\/ieltspolska.pl\\\/wp-content\\\/uploads\\\/2019\\\/03\\\/ielst.png\",\"width\":210,\"height\":76,\"caption\":\"IELTS - test akceptowany na ca\u0142ym \u015bwiecie | IELTS Polska\"},\"image\":{\"@id\":\"https:\\\/\\\/ieltspolska.pl\\\/pl\\\/#\\\/schema\\\/logo\\\/image\\\/\"}}]}<\/script>\n<!-- \/ Yoast SEO plugin. -->","yoast_head_json":{"title":"Rezygnacja z IELTS i zwrot koszt\u00f3w | IELTS Polska","description":"Chcesz zrezygnowa\u0107 z testu IELTS lub wybra\u0107 inny termin egzaminu? Wype\u0142nij formularz i zapoznaj si\u0119 z zasadami rezygnacji z egzaminu w r\u00f3\u017cnych okoliczno\u015bciach.","robots":{"index":"index","follow":"follow","max-snippet":"max-snippet:-1","max-image-preview":"max-image-preview:large","max-video-preview":"max-video-preview:-1"},"canonical":"https:\/\/ieltspolska.pl\/pl\/rezygnacja-z-testu\/","og_locale":"pl_PL","og_type":"article","og_title":"Rezygnacja z IELTS i zwrot koszt\u00f3w | IELTS Polska","og_description":"Chcesz zrezygnowa\u0107 z testu IELTS lub wybra\u0107 inny termin egzaminu? Wype\u0142nij formularz i zapoznaj si\u0119 z zasadami rezygnacji z egzaminu w r\u00f3\u017cnych okoliczno\u015bciach.","og_url":"https:\/\/ieltspolska.pl\/pl\/rezygnacja-z-testu\/","og_site_name":"IELTS Polska","article_modified_time":"2025-04-02T11:31:21+00:00","twitter_card":"summary_large_image","twitter_misc":{"Szacowany czas czytania":"2 minuty"},"schema":{"@context":"https:\/\/schema.org","@graph":[{"@type":"WebPage","@id":"https:\/\/ieltspolska.pl\/pl\/rezygnacja-z-testu\/","url":"https:\/\/ieltspolska.pl\/pl\/rezygnacja-z-testu\/","name":"Rezygnacja z IELTS i zwrot koszt\u00f3w | IELTS Polska","isPartOf":{"@id":"https:\/\/ieltspolska.pl\/pl\/#website"},"datePublished":"2019-03-08T09:26:28+00:00","dateModified":"2025-04-02T11:31:21+00:00","description":"Chcesz zrezygnowa\u0107 z testu IELTS lub wybra\u0107 inny termin egzaminu? Wype\u0142nij formularz i zapoznaj si\u0119 z zasadami rezygnacji z egzaminu w r\u00f3\u017cnych okoliczno\u015bciach.","breadcrumb":{"@id":"https:\/\/ieltspolska.pl\/pl\/rezygnacja-z-testu\/#breadcrumb"},"inLanguage":"pl-PL","potentialAction":[{"@type":"ReadAction","target":["https:\/\/ieltspolska.pl\/pl\/rezygnacja-z-testu\/"]}]},{"@type":"BreadcrumbList","@id":"https:\/\/ieltspolska.pl\/pl\/rezygnacja-z-testu\/#breadcrumb","itemListElement":[{"@type":"ListItem","position":1,"name":"Strona g\u0142\u00f3wna","item":"https:\/\/ieltspolska.pl\/pl\/"},{"@type":"ListItem","position":2,"name":"Rezygnacja z testu"}]},{"@type":"WebSite","@id":"https:\/\/ieltspolska.pl\/pl\/#website","url":"https:\/\/ieltspolska.pl\/pl\/","name":"IELTS - test akceptowany na ca\u0142ym \u015bwiecie | IELTS Polska","description":"IELTS","publisher":{"@id":"https:\/\/ieltspolska.pl\/pl\/#organization"},"potentialAction":[{"@type":"SearchAction","target":{"@type":"EntryPoint","urlTemplate":"https:\/\/ieltspolska.pl\/pl\/?s={search_term_string}"},"query-input":{"@type":"PropertyValueSpecification","valueRequired":true,"valueName":"search_term_string"}}],"inLanguage":"pl-PL"},{"@type":"Organization","@id":"https:\/\/ieltspolska.pl\/pl\/#organization","name":"IELTS - test akceptowany na ca\u0142ym \u015bwiecie | IELTS Polska","url":"https:\/\/ieltspolska.pl\/pl\/","logo":{"@type":"ImageObject","inLanguage":"pl-PL","@id":"https:\/\/ieltspolska.pl\/pl\/#\/schema\/logo\/image\/","url":"https:\/\/ieltspolska.pl\/wp-content\/uploads\/2019\/03\/ielst.png","contentUrl":"https:\/\/ieltspolska.pl\/wp-content\/uploads\/2019\/03\/ielst.png","width":210,"height":76,"caption":"IELTS - test akceptowany na ca\u0142ym \u015bwiecie | IELTS Polska"},"image":{"@id":"https:\/\/ieltspolska.pl\/pl\/#\/schema\/logo\/image\/"}}]}},"_links":{"self":[{"href":"https:\/\/ieltspolska.pl\/pl\/wp-json\/wp\/v2\/pages\/805","targetHints":{"allow":["GET"]}}],"collection":[{"href":"https:\/\/ieltspolska.pl\/pl\/wp-json\/wp\/v2\/pages"}],"about":[{"href":"https:\/\/ieltspolska.pl\/pl\/wp-json\/wp\/v2\/types\/page"}],"author":[{"embeddable":true,"href":"https:\/\/ieltspolska.pl\/pl\/wp-json\/wp\/v2\/users\/1"}],"replies":[{"embeddable":true,"href":"https:\/\/ieltspolska.pl\/pl\/wp-json\/wp\/v2\/comments?post=805"}],"version-history":[{"count":23,"href":"https:\/\/ieltspolska.pl\/pl\/wp-json\/wp\/v2\/pages\/805\/revisions"}],"predecessor-version":[{"id":3395,"href":"https:\/\/ieltspolska.pl\/pl\/wp-json\/wp\/v2\/pages\/805\/revisions\/3395"}],"wp:attachment":[{"href":"https:\/\/ieltspolska.pl\/pl\/wp-json\/wp\/v2\/media?parent=805"}],"wp:term":[{"taxonomy":"folder","embeddable":true,"href":"https:\/\/ieltspolska.pl\/pl\/wp-json\/wp\/v2\/folder?post=805"}],"curies":[{"name":"wp","href":"https:\/\/api.w.org\/{rel}","templated":true}]}}