{"id":809,"date":"2019-03-08T09:28:56","date_gmt":"2019-03-08T09:28:56","guid":{"rendered":"https:\/\/ieltspolska.pl\/?page_id=809"},"modified":"2025-04-03T08:29:27","modified_gmt":"2025-04-03T08:29:27","slug":"portal-kandydata-ielts","status":"publish","type":"page","link":"https:\/\/ieltspolska.pl\/pl\/portal-kandydata-ielts\/","title":{"rendered":"Portal kandydata IELTS"},"content":{"rendered":"<style>.wp-block-kadence-advancedheading.kt-adv-heading809_439416-18, .wp-block-kadence-advancedheading.kt-adv-heading809_439416-18[data-kb-block=\"kb-adv-heading809_439416-18\"]{padding-top:var(--global-kb-spacing-xl, 4rem);padding-bottom:var(--global-kb-spacing-xxs, 0.5rem);text-align:center;font-size:var(--global-kb-font-size-lg, 2rem);font-weight:400;font-style:normal;font-family:Poppins;}.wp-block-kadence-advancedheading.kt-adv-heading809_439416-18 mark.kt-highlight, .wp-block-kadence-advancedheading.kt-adv-heading809_439416-18[data-kb-block=\"kb-adv-heading809_439416-18\"] mark.kt-highlight{font-style:normal;color:#f76a0c;-webkit-box-decoration-break:clone;box-decoration-break:clone;padding-top:0px;padding-right:0px;padding-bottom:0px;padding-left:0px;}.wp-block-kadence-advancedheading.kt-adv-heading809_439416-18 img.kb-inline-image, .wp-block-kadence-advancedheading.kt-adv-heading809_439416-18[data-kb-block=\"kb-adv-heading809_439416-18\"] img.kb-inline-image{width:150px;vertical-align:baseline;}<\/style>\n<h2 class=\"kt-adv-heading809_439416-18 wp-block-kadence-advancedheading has-theme-palette-2-color has-text-color\" data-kb-block=\"kb-adv-heading809_439416-18\"><strong>Portal kandydata IELTS<\/strong><\/h2>\n\n\n<style>.kadence-column809_fd51b6-00{max-width:70%;margin-left:auto;margin-right:auto;}.wp-block-kadence-column.kb-section-dir-horizontal:not(.kb-section-md-dir-vertical)>.kt-inside-inner-col>.kadence-column809_fd51b6-00{-webkit-flex:0 1 70%;flex:0 1 70%;max-width:unset;margin-left:unset;margin-right:unset;}.kadence-column809_fd51b6-00 > .kt-inside-inner-col{padding-top:var(--global-kb-spacing-lg, 3rem);padding-right:var(--global-kb-spacing-xxl, 5rem);padding-bottom:var(--global-kb-spacing-lg, 3rem);padding-left:var(--global-kb-spacing-xxl, 5rem);}.kadence-column809_fd51b6-00 > .kt-inside-inner-col{box-shadow:0px 0px 14px 0px rgba(0, 0, 0, 0.2);}.kadence-column809_fd51b6-00 > .kt-inside-inner-col,.kadence-column809_fd51b6-00 > .kt-inside-inner-col:before{border-top-left-radius:15px;border-top-right-radius:15px;border-bottom-right-radius:15px;border-bottom-left-radius:15px;}.kadence-column809_fd51b6-00 > .kt-inside-inner-col{column-gap:var(--global-kb-gap-sm, 1rem);}.kadence-column809_fd51b6-00 > .kt-inside-inner-col{flex-direction:column;}.kadence-column809_fd51b6-00 > .kt-inside-inner-col > .aligncenter{width:100%;}.kadence-column809_fd51b6-00 > .kt-inside-inner-col{background-color:var(--global-palette9, #ffffff);}.kadence-column809_fd51b6-00 > .kt-inside-inner-col:before{opacity:0.3;}.kadence-column809_fd51b6-00{position:relative;}@media all and (min-width: 1025px){.wp-block-kadence-column.kb-section-dir-horizontal>.kt-inside-inner-col>.kadence-column809_fd51b6-00{-webkit-flex:0 1 70%;flex:0 1 70%;max-width:unset;margin-left:unset;margin-right:unset;}}@media all and (max-width: 1024px){.kadence-column809_fd51b6-00 > .kt-inside-inner-col{flex-direction:column;justify-content:center;}}@media all and (max-width: 767px){.kadence-column809_fd51b6-00 > .kt-inside-inner-col{display:flex;padding-right:var(--global-kb-spacing-xxs, 0.5rem);padding-left:var(--global-kb-spacing-xxs, 0.5rem);row-gap:var(--global-kb-gap-none, 0rem );flex-direction:column;justify-content:center;align-items:center;}.kadence-column809_fd51b6-00{max-width:90%;margin-left:auto;margin-right:auto;text-align:left;}.wp-block-kadence-column.kb-section-sm-dir-vertical:not(.kb-section-sm-dir-horizontal):not(.kb-section-sm-dir-specificity)>.kt-inside-inner-col>.kadence-column809_fd51b6-00{-webkit-flex:0 1 90%;flex:0 1 90%;}.wp-block-kadence-column>.kt-inside-inner-col>.kadence-column809_fd51b6-00{-webkit-flex:1 90%;flex:1 90%;}.wp-block-kadence-column.kb-section-sm-dir-horizontal>.kt-inside-inner-col>.kadence-column809_fd51b6-00, .wp-block-kadence-column.kb-section-dir-horizontal:not(.kb-section-sm-dir-vertical):not(.kb-section-md-dir-vertical) >.kt-inside-inner-col>.kadence-column809_fd51b6-00{-webkit-flex:0 1 90%;flex:0 1 90%;max-width:unset;margin-left:unset;margin-right:unset;}.kadence-column809_fd51b6-00, .kt-inside-inner-col > .kadence-column809_fd51b6-00:not(.specificity){margin-right:var(--global-kb-spacing-xxs, 0.5rem);margin-left:var(--global-kb-spacing-xxs, 0.5rem);}}<\/style>\n<div class=\"wp-block-kadence-column kadence-column809_fd51b6-00\"><div class=\"kt-inside-inner-col\">\n<h6 class=\"wp-block-heading\">W portalu kandydata IELTS znajdziesz:<\/h6>\n\n\n\n<ul class=\"wp-block-list\">\n<li>Twoj\u0105 dat\u0119 testu<\/li>\n\n\n\n<li>Twoje informacje dotycz\u0105ce p\u0142atno\u015bci<\/li>\n\n\n\n<li>Twoje dane kontaktowe<\/li>\n\n\n\n<li>Tw\u00f3j podgl\u0105d wynik\u00f3w<\/li>\n\n\n\n<li>Dost\u0119p do kursu on-line IELTS Master<\/li>\n\n\n\n<li>Dane kontaktowe naszego Centrum Egzaminacyjnego<\/li>\n<\/ul>\n\n\n\n<p>Aby uzyska\u0107 dost\u0119p do portalu, wprowad\u017a sw\u00f3j numer referencyjny IELTS oraz adres e-mail podany w rejestracji. Numer referencyjny IELTS znajdziesz w e-mailu potwierdzaj\u0105cym rejestracj\u0119, otrzymanym z centrum egzaminacyjnego.<\/p>\n<\/div><\/div>\n","protected":false},"excerpt":{"rendered":"<p>Portal kandydata IELTS W portalu kandydata IELTS znajdziesz: Aby uzyska\u0107 dost\u0119p do portalu, wprowad\u017a sw\u00f3j numer referencyjny IELTS oraz adres e-mail podany w rejestracji. Numer referencyjny IELTS znajdziesz w e-mailu potwierdzaj\u0105cym rejestracj\u0119, otrzymanym z centrum egzaminacyjnego.<\/p>\n","protected":false},"author":1,"featured_media":0,"parent":0,"menu_order":0,"comment_status":"closed","ping_status":"closed","template":"","meta":{"_kad_post_transparent":"","_kad_post_title":"","_kad_post_layout":"","_kad_post_sidebar_id":"","_kad_post_content_style":"","_kad_post_vertical_padding":"","_kad_post_feature":"","_kad_post_feature_position":"","_kad_post_header":false,"_kad_post_footer":false,"_kad_post_classname":"","footnotes":""},"folder":[48],"class_list":["post-809","page","type-page","status-publish","hentry"],"yoast_head":"<!-- This site is optimized with the Yoast SEO plugin v27.3 - https:\/\/yoast.com\/product\/yoast-seo-wordpress\/ -->\n<title>IELTS - informacje i portal kandytata | IELTS Polska<\/title>\n<meta name=\"description\" content=\"IELTS - portal kandydata. Dowiedz si\u0119, co musisz zrobi\u0107, aby uzyska\u0107 dost\u0119pu do portalu kandydata IELTS, oraz jakie informacje b\u0119d\u0105 tam umieszczone. Zapraszamy!\" \/>\n<meta name=\"robots\" content=\"index, follow, max-snippet:-1, max-image-preview:large, max-video-preview:-1\" \/>\n<link rel=\"canonical\" href=\"https:\/\/ieltspolska.pl\/pl\/portal-kandydata-ielts\/\" \/>\n<meta property=\"og:locale\" content=\"pl_PL\" \/>\n<meta property=\"og:type\" content=\"article\" \/>\n<meta property=\"og:title\" content=\"IELTS - informacje i portal kandytata | IELTS Polska\" \/>\n<meta property=\"og:description\" content=\"IELTS - portal kandydata. Dowiedz si\u0119, co musisz zrobi\u0107, aby uzyska\u0107 dost\u0119pu do portalu kandydata IELTS, oraz jakie informacje b\u0119d\u0105 tam umieszczone. Zapraszamy!\" \/>\n<meta property=\"og:url\" content=\"https:\/\/ieltspolska.pl\/pl\/portal-kandydata-ielts\/\" \/>\n<meta property=\"og:site_name\" content=\"IELTS Polska\" \/>\n<meta property=\"article:modified_time\" content=\"2025-04-03T08:29:27+00:00\" \/>\n<meta name=\"twitter:card\" content=\"summary_large_image\" \/>\n<meta name=\"twitter:label1\" content=\"Szacowany czas czytania\" \/>\n\t<meta name=\"twitter:data1\" content=\"1 minuta\" \/>\n<script type=\"application\/ld+json\" class=\"yoast-schema-graph\">{\"@context\":\"https:\\\/\\\/schema.org\",\"@graph\":[{\"@type\":\"WebPage\",\"@id\":\"https:\\\/\\\/ieltspolska.pl\\\/pl\\\/portal-kandydata-ielts\\\/\",\"url\":\"https:\\\/\\\/ieltspolska.pl\\\/pl\\\/portal-kandydata-ielts\\\/\",\"name\":\"IELTS - informacje i portal kandytata | IELTS Polska\",\"isPartOf\":{\"@id\":\"https:\\\/\\\/ieltspolska.pl\\\/pl\\\/#website\"},\"datePublished\":\"2019-03-08T09:28:56+00:00\",\"dateModified\":\"2025-04-03T08:29:27+00:00\",\"description\":\"IELTS - portal kandydata. Dowiedz si\u0119, co musisz zrobi\u0107, aby uzyska\u0107 dost\u0119pu do portalu kandydata IELTS, oraz jakie informacje b\u0119d\u0105 tam umieszczone. Zapraszamy!\",\"breadcrumb\":{\"@id\":\"https:\\\/\\\/ieltspolska.pl\\\/pl\\\/portal-kandydata-ielts\\\/#breadcrumb\"},\"inLanguage\":\"pl-PL\",\"potentialAction\":[{\"@type\":\"ReadAction\",\"target\":[\"https:\\\/\\\/ieltspolska.pl\\\/pl\\\/portal-kandydata-ielts\\\/\"]}]},{\"@type\":\"BreadcrumbList\",\"@id\":\"https:\\\/\\\/ieltspolska.pl\\\/pl\\\/portal-kandydata-ielts\\\/#breadcrumb\",\"itemListElement\":[{\"@type\":\"ListItem\",\"position\":1,\"name\":\"Strona g\u0142\u00f3wna\",\"item\":\"https:\\\/\\\/ieltspolska.pl\\\/pl\\\/\"},{\"@type\":\"ListItem\",\"position\":2,\"name\":\"Portal kandydata IELTS\"}]},{\"@type\":\"WebSite\",\"@id\":\"https:\\\/\\\/ieltspolska.pl\\\/pl\\\/#website\",\"url\":\"https:\\\/\\\/ieltspolska.pl\\\/pl\\\/\",\"name\":\"IELTS - test akceptowany na ca\u0142ym \u015bwiecie | IELTS Polska\",\"description\":\"IELTS\",\"publisher\":{\"@id\":\"https:\\\/\\\/ieltspolska.pl\\\/pl\\\/#organization\"},\"potentialAction\":[{\"@type\":\"SearchAction\",\"target\":{\"@type\":\"EntryPoint\",\"urlTemplate\":\"https:\\\/\\\/ieltspolska.pl\\\/pl\\\/?s={search_term_string}\"},\"query-input\":{\"@type\":\"PropertyValueSpecification\",\"valueRequired\":true,\"valueName\":\"search_term_string\"}}],\"inLanguage\":\"pl-PL\"},{\"@type\":\"Organization\",\"@id\":\"https:\\\/\\\/ieltspolska.pl\\\/pl\\\/#organization\",\"name\":\"IELTS - test akceptowany na ca\u0142ym \u015bwiecie | IELTS Polska\",\"url\":\"https:\\\/\\\/ieltspolska.pl\\\/pl\\\/\",\"logo\":{\"@type\":\"ImageObject\",\"inLanguage\":\"pl-PL\",\"@id\":\"https:\\\/\\\/ieltspolska.pl\\\/pl\\\/#\\\/schema\\\/logo\\\/image\\\/\",\"url\":\"https:\\\/\\\/ieltspolska.pl\\\/wp-content\\\/uploads\\\/2019\\\/03\\\/ielst.png\",\"contentUrl\":\"https:\\\/\\\/ieltspolska.pl\\\/wp-content\\\/uploads\\\/2019\\\/03\\\/ielst.png\",\"width\":210,\"height\":76,\"caption\":\"IELTS - test akceptowany na ca\u0142ym \u015bwiecie | IELTS Polska\"},\"image\":{\"@id\":\"https:\\\/\\\/ieltspolska.pl\\\/pl\\\/#\\\/schema\\\/logo\\\/image\\\/\"}}]}<\/script>\n<!-- \/ Yoast SEO plugin. -->","yoast_head_json":{"title":"IELTS - informacje i portal kandytata | IELTS Polska","description":"IELTS - portal kandydata. Dowiedz si\u0119, co musisz zrobi\u0107, aby uzyska\u0107 dost\u0119pu do portalu kandydata IELTS, oraz jakie informacje b\u0119d\u0105 tam umieszczone. Zapraszamy!","robots":{"index":"index","follow":"follow","max-snippet":"max-snippet:-1","max-image-preview":"max-image-preview:large","max-video-preview":"max-video-preview:-1"},"canonical":"https:\/\/ieltspolska.pl\/pl\/portal-kandydata-ielts\/","og_locale":"pl_PL","og_type":"article","og_title":"IELTS - informacje i portal kandytata | IELTS Polska","og_description":"IELTS - portal kandydata. Dowiedz si\u0119, co musisz zrobi\u0107, aby uzyska\u0107 dost\u0119pu do portalu kandydata IELTS, oraz jakie informacje b\u0119d\u0105 tam umieszczone. Zapraszamy!","og_url":"https:\/\/ieltspolska.pl\/pl\/portal-kandydata-ielts\/","og_site_name":"IELTS Polska","article_modified_time":"2025-04-03T08:29:27+00:00","twitter_card":"summary_large_image","twitter_misc":{"Szacowany czas czytania":"1 minuta"},"schema":{"@context":"https:\/\/schema.org","@graph":[{"@type":"WebPage","@id":"https:\/\/ieltspolska.pl\/pl\/portal-kandydata-ielts\/","url":"https:\/\/ieltspolska.pl\/pl\/portal-kandydata-ielts\/","name":"IELTS - informacje i portal kandytata | IELTS Polska","isPartOf":{"@id":"https:\/\/ieltspolska.pl\/pl\/#website"},"datePublished":"2019-03-08T09:28:56+00:00","dateModified":"2025-04-03T08:29:27+00:00","description":"IELTS - portal kandydata. Dowiedz si\u0119, co musisz zrobi\u0107, aby uzyska\u0107 dost\u0119pu do portalu kandydata IELTS, oraz jakie informacje b\u0119d\u0105 tam umieszczone. Zapraszamy!","breadcrumb":{"@id":"https:\/\/ieltspolska.pl\/pl\/portal-kandydata-ielts\/#breadcrumb"},"inLanguage":"pl-PL","potentialAction":[{"@type":"ReadAction","target":["https:\/\/ieltspolska.pl\/pl\/portal-kandydata-ielts\/"]}]},{"@type":"BreadcrumbList","@id":"https:\/\/ieltspolska.pl\/pl\/portal-kandydata-ielts\/#breadcrumb","itemListElement":[{"@type":"ListItem","position":1,"name":"Strona g\u0142\u00f3wna","item":"https:\/\/ieltspolska.pl\/pl\/"},{"@type":"ListItem","position":2,"name":"Portal kandydata IELTS"}]},{"@type":"WebSite","@id":"https:\/\/ieltspolska.pl\/pl\/#website","url":"https:\/\/ieltspolska.pl\/pl\/","name":"IELTS - test akceptowany na ca\u0142ym \u015bwiecie | IELTS Polska","description":"IELTS","publisher":{"@id":"https:\/\/ieltspolska.pl\/pl\/#organization"},"potentialAction":[{"@type":"SearchAction","target":{"@type":"EntryPoint","urlTemplate":"https:\/\/ieltspolska.pl\/pl\/?s={search_term_string}"},"query-input":{"@type":"PropertyValueSpecification","valueRequired":true,"valueName":"search_term_string"}}],"inLanguage":"pl-PL"},{"@type":"Organization","@id":"https:\/\/ieltspolska.pl\/pl\/#organization","name":"IELTS - test akceptowany na ca\u0142ym \u015bwiecie | IELTS Polska","url":"https:\/\/ieltspolska.pl\/pl\/","logo":{"@type":"ImageObject","inLanguage":"pl-PL","@id":"https:\/\/ieltspolska.pl\/pl\/#\/schema\/logo\/image\/","url":"https:\/\/ieltspolska.pl\/wp-content\/uploads\/2019\/03\/ielst.png","contentUrl":"https:\/\/ieltspolska.pl\/wp-content\/uploads\/2019\/03\/ielst.png","width":210,"height":76,"caption":"IELTS - test akceptowany na ca\u0142ym \u015bwiecie | IELTS Polska"},"image":{"@id":"https:\/\/ieltspolska.pl\/pl\/#\/schema\/logo\/image\/"}}]}},"_links":{"self":[{"href":"https:\/\/ieltspolska.pl\/pl\/wp-json\/wp\/v2\/pages\/809","targetHints":{"allow":["GET"]}}],"collection":[{"href":"https:\/\/ieltspolska.pl\/pl\/wp-json\/wp\/v2\/pages"}],"about":[{"href":"https:\/\/ieltspolska.pl\/pl\/wp-json\/wp\/v2\/types\/page"}],"author":[{"embeddable":true,"href":"https:\/\/ieltspolska.pl\/pl\/wp-json\/wp\/v2\/users\/1"}],"replies":[{"embeddable":true,"href":"https:\/\/ieltspolska.pl\/pl\/wp-json\/wp\/v2\/comments?post=809"}],"version-history":[{"count":3,"href":"https:\/\/ieltspolska.pl\/pl\/wp-json\/wp\/v2\/pages\/809\/revisions"}],"predecessor-version":[{"id":3623,"href":"https:\/\/ieltspolska.pl\/pl\/wp-json\/wp\/v2\/pages\/809\/revisions\/3623"}],"wp:attachment":[{"href":"https:\/\/ieltspolska.pl\/pl\/wp-json\/wp\/v2\/media?parent=809"}],"wp:term":[{"taxonomy":"folder","embeddable":true,"href":"https:\/\/ieltspolska.pl\/pl\/wp-json\/wp\/v2\/folder?post=809"}],"curies":[{"name":"wp","href":"https:\/\/api.w.org\/{rel}","templated":true}]}}