{"id":812,"date":"2019-03-08T09:31:01","date_gmt":"2019-03-08T09:31:01","guid":{"rendered":"https:\/\/ieltspolska.pl\/?page_id=812"},"modified":"2026-01-26T14:53:20","modified_gmt":"2026-01-26T14:53:20","slug":"kontakt-z-centrum-ielts","status":"publish","type":"page","link":"https:\/\/ieltspolska.pl\/pl\/kontakt-z-centrum-ielts\/","title":{"rendered":"Kontakt z centrum IELTS"},"content":{"rendered":"<style>.wp-block-kadence-advancedheading.kt-adv-heading812_5647d4-70, .wp-block-kadence-advancedheading.kt-adv-heading812_5647d4-70[data-kb-block=\"kb-adv-heading812_5647d4-70\"]{padding-top:var(--global-kb-spacing-xl, 4rem);padding-bottom:var(--global-kb-spacing-xxs, 0.5rem);text-align:center;font-size:var(--global-kb-font-size-lg, 2rem);font-weight:400;font-style:normal;font-family:Poppins;}.wp-block-kadence-advancedheading.kt-adv-heading812_5647d4-70 mark.kt-highlight, .wp-block-kadence-advancedheading.kt-adv-heading812_5647d4-70[data-kb-block=\"kb-adv-heading812_5647d4-70\"] mark.kt-highlight{font-style:normal;color:#f76a0c;-webkit-box-decoration-break:clone;box-decoration-break:clone;padding-top:0px;padding-right:0px;padding-bottom:0px;padding-left:0px;}.wp-block-kadence-advancedheading.kt-adv-heading812_5647d4-70 img.kb-inline-image, .wp-block-kadence-advancedheading.kt-adv-heading812_5647d4-70[data-kb-block=\"kb-adv-heading812_5647d4-70\"] img.kb-inline-image{width:150px;vertical-align:baseline;}<\/style>\n<h2 class=\"kt-adv-heading812_5647d4-70 wp-block-kadence-advancedheading has-theme-palette-2-color has-text-color\" data-kb-block=\"kb-adv-heading812_5647d4-70\"><strong>Kontakt z centrum IELTS<\/strong><\/h2>\n\n\n<style>.kadence-column812_c53b8c-96{max-width:70%;margin-left:auto;margin-right:auto;}.wp-block-kadence-column.kb-section-dir-horizontal:not(.kb-section-md-dir-vertical)>.kt-inside-inner-col>.kadence-column812_c53b8c-96{-webkit-flex:0 1 70%;flex:0 1 70%;max-width:unset;margin-left:unset;margin-right:unset;}.kadence-column812_c53b8c-96 > .kt-inside-inner-col{padding-top:var(--global-kb-spacing-lg, 3rem);padding-right:var(--global-kb-spacing-xxl, 5rem);padding-bottom:var(--global-kb-spacing-lg, 3rem);padding-left:var(--global-kb-spacing-xxl, 5rem);}.kadence-column812_c53b8c-96 > .kt-inside-inner-col{box-shadow:0px 0px 14px 0px rgba(0, 0, 0, 0.2);}.kadence-column812_c53b8c-96 > .kt-inside-inner-col,.kadence-column812_c53b8c-96 > .kt-inside-inner-col:before{border-top-left-radius:15px;border-top-right-radius:15px;border-bottom-right-radius:15px;border-bottom-left-radius:15px;}.kadence-column812_c53b8c-96 > .kt-inside-inner-col{column-gap:var(--global-kb-gap-sm, 1rem);}.kadence-column812_c53b8c-96 > .kt-inside-inner-col{flex-direction:column;}.kadence-column812_c53b8c-96 > .kt-inside-inner-col > .aligncenter{width:100%;}.kadence-column812_c53b8c-96 > .kt-inside-inner-col{background-color:var(--global-palette9, #ffffff);}.kadence-column812_c53b8c-96 > .kt-inside-inner-col:before{opacity:0.3;}.kadence-column812_c53b8c-96{position:relative;}@media all and (min-width: 1025px){.wp-block-kadence-column.kb-section-dir-horizontal>.kt-inside-inner-col>.kadence-column812_c53b8c-96{-webkit-flex:0 1 70%;flex:0 1 70%;max-width:unset;margin-left:unset;margin-right:unset;}}@media all and (max-width: 1024px){.kadence-column812_c53b8c-96 > .kt-inside-inner-col{flex-direction:column;justify-content:center;}}@media all and (max-width: 767px){.kadence-column812_c53b8c-96 > .kt-inside-inner-col{display:flex;padding-right:var(--global-kb-spacing-xxs, 0.5rem);padding-left:var(--global-kb-spacing-xxs, 0.5rem);row-gap:var(--global-kb-gap-none, 0rem );flex-direction:column;justify-content:center;align-items:center;}.kadence-column812_c53b8c-96{max-width:90%;margin-left:auto;margin-right:auto;text-align:left;}.wp-block-kadence-column.kb-section-sm-dir-vertical:not(.kb-section-sm-dir-horizontal):not(.kb-section-sm-dir-specificity)>.kt-inside-inner-col>.kadence-column812_c53b8c-96{-webkit-flex:0 1 90%;flex:0 1 90%;}.wp-block-kadence-column>.kt-inside-inner-col>.kadence-column812_c53b8c-96{-webkit-flex:1 90%;flex:1 90%;}.wp-block-kadence-column.kb-section-sm-dir-horizontal>.kt-inside-inner-col>.kadence-column812_c53b8c-96, .wp-block-kadence-column.kb-section-dir-horizontal:not(.kb-section-sm-dir-vertical):not(.kb-section-md-dir-vertical) >.kt-inside-inner-col>.kadence-column812_c53b8c-96{-webkit-flex:0 1 90%;flex:0 1 90%;max-width:unset;margin-left:unset;margin-right:unset;}.kadence-column812_c53b8c-96, .kt-inside-inner-col > .kadence-column812_c53b8c-96:not(.specificity){margin-right:var(--global-kb-spacing-xxs, 0.5rem);margin-left:var(--global-kb-spacing-xxs, 0.5rem);}}<\/style>\n<div class=\"wp-block-kadence-column kadence-column812_c53b8c-96\"><div class=\"kt-inside-inner-col\">\n<p>Al. Jerozolimskie 133<br>02-304 Warszawa<\/p>\n\n\n\n<p><a href=\"tel:(+48)228252273\">(+48) 22 825 22 73<\/a><\/p>\n\n\n\n<p><a href=\"mailto:ielts@lang.com.pl\">ielts@lang.com.pl<\/a><\/p>\n\n\n\n<p><strong>Godziny otwarcia<\/strong><\/p>\n\n\n\n<p>Poniedzia\u0142ek \u2013 Pi\u0105tek\u00a0 \u00a0|\u00a0 \u00a0 09:00-16:00<\/p>\n\n\n\n<h1 class=\"wp-block-heading has-theme-palette-1-color has-text-color has-link-color wp-elements-25d9151a7dc1ea09d34f02681f8a44ed\">Nasze sale egzaminacyjne:<\/h1>\n\n\n\n<p>Al. Jerozolimskie 133 lok 1, Warszawa<\/p>\n\n\n\n<iframe \n  src=\"https:\/\/www.google.com\/maps\/embed?pb=!1m18!1m12!1m3!1d2444.111254283324!2d20.9846495!3d52.2231965!2m3!1f0!2f0!3f0!3m2!1i1024!2i768!4f13.1!3m3!1m2!1s0x471ecd927f687e3d%3A0xba34bcbc873503a9!2sal.%20Jerozolimskie%20133%2C%2002-304%20Warszawa!5e0!3m2!1spl!2spl!4v1708440573468\" \n  width=\"100%\" \n  height=\"450\" \n  style=\"border:0;\" \n  allowfullscreen=\"\" \n  loading=\"lazy\" \n  referrerpolicy=\"no-referrer-when-downgrade\">\n<\/iframe>\n<\/div><\/div>\n","protected":false},"excerpt":{"rendered":"<p>Kontakt z centrum IELTS Al. Jerozolimskie 13302-304 Warszawa (+48) 22 825 22 73 ielts@lang.com.pl Godziny otwarcia Poniedzia\u0142ek \u2013 Pi\u0105tek\u00a0 \u00a0|\u00a0 \u00a0 09:00-16:00 Nasze sale egzaminacyjne: Al. Jerozolimskie 133 lok 1, Warszawa<\/p>\n","protected":false},"author":1,"featured_media":0,"parent":0,"menu_order":0,"comment_status":"closed","ping_status":"closed","template":"","meta":{"_kad_post_transparent":"","_kad_post_title":"","_kad_post_layout":"","_kad_post_sidebar_id":"","_kad_post_content_style":"","_kad_post_vertical_padding":"","_kad_post_feature":"","_kad_post_feature_position":"","_kad_post_header":false,"_kad_post_footer":false,"_kad_post_classname":"","footnotes":""},"folder":[48],"class_list":["post-812","page","type-page","status-publish","hentry"],"yoast_head":"<!-- This site is optimized with the Yoast SEO plugin v27.3 - https:\/\/yoast.com\/product\/yoast-seo-wordpress\/ -->\n<title>Kontakt - IELTS Warszawa | IELTS Polska<\/title>\n<meta name=\"description\" content=\"Chcesz skontaktowa\u0107 si\u0119 z centrum IELTS? Masz jakie\u015b pytania? Zadzwo\u0144, napisz lub przyjd\u017a osobi\u015bcie, a nasi pracownicy odpowiedz\u0105 na interesuj\u0105ce Ci\u0119 kwestie!\" \/>\n<meta name=\"robots\" content=\"index, follow, max-snippet:-1, max-image-preview:large, max-video-preview:-1\" \/>\n<link rel=\"canonical\" href=\"https:\/\/ieltspolska.pl\/pl\/kontakt-z-centrum-ielts\/\" \/>\n<meta property=\"og:locale\" content=\"pl_PL\" \/>\n<meta property=\"og:type\" content=\"article\" \/>\n<meta property=\"og:title\" content=\"Kontakt - IELTS Warszawa | IELTS Polska\" \/>\n<meta property=\"og:description\" content=\"Chcesz skontaktowa\u0107 si\u0119 z centrum IELTS? Masz jakie\u015b pytania? Zadzwo\u0144, napisz lub przyjd\u017a osobi\u015bcie, a nasi pracownicy odpowiedz\u0105 na interesuj\u0105ce Ci\u0119 kwestie!\" \/>\n<meta property=\"og:url\" content=\"https:\/\/ieltspolska.pl\/pl\/kontakt-z-centrum-ielts\/\" \/>\n<meta property=\"og:site_name\" content=\"IELTS Polska\" \/>\n<meta property=\"article:modified_time\" content=\"2026-01-26T14:53:20+00:00\" \/>\n<meta name=\"twitter:card\" content=\"summary_large_image\" \/>\n<meta name=\"twitter:label1\" content=\"Szacowany czas czytania\" \/>\n\t<meta name=\"twitter:data1\" content=\"1 minuta\" \/>\n<script type=\"application\/ld+json\" class=\"yoast-schema-graph\">{\"@context\":\"https:\\\/\\\/schema.org\",\"@graph\":[{\"@type\":\"WebPage\",\"@id\":\"https:\\\/\\\/ieltspolska.pl\\\/pl\\\/kontakt-z-centrum-ielts\\\/\",\"url\":\"https:\\\/\\\/ieltspolska.pl\\\/pl\\\/kontakt-z-centrum-ielts\\\/\",\"name\":\"Kontakt - IELTS Warszawa | IELTS Polska\",\"isPartOf\":{\"@id\":\"https:\\\/\\\/ieltspolska.pl\\\/pl\\\/#website\"},\"datePublished\":\"2019-03-08T09:31:01+00:00\",\"dateModified\":\"2026-01-26T14:53:20+00:00\",\"description\":\"Chcesz skontaktowa\u0107 si\u0119 z centrum IELTS? Masz jakie\u015b pytania? Zadzwo\u0144, napisz lub przyjd\u017a osobi\u015bcie, a nasi pracownicy odpowiedz\u0105 na interesuj\u0105ce Ci\u0119 kwestie!\",\"breadcrumb\":{\"@id\":\"https:\\\/\\\/ieltspolska.pl\\\/pl\\\/kontakt-z-centrum-ielts\\\/#breadcrumb\"},\"inLanguage\":\"pl-PL\",\"potentialAction\":[{\"@type\":\"ReadAction\",\"target\":[\"https:\\\/\\\/ieltspolska.pl\\\/pl\\\/kontakt-z-centrum-ielts\\\/\"]}]},{\"@type\":\"BreadcrumbList\",\"@id\":\"https:\\\/\\\/ieltspolska.pl\\\/pl\\\/kontakt-z-centrum-ielts\\\/#breadcrumb\",\"itemListElement\":[{\"@type\":\"ListItem\",\"position\":1,\"name\":\"Strona g\u0142\u00f3wna\",\"item\":\"https:\\\/\\\/ieltspolska.pl\\\/pl\\\/\"},{\"@type\":\"ListItem\",\"position\":2,\"name\":\"Kontakt z centrum IELTS\"}]},{\"@type\":\"WebSite\",\"@id\":\"https:\\\/\\\/ieltspolska.pl\\\/pl\\\/#website\",\"url\":\"https:\\\/\\\/ieltspolska.pl\\\/pl\\\/\",\"name\":\"IELTS - test akceptowany na ca\u0142ym \u015bwiecie | IELTS Polska\",\"description\":\"IELTS\",\"publisher\":{\"@id\":\"https:\\\/\\\/ieltspolska.pl\\\/pl\\\/#organization\"},\"potentialAction\":[{\"@type\":\"SearchAction\",\"target\":{\"@type\":\"EntryPoint\",\"urlTemplate\":\"https:\\\/\\\/ieltspolska.pl\\\/pl\\\/?s={search_term_string}\"},\"query-input\":{\"@type\":\"PropertyValueSpecification\",\"valueRequired\":true,\"valueName\":\"search_term_string\"}}],\"inLanguage\":\"pl-PL\"},{\"@type\":\"Organization\",\"@id\":\"https:\\\/\\\/ieltspolska.pl\\\/pl\\\/#organization\",\"name\":\"IELTS - test akceptowany na ca\u0142ym \u015bwiecie | IELTS Polska\",\"url\":\"https:\\\/\\\/ieltspolska.pl\\\/pl\\\/\",\"logo\":{\"@type\":\"ImageObject\",\"inLanguage\":\"pl-PL\",\"@id\":\"https:\\\/\\\/ieltspolska.pl\\\/pl\\\/#\\\/schema\\\/logo\\\/image\\\/\",\"url\":\"https:\\\/\\\/ieltspolska.pl\\\/wp-content\\\/uploads\\\/2019\\\/03\\\/ielst.png\",\"contentUrl\":\"https:\\\/\\\/ieltspolska.pl\\\/wp-content\\\/uploads\\\/2019\\\/03\\\/ielst.png\",\"width\":210,\"height\":76,\"caption\":\"IELTS - test akceptowany na ca\u0142ym \u015bwiecie | IELTS Polska\"},\"image\":{\"@id\":\"https:\\\/\\\/ieltspolska.pl\\\/pl\\\/#\\\/schema\\\/logo\\\/image\\\/\"}}]}<\/script>\n<!-- \/ Yoast SEO plugin. -->","yoast_head_json":{"title":"Kontakt - IELTS Warszawa | IELTS Polska","description":"Chcesz skontaktowa\u0107 si\u0119 z centrum IELTS? Masz jakie\u015b pytania? Zadzwo\u0144, napisz lub przyjd\u017a osobi\u015bcie, a nasi pracownicy odpowiedz\u0105 na interesuj\u0105ce Ci\u0119 kwestie!","robots":{"index":"index","follow":"follow","max-snippet":"max-snippet:-1","max-image-preview":"max-image-preview:large","max-video-preview":"max-video-preview:-1"},"canonical":"https:\/\/ieltspolska.pl\/pl\/kontakt-z-centrum-ielts\/","og_locale":"pl_PL","og_type":"article","og_title":"Kontakt - IELTS Warszawa | IELTS Polska","og_description":"Chcesz skontaktowa\u0107 si\u0119 z centrum IELTS? Masz jakie\u015b pytania? Zadzwo\u0144, napisz lub przyjd\u017a osobi\u015bcie, a nasi pracownicy odpowiedz\u0105 na interesuj\u0105ce Ci\u0119 kwestie!","og_url":"https:\/\/ieltspolska.pl\/pl\/kontakt-z-centrum-ielts\/","og_site_name":"IELTS Polska","article_modified_time":"2026-01-26T14:53:20+00:00","twitter_card":"summary_large_image","twitter_misc":{"Szacowany czas czytania":"1 minuta"},"schema":{"@context":"https:\/\/schema.org","@graph":[{"@type":"WebPage","@id":"https:\/\/ieltspolska.pl\/pl\/kontakt-z-centrum-ielts\/","url":"https:\/\/ieltspolska.pl\/pl\/kontakt-z-centrum-ielts\/","name":"Kontakt - IELTS Warszawa | IELTS Polska","isPartOf":{"@id":"https:\/\/ieltspolska.pl\/pl\/#website"},"datePublished":"2019-03-08T09:31:01+00:00","dateModified":"2026-01-26T14:53:20+00:00","description":"Chcesz skontaktowa\u0107 si\u0119 z centrum IELTS? Masz jakie\u015b pytania? Zadzwo\u0144, napisz lub przyjd\u017a osobi\u015bcie, a nasi pracownicy odpowiedz\u0105 na interesuj\u0105ce Ci\u0119 kwestie!","breadcrumb":{"@id":"https:\/\/ieltspolska.pl\/pl\/kontakt-z-centrum-ielts\/#breadcrumb"},"inLanguage":"pl-PL","potentialAction":[{"@type":"ReadAction","target":["https:\/\/ieltspolska.pl\/pl\/kontakt-z-centrum-ielts\/"]}]},{"@type":"BreadcrumbList","@id":"https:\/\/ieltspolska.pl\/pl\/kontakt-z-centrum-ielts\/#breadcrumb","itemListElement":[{"@type":"ListItem","position":1,"name":"Strona g\u0142\u00f3wna","item":"https:\/\/ieltspolska.pl\/pl\/"},{"@type":"ListItem","position":2,"name":"Kontakt z centrum IELTS"}]},{"@type":"WebSite","@id":"https:\/\/ieltspolska.pl\/pl\/#website","url":"https:\/\/ieltspolska.pl\/pl\/","name":"IELTS - test akceptowany na ca\u0142ym \u015bwiecie | IELTS Polska","description":"IELTS","publisher":{"@id":"https:\/\/ieltspolska.pl\/pl\/#organization"},"potentialAction":[{"@type":"SearchAction","target":{"@type":"EntryPoint","urlTemplate":"https:\/\/ieltspolska.pl\/pl\/?s={search_term_string}"},"query-input":{"@type":"PropertyValueSpecification","valueRequired":true,"valueName":"search_term_string"}}],"inLanguage":"pl-PL"},{"@type":"Organization","@id":"https:\/\/ieltspolska.pl\/pl\/#organization","name":"IELTS - test akceptowany na ca\u0142ym \u015bwiecie | IELTS Polska","url":"https:\/\/ieltspolska.pl\/pl\/","logo":{"@type":"ImageObject","inLanguage":"pl-PL","@id":"https:\/\/ieltspolska.pl\/pl\/#\/schema\/logo\/image\/","url":"https:\/\/ieltspolska.pl\/wp-content\/uploads\/2019\/03\/ielst.png","contentUrl":"https:\/\/ieltspolska.pl\/wp-content\/uploads\/2019\/03\/ielst.png","width":210,"height":76,"caption":"IELTS - test akceptowany na ca\u0142ym \u015bwiecie | IELTS Polska"},"image":{"@id":"https:\/\/ieltspolska.pl\/pl\/#\/schema\/logo\/image\/"}}]}},"_links":{"self":[{"href":"https:\/\/ieltspolska.pl\/pl\/wp-json\/wp\/v2\/pages\/812","targetHints":{"allow":["GET"]}}],"collection":[{"href":"https:\/\/ieltspolska.pl\/pl\/wp-json\/wp\/v2\/pages"}],"about":[{"href":"https:\/\/ieltspolska.pl\/pl\/wp-json\/wp\/v2\/types\/page"}],"author":[{"embeddable":true,"href":"https:\/\/ieltspolska.pl\/pl\/wp-json\/wp\/v2\/users\/1"}],"replies":[{"embeddable":true,"href":"https:\/\/ieltspolska.pl\/pl\/wp-json\/wp\/v2\/comments?post=812"}],"version-history":[{"count":10,"href":"https:\/\/ieltspolska.pl\/pl\/wp-json\/wp\/v2\/pages\/812\/revisions"}],"predecessor-version":[{"id":4107,"href":"https:\/\/ieltspolska.pl\/pl\/wp-json\/wp\/v2\/pages\/812\/revisions\/4107"}],"wp:attachment":[{"href":"https:\/\/ieltspolska.pl\/pl\/wp-json\/wp\/v2\/media?parent=812"}],"wp:term":[{"taxonomy":"folder","embeddable":true,"href":"https:\/\/ieltspolska.pl\/pl\/wp-json\/wp\/v2\/folder?post=812"}],"curies":[{"name":"wp","href":"https:\/\/api.w.org\/{rel}","templated":true}]}}