{"id":886,"date":"2019-04-03T12:38:05","date_gmt":"2019-04-03T12:38:05","guid":{"rendered":"https:\/\/ieltspolska.pl\/?page_id=886"},"modified":"2025-08-01T08:50:30","modified_gmt":"2025-08-01T08:50:30","slug":"ielts-na-komputerze","status":"publish","type":"page","link":"https:\/\/ieltspolska.pl\/pl\/ielts-na-komputerze\/","title":{"rendered":"IELTS na komputerze"},"content":{"rendered":"\n<div style=\"height:20px\" aria-hidden=\"true\" class=\"wp-block-spacer\"><\/div>\n\n\n<style>.wp-block-kadence-advancedheading.kt-adv-heading886_a9e79e-75, .wp-block-kadence-advancedheading.kt-adv-heading886_a9e79e-75[data-kb-block=\"kb-adv-heading886_a9e79e-75\"]{text-align:center;font-size:var(--global-kb-font-size-lg, 2rem);font-weight:400;font-style:normal;font-family:Poppins;}.wp-block-kadence-advancedheading.kt-adv-heading886_a9e79e-75 mark.kt-highlight, .wp-block-kadence-advancedheading.kt-adv-heading886_a9e79e-75[data-kb-block=\"kb-adv-heading886_a9e79e-75\"] mark.kt-highlight{font-style:normal;color:#f76a0c;-webkit-box-decoration-break:clone;box-decoration-break:clone;padding-top:0px;padding-right:0px;padding-bottom:0px;padding-left:0px;}.wp-block-kadence-advancedheading.kt-adv-heading886_a9e79e-75 img.kb-inline-image, .wp-block-kadence-advancedheading.kt-adv-heading886_a9e79e-75[data-kb-block=\"kb-adv-heading886_a9e79e-75\"] img.kb-inline-image{width:150px;vertical-align:baseline;}<\/style>\n<h2 class=\"kt-adv-heading886_a9e79e-75 wp-block-kadence-advancedheading has-theme-palette-2-color has-text-color\" data-kb-block=\"kb-adv-heading886_a9e79e-75\"><strong>IELTS na komputerze<\/strong><\/h2>\n\n\n<style>.kadence-column886_20ebce-34{max-width:70%;margin-left:auto;margin-right:auto;}.wp-block-kadence-column.kb-section-dir-horizontal:not(.kb-section-md-dir-vertical)>.kt-inside-inner-col>.kadence-column886_20ebce-34{-webkit-flex:0 1 70%;flex:0 1 70%;max-width:unset;margin-left:unset;margin-right:unset;}.kadence-column886_20ebce-34 > .kt-inside-inner-col{padding-top:var(--global-kb-spacing-lg, 3rem);padding-right:var(--global-kb-spacing-xxl, 5rem);padding-bottom:var(--global-kb-spacing-lg, 3rem);padding-left:var(--global-kb-spacing-xxl, 5rem);}.kadence-column886_20ebce-34 > .kt-inside-inner-col{box-shadow:0px 0px 14px 0px rgba(0, 0, 0, 0.2);}.kadence-column886_20ebce-34 > .kt-inside-inner-col,.kadence-column886_20ebce-34 > .kt-inside-inner-col:before{border-top-left-radius:15px;border-top-right-radius:15px;border-bottom-right-radius:15px;border-bottom-left-radius:15px;}.kadence-column886_20ebce-34 > .kt-inside-inner-col{column-gap:var(--global-kb-gap-sm, 1rem);}.kadence-column886_20ebce-34 > .kt-inside-inner-col{flex-direction:column;}.kadence-column886_20ebce-34 > .kt-inside-inner-col > .aligncenter{width:100%;}.kadence-column886_20ebce-34 > .kt-inside-inner-col{background-color:var(--global-palette9, #ffffff);}.kadence-column886_20ebce-34 > .kt-inside-inner-col:before{opacity:0.3;}.kadence-column886_20ebce-34{position:relative;}@media all and (min-width: 1025px){.wp-block-kadence-column.kb-section-dir-horizontal>.kt-inside-inner-col>.kadence-column886_20ebce-34{-webkit-flex:0 1 70%;flex:0 1 70%;max-width:unset;margin-left:unset;margin-right:unset;}}@media all and (max-width: 1024px){.kadence-column886_20ebce-34 > .kt-inside-inner-col{flex-direction:column;justify-content:center;}}@media all and (max-width: 767px){.kadence-column886_20ebce-34 > .kt-inside-inner-col{display:flex;padding-right:var(--global-kb-spacing-xxs, 0.5rem);padding-left:var(--global-kb-spacing-xxs, 0.5rem);row-gap:var(--global-kb-gap-none, 0rem );flex-direction:column;justify-content:center;align-items:center;}.kadence-column886_20ebce-34{max-width:90%;margin-left:auto;margin-right:auto;text-align:left;}.wp-block-kadence-column.kb-section-sm-dir-vertical:not(.kb-section-sm-dir-horizontal):not(.kb-section-sm-dir-specificity)>.kt-inside-inner-col>.kadence-column886_20ebce-34{-webkit-flex:0 1 90%;flex:0 1 90%;}.wp-block-kadence-column>.kt-inside-inner-col>.kadence-column886_20ebce-34{-webkit-flex:1 90%;flex:1 90%;}.wp-block-kadence-column.kb-section-sm-dir-horizontal>.kt-inside-inner-col>.kadence-column886_20ebce-34, .wp-block-kadence-column.kb-section-dir-horizontal:not(.kb-section-sm-dir-vertical):not(.kb-section-md-dir-vertical) >.kt-inside-inner-col>.kadence-column886_20ebce-34{-webkit-flex:0 1 90%;flex:0 1 90%;max-width:unset;margin-left:unset;margin-right:unset;}.kadence-column886_20ebce-34, .kt-inside-inner-col > .kadence-column886_20ebce-34:not(.specificity){margin-right:var(--global-kb-spacing-xxs, 0.5rem);margin-left:var(--global-kb-spacing-xxs, 0.5rem);}}<\/style>\n<div class=\"wp-block-kadence-column kadence-column886_20ebce-34\"><div class=\"kt-inside-inner-col\">\n<p>W naszym Centrum Egzaminacyjnym IELTS jest dost\u0119pny w dw\u00f3ch wersjach:<\/p>\n\n\n\n<ul class=\"wp-block-list\">\n<li>tradycyjnej, tj. papierowej, co oznacza, \u017ce piszesz test na papierze,<\/li>\n\n\n\n<li>komputerowej, piszesz test na komputerze, ale cz\u0119\u015b\u0107 speaking dalej odbywa si\u0119 w formie tradycyjnej, tj. z egzaminatorem.<br>Na komputerze mo\u017cesz zdawa\u0107 IELTS Academic i IELTS General Training.<\/li>\n<\/ul>\n\n\n\n<p><strong>SPRAWD\u0179, JAK WYGL\u0104DA IELTS TEST PISANY NA KOMPUTERZE:<\/strong><\/p>\n\n\n\n<figure class=\"wp-block-embed is-type-video is-provider-youtube wp-block-embed-youtube wp-embed-aspect-16-9 wp-has-aspect-ratio\"><div class=\"wp-block-embed__wrapper\">\n<iframe loading=\"lazy\" title=\"Computer-delivered IELTS test from IDP\" width=\"720\" height=\"405\" src=\"https:\/\/www.youtube.com\/embed\/UWr0E9mVTyw?feature=oembed\" frameborder=\"0\" allow=\"accelerometer; autoplay; clipboard-write; encrypted-media; gyroscope; picture-in-picture; web-share\" referrerpolicy=\"strict-origin-when-cross-origin\" allowfullscreen><\/iframe>\n<\/div><\/figure>\n\n\n\n<p><\/p>\n\n\n\n<p>Komputerowa wersja testu IELTS ma wiele zalet, dlatego jest on cz\u0119\u015bciej wybierany przez naszych kandydat\u00f3w:<\/p>\n\n\n\n<ul class=\"wp-block-list\">\n<li><strong>Ta sama cena<\/strong> \u2013 IELTS w wersji papierowej i komputerowej kosztuje 995 PLN.<\/li>\n\n\n\n<li><strong>Wi\u0119ksza liczba dost\u0119pnych termin\u00f3w<\/strong> \u2013 w naszym centrum egzaminacyjnym oferujemy Ci wi\u0119cej dat zdawania testu IELTS. IELTS w wersji komputerowej odbywa si\u0119 do 3 razy w tygodniu, w godzinach porannych lub popo\u0142udniowych*. Tak du\u017ca dost\u0119pno\u015b\u0107 termin\u00f3w test\u00f3w daje Ci wi\u0119ksz\u0105 elastyczno\u015b\u0107 w zaplanowaniu termin\u00f3w sk\u0142adania poda\u0144 o prac\u0119, aplikacji do szk\u00f3\u0142 lub planowaniu procesu imigracyjnego.<\/li>\n\n\n\n<li><strong>Szybsze wyniki<\/strong> \u2013 kolejn\u0105 zalet\u0105 testu IELTS na komputerze jest to, \u017ce wyniki testu s\u0105 dost\u0119pne szybciej w por\u00f3wnaniu z testem papierowym, tj. ju\u017c 1\u20135 dni po dacie ostatniego komponentu testu.<\/li>\n\n\n\n<li><strong>Nigdy wi\u0119cej odr\u0119cznego pisma<\/strong> \u2013 jedn\u0105 z obaw niekt\u00f3rych kandydat\u00f3w by\u0142o to, czy ich odr\u0119czne pismo b\u0119dzie wystarczaj\u0105co czytelne i czy egzaminator nie b\u0119dzie mia\u0142 trudno\u015bci z jego odczytaniem. Test komputerowy to odpowied\u017a na ich obawy.<\/li>\n\n\n\n<li><strong>Dobra jako\u015b\u0107 s\u0142uchania<\/strong> \u2013 Listening odbywa si\u0119 na s\u0142uchawkach. S\u0142uchawki izoluj\u0105 d\u017awi\u0119ki z sali i pozwalaj\u0105 na indywidualne ustawienie poziomu g\u0142o\u015bno\u015bci. Nikt ju\u017c nie zak\u0142\u00f3ci Ci tej cz\u0119\u015bci egzaminu!<\/li>\n\n\n\n<li><strong>Masz wyb\u00f3r<\/strong> \u2013 mimo wprowadzenia testu komputerowego nadal mo\u017cesz zdecydowa\u0107 si\u0119 na test na papierze, je\u015bli wolisz t\u0119 wersj\u0119.<\/li>\n<\/ul>\n\n\n\n<p><strong>WA\u017bNE!<\/strong> IELTS w wersji komputerowej to ten sam test IELTS \u2013 test dostarczony w wersji komputerowej b\u0119dzie taki sam, jak test papierowy. Jedyn\u0105 r\u00f3\u017cnic\u0105 jest to, \u017ce u\u017cywasz komputera podczas testu, zamiast u\u017cywa\u0107 papieru i o\u0142\u00f3wka!<\/p>\n\n\n<style>.wp-block-kadence-advancedbtn.kb-btns3351_63d7a4-83{padding-top:var(--global-kb-spacing-lg, 3rem);padding-right:0px;padding-bottom:var(--global-kb-spacing-lg, 3rem);gap:var(--global-kb-gap-xs, 0.5rem );justify-content:center;align-items:center;}.kt-btns3351_63d7a4-83 .kt-button{font-weight:normal;font-style:normal;}.kt-btns3351_63d7a4-83 .kt-btn-wrap-0{margin-right:5px;}.wp-block-kadence-advancedbtn.kt-btns3351_63d7a4-83 .kt-btn-wrap-0 .kt-button{color:#555555;border-color:#555555;}.wp-block-kadence-advancedbtn.kt-btns3351_63d7a4-83 .kt-btn-wrap-0 .kt-button:hover, .wp-block-kadence-advancedbtn.kt-btns3351_63d7a4-83 .kt-btn-wrap-0 .kt-button:focus{color:#ffffff;border-color:#444444;}.wp-block-kadence-advancedbtn.kt-btns3351_63d7a4-83 .kt-btn-wrap-0 .kt-button::before{display:none;}.wp-block-kadence-advancedbtn.kt-btns3351_63d7a4-83 .kt-btn-wrap-0 .kt-button:hover, .wp-block-kadence-advancedbtn.kt-btns3351_63d7a4-83 .kt-btn-wrap-0 .kt-button:focus{background:#444444;}<\/style>\n<div class=\"wp-block-kadence-advancedbtn kb-buttons-wrap kb-btns3351_63d7a4-83\"><style>ul.menu .wp-block-kadence-advancedbtn .kb-btn3351_a8de26-39.kb-button{width:initial;}.wp-block-kadence-advancedbtn .kb-btn3351_a8de26-39.kb-button{color:var(--global-palette9, #ffffff);background:var(--global-palette2, #2B6CB0);font-size:var(--global-kb-font-size-md, 1.25rem);font-family:Poppins;font-weight:600;border-top-left-radius:15px;border-top-right-radius:15px;border-bottom-right-radius:15px;border-bottom-left-radius:15px;}.wp-block-kadence-advancedbtn .kb-btn3351_a8de26-39.kb-button:hover, .wp-block-kadence-advancedbtn .kb-btn3351_a8de26-39.kb-button:focus{color:var(--global-palette9, #ffffff);background:var(--global-palette1, #3182CE);}<\/style><a class=\"kb-button kt-button button kb-btn3351_a8de26-39 kt-btn-size-standard kt-btn-width-type-auto kb-btn-global-fill  kt-btn-has-text-true kt-btn-has-svg-false  wp-block-kadence-singlebtn\" href=\"https:\/\/ielts.idp.com\/poland\/test-centre\/lang-ltc\" target=\"_blank\" rel=\"noreferrer noopener\"><span class=\"kt-btn-inner-text\">Zarejestruj si\u0119 na IELTS<\/span><\/a><\/div>\n\n\n\n<p>Przypominamy, \u017ce cz\u0119\u015b\u0107 ustna w dalszym ci\u0105gu przeprowadzana jest w formacie face-to-face z certyfikowanym egzaminatorem IELTS.<\/p>\n\n\n\n<p><strong>Masz pytania<\/strong> \u2013 sprawd\u017a odpowiedzi<br><strong>Pobierz broszur\u0119 dla kandydat\u00f3w<\/strong><\/p>\n\n\n\n<p><strong>Nie wiesz, jaki test wybra\u0107: papierowy czy komputerowy?<\/strong><br>Wyb\u00f3r nale\u017cy do Ciebie i zale\u017cy od Twoich osobistych preferencji. Je\u015bli masz ju\u017c do\u015bwiadczenie z innymi testami pisanymi na papierze, mo\u017cesz chcie\u0107 pisa\u0107 IELTS tradycyjnie. Je\u015bli jeste\u015b przyzwyczajony do pisania na klawiaturze komputera, wolisz mie\u0107 cz\u0119\u015b\u0107 s\u0142uchanie na s\u0142uchawkach \u2013 wybierz IELTS komputerowy. Wi\u0119cej na temat r\u00f3\u017cnic znajdziesz tutaj: <a class=\"\" href=\"https:\/\/ielts.org\/oncomputer\">ielts.org\/oncomputer<\/a> lub napisz do nas <a>ielts@lang.com.pl<\/a><\/p>\n<\/div><\/div>\n\n\n\n<p><\/p>\n","protected":false},"excerpt":{"rendered":"<p>IELTS na komputerze W naszym Centrum Egzaminacyjnym IELTS jest dost\u0119pny w dw\u00f3ch wersjach: SPRAWD\u0179, JAK WYGL\u0104DA IELTS TEST PISANY NA KOMPUTERZE: Komputerowa wersja testu IELTS ma wiele zalet, dlatego jest on cz\u0119\u015bciej wybierany przez naszych kandydat\u00f3w: WA\u017bNE! IELTS w wersji komputerowej to ten sam test IELTS \u2013 test dostarczony w wersji komputerowej b\u0119dzie taki sam,&#8230;<\/p>\n","protected":false},"author":1,"featured_media":0,"parent":0,"menu_order":0,"comment_status":"closed","ping_status":"closed","template":"","meta":{"_kad_post_transparent":"","_kad_post_title":"","_kad_post_layout":"","_kad_post_sidebar_id":"","_kad_post_content_style":"","_kad_post_vertical_padding":"","_kad_post_feature":"","_kad_post_feature_position":"","_kad_post_header":false,"_kad_post_footer":false,"_kad_post_classname":"","footnotes":""},"folder":[48],"class_list":["post-886","page","type-page","status-publish","hentry"],"yoast_head":"<!-- This site is optimized with the Yoast SEO plugin v27.3 - https:\/\/yoast.com\/product\/yoast-seo-wordpress\/ -->\n<title>IELTS na Komputerze - Oficjalne Centrum Egzaminacyjne<\/title>\n<meta name=\"description\" content=\"Zdaj IELTS na komputerze w Oficjalnym Centrum Egzaminacyjnym. Wyniki nawet w 3 dni. IELTS na komputerze jest identyczny, jak wersja papierowa.\" \/>\n<meta name=\"robots\" content=\"index, follow, max-snippet:-1, max-image-preview:large, max-video-preview:-1\" \/>\n<link rel=\"canonical\" href=\"https:\/\/ieltspolska.pl\/pl\/ielts-na-komputerze\/\" \/>\n<meta property=\"og:locale\" content=\"pl_PL\" \/>\n<meta property=\"og:type\" content=\"article\" \/>\n<meta property=\"og:title\" content=\"IELTS na Komputerze - Oficjalne Centrum Egzaminacyjne\" \/>\n<meta property=\"og:description\" content=\"Zdaj IELTS na komputerze w Oficjalnym Centrum Egzaminacyjnym. Wyniki nawet w 3 dni. IELTS na komputerze jest identyczny, jak wersja papierowa.\" \/>\n<meta property=\"og:url\" content=\"https:\/\/ieltspolska.pl\/pl\/ielts-na-komputerze\/\" \/>\n<meta property=\"og:site_name\" content=\"IELTS Polska\" \/>\n<meta property=\"article:modified_time\" content=\"2025-08-01T08:50:30+00:00\" \/>\n<meta name=\"twitter:card\" content=\"summary_large_image\" \/>\n<meta name=\"twitter:label1\" content=\"Szacowany czas czytania\" \/>\n\t<meta name=\"twitter:data1\" content=\"5 minut\" \/>\n<script type=\"application\/ld+json\" class=\"yoast-schema-graph\">{\"@context\":\"https:\\\/\\\/schema.org\",\"@graph\":[{\"@type\":\"WebPage\",\"@id\":\"https:\\\/\\\/ieltspolska.pl\\\/pl\\\/ielts-na-komputerze\\\/\",\"url\":\"https:\\\/\\\/ieltspolska.pl\\\/pl\\\/ielts-na-komputerze\\\/\",\"name\":\"IELTS na Komputerze - Oficjalne Centrum Egzaminacyjne\",\"isPartOf\":{\"@id\":\"https:\\\/\\\/ieltspolska.pl\\\/pl\\\/#website\"},\"datePublished\":\"2019-04-03T12:38:05+00:00\",\"dateModified\":\"2025-08-01T08:50:30+00:00\",\"description\":\"Zdaj IELTS na komputerze w Oficjalnym Centrum Egzaminacyjnym. Wyniki nawet w 3 dni. IELTS na komputerze jest identyczny, jak wersja papierowa.\",\"breadcrumb\":{\"@id\":\"https:\\\/\\\/ieltspolska.pl\\\/pl\\\/ielts-na-komputerze\\\/#breadcrumb\"},\"inLanguage\":\"pl-PL\",\"potentialAction\":[{\"@type\":\"ReadAction\",\"target\":[\"https:\\\/\\\/ieltspolska.pl\\\/pl\\\/ielts-na-komputerze\\\/\"]}]},{\"@type\":\"BreadcrumbList\",\"@id\":\"https:\\\/\\\/ieltspolska.pl\\\/pl\\\/ielts-na-komputerze\\\/#breadcrumb\",\"itemListElement\":[{\"@type\":\"ListItem\",\"position\":1,\"name\":\"Strona g\u0142\u00f3wna\",\"item\":\"https:\\\/\\\/ieltspolska.pl\\\/pl\\\/\"},{\"@type\":\"ListItem\",\"position\":2,\"name\":\"IELTS na komputerze\"}]},{\"@type\":\"WebSite\",\"@id\":\"https:\\\/\\\/ieltspolska.pl\\\/pl\\\/#website\",\"url\":\"https:\\\/\\\/ieltspolska.pl\\\/pl\\\/\",\"name\":\"IELTS - test akceptowany na ca\u0142ym \u015bwiecie | IELTS Polska\",\"description\":\"IELTS\",\"publisher\":{\"@id\":\"https:\\\/\\\/ieltspolska.pl\\\/pl\\\/#organization\"},\"potentialAction\":[{\"@type\":\"SearchAction\",\"target\":{\"@type\":\"EntryPoint\",\"urlTemplate\":\"https:\\\/\\\/ieltspolska.pl\\\/pl\\\/?s={search_term_string}\"},\"query-input\":{\"@type\":\"PropertyValueSpecification\",\"valueRequired\":true,\"valueName\":\"search_term_string\"}}],\"inLanguage\":\"pl-PL\"},{\"@type\":\"Organization\",\"@id\":\"https:\\\/\\\/ieltspolska.pl\\\/pl\\\/#organization\",\"name\":\"IELTS - test akceptowany na ca\u0142ym \u015bwiecie | IELTS Polska\",\"url\":\"https:\\\/\\\/ieltspolska.pl\\\/pl\\\/\",\"logo\":{\"@type\":\"ImageObject\",\"inLanguage\":\"pl-PL\",\"@id\":\"https:\\\/\\\/ieltspolska.pl\\\/pl\\\/#\\\/schema\\\/logo\\\/image\\\/\",\"url\":\"https:\\\/\\\/ieltspolska.pl\\\/wp-content\\\/uploads\\\/2019\\\/03\\\/ielst.png\",\"contentUrl\":\"https:\\\/\\\/ieltspolska.pl\\\/wp-content\\\/uploads\\\/2019\\\/03\\\/ielst.png\",\"width\":210,\"height\":76,\"caption\":\"IELTS - test akceptowany na ca\u0142ym \u015bwiecie | IELTS Polska\"},\"image\":{\"@id\":\"https:\\\/\\\/ieltspolska.pl\\\/pl\\\/#\\\/schema\\\/logo\\\/image\\\/\"}}]}<\/script>\n<!-- \/ Yoast SEO plugin. -->","yoast_head_json":{"title":"IELTS na Komputerze - Oficjalne Centrum Egzaminacyjne","description":"Zdaj IELTS na komputerze w Oficjalnym Centrum Egzaminacyjnym. Wyniki nawet w 3 dni. IELTS na komputerze jest identyczny, jak wersja papierowa.","robots":{"index":"index","follow":"follow","max-snippet":"max-snippet:-1","max-image-preview":"max-image-preview:large","max-video-preview":"max-video-preview:-1"},"canonical":"https:\/\/ieltspolska.pl\/pl\/ielts-na-komputerze\/","og_locale":"pl_PL","og_type":"article","og_title":"IELTS na Komputerze - Oficjalne Centrum Egzaminacyjne","og_description":"Zdaj IELTS na komputerze w Oficjalnym Centrum Egzaminacyjnym. Wyniki nawet w 3 dni. IELTS na komputerze jest identyczny, jak wersja papierowa.","og_url":"https:\/\/ieltspolska.pl\/pl\/ielts-na-komputerze\/","og_site_name":"IELTS Polska","article_modified_time":"2025-08-01T08:50:30+00:00","twitter_card":"summary_large_image","twitter_misc":{"Szacowany czas czytania":"5 minut"},"schema":{"@context":"https:\/\/schema.org","@graph":[{"@type":"WebPage","@id":"https:\/\/ieltspolska.pl\/pl\/ielts-na-komputerze\/","url":"https:\/\/ieltspolska.pl\/pl\/ielts-na-komputerze\/","name":"IELTS na Komputerze - Oficjalne Centrum Egzaminacyjne","isPartOf":{"@id":"https:\/\/ieltspolska.pl\/pl\/#website"},"datePublished":"2019-04-03T12:38:05+00:00","dateModified":"2025-08-01T08:50:30+00:00","description":"Zdaj IELTS na komputerze w Oficjalnym Centrum Egzaminacyjnym. Wyniki nawet w 3 dni. IELTS na komputerze jest identyczny, jak wersja papierowa.","breadcrumb":{"@id":"https:\/\/ieltspolska.pl\/pl\/ielts-na-komputerze\/#breadcrumb"},"inLanguage":"pl-PL","potentialAction":[{"@type":"ReadAction","target":["https:\/\/ieltspolska.pl\/pl\/ielts-na-komputerze\/"]}]},{"@type":"BreadcrumbList","@id":"https:\/\/ieltspolska.pl\/pl\/ielts-na-komputerze\/#breadcrumb","itemListElement":[{"@type":"ListItem","position":1,"name":"Strona g\u0142\u00f3wna","item":"https:\/\/ieltspolska.pl\/pl\/"},{"@type":"ListItem","position":2,"name":"IELTS na komputerze"}]},{"@type":"WebSite","@id":"https:\/\/ieltspolska.pl\/pl\/#website","url":"https:\/\/ieltspolska.pl\/pl\/","name":"IELTS - test akceptowany na ca\u0142ym \u015bwiecie | IELTS Polska","description":"IELTS","publisher":{"@id":"https:\/\/ieltspolska.pl\/pl\/#organization"},"potentialAction":[{"@type":"SearchAction","target":{"@type":"EntryPoint","urlTemplate":"https:\/\/ieltspolska.pl\/pl\/?s={search_term_string}"},"query-input":{"@type":"PropertyValueSpecification","valueRequired":true,"valueName":"search_term_string"}}],"inLanguage":"pl-PL"},{"@type":"Organization","@id":"https:\/\/ieltspolska.pl\/pl\/#organization","name":"IELTS - test akceptowany na ca\u0142ym \u015bwiecie | IELTS Polska","url":"https:\/\/ieltspolska.pl\/pl\/","logo":{"@type":"ImageObject","inLanguage":"pl-PL","@id":"https:\/\/ieltspolska.pl\/pl\/#\/schema\/logo\/image\/","url":"https:\/\/ieltspolska.pl\/wp-content\/uploads\/2019\/03\/ielst.png","contentUrl":"https:\/\/ieltspolska.pl\/wp-content\/uploads\/2019\/03\/ielst.png","width":210,"height":76,"caption":"IELTS - test akceptowany na ca\u0142ym \u015bwiecie | IELTS Polska"},"image":{"@id":"https:\/\/ieltspolska.pl\/pl\/#\/schema\/logo\/image\/"}}]}},"_links":{"self":[{"href":"https:\/\/ieltspolska.pl\/pl\/wp-json\/wp\/v2\/pages\/886","targetHints":{"allow":["GET"]}}],"collection":[{"href":"https:\/\/ieltspolska.pl\/pl\/wp-json\/wp\/v2\/pages"}],"about":[{"href":"https:\/\/ieltspolska.pl\/pl\/wp-json\/wp\/v2\/types\/page"}],"author":[{"embeddable":true,"href":"https:\/\/ieltspolska.pl\/pl\/wp-json\/wp\/v2\/users\/1"}],"replies":[{"embeddable":true,"href":"https:\/\/ieltspolska.pl\/pl\/wp-json\/wp\/v2\/comments?post=886"}],"version-history":[{"count":30,"href":"https:\/\/ieltspolska.pl\/pl\/wp-json\/wp\/v2\/pages\/886\/revisions"}],"predecessor-version":[{"id":4024,"href":"https:\/\/ieltspolska.pl\/pl\/wp-json\/wp\/v2\/pages\/886\/revisions\/4024"}],"wp:attachment":[{"href":"https:\/\/ieltspolska.pl\/pl\/wp-json\/wp\/v2\/media?parent=886"}],"wp:term":[{"taxonomy":"folder","embeddable":true,"href":"https:\/\/ieltspolska.pl\/pl\/wp-json\/wp\/v2\/folder?post=886"}],"curies":[{"name":"wp","href":"https:\/\/api.w.org\/{rel}","templated":true}]}}